{"id":16153,"date":"2022-04-25T22:48:11","date_gmt":"2022-04-25T22:48:11","guid":{"rendered":"https:\/\/atypique.brunotarhan.fr\/index.php\/produit\/m-le-bord-de-labime-pochebernard-minierpocket\/"},"modified":"2022-04-25T22:48:11","modified_gmt":"2022-04-25T22:48:11","slug":"m-le-bord-de-labime-pochebernard-minierpocket","status":"publish","type":"product","link":"https:\/\/atypique.brunotarhan.fr\/index.php\/produit\/m-le-bord-de-labime-pochebernard-minierpocket\/","title":{"rendered":"M, le bord de l&#8217;ab\u00eeme &#8211; Poche\nBernard Minier\nPocket"},"content":{"rendered":"<p>Hong Kong. Entre ses rues fr\u00e9n\u00e9tiques et ses n\u00e9ons insomniaques, la ville dresse ses gratte-ciel. D&#8217;immenses aquariums technologiques o\u00f9 se d\u00e9cide le futur de l&#8217;humanit\u00e9. C&#8217;est l\u00e0, dans l&#8217;atmosph\u00e8re poisseuse de l&#8217;\u00e9t\u00e9 tropical, qu&#8217;une Fran\u00e7aise, Mo\u00efra, int\u00e8gre la firme Ming, concentr\u00e9 d&#8217;intelligence artificielle cens\u00e9 devancer nos d\u00e9sirs. Mais pour la jeune femme, l&#8217;utopie vire au cauchemar. Derri\u00e8re les murs du centre ultrasecret, des employ\u00e9es sont retrouv\u00e9es mortes, viol\u00e9es, tortur\u00e9es.<br \/>\nQue cherche vraiment l&#8217;empire Ming ? Bienvenue chez M&#8230; Au bord de l&#8217;ab\u00eeme.<\/p>\n","protected":false},"excerpt":{"rendered":"<p>Hong Kong. Entre ses rues fr\u00e9n\u00e9tiques et ses n\u00e9ons insomniaques, la ville dresse ses gratte-ciel. D&#8217;immenses aquariums technologiques o\u00f9 se d\u00e9cide\u2026<\/p>\n","protected":false},"featured_media":15826,"comment_status":"open","ping_status":"closed","template":"","meta":[],"product_cat":[93,204],"product_tag":[457,700,699,239,263,264,208],"class_list":["post-16153","product","type-product","status-publish","has-post-thumbnail","hentry","product_cat-librairie","product_cat-polars-thrillers","product_tag-bernard-minier","product_tag-le-bord-de-labime","product_tag-m","product_tag-pocket","product_tag-polar","product_tag-policier","product_tag-thriller"],"yoast_head":"<!-- This site is optimized with the Yoast SEO plugin v18.0 - https:\/\/yoast.com\/wordpress\/plugins\/seo\/ -->\n<title>M, le bord de l&#039;ab\u00eeme - Poche Bernard Minier Pocket - Atypique Concept Store<\/title>\n<meta name=\"robots\" content=\"index, follow, max-snippet:-1, max-image-preview:large, max-video-preview:-1\" \/>\n<link rel=\"canonical\" href=\"https:\/\/atypique.brunotarhan.fr\/index.php\/produit\/m-le-bord-de-labime-pochebernard-minierpocket\/\" \/>\n<meta property=\"og:locale\" content=\"fr_FR\" \/>\n<meta property=\"og:type\" content=\"article\" \/>\n<meta property=\"og:title\" content=\"M, le bord de l&#039;ab\u00eeme - Poche Bernard Minier Pocket - Atypique Concept Store\" \/>\n<meta property=\"og:description\" content=\"Hong Kong. Entre ses rues fr\u00e9n\u00e9tiques et ses n\u00e9ons insomniaques, la ville dresse ses gratte-ciel. D&#039;immenses aquariums technologiques o\u00f9 se d\u00e9cide\u2026\" \/>\n<meta property=\"og:url\" content=\"https:\/\/atypique.brunotarhan.fr\/index.php\/produit\/m-le-bord-de-labime-pochebernard-minierpocket\/\" \/>\n<meta property=\"og:site_name\" content=\"Atypique Concept Store\" \/>\n<meta name=\"twitter:card\" content=\"summary_large_image\" \/>\n<script type=\"application\/ld+json\" class=\"yoast-schema-graph\">{\"@context\":\"https:\/\/schema.org\",\"@graph\":[{\"@type\":\"WebSite\",\"@id\":\"https:\/\/atypique.brunotarhan.fr\/#website\",\"url\":\"https:\/\/atypique.brunotarhan.fr\/\",\"name\":\"Atypique Concept Store\",\"description\":\"Just another WordPress site\",\"potentialAction\":[{\"@type\":\"SearchAction\",\"target\":{\"@type\":\"EntryPoint\",\"urlTemplate\":\"https:\/\/atypique.brunotarhan.fr\/?s={search_term_string}\"},\"query-input\":\"required name=search_term_string\"}],\"inLanguage\":\"fr-FR\"},{\"@type\":\"ImageObject\",\"@id\":\"https:\/\/atypique.brunotarhan.fr\/index.php\/produit\/m-le-bord-de-labime-pochebernard-minierpocket\/#primaryimage\",\"inLanguage\":\"fr-FR\",\"url\":\"https:\/\/atypique.brunotarhan.fr\/wp-content\/uploads\/2022\/04\/le-bord-de-l-abime.webp\",\"contentUrl\":\"https:\/\/atypique.brunotarhan.fr\/wp-content\/uploads\/2022\/04\/le-bord-de-l-abime.webp\",\"width\":305,\"height\":500},{\"@type\":\"WebPage\",\"@id\":\"https:\/\/atypique.brunotarhan.fr\/index.php\/produit\/m-le-bord-de-labime-pochebernard-minierpocket\/#webpage\",\"url\":\"https:\/\/atypique.brunotarhan.fr\/index.php\/produit\/m-le-bord-de-labime-pochebernard-minierpocket\/\",\"name\":\"M, le bord de l'ab\u00eeme - Poche Bernard Minier Pocket - Atypique Concept Store\",\"isPartOf\":{\"@id\":\"https:\/\/atypique.brunotarhan.fr\/#website\"},\"primaryImageOfPage\":{\"@id\":\"https:\/\/atypique.brunotarhan.fr\/index.php\/produit\/m-le-bord-de-labime-pochebernard-minierpocket\/#primaryimage\"},\"datePublished\":\"2022-04-25T22:48:11+00:00\",\"dateModified\":\"2022-04-25T22:48:11+00:00\",\"breadcrumb\":{\"@id\":\"https:\/\/atypique.brunotarhan.fr\/index.php\/produit\/m-le-bord-de-labime-pochebernard-minierpocket\/#breadcrumb\"},\"inLanguage\":\"fr-FR\",\"potentialAction\":[{\"@type\":\"ReadAction\",\"target\":[\"https:\/\/atypique.brunotarhan.fr\/index.php\/produit\/m-le-bord-de-labime-pochebernard-minierpocket\/\"]}]},{\"@type\":\"BreadcrumbList\",\"@id\":\"https:\/\/atypique.brunotarhan.fr\/index.php\/produit\/m-le-bord-de-labime-pochebernard-minierpocket\/#breadcrumb\",\"itemListElement\":[{\"@type\":\"ListItem\",\"position\":1,\"name\":\"Accueil\",\"item\":\"https:\/\/atypique.brunotarhan.fr\/\"},{\"@type\":\"ListItem\",\"position\":2,\"name\":\"\"},{\"@type\":\"ListItem\",\"position\":3,\"name\":\"M, le bord de l&#8217;ab\u00eeme &#8211; Poche Bernard Minier Pocket\"}]}]}<\/script>\n<!-- \/ Yoast SEO plugin. -->","yoast_head_json":{"title":"M, le bord de l'ab\u00eeme - Poche Bernard Minier Pocket - Atypique Concept Store","robots":{"index":"index","follow":"follow","max-snippet":"max-snippet:-1","max-image-preview":"max-image-preview:large","max-video-preview":"max-video-preview:-1"},"canonical":"https:\/\/atypique.brunotarhan.fr\/index.php\/produit\/m-le-bord-de-labime-pochebernard-minierpocket\/","og_locale":"fr_FR","og_type":"article","og_title":"M, le bord de l'ab\u00eeme - Poche Bernard Minier Pocket - Atypique Concept Store","og_description":"Hong Kong. Entre ses rues fr\u00e9n\u00e9tiques et ses n\u00e9ons insomniaques, la ville dresse ses gratte-ciel. D'immenses aquariums technologiques o\u00f9 se d\u00e9cide\u2026","og_url":"https:\/\/atypique.brunotarhan.fr\/index.php\/produit\/m-le-bord-de-labime-pochebernard-minierpocket\/","og_site_name":"Atypique Concept Store","twitter_card":"summary_large_image","schema":{"@context":"https:\/\/schema.org","@graph":[{"@type":"WebSite","@id":"https:\/\/atypique.brunotarhan.fr\/#website","url":"https:\/\/atypique.brunotarhan.fr\/","name":"Atypique Concept Store","description":"Just another WordPress site","potentialAction":[{"@type":"SearchAction","target":{"@type":"EntryPoint","urlTemplate":"https:\/\/atypique.brunotarhan.fr\/?s={search_term_string}"},"query-input":"required name=search_term_string"}],"inLanguage":"fr-FR"},{"@type":"ImageObject","@id":"https:\/\/atypique.brunotarhan.fr\/index.php\/produit\/m-le-bord-de-labime-pochebernard-minierpocket\/#primaryimage","inLanguage":"fr-FR","url":"https:\/\/atypique.brunotarhan.fr\/wp-content\/uploads\/2022\/04\/le-bord-de-l-abime.webp","contentUrl":"https:\/\/atypique.brunotarhan.fr\/wp-content\/uploads\/2022\/04\/le-bord-de-l-abime.webp","width":305,"height":500},{"@type":"WebPage","@id":"https:\/\/atypique.brunotarhan.fr\/index.php\/produit\/m-le-bord-de-labime-pochebernard-minierpocket\/#webpage","url":"https:\/\/atypique.brunotarhan.fr\/index.php\/produit\/m-le-bord-de-labime-pochebernard-minierpocket\/","name":"M, le bord de l'ab\u00eeme - Poche Bernard Minier Pocket - Atypique Concept Store","isPartOf":{"@id":"https:\/\/atypique.brunotarhan.fr\/#website"},"primaryImageOfPage":{"@id":"https:\/\/atypique.brunotarhan.fr\/index.php\/produit\/m-le-bord-de-labime-pochebernard-minierpocket\/#primaryimage"},"datePublished":"2022-04-25T22:48:11+00:00","dateModified":"2022-04-25T22:48:11+00:00","breadcrumb":{"@id":"https:\/\/atypique.brunotarhan.fr\/index.php\/produit\/m-le-bord-de-labime-pochebernard-minierpocket\/#breadcrumb"},"inLanguage":"fr-FR","potentialAction":[{"@type":"ReadAction","target":["https:\/\/atypique.brunotarhan.fr\/index.php\/produit\/m-le-bord-de-labime-pochebernard-minierpocket\/"]}]},{"@type":"BreadcrumbList","@id":"https:\/\/atypique.brunotarhan.fr\/index.php\/produit\/m-le-bord-de-labime-pochebernard-minierpocket\/#breadcrumb","itemListElement":[{"@type":"ListItem","position":1,"name":"Accueil","item":"https:\/\/atypique.brunotarhan.fr\/"},{"@type":"ListItem","position":2,"name":""},{"@type":"ListItem","position":3,"name":"M, le bord de l&#8217;ab\u00eeme &#8211; Poche Bernard Minier Pocket"}]}]}},"_links":{"self":[{"href":"https:\/\/atypique.brunotarhan.fr\/index.php\/wp-json\/wp\/v2\/product\/16153","targetHints":{"allow":["GET"]}}],"collection":[{"href":"https:\/\/atypique.brunotarhan.fr\/index.php\/wp-json\/wp\/v2\/product"}],"about":[{"href":"https:\/\/atypique.brunotarhan.fr\/index.php\/wp-json\/wp\/v2\/types\/product"}],"replies":[{"embeddable":true,"href":"https:\/\/atypique.brunotarhan.fr\/index.php\/wp-json\/wp\/v2\/comments?post=16153"}],"wp:featuredmedia":[{"embeddable":true,"href":"https:\/\/atypique.brunotarhan.fr\/index.php\/wp-json\/wp\/v2\/media\/15826"}],"wp:attachment":[{"href":"https:\/\/atypique.brunotarhan.fr\/index.php\/wp-json\/wp\/v2\/media?parent=16153"}],"wp:term":[{"taxonomy":"product_cat","embeddable":true,"href":"https:\/\/atypique.brunotarhan.fr\/index.php\/wp-json\/wp\/v2\/product_cat?post=16153"},{"taxonomy":"product_tag","embeddable":true,"href":"https:\/\/atypique.brunotarhan.fr\/index.php\/wp-json\/wp\/v2\/product_tag?post=16153"}],"curies":[{"name":"wp","href":"https:\/\/api.w.org\/{rel}","templated":true}]}}