{"id":16151,"date":"2022-04-25T22:48:10","date_gmt":"2022-04-25T22:48:10","guid":{"rendered":"https:\/\/atypique.brunotarhan.fr\/index.php\/produit\/mille-petits-riens-pochejodi-picoultbabel\/"},"modified":"2022-04-25T22:48:10","modified_gmt":"2022-04-25T22:48:10","slug":"mille-petits-riens-pochejodi-picoultbabel","status":"publish","type":"product","link":"https:\/\/atypique.brunotarhan.fr\/index.php\/produit\/mille-petits-riens-pochejodi-picoultbabel\/","title":{"rendered":"Mille petits riens &#8211; Poche\nJodi Picoult\nBabel"},"content":{"rendered":"<p>Ruth est sage-femme depuis plus de vingt ans. C&#8217;est une employ\u00e9e mod\u00e8le, appr\u00e9ci\u00e9e de tous. Une m\u00e8re d\u00e9vou\u00e9e. Au matin d&#8217;une belle journ\u00e9e d&#8217;octobre, Ruth est loin de se douter que sa vie est sur le point de basculer. Pour Turk et Brittany, un jeune couple de supr\u00e9macistes blancs, ce devait \u00eatre le plus beau moment de leur vie : celui de la naissance de leur premier enfant. Pourtant, dans quelques jours, ils repartiront de la maternit\u00e9 en deuil.<br \/>\nKennedy est avocate de la d\u00e9fense publique. Le jour o\u00f9 elle rencontre une sage-femme noire accus\u00e9e d&#8217;avoir tu\u00e9 le b\u00e9b\u00e9 d&#8217;un couple raciste, elle se dit qu&#8217;elle tient l\u00e0 sa premi\u00e8re grande affaire. Mais ce n&#8217;est pas un combat gagn\u00e9 d&#8217;avance. Emouvant et captivant, Mille petits riens aborde de front les questions du racisme et du vivre-ensemble dans une Am\u00e9rique rong\u00e9e par son histoire. Mais il montre aussi que c&#8217;est \u00e0 travers les petites choses et les mains tendues qu&#8217;il est possible de trouver l&#8217;apaisement en vue d&#8217;une r\u00e9demption.<\/p>\n","protected":false},"excerpt":{"rendered":"<p>Ruth est sage-femme depuis plus de vingt ans. C&#8217;est une employ\u00e9e mod\u00e8le, appr\u00e9ci\u00e9e de tous. Une m\u00e8re d\u00e9vou\u00e9e. Au matin d&#8217;une belle journ\u00e9e d&#8217;octobre,\u2026<\/p>\n","protected":false},"featured_media":15900,"comment_status":"open","ping_status":"closed","template":"","meta":[],"product_cat":[93,186],"product_tag":[642,696,695,189],"class_list":["post-16151","product","type-product","status-publish","has-post-thumbnail","hentry","product_cat-librairie","product_cat-romans","product_tag-babel","product_tag-jodi-picoult","product_tag-mille-petits-riens","product_tag-roman"],"yoast_head":"<!-- This site is optimized with the Yoast SEO plugin v18.0 - https:\/\/yoast.com\/wordpress\/plugins\/seo\/ -->\n<title>Mille petits riens - Poche Jodi Picoult Babel - Atypique Concept Store<\/title>\n<meta name=\"robots\" content=\"index, follow, max-snippet:-1, max-image-preview:large, max-video-preview:-1\" \/>\n<link rel=\"canonical\" href=\"https:\/\/atypique.brunotarhan.fr\/index.php\/produit\/mille-petits-riens-pochejodi-picoultbabel\/\" \/>\n<meta property=\"og:locale\" content=\"fr_FR\" \/>\n<meta property=\"og:type\" content=\"article\" \/>\n<meta property=\"og:title\" content=\"Mille petits riens - Poche Jodi Picoult Babel - Atypique Concept Store\" \/>\n<meta property=\"og:description\" content=\"Ruth est sage-femme depuis plus de vingt ans. C&#039;est une employ\u00e9e mod\u00e8le, appr\u00e9ci\u00e9e de tous. Une m\u00e8re d\u00e9vou\u00e9e. Au matin d&#039;une belle journ\u00e9e d&#039;octobre,\u2026\" \/>\n<meta property=\"og:url\" content=\"https:\/\/atypique.brunotarhan.fr\/index.php\/produit\/mille-petits-riens-pochejodi-picoultbabel\/\" \/>\n<meta property=\"og:site_name\" content=\"Atypique Concept Store\" \/>\n<meta name=\"twitter:card\" content=\"summary_large_image\" \/>\n<meta name=\"twitter:label1\" content=\"Dur\u00e9e de lecture estim\u00e9e\" \/>\n\t<meta name=\"twitter:data1\" content=\"1 minute\" \/>\n<script type=\"application\/ld+json\" class=\"yoast-schema-graph\">{\"@context\":\"https:\/\/schema.org\",\"@graph\":[{\"@type\":\"WebSite\",\"@id\":\"https:\/\/atypique.brunotarhan.fr\/#website\",\"url\":\"https:\/\/atypique.brunotarhan.fr\/\",\"name\":\"Atypique Concept Store\",\"description\":\"Just another WordPress site\",\"potentialAction\":[{\"@type\":\"SearchAction\",\"target\":{\"@type\":\"EntryPoint\",\"urlTemplate\":\"https:\/\/atypique.brunotarhan.fr\/?s={search_term_string}\"},\"query-input\":\"required name=search_term_string\"}],\"inLanguage\":\"fr-FR\"},{\"@type\":\"ImageObject\",\"@id\":\"https:\/\/atypique.brunotarhan.fr\/index.php\/produit\/mille-petits-riens-pochejodi-picoultbabel\/#primaryimage\",\"inLanguage\":\"fr-FR\",\"url\":\"https:\/\/atypique.brunotarhan.fr\/wp-content\/uploads\/2022\/04\/mille-petits-riens.webp\",\"contentUrl\":\"https:\/\/atypique.brunotarhan.fr\/wp-content\/uploads\/2022\/04\/mille-petits-riens.webp\",\"width\":312,\"height\":500},{\"@type\":\"WebPage\",\"@id\":\"https:\/\/atypique.brunotarhan.fr\/index.php\/produit\/mille-petits-riens-pochejodi-picoultbabel\/#webpage\",\"url\":\"https:\/\/atypique.brunotarhan.fr\/index.php\/produit\/mille-petits-riens-pochejodi-picoultbabel\/\",\"name\":\"Mille petits riens - Poche Jodi Picoult Babel - Atypique Concept Store\",\"isPartOf\":{\"@id\":\"https:\/\/atypique.brunotarhan.fr\/#website\"},\"primaryImageOfPage\":{\"@id\":\"https:\/\/atypique.brunotarhan.fr\/index.php\/produit\/mille-petits-riens-pochejodi-picoultbabel\/#primaryimage\"},\"datePublished\":\"2022-04-25T22:48:10+00:00\",\"dateModified\":\"2022-04-25T22:48:10+00:00\",\"breadcrumb\":{\"@id\":\"https:\/\/atypique.brunotarhan.fr\/index.php\/produit\/mille-petits-riens-pochejodi-picoultbabel\/#breadcrumb\"},\"inLanguage\":\"fr-FR\",\"potentialAction\":[{\"@type\":\"ReadAction\",\"target\":[\"https:\/\/atypique.brunotarhan.fr\/index.php\/produit\/mille-petits-riens-pochejodi-picoultbabel\/\"]}]},{\"@type\":\"BreadcrumbList\",\"@id\":\"https:\/\/atypique.brunotarhan.fr\/index.php\/produit\/mille-petits-riens-pochejodi-picoultbabel\/#breadcrumb\",\"itemListElement\":[{\"@type\":\"ListItem\",\"position\":1,\"name\":\"Accueil\",\"item\":\"https:\/\/atypique.brunotarhan.fr\/\"},{\"@type\":\"ListItem\",\"position\":2,\"name\":\"\"},{\"@type\":\"ListItem\",\"position\":3,\"name\":\"Mille petits riens &#8211; Poche Jodi Picoult Babel\"}]}]}<\/script>\n<!-- \/ Yoast SEO plugin. -->","yoast_head_json":{"title":"Mille petits riens - Poche Jodi Picoult Babel - Atypique Concept Store","robots":{"index":"index","follow":"follow","max-snippet":"max-snippet:-1","max-image-preview":"max-image-preview:large","max-video-preview":"max-video-preview:-1"},"canonical":"https:\/\/atypique.brunotarhan.fr\/index.php\/produit\/mille-petits-riens-pochejodi-picoultbabel\/","og_locale":"fr_FR","og_type":"article","og_title":"Mille petits riens - Poche Jodi Picoult Babel - Atypique Concept Store","og_description":"Ruth est sage-femme depuis plus de vingt ans. C'est une employ\u00e9e mod\u00e8le, appr\u00e9ci\u00e9e de tous. Une m\u00e8re d\u00e9vou\u00e9e. Au matin d'une belle journ\u00e9e d'octobre,\u2026","og_url":"https:\/\/atypique.brunotarhan.fr\/index.php\/produit\/mille-petits-riens-pochejodi-picoultbabel\/","og_site_name":"Atypique Concept Store","twitter_card":"summary_large_image","twitter_misc":{"Dur\u00e9e de lecture estim\u00e9e":"1 minute"},"schema":{"@context":"https:\/\/schema.org","@graph":[{"@type":"WebSite","@id":"https:\/\/atypique.brunotarhan.fr\/#website","url":"https:\/\/atypique.brunotarhan.fr\/","name":"Atypique Concept Store","description":"Just another WordPress site","potentialAction":[{"@type":"SearchAction","target":{"@type":"EntryPoint","urlTemplate":"https:\/\/atypique.brunotarhan.fr\/?s={search_term_string}"},"query-input":"required name=search_term_string"}],"inLanguage":"fr-FR"},{"@type":"ImageObject","@id":"https:\/\/atypique.brunotarhan.fr\/index.php\/produit\/mille-petits-riens-pochejodi-picoultbabel\/#primaryimage","inLanguage":"fr-FR","url":"https:\/\/atypique.brunotarhan.fr\/wp-content\/uploads\/2022\/04\/mille-petits-riens.webp","contentUrl":"https:\/\/atypique.brunotarhan.fr\/wp-content\/uploads\/2022\/04\/mille-petits-riens.webp","width":312,"height":500},{"@type":"WebPage","@id":"https:\/\/atypique.brunotarhan.fr\/index.php\/produit\/mille-petits-riens-pochejodi-picoultbabel\/#webpage","url":"https:\/\/atypique.brunotarhan.fr\/index.php\/produit\/mille-petits-riens-pochejodi-picoultbabel\/","name":"Mille petits riens - Poche Jodi Picoult Babel - Atypique Concept Store","isPartOf":{"@id":"https:\/\/atypique.brunotarhan.fr\/#website"},"primaryImageOfPage":{"@id":"https:\/\/atypique.brunotarhan.fr\/index.php\/produit\/mille-petits-riens-pochejodi-picoultbabel\/#primaryimage"},"datePublished":"2022-04-25T22:48:10+00:00","dateModified":"2022-04-25T22:48:10+00:00","breadcrumb":{"@id":"https:\/\/atypique.brunotarhan.fr\/index.php\/produit\/mille-petits-riens-pochejodi-picoultbabel\/#breadcrumb"},"inLanguage":"fr-FR","potentialAction":[{"@type":"ReadAction","target":["https:\/\/atypique.brunotarhan.fr\/index.php\/produit\/mille-petits-riens-pochejodi-picoultbabel\/"]}]},{"@type":"BreadcrumbList","@id":"https:\/\/atypique.brunotarhan.fr\/index.php\/produit\/mille-petits-riens-pochejodi-picoultbabel\/#breadcrumb","itemListElement":[{"@type":"ListItem","position":1,"name":"Accueil","item":"https:\/\/atypique.brunotarhan.fr\/"},{"@type":"ListItem","position":2,"name":""},{"@type":"ListItem","position":3,"name":"Mille petits riens &#8211; Poche Jodi Picoult Babel"}]}]}},"_links":{"self":[{"href":"https:\/\/atypique.brunotarhan.fr\/index.php\/wp-json\/wp\/v2\/product\/16151","targetHints":{"allow":["GET"]}}],"collection":[{"href":"https:\/\/atypique.brunotarhan.fr\/index.php\/wp-json\/wp\/v2\/product"}],"about":[{"href":"https:\/\/atypique.brunotarhan.fr\/index.php\/wp-json\/wp\/v2\/types\/product"}],"replies":[{"embeddable":true,"href":"https:\/\/atypique.brunotarhan.fr\/index.php\/wp-json\/wp\/v2\/comments?post=16151"}],"wp:featuredmedia":[{"embeddable":true,"href":"https:\/\/atypique.brunotarhan.fr\/index.php\/wp-json\/wp\/v2\/media\/15900"}],"wp:attachment":[{"href":"https:\/\/atypique.brunotarhan.fr\/index.php\/wp-json\/wp\/v2\/media?parent=16151"}],"wp:term":[{"taxonomy":"product_cat","embeddable":true,"href":"https:\/\/atypique.brunotarhan.fr\/index.php\/wp-json\/wp\/v2\/product_cat?post=16151"},{"taxonomy":"product_tag","embeddable":true,"href":"https:\/\/atypique.brunotarhan.fr\/index.php\/wp-json\/wp\/v2\/product_tag?post=16151"}],"curies":[{"name":"wp","href":"https:\/\/api.w.org\/{rel}","templated":true}]}}