{"id":16150,"date":"2022-04-25T22:48:10","date_gmt":"2022-04-25T22:48:10","guid":{"rendered":"https:\/\/atypique.brunotarhan.fr\/index.php\/produit\/mieux-manger-sans-se-ruiner-150-recettes-faciles-et-abordables-grand-formatlaurent-mariottesolar\/"},"modified":"2022-04-25T22:48:10","modified_gmt":"2022-04-25T22:48:10","slug":"mieux-manger-sans-se-ruiner-150-recettes-faciles-et-abordables-grand-formatlaurent-mariottesolar","status":"publish","type":"product","link":"https:\/\/atypique.brunotarhan.fr\/index.php\/produit\/mieux-manger-sans-se-ruiner-150-recettes-faciles-et-abordables-grand-formatlaurent-mariottesolar\/","title":{"rendered":"Mieux manger sans se ruiner &#8211; 150 recettes faciles et abordables &#8211; Grand Format\nLaurent Mariotte\nSolar"},"content":{"rendered":"<p>Dans ce nouveau livre, Laurent Mariotte vous propose de d\u00e9couvrir toutes ses recettes et ses bons conseils pour mieux manger sans se ruiner. Du choix des produits \u00e0 leur association, d\u00e9couvrez comment \u00e9laborer des plats \u00e9quilibr\u00e9s et bon march\u00e9 au quotidien avec plus de 150 recettes faciles, accesibles et toujours gourmandes. Mieux manger sans se ruiner, &#8211; c&#8217;est l&#8217;ouvrage de r\u00e9f\u00e9rence pour apprendre \u00e0 bien choisir ses produits, que ce soit les produits frais (en fonction de leur saison, de leur provenance&#8230;), les produits semi-\u00e9labor\u00e9s (comme les conserves, les bocaux, les pr\u00e9parations sous vide) ou m\u00eame les surgel\u00e9s.<br \/>\n&#8211; c&#8217;est tous les conseils pour bien manger au quotidien en apprenant \u00e0 agr\u00e9menter ses pr\u00e9parations, \u00e0 optimiser ses courses (avec des id\u00e9es pour r\u00e9utiliser des restes de pr\u00e9paration), \u00e0 varier aussi son panier et l&#8217;adapter en fonction des arrivages sur les \u00e9tals. &#8211; c&#8217;est pr\u00eater attention aux modes de production en privil\u00e9giant l&#8217;artisanal vs l&#8217;industriel, c&#8217;est consommer moins de viande ou de produits laitiers en choisissant mieux&#8230;<br \/>\nVariantes et infos pratiques sur les produits, Mieux manger sans se ruiner, c&#8217;est le livre pour une cuisine familiale, authentique, abordable et accessible \u00e0 tous !<\/p>\n","protected":false},"excerpt":{"rendered":"<p>Dans ce nouveau livre, Laurent Mariotte vous propose de d\u00e9couvrir toutes ses recettes et ses bons conseils pour mieux manger sans se ruiner. Du choix\u2026<\/p>\n","protected":false},"featured_media":15899,"comment_status":"open","ping_status":"closed","template":"","meta":[],"product_cat":[93,294],"product_tag":[298,694,693,685,342],"class_list":["post-16150","product","type-product","status-publish","has-post-thumbnail","hentry","product_cat-librairie","product_cat-vie-pratique","product_tag-cuisine","product_tag-laurent-mariotte","product_tag-mieux-manger-sans-se-ruiner-150-recettes-faciles-et-abordables","product_tag-solar","product_tag-vie-pratique"],"yoast_head":"<!-- This site is optimized with the Yoast SEO plugin v18.0 - https:\/\/yoast.com\/wordpress\/plugins\/seo\/ -->\n<title>Mieux manger sans se ruiner - 150 recettes faciles et abordables - Grand Format Laurent Mariotte Solar - Atypique Concept Store<\/title>\n<meta name=\"robots\" content=\"index, follow, max-snippet:-1, max-image-preview:large, max-video-preview:-1\" \/>\n<link rel=\"canonical\" href=\"https:\/\/atypique.brunotarhan.fr\/index.php\/produit\/mieux-manger-sans-se-ruiner-150-recettes-faciles-et-abordables-grand-formatlaurent-mariottesolar\/\" \/>\n<meta property=\"og:locale\" content=\"fr_FR\" \/>\n<meta property=\"og:type\" content=\"article\" \/>\n<meta property=\"og:title\" content=\"Mieux manger sans se ruiner - 150 recettes faciles et abordables - Grand Format Laurent Mariotte Solar - Atypique Concept Store\" \/>\n<meta property=\"og:description\" content=\"Dans ce nouveau livre, Laurent Mariotte vous propose de d\u00e9couvrir toutes ses recettes et ses bons conseils pour mieux manger sans se ruiner. Du choix\u2026\" \/>\n<meta property=\"og:url\" content=\"https:\/\/atypique.brunotarhan.fr\/index.php\/produit\/mieux-manger-sans-se-ruiner-150-recettes-faciles-et-abordables-grand-formatlaurent-mariottesolar\/\" \/>\n<meta property=\"og:site_name\" content=\"Atypique Concept Store\" \/>\n<meta name=\"twitter:card\" content=\"summary_large_image\" \/>\n<meta name=\"twitter:label1\" content=\"Dur\u00e9e de lecture estim\u00e9e\" \/>\n\t<meta name=\"twitter:data1\" content=\"1 minute\" \/>\n<script type=\"application\/ld+json\" class=\"yoast-schema-graph\">{\"@context\":\"https:\/\/schema.org\",\"@graph\":[{\"@type\":\"WebSite\",\"@id\":\"https:\/\/atypique.brunotarhan.fr\/#website\",\"url\":\"https:\/\/atypique.brunotarhan.fr\/\",\"name\":\"Atypique Concept Store\",\"description\":\"Just another WordPress site\",\"potentialAction\":[{\"@type\":\"SearchAction\",\"target\":{\"@type\":\"EntryPoint\",\"urlTemplate\":\"https:\/\/atypique.brunotarhan.fr\/?s={search_term_string}\"},\"query-input\":\"required name=search_term_string\"}],\"inLanguage\":\"fr-FR\"},{\"@type\":\"ImageObject\",\"@id\":\"https:\/\/atypique.brunotarhan.fr\/index.php\/produit\/mieux-manger-sans-se-ruiner-150-recettes-faciles-et-abordables-grand-formatlaurent-mariottesolar\/#primaryimage\",\"inLanguage\":\"fr-FR\",\"url\":\"https:\/\/atypique.brunotarhan.fr\/wp-content\/uploads\/2022\/04\/mieux-manger-sans-se-ruiner.webp\",\"contentUrl\":\"https:\/\/atypique.brunotarhan.fr\/wp-content\/uploads\/2022\/04\/mieux-manger-sans-se-ruiner.webp\",\"width\":385,\"height\":500},{\"@type\":\"WebPage\",\"@id\":\"https:\/\/atypique.brunotarhan.fr\/index.php\/produit\/mieux-manger-sans-se-ruiner-150-recettes-faciles-et-abordables-grand-formatlaurent-mariottesolar\/#webpage\",\"url\":\"https:\/\/atypique.brunotarhan.fr\/index.php\/produit\/mieux-manger-sans-se-ruiner-150-recettes-faciles-et-abordables-grand-formatlaurent-mariottesolar\/\",\"name\":\"Mieux manger sans se ruiner - 150 recettes faciles et abordables - Grand Format Laurent Mariotte Solar - Atypique Concept Store\",\"isPartOf\":{\"@id\":\"https:\/\/atypique.brunotarhan.fr\/#website\"},\"primaryImageOfPage\":{\"@id\":\"https:\/\/atypique.brunotarhan.fr\/index.php\/produit\/mieux-manger-sans-se-ruiner-150-recettes-faciles-et-abordables-grand-formatlaurent-mariottesolar\/#primaryimage\"},\"datePublished\":\"2022-04-25T22:48:10+00:00\",\"dateModified\":\"2022-04-25T22:48:10+00:00\",\"breadcrumb\":{\"@id\":\"https:\/\/atypique.brunotarhan.fr\/index.php\/produit\/mieux-manger-sans-se-ruiner-150-recettes-faciles-et-abordables-grand-formatlaurent-mariottesolar\/#breadcrumb\"},\"inLanguage\":\"fr-FR\",\"potentialAction\":[{\"@type\":\"ReadAction\",\"target\":[\"https:\/\/atypique.brunotarhan.fr\/index.php\/produit\/mieux-manger-sans-se-ruiner-150-recettes-faciles-et-abordables-grand-formatlaurent-mariottesolar\/\"]}]},{\"@type\":\"BreadcrumbList\",\"@id\":\"https:\/\/atypique.brunotarhan.fr\/index.php\/produit\/mieux-manger-sans-se-ruiner-150-recettes-faciles-et-abordables-grand-formatlaurent-mariottesolar\/#breadcrumb\",\"itemListElement\":[{\"@type\":\"ListItem\",\"position\":1,\"name\":\"Accueil\",\"item\":\"https:\/\/atypique.brunotarhan.fr\/\"},{\"@type\":\"ListItem\",\"position\":2,\"name\":\"\"},{\"@type\":\"ListItem\",\"position\":3,\"name\":\"Mieux manger sans se ruiner &#8211; 150 recettes faciles et abordables &#8211; Grand Format Laurent Mariotte Solar\"}]}]}<\/script>\n<!-- \/ Yoast SEO plugin. -->","yoast_head_json":{"title":"Mieux manger sans se ruiner - 150 recettes faciles et abordables - Grand Format Laurent Mariotte Solar - Atypique Concept Store","robots":{"index":"index","follow":"follow","max-snippet":"max-snippet:-1","max-image-preview":"max-image-preview:large","max-video-preview":"max-video-preview:-1"},"canonical":"https:\/\/atypique.brunotarhan.fr\/index.php\/produit\/mieux-manger-sans-se-ruiner-150-recettes-faciles-et-abordables-grand-formatlaurent-mariottesolar\/","og_locale":"fr_FR","og_type":"article","og_title":"Mieux manger sans se ruiner - 150 recettes faciles et abordables - Grand Format Laurent Mariotte Solar - Atypique Concept Store","og_description":"Dans ce nouveau livre, Laurent Mariotte vous propose de d\u00e9couvrir toutes ses recettes et ses bons conseils pour mieux manger sans se ruiner. Du choix\u2026","og_url":"https:\/\/atypique.brunotarhan.fr\/index.php\/produit\/mieux-manger-sans-se-ruiner-150-recettes-faciles-et-abordables-grand-formatlaurent-mariottesolar\/","og_site_name":"Atypique Concept Store","twitter_card":"summary_large_image","twitter_misc":{"Dur\u00e9e de lecture estim\u00e9e":"1 minute"},"schema":{"@context":"https:\/\/schema.org","@graph":[{"@type":"WebSite","@id":"https:\/\/atypique.brunotarhan.fr\/#website","url":"https:\/\/atypique.brunotarhan.fr\/","name":"Atypique Concept Store","description":"Just another WordPress site","potentialAction":[{"@type":"SearchAction","target":{"@type":"EntryPoint","urlTemplate":"https:\/\/atypique.brunotarhan.fr\/?s={search_term_string}"},"query-input":"required name=search_term_string"}],"inLanguage":"fr-FR"},{"@type":"ImageObject","@id":"https:\/\/atypique.brunotarhan.fr\/index.php\/produit\/mieux-manger-sans-se-ruiner-150-recettes-faciles-et-abordables-grand-formatlaurent-mariottesolar\/#primaryimage","inLanguage":"fr-FR","url":"https:\/\/atypique.brunotarhan.fr\/wp-content\/uploads\/2022\/04\/mieux-manger-sans-se-ruiner.webp","contentUrl":"https:\/\/atypique.brunotarhan.fr\/wp-content\/uploads\/2022\/04\/mieux-manger-sans-se-ruiner.webp","width":385,"height":500},{"@type":"WebPage","@id":"https:\/\/atypique.brunotarhan.fr\/index.php\/produit\/mieux-manger-sans-se-ruiner-150-recettes-faciles-et-abordables-grand-formatlaurent-mariottesolar\/#webpage","url":"https:\/\/atypique.brunotarhan.fr\/index.php\/produit\/mieux-manger-sans-se-ruiner-150-recettes-faciles-et-abordables-grand-formatlaurent-mariottesolar\/","name":"Mieux manger sans se ruiner - 150 recettes faciles et abordables - Grand Format Laurent Mariotte Solar - Atypique Concept Store","isPartOf":{"@id":"https:\/\/atypique.brunotarhan.fr\/#website"},"primaryImageOfPage":{"@id":"https:\/\/atypique.brunotarhan.fr\/index.php\/produit\/mieux-manger-sans-se-ruiner-150-recettes-faciles-et-abordables-grand-formatlaurent-mariottesolar\/#primaryimage"},"datePublished":"2022-04-25T22:48:10+00:00","dateModified":"2022-04-25T22:48:10+00:00","breadcrumb":{"@id":"https:\/\/atypique.brunotarhan.fr\/index.php\/produit\/mieux-manger-sans-se-ruiner-150-recettes-faciles-et-abordables-grand-formatlaurent-mariottesolar\/#breadcrumb"},"inLanguage":"fr-FR","potentialAction":[{"@type":"ReadAction","target":["https:\/\/atypique.brunotarhan.fr\/index.php\/produit\/mieux-manger-sans-se-ruiner-150-recettes-faciles-et-abordables-grand-formatlaurent-mariottesolar\/"]}]},{"@type":"BreadcrumbList","@id":"https:\/\/atypique.brunotarhan.fr\/index.php\/produit\/mieux-manger-sans-se-ruiner-150-recettes-faciles-et-abordables-grand-formatlaurent-mariottesolar\/#breadcrumb","itemListElement":[{"@type":"ListItem","position":1,"name":"Accueil","item":"https:\/\/atypique.brunotarhan.fr\/"},{"@type":"ListItem","position":2,"name":""},{"@type":"ListItem","position":3,"name":"Mieux manger sans se ruiner &#8211; 150 recettes faciles et abordables &#8211; Grand Format Laurent Mariotte Solar"}]}]}},"_links":{"self":[{"href":"https:\/\/atypique.brunotarhan.fr\/index.php\/wp-json\/wp\/v2\/product\/16150","targetHints":{"allow":["GET"]}}],"collection":[{"href":"https:\/\/atypique.brunotarhan.fr\/index.php\/wp-json\/wp\/v2\/product"}],"about":[{"href":"https:\/\/atypique.brunotarhan.fr\/index.php\/wp-json\/wp\/v2\/types\/product"}],"replies":[{"embeddable":true,"href":"https:\/\/atypique.brunotarhan.fr\/index.php\/wp-json\/wp\/v2\/comments?post=16150"}],"wp:featuredmedia":[{"embeddable":true,"href":"https:\/\/atypique.brunotarhan.fr\/index.php\/wp-json\/wp\/v2\/media\/15899"}],"wp:attachment":[{"href":"https:\/\/atypique.brunotarhan.fr\/index.php\/wp-json\/wp\/v2\/media?parent=16150"}],"wp:term":[{"taxonomy":"product_cat","embeddable":true,"href":"https:\/\/atypique.brunotarhan.fr\/index.php\/wp-json\/wp\/v2\/product_cat?post=16150"},{"taxonomy":"product_tag","embeddable":true,"href":"https:\/\/atypique.brunotarhan.fr\/index.php\/wp-json\/wp\/v2\/product_tag?post=16150"}],"curies":[{"name":"wp","href":"https:\/\/api.w.org\/{rel}","templated":true}]}}