{"id":16146,"date":"2022-04-25T22:48:09","date_gmt":"2022-04-25T22:48:09","guid":{"rendered":"https:\/\/atypique.brunotarhan.fr\/index.php\/produit\/merci-grazie-thank-you-grand-formatjulien-sandrelcalmann-levy\/"},"modified":"2022-04-25T22:48:09","modified_gmt":"2022-04-25T22:48:09","slug":"merci-grazie-thank-you-grand-formatjulien-sandrelcalmann-levy","status":"publish","type":"product","link":"https:\/\/atypique.brunotarhan.fr\/index.php\/produit\/merci-grazie-thank-you-grand-formatjulien-sandrelcalmann-levy\/","title":{"rendered":"Merci, grazie, thank you &#8211; Grand Format\nJulien Sandrel\nCalmann Levy"},"content":{"rendered":"<p>Gina, charmante vieille dame d\u2019origine italienne qui m\u00e8ne une existence modeste \u00e0 Paris, a un p\u00e9ch\u00e9 mignon que tout le monde ignore : elle va chaque mois jouer aux machines \u00e0 sous. Et voil\u00e0 qu\u2019un jour, elle gagne\u2026 Aussit\u00f4t, Gina prend une folle d\u00e9cision : cet argent, elle va le partager avec chacune des personnes qui ont jou\u00e9 un r\u00f4le dans sa vie et qu\u2019elle n\u2019a jamais pu remercier. Alors sans rien r\u00e9v\u00e9ler \u00e0 quiconque de son gain ni de ses intentions, Gina s\u2019envole sur les traces de son pass\u00e9\u2026 Lorsque sa petite-fille Chlo\u00e9 d\u00e9couvre la \u00ab fugue \u00bb de sa grand\u2013m\u00e8re ador\u00e9e vers New York, elle d\u00e9cide de partir \u00e0 sa recherche, accompagn\u00e9e, \u00e0 son corps d\u00e9fendant, par la tr\u00e8s loufoque et envahissante meilleure amie de Gina qui a le don pour les mettre dans des situations impossibles.<br \/>\nCommence alors pour les trois femmes un voyage riche en \u00e9motions fortes, entre fous rires et larmes, entre gratitude et transmission, rythm\u00e9 par les secrets de Gina et les soubresauts d\u2019une Histoire pas si lointaine&#8230;<\/p>\n","protected":false},"excerpt":{"rendered":"<p>Gina, charmante vieille dame d\u2019origine italienne qui m\u00e8ne une existence modeste \u00e0 Paris, a un p\u00e9ch\u00e9 mignon que tout le monde ignore : elle va chaque&#8230; <\/p>\n","protected":false},"featured_media":15895,"comment_status":"open","ping_status":"closed","template":"","meta":[],"product_cat":[93,186],"product_tag":[545,681,365,680,189,682],"class_list":["post-16146","product","type-product","status-publish","has-post-thumbnail","hentry","product_cat-librairie","product_cat-romans","product_tag-calmann-levy-2","product_tag-grazie","product_tag-julien-sandrel","product_tag-merci","product_tag-roman","product_tag-thank-you"],"yoast_head":"<!-- This site is optimized with the Yoast SEO plugin v18.0 - https:\/\/yoast.com\/wordpress\/plugins\/seo\/ -->\n<title>Merci, grazie, thank you - Grand Format Julien Sandrel Calmann Levy - Atypique Concept Store<\/title>\n<meta name=\"robots\" content=\"index, follow, max-snippet:-1, max-image-preview:large, max-video-preview:-1\" \/>\n<link rel=\"canonical\" href=\"https:\/\/atypique.brunotarhan.fr\/index.php\/produit\/merci-grazie-thank-you-grand-formatjulien-sandrelcalmann-levy\/\" \/>\n<meta property=\"og:locale\" content=\"fr_FR\" \/>\n<meta property=\"og:type\" content=\"article\" \/>\n<meta property=\"og:title\" content=\"Merci, grazie, thank you - Grand Format Julien Sandrel Calmann Levy - Atypique Concept Store\" \/>\n<meta property=\"og:description\" content=\"Gina, charmante vieille dame d\u2019origine italienne qui m\u00e8ne une existence modeste \u00e0 Paris, a un p\u00e9ch\u00e9 mignon que tout le monde ignore : elle va chaque...\" \/>\n<meta property=\"og:url\" content=\"https:\/\/atypique.brunotarhan.fr\/index.php\/produit\/merci-grazie-thank-you-grand-formatjulien-sandrelcalmann-levy\/\" \/>\n<meta property=\"og:site_name\" content=\"Atypique Concept Store\" \/>\n<meta name=\"twitter:card\" content=\"summary_large_image\" \/>\n<meta name=\"twitter:label1\" content=\"Dur\u00e9e de lecture estim\u00e9e\" \/>\n\t<meta name=\"twitter:data1\" content=\"1 minute\" \/>\n<script type=\"application\/ld+json\" class=\"yoast-schema-graph\">{\"@context\":\"https:\/\/schema.org\",\"@graph\":[{\"@type\":\"WebSite\",\"@id\":\"https:\/\/atypique.brunotarhan.fr\/#website\",\"url\":\"https:\/\/atypique.brunotarhan.fr\/\",\"name\":\"Atypique Concept Store\",\"description\":\"Just another WordPress site\",\"potentialAction\":[{\"@type\":\"SearchAction\",\"target\":{\"@type\":\"EntryPoint\",\"urlTemplate\":\"https:\/\/atypique.brunotarhan.fr\/?s={search_term_string}\"},\"query-input\":\"required name=search_term_string\"}],\"inLanguage\":\"fr-FR\"},{\"@type\":\"ImageObject\",\"@id\":\"https:\/\/atypique.brunotarhan.fr\/index.php\/produit\/merci-grazie-thank-you-grand-formatjulien-sandrelcalmann-levy\/#primaryimage\",\"inLanguage\":\"fr-FR\",\"url\":\"https:\/\/atypique.brunotarhan.fr\/wp-content\/uploads\/2022\/04\/merci-grazie-thank-you.webp\",\"contentUrl\":\"https:\/\/atypique.brunotarhan.fr\/wp-content\/uploads\/2022\/04\/merci-grazie-thank-you.webp\",\"width\":301,\"height\":500},{\"@type\":\"WebPage\",\"@id\":\"https:\/\/atypique.brunotarhan.fr\/index.php\/produit\/merci-grazie-thank-you-grand-formatjulien-sandrelcalmann-levy\/#webpage\",\"url\":\"https:\/\/atypique.brunotarhan.fr\/index.php\/produit\/merci-grazie-thank-you-grand-formatjulien-sandrelcalmann-levy\/\",\"name\":\"Merci, grazie, thank you - Grand Format Julien Sandrel Calmann Levy - Atypique Concept Store\",\"isPartOf\":{\"@id\":\"https:\/\/atypique.brunotarhan.fr\/#website\"},\"primaryImageOfPage\":{\"@id\":\"https:\/\/atypique.brunotarhan.fr\/index.php\/produit\/merci-grazie-thank-you-grand-formatjulien-sandrelcalmann-levy\/#primaryimage\"},\"datePublished\":\"2022-04-25T22:48:09+00:00\",\"dateModified\":\"2022-04-25T22:48:09+00:00\",\"breadcrumb\":{\"@id\":\"https:\/\/atypique.brunotarhan.fr\/index.php\/produit\/merci-grazie-thank-you-grand-formatjulien-sandrelcalmann-levy\/#breadcrumb\"},\"inLanguage\":\"fr-FR\",\"potentialAction\":[{\"@type\":\"ReadAction\",\"target\":[\"https:\/\/atypique.brunotarhan.fr\/index.php\/produit\/merci-grazie-thank-you-grand-formatjulien-sandrelcalmann-levy\/\"]}]},{\"@type\":\"BreadcrumbList\",\"@id\":\"https:\/\/atypique.brunotarhan.fr\/index.php\/produit\/merci-grazie-thank-you-grand-formatjulien-sandrelcalmann-levy\/#breadcrumb\",\"itemListElement\":[{\"@type\":\"ListItem\",\"position\":1,\"name\":\"Accueil\",\"item\":\"https:\/\/atypique.brunotarhan.fr\/\"},{\"@type\":\"ListItem\",\"position\":2,\"name\":\"\"},{\"@type\":\"ListItem\",\"position\":3,\"name\":\"Merci, grazie, thank you &#8211; Grand Format Julien Sandrel Calmann Levy\"}]}]}<\/script>\n<!-- \/ Yoast SEO plugin. -->","yoast_head_json":{"title":"Merci, grazie, thank you - Grand Format Julien Sandrel Calmann Levy - Atypique Concept Store","robots":{"index":"index","follow":"follow","max-snippet":"max-snippet:-1","max-image-preview":"max-image-preview:large","max-video-preview":"max-video-preview:-1"},"canonical":"https:\/\/atypique.brunotarhan.fr\/index.php\/produit\/merci-grazie-thank-you-grand-formatjulien-sandrelcalmann-levy\/","og_locale":"fr_FR","og_type":"article","og_title":"Merci, grazie, thank you - Grand Format Julien Sandrel Calmann Levy - Atypique Concept Store","og_description":"Gina, charmante vieille dame d\u2019origine italienne qui m\u00e8ne une existence modeste \u00e0 Paris, a un p\u00e9ch\u00e9 mignon que tout le monde ignore : elle va chaque...","og_url":"https:\/\/atypique.brunotarhan.fr\/index.php\/produit\/merci-grazie-thank-you-grand-formatjulien-sandrelcalmann-levy\/","og_site_name":"Atypique Concept Store","twitter_card":"summary_large_image","twitter_misc":{"Dur\u00e9e de lecture estim\u00e9e":"1 minute"},"schema":{"@context":"https:\/\/schema.org","@graph":[{"@type":"WebSite","@id":"https:\/\/atypique.brunotarhan.fr\/#website","url":"https:\/\/atypique.brunotarhan.fr\/","name":"Atypique Concept Store","description":"Just another WordPress site","potentialAction":[{"@type":"SearchAction","target":{"@type":"EntryPoint","urlTemplate":"https:\/\/atypique.brunotarhan.fr\/?s={search_term_string}"},"query-input":"required name=search_term_string"}],"inLanguage":"fr-FR"},{"@type":"ImageObject","@id":"https:\/\/atypique.brunotarhan.fr\/index.php\/produit\/merci-grazie-thank-you-grand-formatjulien-sandrelcalmann-levy\/#primaryimage","inLanguage":"fr-FR","url":"https:\/\/atypique.brunotarhan.fr\/wp-content\/uploads\/2022\/04\/merci-grazie-thank-you.webp","contentUrl":"https:\/\/atypique.brunotarhan.fr\/wp-content\/uploads\/2022\/04\/merci-grazie-thank-you.webp","width":301,"height":500},{"@type":"WebPage","@id":"https:\/\/atypique.brunotarhan.fr\/index.php\/produit\/merci-grazie-thank-you-grand-formatjulien-sandrelcalmann-levy\/#webpage","url":"https:\/\/atypique.brunotarhan.fr\/index.php\/produit\/merci-grazie-thank-you-grand-formatjulien-sandrelcalmann-levy\/","name":"Merci, grazie, thank you - Grand Format Julien Sandrel Calmann Levy - Atypique Concept Store","isPartOf":{"@id":"https:\/\/atypique.brunotarhan.fr\/#website"},"primaryImageOfPage":{"@id":"https:\/\/atypique.brunotarhan.fr\/index.php\/produit\/merci-grazie-thank-you-grand-formatjulien-sandrelcalmann-levy\/#primaryimage"},"datePublished":"2022-04-25T22:48:09+00:00","dateModified":"2022-04-25T22:48:09+00:00","breadcrumb":{"@id":"https:\/\/atypique.brunotarhan.fr\/index.php\/produit\/merci-grazie-thank-you-grand-formatjulien-sandrelcalmann-levy\/#breadcrumb"},"inLanguage":"fr-FR","potentialAction":[{"@type":"ReadAction","target":["https:\/\/atypique.brunotarhan.fr\/index.php\/produit\/merci-grazie-thank-you-grand-formatjulien-sandrelcalmann-levy\/"]}]},{"@type":"BreadcrumbList","@id":"https:\/\/atypique.brunotarhan.fr\/index.php\/produit\/merci-grazie-thank-you-grand-formatjulien-sandrelcalmann-levy\/#breadcrumb","itemListElement":[{"@type":"ListItem","position":1,"name":"Accueil","item":"https:\/\/atypique.brunotarhan.fr\/"},{"@type":"ListItem","position":2,"name":""},{"@type":"ListItem","position":3,"name":"Merci, grazie, thank you &#8211; Grand Format Julien Sandrel Calmann Levy"}]}]}},"_links":{"self":[{"href":"https:\/\/atypique.brunotarhan.fr\/index.php\/wp-json\/wp\/v2\/product\/16146","targetHints":{"allow":["GET"]}}],"collection":[{"href":"https:\/\/atypique.brunotarhan.fr\/index.php\/wp-json\/wp\/v2\/product"}],"about":[{"href":"https:\/\/atypique.brunotarhan.fr\/index.php\/wp-json\/wp\/v2\/types\/product"}],"replies":[{"embeddable":true,"href":"https:\/\/atypique.brunotarhan.fr\/index.php\/wp-json\/wp\/v2\/comments?post=16146"}],"wp:featuredmedia":[{"embeddable":true,"href":"https:\/\/atypique.brunotarhan.fr\/index.php\/wp-json\/wp\/v2\/media\/15895"}],"wp:attachment":[{"href":"https:\/\/atypique.brunotarhan.fr\/index.php\/wp-json\/wp\/v2\/media?parent=16146"}],"wp:term":[{"taxonomy":"product_cat","embeddable":true,"href":"https:\/\/atypique.brunotarhan.fr\/index.php\/wp-json\/wp\/v2\/product_cat?post=16146"},{"taxonomy":"product_tag","embeddable":true,"href":"https:\/\/atypique.brunotarhan.fr\/index.php\/wp-json\/wp\/v2\/product_tag?post=16146"}],"curies":[{"name":"wp","href":"https:\/\/api.w.org\/{rel}","templated":true}]}}