{"id":16145,"date":"2022-04-25T22:48:09","date_gmt":"2022-04-25T22:48:09","guid":{"rendered":"https:\/\/atypique.brunotarhan.fr\/index.php\/produit\/la-maternite-une-aventure-fabuleuse-pochedeepak-chopradavid-simon-auteur-vicki-abrams-auteurjai-lu\/"},"modified":"2022-04-25T22:48:09","modified_gmt":"2022-04-25T22:48:09","slug":"la-maternite-une-aventure-fabuleuse-pochedeepak-chopradavid-simon-auteur-vicki-abrams-auteurjai-lu","status":"publish","type":"product","link":"https:\/\/atypique.brunotarhan.fr\/index.php\/produit\/la-maternite-une-aventure-fabuleuse-pochedeepak-chopradavid-simon-auteur-vicki-abrams-auteurjai-lu\/","title":{"rendered":"La maternit\u00e9, une aventure fabuleuse &#8211; Poche\nDeepak Chopra\nDavid Simon (Auteur), Vicki Abrams (Auteur)\nJ&#8217;ai lu"},"content":{"rendered":"<p>Comment r\u00e9humaniser la grossesse parfois surm\u00e9dicalis\u00e9e et se pr\u00e9parer \u00e0 cette aventure fabuleuse jusqu&#8217;\u00e0 l&#8217;accouchement ? Les auteurs r\u00e9concilient avec talent l&#8217;ancienne tradition de l&#8217;Ayurv\u00e9da &#8211; qui fait partie de la culture indienne &#8211; et la m\u00e9decine moderne, dont les avanc\u00e9es spectaculaires sont incontestables. Ce livre remarquable est avant tout un guide pratique pour les futurs parents, qui accompagne chaque \u00e9tape de cette nouvelle mise au monde : m\u00e9ditation, respiration, r\u00e9gime alimentaire, culture physique, relations avec l&#8217;environnement et les proches.<\/p>\n","protected":false},"excerpt":{"rendered":"<p>Comment r\u00e9humaniser la grossesse parfois surm\u00e9dicalis\u00e9e et se pr\u00e9parer \u00e0 cette aventure fabuleuse jusqu&#8217;\u00e0 l&#8217;accouchement ? Les auteurs r\u00e9concilient\u2026<\/p>\n","protected":false},"featured_media":15804,"comment_status":"open","ping_status":"closed","template":"","meta":[],"product_cat":[93,294],"product_tag":[678,677,249,675,676,679,342],"class_list":["post-16145","product","type-product","status-publish","has-post-thumbnail","hentry","product_cat-librairie","product_cat-vie-pratique","product_tag-david-simon","product_tag-deepak-chopra","product_tag-jai-lu","product_tag-la-maternite","product_tag-une-aventure-fabuleuse","product_tag-vicki-abrams","product_tag-vie-pratique"],"yoast_head":"<!-- This site is optimized with the Yoast SEO plugin v18.0 - https:\/\/yoast.com\/wordpress\/plugins\/seo\/ -->\n<title>La maternit\u00e9, une aventure fabuleuse - Poche Deepak Chopra David Simon (Auteur), Vicki Abrams (Auteur) J&#039;ai lu - Atypique Concept Store<\/title>\n<meta name=\"robots\" content=\"index, follow, max-snippet:-1, max-image-preview:large, max-video-preview:-1\" \/>\n<link rel=\"canonical\" href=\"https:\/\/atypique.brunotarhan.fr\/index.php\/produit\/la-maternite-une-aventure-fabuleuse-pochedeepak-chopradavid-simon-auteur-vicki-abrams-auteurjai-lu\/\" \/>\n<meta property=\"og:locale\" content=\"fr_FR\" \/>\n<meta property=\"og:type\" content=\"article\" \/>\n<meta property=\"og:title\" content=\"La maternit\u00e9, une aventure fabuleuse - Poche Deepak Chopra David Simon (Auteur), Vicki Abrams (Auteur) J&#039;ai lu - Atypique Concept Store\" \/>\n<meta property=\"og:description\" content=\"Comment r\u00e9humaniser la grossesse parfois surm\u00e9dicalis\u00e9e et se pr\u00e9parer \u00e0 cette aventure fabuleuse jusqu&#039;\u00e0 l&#039;accouchement ? Les auteurs r\u00e9concilient\u2026\" \/>\n<meta property=\"og:url\" content=\"https:\/\/atypique.brunotarhan.fr\/index.php\/produit\/la-maternite-une-aventure-fabuleuse-pochedeepak-chopradavid-simon-auteur-vicki-abrams-auteurjai-lu\/\" \/>\n<meta property=\"og:site_name\" content=\"Atypique Concept Store\" \/>\n<meta name=\"twitter:card\" content=\"summary_large_image\" \/>\n<script type=\"application\/ld+json\" class=\"yoast-schema-graph\">{\"@context\":\"https:\/\/schema.org\",\"@graph\":[{\"@type\":\"WebSite\",\"@id\":\"https:\/\/atypique.brunotarhan.fr\/#website\",\"url\":\"https:\/\/atypique.brunotarhan.fr\/\",\"name\":\"Atypique Concept Store\",\"description\":\"Just another WordPress site\",\"potentialAction\":[{\"@type\":\"SearchAction\",\"target\":{\"@type\":\"EntryPoint\",\"urlTemplate\":\"https:\/\/atypique.brunotarhan.fr\/?s={search_term_string}\"},\"query-input\":\"required name=search_term_string\"}],\"inLanguage\":\"fr-FR\"},{\"@type\":\"ImageObject\",\"@id\":\"https:\/\/atypique.brunotarhan.fr\/index.php\/produit\/la-maternite-une-aventure-fabuleuse-pochedeepak-chopradavid-simon-auteur-vicki-abrams-auteurjai-lu\/#primaryimage\",\"inLanguage\":\"fr-FR\",\"url\":\"https:\/\/atypique.brunotarhan.fr\/wp-content\/uploads\/2022\/04\/la-maternite-une-aventure-fabuleuse.webp\",\"contentUrl\":\"https:\/\/atypique.brunotarhan.fr\/wp-content\/uploads\/2022\/04\/la-maternite-une-aventure-fabuleuse.webp\",\"width\":309,\"height\":500},{\"@type\":\"WebPage\",\"@id\":\"https:\/\/atypique.brunotarhan.fr\/index.php\/produit\/la-maternite-une-aventure-fabuleuse-pochedeepak-chopradavid-simon-auteur-vicki-abrams-auteurjai-lu\/#webpage\",\"url\":\"https:\/\/atypique.brunotarhan.fr\/index.php\/produit\/la-maternite-une-aventure-fabuleuse-pochedeepak-chopradavid-simon-auteur-vicki-abrams-auteurjai-lu\/\",\"name\":\"La maternit\u00e9, une aventure fabuleuse - Poche Deepak Chopra David Simon (Auteur), Vicki Abrams (Auteur) J'ai lu - Atypique Concept Store\",\"isPartOf\":{\"@id\":\"https:\/\/atypique.brunotarhan.fr\/#website\"},\"primaryImageOfPage\":{\"@id\":\"https:\/\/atypique.brunotarhan.fr\/index.php\/produit\/la-maternite-une-aventure-fabuleuse-pochedeepak-chopradavid-simon-auteur-vicki-abrams-auteurjai-lu\/#primaryimage\"},\"datePublished\":\"2022-04-25T22:48:09+00:00\",\"dateModified\":\"2022-04-25T22:48:09+00:00\",\"breadcrumb\":{\"@id\":\"https:\/\/atypique.brunotarhan.fr\/index.php\/produit\/la-maternite-une-aventure-fabuleuse-pochedeepak-chopradavid-simon-auteur-vicki-abrams-auteurjai-lu\/#breadcrumb\"},\"inLanguage\":\"fr-FR\",\"potentialAction\":[{\"@type\":\"ReadAction\",\"target\":[\"https:\/\/atypique.brunotarhan.fr\/index.php\/produit\/la-maternite-une-aventure-fabuleuse-pochedeepak-chopradavid-simon-auteur-vicki-abrams-auteurjai-lu\/\"]}]},{\"@type\":\"BreadcrumbList\",\"@id\":\"https:\/\/atypique.brunotarhan.fr\/index.php\/produit\/la-maternite-une-aventure-fabuleuse-pochedeepak-chopradavid-simon-auteur-vicki-abrams-auteurjai-lu\/#breadcrumb\",\"itemListElement\":[{\"@type\":\"ListItem\",\"position\":1,\"name\":\"Accueil\",\"item\":\"https:\/\/atypique.brunotarhan.fr\/\"},{\"@type\":\"ListItem\",\"position\":2,\"name\":\"\"},{\"@type\":\"ListItem\",\"position\":3,\"name\":\"La maternit\u00e9, une aventure fabuleuse &#8211; Poche Deepak Chopra David Simon (Auteur), Vicki Abrams (Auteur) J&#8217;ai lu\"}]}]}<\/script>\n<!-- \/ Yoast SEO plugin. -->","yoast_head_json":{"title":"La maternit\u00e9, une aventure fabuleuse - Poche Deepak Chopra David Simon (Auteur), Vicki Abrams (Auteur) J'ai lu - Atypique Concept Store","robots":{"index":"index","follow":"follow","max-snippet":"max-snippet:-1","max-image-preview":"max-image-preview:large","max-video-preview":"max-video-preview:-1"},"canonical":"https:\/\/atypique.brunotarhan.fr\/index.php\/produit\/la-maternite-une-aventure-fabuleuse-pochedeepak-chopradavid-simon-auteur-vicki-abrams-auteurjai-lu\/","og_locale":"fr_FR","og_type":"article","og_title":"La maternit\u00e9, une aventure fabuleuse - Poche Deepak Chopra David Simon (Auteur), Vicki Abrams (Auteur) J'ai lu - Atypique Concept Store","og_description":"Comment r\u00e9humaniser la grossesse parfois surm\u00e9dicalis\u00e9e et se pr\u00e9parer \u00e0 cette aventure fabuleuse jusqu'\u00e0 l'accouchement ? Les auteurs r\u00e9concilient\u2026","og_url":"https:\/\/atypique.brunotarhan.fr\/index.php\/produit\/la-maternite-une-aventure-fabuleuse-pochedeepak-chopradavid-simon-auteur-vicki-abrams-auteurjai-lu\/","og_site_name":"Atypique Concept Store","twitter_card":"summary_large_image","schema":{"@context":"https:\/\/schema.org","@graph":[{"@type":"WebSite","@id":"https:\/\/atypique.brunotarhan.fr\/#website","url":"https:\/\/atypique.brunotarhan.fr\/","name":"Atypique Concept Store","description":"Just another WordPress site","potentialAction":[{"@type":"SearchAction","target":{"@type":"EntryPoint","urlTemplate":"https:\/\/atypique.brunotarhan.fr\/?s={search_term_string}"},"query-input":"required name=search_term_string"}],"inLanguage":"fr-FR"},{"@type":"ImageObject","@id":"https:\/\/atypique.brunotarhan.fr\/index.php\/produit\/la-maternite-une-aventure-fabuleuse-pochedeepak-chopradavid-simon-auteur-vicki-abrams-auteurjai-lu\/#primaryimage","inLanguage":"fr-FR","url":"https:\/\/atypique.brunotarhan.fr\/wp-content\/uploads\/2022\/04\/la-maternite-une-aventure-fabuleuse.webp","contentUrl":"https:\/\/atypique.brunotarhan.fr\/wp-content\/uploads\/2022\/04\/la-maternite-une-aventure-fabuleuse.webp","width":309,"height":500},{"@type":"WebPage","@id":"https:\/\/atypique.brunotarhan.fr\/index.php\/produit\/la-maternite-une-aventure-fabuleuse-pochedeepak-chopradavid-simon-auteur-vicki-abrams-auteurjai-lu\/#webpage","url":"https:\/\/atypique.brunotarhan.fr\/index.php\/produit\/la-maternite-une-aventure-fabuleuse-pochedeepak-chopradavid-simon-auteur-vicki-abrams-auteurjai-lu\/","name":"La maternit\u00e9, une aventure fabuleuse - Poche Deepak Chopra David Simon (Auteur), Vicki Abrams (Auteur) J'ai lu - Atypique Concept Store","isPartOf":{"@id":"https:\/\/atypique.brunotarhan.fr\/#website"},"primaryImageOfPage":{"@id":"https:\/\/atypique.brunotarhan.fr\/index.php\/produit\/la-maternite-une-aventure-fabuleuse-pochedeepak-chopradavid-simon-auteur-vicki-abrams-auteurjai-lu\/#primaryimage"},"datePublished":"2022-04-25T22:48:09+00:00","dateModified":"2022-04-25T22:48:09+00:00","breadcrumb":{"@id":"https:\/\/atypique.brunotarhan.fr\/index.php\/produit\/la-maternite-une-aventure-fabuleuse-pochedeepak-chopradavid-simon-auteur-vicki-abrams-auteurjai-lu\/#breadcrumb"},"inLanguage":"fr-FR","potentialAction":[{"@type":"ReadAction","target":["https:\/\/atypique.brunotarhan.fr\/index.php\/produit\/la-maternite-une-aventure-fabuleuse-pochedeepak-chopradavid-simon-auteur-vicki-abrams-auteurjai-lu\/"]}]},{"@type":"BreadcrumbList","@id":"https:\/\/atypique.brunotarhan.fr\/index.php\/produit\/la-maternite-une-aventure-fabuleuse-pochedeepak-chopradavid-simon-auteur-vicki-abrams-auteurjai-lu\/#breadcrumb","itemListElement":[{"@type":"ListItem","position":1,"name":"Accueil","item":"https:\/\/atypique.brunotarhan.fr\/"},{"@type":"ListItem","position":2,"name":""},{"@type":"ListItem","position":3,"name":"La maternit\u00e9, une aventure fabuleuse &#8211; Poche Deepak Chopra David Simon (Auteur), Vicki Abrams (Auteur) J&#8217;ai lu"}]}]}},"_links":{"self":[{"href":"https:\/\/atypique.brunotarhan.fr\/index.php\/wp-json\/wp\/v2\/product\/16145","targetHints":{"allow":["GET"]}}],"collection":[{"href":"https:\/\/atypique.brunotarhan.fr\/index.php\/wp-json\/wp\/v2\/product"}],"about":[{"href":"https:\/\/atypique.brunotarhan.fr\/index.php\/wp-json\/wp\/v2\/types\/product"}],"replies":[{"embeddable":true,"href":"https:\/\/atypique.brunotarhan.fr\/index.php\/wp-json\/wp\/v2\/comments?post=16145"}],"wp:featuredmedia":[{"embeddable":true,"href":"https:\/\/atypique.brunotarhan.fr\/index.php\/wp-json\/wp\/v2\/media\/15804"}],"wp:attachment":[{"href":"https:\/\/atypique.brunotarhan.fr\/index.php\/wp-json\/wp\/v2\/media?parent=16145"}],"wp:term":[{"taxonomy":"product_cat","embeddable":true,"href":"https:\/\/atypique.brunotarhan.fr\/index.php\/wp-json\/wp\/v2\/product_cat?post=16145"},{"taxonomy":"product_tag","embeddable":true,"href":"https:\/\/atypique.brunotarhan.fr\/index.php\/wp-json\/wp\/v2\/product_tag?post=16145"}],"curies":[{"name":"wp","href":"https:\/\/api.w.org\/{rel}","templated":true}]}}