{"id":16144,"date":"2022-04-25T22:48:09","date_gmt":"2022-04-25T22:48:09","guid":{"rendered":"https:\/\/atypique.brunotarhan.fr\/index.php\/produit\/marquer-les-ombres-tome-1-pocheveronica-rothpocket-jeunesse\/"},"modified":"2022-04-25T22:48:09","modified_gmt":"2022-04-25T22:48:09","slug":"marquer-les-ombres-tome-1-pocheveronica-rothpocket-jeunesse","status":"publish","type":"product","link":"https:\/\/atypique.brunotarhan.fr\/index.php\/produit\/marquer-les-ombres-tome-1-pocheveronica-rothpocket-jeunesse\/","title":{"rendered":"Marquer les ombres Tome 1 &#8211; Poche\nVeronica Roth\nPocket jeunesse"},"content":{"rendered":"<p>Le premier livre de la nouvelle s\u00e9rie de Veronica Roth, maintenant en poche label Best-seller. Ennemi \u00e0 la naissance, alli\u00e9s par choix. Ensemble, peuvent-ils changer leur destin ? Dans une galaxie domin\u00e9e par une f\u00e9d\u00e9ration de neuf plan\u00e8tes, certains \u00eatres poss\u00e8dent un pouvoir unique. Akos, de la pacifique nation de Thuvh\u00e9, et Cyra, soeur du tyran qui gouverne les Shotet, sont de ceux-l\u00e0. Mais leur don les rend \u00e0 la fois puissants et vuln\u00e9rables.<br \/>\nTout dans leurs origines les oppose. Les obstacles entre leurs peuples et leurs familles sont nombreux et insurmontables. Pourtant, pour survivre, ils doivent s&#8217;aider &#8211; ou d\u00e9cider de se d\u00e9truire.<\/p>\n","protected":false},"excerpt":{"rendered":"<p>Le premier livre de la nouvelle s\u00e9rie de Veronica Roth, maintenant en poche label Best-seller. Ennemi \u00e0 la naissance, alli\u00e9s par choix. Ensemble, peuvent-ils\u2026<\/p>\n","protected":false},"featured_media":15894,"comment_status":"open","ping_status":"closed","template":"","meta":[],"product_cat":[93,230],"product_tag":[672,330,674,233,673],"class_list":["post-16144","product","type-product","status-publish","has-post-thumbnail","hentry","product_cat-librairie","product_cat-science-fiction","product_tag-marquer-les-ombres-tome-1","product_tag-pocket-jeunesse","product_tag-roman-adolescent","product_tag-science-fiction","product_tag-veronica-roth"],"yoast_head":"<!-- This site is optimized with the Yoast SEO plugin v18.0 - https:\/\/yoast.com\/wordpress\/plugins\/seo\/ -->\n<title>Marquer les ombres Tome 1 - Poche Veronica Roth Pocket jeunesse - Atypique Concept Store<\/title>\n<meta name=\"robots\" content=\"index, follow, max-snippet:-1, max-image-preview:large, max-video-preview:-1\" \/>\n<link rel=\"canonical\" href=\"https:\/\/atypique.brunotarhan.fr\/index.php\/produit\/marquer-les-ombres-tome-1-pocheveronica-rothpocket-jeunesse\/\" \/>\n<meta property=\"og:locale\" content=\"fr_FR\" \/>\n<meta property=\"og:type\" content=\"article\" \/>\n<meta property=\"og:title\" content=\"Marquer les ombres Tome 1 - Poche Veronica Roth Pocket jeunesse - Atypique Concept Store\" \/>\n<meta property=\"og:description\" content=\"Le premier livre de la nouvelle s\u00e9rie de Veronica Roth, maintenant en poche label Best-seller. Ennemi \u00e0 la naissance, alli\u00e9s par choix. Ensemble, peuvent-ils\u2026\" \/>\n<meta property=\"og:url\" content=\"https:\/\/atypique.brunotarhan.fr\/index.php\/produit\/marquer-les-ombres-tome-1-pocheveronica-rothpocket-jeunesse\/\" \/>\n<meta property=\"og:site_name\" content=\"Atypique Concept Store\" \/>\n<meta name=\"twitter:card\" content=\"summary_large_image\" \/>\n<meta name=\"twitter:label1\" content=\"Dur\u00e9e de lecture estim\u00e9e\" \/>\n\t<meta name=\"twitter:data1\" content=\"1 minute\" \/>\n<script type=\"application\/ld+json\" class=\"yoast-schema-graph\">{\"@context\":\"https:\/\/schema.org\",\"@graph\":[{\"@type\":\"WebSite\",\"@id\":\"https:\/\/atypique.brunotarhan.fr\/#website\",\"url\":\"https:\/\/atypique.brunotarhan.fr\/\",\"name\":\"Atypique Concept Store\",\"description\":\"Just another WordPress site\",\"potentialAction\":[{\"@type\":\"SearchAction\",\"target\":{\"@type\":\"EntryPoint\",\"urlTemplate\":\"https:\/\/atypique.brunotarhan.fr\/?s={search_term_string}\"},\"query-input\":\"required name=search_term_string\"}],\"inLanguage\":\"fr-FR\"},{\"@type\":\"ImageObject\",\"@id\":\"https:\/\/atypique.brunotarhan.fr\/index.php\/produit\/marquer-les-ombres-tome-1-pocheveronica-rothpocket-jeunesse\/#primaryimage\",\"inLanguage\":\"fr-FR\",\"url\":\"https:\/\/atypique.brunotarhan.fr\/wp-content\/uploads\/2022\/04\/marquer-les-ombres.webp\",\"contentUrl\":\"https:\/\/atypique.brunotarhan.fr\/wp-content\/uploads\/2022\/04\/marquer-les-ombres.webp\",\"width\":305,\"height\":500},{\"@type\":\"WebPage\",\"@id\":\"https:\/\/atypique.brunotarhan.fr\/index.php\/produit\/marquer-les-ombres-tome-1-pocheveronica-rothpocket-jeunesse\/#webpage\",\"url\":\"https:\/\/atypique.brunotarhan.fr\/index.php\/produit\/marquer-les-ombres-tome-1-pocheveronica-rothpocket-jeunesse\/\",\"name\":\"Marquer les ombres Tome 1 - Poche Veronica Roth Pocket jeunesse - Atypique Concept Store\",\"isPartOf\":{\"@id\":\"https:\/\/atypique.brunotarhan.fr\/#website\"},\"primaryImageOfPage\":{\"@id\":\"https:\/\/atypique.brunotarhan.fr\/index.php\/produit\/marquer-les-ombres-tome-1-pocheveronica-rothpocket-jeunesse\/#primaryimage\"},\"datePublished\":\"2022-04-25T22:48:09+00:00\",\"dateModified\":\"2022-04-25T22:48:09+00:00\",\"breadcrumb\":{\"@id\":\"https:\/\/atypique.brunotarhan.fr\/index.php\/produit\/marquer-les-ombres-tome-1-pocheveronica-rothpocket-jeunesse\/#breadcrumb\"},\"inLanguage\":\"fr-FR\",\"potentialAction\":[{\"@type\":\"ReadAction\",\"target\":[\"https:\/\/atypique.brunotarhan.fr\/index.php\/produit\/marquer-les-ombres-tome-1-pocheveronica-rothpocket-jeunesse\/\"]}]},{\"@type\":\"BreadcrumbList\",\"@id\":\"https:\/\/atypique.brunotarhan.fr\/index.php\/produit\/marquer-les-ombres-tome-1-pocheveronica-rothpocket-jeunesse\/#breadcrumb\",\"itemListElement\":[{\"@type\":\"ListItem\",\"position\":1,\"name\":\"Accueil\",\"item\":\"https:\/\/atypique.brunotarhan.fr\/\"},{\"@type\":\"ListItem\",\"position\":2,\"name\":\"\"},{\"@type\":\"ListItem\",\"position\":3,\"name\":\"Marquer les ombres Tome 1 &#8211; Poche Veronica Roth Pocket jeunesse\"}]}]}<\/script>\n<!-- \/ Yoast SEO plugin. -->","yoast_head_json":{"title":"Marquer les ombres Tome 1 - Poche Veronica Roth Pocket jeunesse - Atypique Concept Store","robots":{"index":"index","follow":"follow","max-snippet":"max-snippet:-1","max-image-preview":"max-image-preview:large","max-video-preview":"max-video-preview:-1"},"canonical":"https:\/\/atypique.brunotarhan.fr\/index.php\/produit\/marquer-les-ombres-tome-1-pocheveronica-rothpocket-jeunesse\/","og_locale":"fr_FR","og_type":"article","og_title":"Marquer les ombres Tome 1 - Poche Veronica Roth Pocket jeunesse - Atypique Concept Store","og_description":"Le premier livre de la nouvelle s\u00e9rie de Veronica Roth, maintenant en poche label Best-seller. Ennemi \u00e0 la naissance, alli\u00e9s par choix. Ensemble, peuvent-ils\u2026","og_url":"https:\/\/atypique.brunotarhan.fr\/index.php\/produit\/marquer-les-ombres-tome-1-pocheveronica-rothpocket-jeunesse\/","og_site_name":"Atypique Concept Store","twitter_card":"summary_large_image","twitter_misc":{"Dur\u00e9e de lecture estim\u00e9e":"1 minute"},"schema":{"@context":"https:\/\/schema.org","@graph":[{"@type":"WebSite","@id":"https:\/\/atypique.brunotarhan.fr\/#website","url":"https:\/\/atypique.brunotarhan.fr\/","name":"Atypique Concept Store","description":"Just another WordPress site","potentialAction":[{"@type":"SearchAction","target":{"@type":"EntryPoint","urlTemplate":"https:\/\/atypique.brunotarhan.fr\/?s={search_term_string}"},"query-input":"required name=search_term_string"}],"inLanguage":"fr-FR"},{"@type":"ImageObject","@id":"https:\/\/atypique.brunotarhan.fr\/index.php\/produit\/marquer-les-ombres-tome-1-pocheveronica-rothpocket-jeunesse\/#primaryimage","inLanguage":"fr-FR","url":"https:\/\/atypique.brunotarhan.fr\/wp-content\/uploads\/2022\/04\/marquer-les-ombres.webp","contentUrl":"https:\/\/atypique.brunotarhan.fr\/wp-content\/uploads\/2022\/04\/marquer-les-ombres.webp","width":305,"height":500},{"@type":"WebPage","@id":"https:\/\/atypique.brunotarhan.fr\/index.php\/produit\/marquer-les-ombres-tome-1-pocheveronica-rothpocket-jeunesse\/#webpage","url":"https:\/\/atypique.brunotarhan.fr\/index.php\/produit\/marquer-les-ombres-tome-1-pocheveronica-rothpocket-jeunesse\/","name":"Marquer les ombres Tome 1 - Poche Veronica Roth Pocket jeunesse - Atypique Concept Store","isPartOf":{"@id":"https:\/\/atypique.brunotarhan.fr\/#website"},"primaryImageOfPage":{"@id":"https:\/\/atypique.brunotarhan.fr\/index.php\/produit\/marquer-les-ombres-tome-1-pocheveronica-rothpocket-jeunesse\/#primaryimage"},"datePublished":"2022-04-25T22:48:09+00:00","dateModified":"2022-04-25T22:48:09+00:00","breadcrumb":{"@id":"https:\/\/atypique.brunotarhan.fr\/index.php\/produit\/marquer-les-ombres-tome-1-pocheveronica-rothpocket-jeunesse\/#breadcrumb"},"inLanguage":"fr-FR","potentialAction":[{"@type":"ReadAction","target":["https:\/\/atypique.brunotarhan.fr\/index.php\/produit\/marquer-les-ombres-tome-1-pocheveronica-rothpocket-jeunesse\/"]}]},{"@type":"BreadcrumbList","@id":"https:\/\/atypique.brunotarhan.fr\/index.php\/produit\/marquer-les-ombres-tome-1-pocheveronica-rothpocket-jeunesse\/#breadcrumb","itemListElement":[{"@type":"ListItem","position":1,"name":"Accueil","item":"https:\/\/atypique.brunotarhan.fr\/"},{"@type":"ListItem","position":2,"name":""},{"@type":"ListItem","position":3,"name":"Marquer les ombres Tome 1 &#8211; Poche Veronica Roth Pocket jeunesse"}]}]}},"_links":{"self":[{"href":"https:\/\/atypique.brunotarhan.fr\/index.php\/wp-json\/wp\/v2\/product\/16144","targetHints":{"allow":["GET"]}}],"collection":[{"href":"https:\/\/atypique.brunotarhan.fr\/index.php\/wp-json\/wp\/v2\/product"}],"about":[{"href":"https:\/\/atypique.brunotarhan.fr\/index.php\/wp-json\/wp\/v2\/types\/product"}],"replies":[{"embeddable":true,"href":"https:\/\/atypique.brunotarhan.fr\/index.php\/wp-json\/wp\/v2\/comments?post=16144"}],"wp:featuredmedia":[{"embeddable":true,"href":"https:\/\/atypique.brunotarhan.fr\/index.php\/wp-json\/wp\/v2\/media\/15894"}],"wp:attachment":[{"href":"https:\/\/atypique.brunotarhan.fr\/index.php\/wp-json\/wp\/v2\/media?parent=16144"}],"wp:term":[{"taxonomy":"product_cat","embeddable":true,"href":"https:\/\/atypique.brunotarhan.fr\/index.php\/wp-json\/wp\/v2\/product_cat?post=16144"},{"taxonomy":"product_tag","embeddable":true,"href":"https:\/\/atypique.brunotarhan.fr\/index.php\/wp-json\/wp\/v2\/product_tag?post=16144"}],"curies":[{"name":"wp","href":"https:\/\/api.w.org\/{rel}","templated":true}]}}