{"id":16143,"date":"2022-04-25T22:48:08","date_gmt":"2022-04-25T22:48:08","guid":{"rendered":"https:\/\/atypique.brunotarhan.fr\/index.php\/produit\/mardi-soir-19h-grand-formatgilles-legardinierflammarion\/"},"modified":"2022-04-25T22:48:08","modified_gmt":"2022-04-25T22:48:08","slug":"mardi-soir-19h-grand-formatgilles-legardinierflammarion","status":"publish","type":"product","link":"https:\/\/atypique.brunotarhan.fr\/index.php\/produit\/mardi-soir-19h-grand-formatgilles-legardinierflammarion\/","title":{"rendered":"Mardi soir 19h &#8211; Grand Format\nGilles Legardinier\nFlammarion"},"content":{"rendered":"<p>Elynn est encore assez jeune pour avoir la vie devant elle. Pourtant, elle a souvent le sentiment que ses r\u00eaves sont derri\u00e8re. Entre son couple qui s&#8217;enlise et la r\u00e9alit\u00e9 quotidienne de son m\u00e9tier d&#8217;infirmi\u00e8re, la jeune femme a l&#8217;impression de faire du sur-place. Comment en est-elle arriv\u00e9e l\u00e0 ? Qu&#8217;est devenue l&#8217;enfant pleine d&#8217;envies et d&#8217;espoirs qu&#8217;elle \u00e9tait ? Cherchant \u00e0 ouvrir une br\u00e8che dans sa routine, Elynn s&#8217;inscrit \u00e0 un club de sport.<br \/>\nCe rendez-vous va d\u00e9clencher une r\u00e9action en cha\u00eene qui n&#8217;\u00e9pargnera aucun aspect de son existence. De rencontres vivifiantes en exp\u00e9riences hasardeuses, elle va peu \u00e0 peu trouver les moyens de forcer tous les verrous qui retenaient sa vraie nature. La b\u00eate est l\u00e2ch\u00e9e !<\/p>\n","protected":false},"excerpt":{"rendered":"<p>Elynn est encore assez jeune pour avoir la vie devant elle. Pourtant, elle a souvent le sentiment que ses r\u00eaves sont derri\u00e8re. Entre son couple qui\u2026<\/p>\n","protected":false},"featured_media":15893,"comment_status":"open","ping_status":"closed","template":"","meta":[],"product_cat":[93,186],"product_tag":[452,671,670,189],"class_list":["post-16143","product","type-product","status-publish","has-post-thumbnail","hentry","product_cat-librairie","product_cat-romans","product_tag-flammarion","product_tag-gilles-legardinier","product_tag-mardi-soir-19h","product_tag-roman"],"yoast_head":"<!-- This site is optimized with the Yoast SEO plugin v18.0 - https:\/\/yoast.com\/wordpress\/plugins\/seo\/ -->\n<title>Mardi soir 19h - Grand Format Gilles Legardinier Flammarion - Atypique Concept Store<\/title>\n<meta name=\"robots\" content=\"index, follow, max-snippet:-1, max-image-preview:large, max-video-preview:-1\" \/>\n<link rel=\"canonical\" href=\"https:\/\/atypique.brunotarhan.fr\/index.php\/produit\/mardi-soir-19h-grand-formatgilles-legardinierflammarion\/\" \/>\n<meta property=\"og:locale\" content=\"fr_FR\" \/>\n<meta property=\"og:type\" content=\"article\" \/>\n<meta property=\"og:title\" content=\"Mardi soir 19h - Grand Format Gilles Legardinier Flammarion - Atypique Concept Store\" \/>\n<meta property=\"og:description\" content=\"Elynn est encore assez jeune pour avoir la vie devant elle. Pourtant, elle a souvent le sentiment que ses r\u00eaves sont derri\u00e8re. Entre son couple qui\u2026\" \/>\n<meta property=\"og:url\" content=\"https:\/\/atypique.brunotarhan.fr\/index.php\/produit\/mardi-soir-19h-grand-formatgilles-legardinierflammarion\/\" \/>\n<meta property=\"og:site_name\" content=\"Atypique Concept Store\" \/>\n<meta name=\"twitter:card\" content=\"summary_large_image\" \/>\n<meta name=\"twitter:label1\" content=\"Dur\u00e9e de lecture estim\u00e9e\" \/>\n\t<meta name=\"twitter:data1\" content=\"1 minute\" \/>\n<script type=\"application\/ld+json\" class=\"yoast-schema-graph\">{\"@context\":\"https:\/\/schema.org\",\"@graph\":[{\"@type\":\"WebSite\",\"@id\":\"https:\/\/atypique.brunotarhan.fr\/#website\",\"url\":\"https:\/\/atypique.brunotarhan.fr\/\",\"name\":\"Atypique Concept Store\",\"description\":\"Just another WordPress site\",\"potentialAction\":[{\"@type\":\"SearchAction\",\"target\":{\"@type\":\"EntryPoint\",\"urlTemplate\":\"https:\/\/atypique.brunotarhan.fr\/?s={search_term_string}\"},\"query-input\":\"required name=search_term_string\"}],\"inLanguage\":\"fr-FR\"},{\"@type\":\"ImageObject\",\"@id\":\"https:\/\/atypique.brunotarhan.fr\/index.php\/produit\/mardi-soir-19h-grand-formatgilles-legardinierflammarion\/#primaryimage\",\"inLanguage\":\"fr-FR\",\"url\":\"https:\/\/atypique.brunotarhan.fr\/wp-content\/uploads\/2022\/04\/mardi-soir-19h.webp\",\"contentUrl\":\"https:\/\/atypique.brunotarhan.fr\/wp-content\/uploads\/2022\/04\/mardi-soir-19h.webp\",\"width\":329,\"height\":500},{\"@type\":\"WebPage\",\"@id\":\"https:\/\/atypique.brunotarhan.fr\/index.php\/produit\/mardi-soir-19h-grand-formatgilles-legardinierflammarion\/#webpage\",\"url\":\"https:\/\/atypique.brunotarhan.fr\/index.php\/produit\/mardi-soir-19h-grand-formatgilles-legardinierflammarion\/\",\"name\":\"Mardi soir 19h - Grand Format Gilles Legardinier Flammarion - Atypique Concept Store\",\"isPartOf\":{\"@id\":\"https:\/\/atypique.brunotarhan.fr\/#website\"},\"primaryImageOfPage\":{\"@id\":\"https:\/\/atypique.brunotarhan.fr\/index.php\/produit\/mardi-soir-19h-grand-formatgilles-legardinierflammarion\/#primaryimage\"},\"datePublished\":\"2022-04-25T22:48:08+00:00\",\"dateModified\":\"2022-04-25T22:48:08+00:00\",\"breadcrumb\":{\"@id\":\"https:\/\/atypique.brunotarhan.fr\/index.php\/produit\/mardi-soir-19h-grand-formatgilles-legardinierflammarion\/#breadcrumb\"},\"inLanguage\":\"fr-FR\",\"potentialAction\":[{\"@type\":\"ReadAction\",\"target\":[\"https:\/\/atypique.brunotarhan.fr\/index.php\/produit\/mardi-soir-19h-grand-formatgilles-legardinierflammarion\/\"]}]},{\"@type\":\"BreadcrumbList\",\"@id\":\"https:\/\/atypique.brunotarhan.fr\/index.php\/produit\/mardi-soir-19h-grand-formatgilles-legardinierflammarion\/#breadcrumb\",\"itemListElement\":[{\"@type\":\"ListItem\",\"position\":1,\"name\":\"Accueil\",\"item\":\"https:\/\/atypique.brunotarhan.fr\/\"},{\"@type\":\"ListItem\",\"position\":2,\"name\":\"\"},{\"@type\":\"ListItem\",\"position\":3,\"name\":\"Mardi soir 19h &#8211; Grand Format Gilles Legardinier Flammarion\"}]}]}<\/script>\n<!-- \/ Yoast SEO plugin. -->","yoast_head_json":{"title":"Mardi soir 19h - Grand Format Gilles Legardinier Flammarion - Atypique Concept Store","robots":{"index":"index","follow":"follow","max-snippet":"max-snippet:-1","max-image-preview":"max-image-preview:large","max-video-preview":"max-video-preview:-1"},"canonical":"https:\/\/atypique.brunotarhan.fr\/index.php\/produit\/mardi-soir-19h-grand-formatgilles-legardinierflammarion\/","og_locale":"fr_FR","og_type":"article","og_title":"Mardi soir 19h - Grand Format Gilles Legardinier Flammarion - Atypique Concept Store","og_description":"Elynn est encore assez jeune pour avoir la vie devant elle. Pourtant, elle a souvent le sentiment que ses r\u00eaves sont derri\u00e8re. Entre son couple qui\u2026","og_url":"https:\/\/atypique.brunotarhan.fr\/index.php\/produit\/mardi-soir-19h-grand-formatgilles-legardinierflammarion\/","og_site_name":"Atypique Concept Store","twitter_card":"summary_large_image","twitter_misc":{"Dur\u00e9e de lecture estim\u00e9e":"1 minute"},"schema":{"@context":"https:\/\/schema.org","@graph":[{"@type":"WebSite","@id":"https:\/\/atypique.brunotarhan.fr\/#website","url":"https:\/\/atypique.brunotarhan.fr\/","name":"Atypique Concept Store","description":"Just another WordPress site","potentialAction":[{"@type":"SearchAction","target":{"@type":"EntryPoint","urlTemplate":"https:\/\/atypique.brunotarhan.fr\/?s={search_term_string}"},"query-input":"required name=search_term_string"}],"inLanguage":"fr-FR"},{"@type":"ImageObject","@id":"https:\/\/atypique.brunotarhan.fr\/index.php\/produit\/mardi-soir-19h-grand-formatgilles-legardinierflammarion\/#primaryimage","inLanguage":"fr-FR","url":"https:\/\/atypique.brunotarhan.fr\/wp-content\/uploads\/2022\/04\/mardi-soir-19h.webp","contentUrl":"https:\/\/atypique.brunotarhan.fr\/wp-content\/uploads\/2022\/04\/mardi-soir-19h.webp","width":329,"height":500},{"@type":"WebPage","@id":"https:\/\/atypique.brunotarhan.fr\/index.php\/produit\/mardi-soir-19h-grand-formatgilles-legardinierflammarion\/#webpage","url":"https:\/\/atypique.brunotarhan.fr\/index.php\/produit\/mardi-soir-19h-grand-formatgilles-legardinierflammarion\/","name":"Mardi soir 19h - Grand Format Gilles Legardinier Flammarion - Atypique Concept Store","isPartOf":{"@id":"https:\/\/atypique.brunotarhan.fr\/#website"},"primaryImageOfPage":{"@id":"https:\/\/atypique.brunotarhan.fr\/index.php\/produit\/mardi-soir-19h-grand-formatgilles-legardinierflammarion\/#primaryimage"},"datePublished":"2022-04-25T22:48:08+00:00","dateModified":"2022-04-25T22:48:08+00:00","breadcrumb":{"@id":"https:\/\/atypique.brunotarhan.fr\/index.php\/produit\/mardi-soir-19h-grand-formatgilles-legardinierflammarion\/#breadcrumb"},"inLanguage":"fr-FR","potentialAction":[{"@type":"ReadAction","target":["https:\/\/atypique.brunotarhan.fr\/index.php\/produit\/mardi-soir-19h-grand-formatgilles-legardinierflammarion\/"]}]},{"@type":"BreadcrumbList","@id":"https:\/\/atypique.brunotarhan.fr\/index.php\/produit\/mardi-soir-19h-grand-formatgilles-legardinierflammarion\/#breadcrumb","itemListElement":[{"@type":"ListItem","position":1,"name":"Accueil","item":"https:\/\/atypique.brunotarhan.fr\/"},{"@type":"ListItem","position":2,"name":""},{"@type":"ListItem","position":3,"name":"Mardi soir 19h &#8211; Grand Format Gilles Legardinier Flammarion"}]}]}},"_links":{"self":[{"href":"https:\/\/atypique.brunotarhan.fr\/index.php\/wp-json\/wp\/v2\/product\/16143","targetHints":{"allow":["GET"]}}],"collection":[{"href":"https:\/\/atypique.brunotarhan.fr\/index.php\/wp-json\/wp\/v2\/product"}],"about":[{"href":"https:\/\/atypique.brunotarhan.fr\/index.php\/wp-json\/wp\/v2\/types\/product"}],"replies":[{"embeddable":true,"href":"https:\/\/atypique.brunotarhan.fr\/index.php\/wp-json\/wp\/v2\/comments?post=16143"}],"wp:featuredmedia":[{"embeddable":true,"href":"https:\/\/atypique.brunotarhan.fr\/index.php\/wp-json\/wp\/v2\/media\/15893"}],"wp:attachment":[{"href":"https:\/\/atypique.brunotarhan.fr\/index.php\/wp-json\/wp\/v2\/media?parent=16143"}],"wp:term":[{"taxonomy":"product_cat","embeddable":true,"href":"https:\/\/atypique.brunotarhan.fr\/index.php\/wp-json\/wp\/v2\/product_cat?post=16143"},{"taxonomy":"product_tag","embeddable":true,"href":"https:\/\/atypique.brunotarhan.fr\/index.php\/wp-json\/wp\/v2\/product_tag?post=16143"}],"curies":[{"name":"wp","href":"https:\/\/api.w.org\/{rel}","templated":true}]}}