{"id":16141,"date":"2022-04-25T22:48:08","date_gmt":"2022-04-25T22:48:08","guid":{"rendered":"https:\/\/atypique.brunotarhan.fr\/index.php\/produit\/maelys-grand-formatjennifer-de-araujorobert-laffont\/"},"modified":"2022-04-25T22:48:08","modified_gmt":"2022-04-25T22:48:08","slug":"maelys-grand-formatjennifer-de-araujorobert-laffont","status":"publish","type":"product","link":"https:\/\/atypique.brunotarhan.fr\/index.php\/produit\/maelys-grand-formatjennifer-de-araujorobert-laffont\/","title":{"rendered":"Ma\u00eblys &#8211; Grand Format\nJennifer de Araujo\nRobert Laffont"},"content":{"rendered":"<p>Ma fille. Tu\u00e9e. A 8 ans et demi. Dans la nuit du 26 au 27 ao\u00fbt 2017, Ma\u00eblys, une petite fille d&#8217;\u00e0 peine 8 ans et demi, dispara\u00eet lors d&#8217;un mariage \u00e0 Pont-de-Beauvoisin, en Is\u00e8re. Il est trois heures du matin ; la terre s&#8217;ouvre sous les pieds de Jennifer De Araujo, la m\u00e8re de l&#8217;enfant. Il y a la panique, les recherches, puis les soup\u00e7ons : un invit\u00e9 de derni\u00e8re minute, \u00e9trange et secret, avec qui Ma\u00eblys a parl\u00e9 durant la r\u00e9ception.<br \/>\nIl s&#8217;appelle Nordahl Lelandais. Tr\u00e8s vite, les indices s&#8217;accumulent. Plus ils accablent le suspect, et plus la recherche de la v\u00e9rit\u00e9 se fait pressante pour la m\u00e8re de Ma\u00eblys. Avec son conjoint Joachim et leur a\u00een\u00e9e, Colleen, elle veut savoir ce qui est arriv\u00e9 \u00e0 sa fille.<\/p>\n","protected":false},"excerpt":{"rendered":"<p>Ma fille. Tu\u00e9e. A 8 ans et demi. Dans la nuit du 26 au 27 ao\u00fbt 2017, Ma\u00eblys, une petite fille d&#8217;\u00e0 peine 8 ans et demi, dispara\u00eet lors d&#8217;un mariage\u2026<\/p>\n","protected":false},"featured_media":15891,"comment_status":"open","ping_status":"closed","template":"","meta":[],"product_cat":[93,196],"product_tag":[662,661,663,664],"class_list":["post-16141","product","type-product","status-publish","has-post-thumbnail","hentry","product_cat-librairie","product_cat-recits","product_tag-jennifer-de-araujo","product_tag-maelys","product_tag-recits","product_tag-robert-laffont"],"yoast_head":"<!-- This site is optimized with the Yoast SEO plugin v18.0 - https:\/\/yoast.com\/wordpress\/plugins\/seo\/ -->\n<title>Ma\u00eblys - Grand Format Jennifer de Araujo Robert Laffont - Atypique Concept Store<\/title>\n<meta name=\"robots\" content=\"index, follow, max-snippet:-1, max-image-preview:large, max-video-preview:-1\" \/>\n<link rel=\"canonical\" href=\"https:\/\/atypique.brunotarhan.fr\/index.php\/produit\/maelys-grand-formatjennifer-de-araujorobert-laffont\/\" \/>\n<meta property=\"og:locale\" content=\"fr_FR\" \/>\n<meta property=\"og:type\" content=\"article\" \/>\n<meta property=\"og:title\" content=\"Ma\u00eblys - Grand Format Jennifer de Araujo Robert Laffont - Atypique Concept Store\" \/>\n<meta property=\"og:description\" content=\"Ma fille. Tu\u00e9e. A 8 ans et demi. Dans la nuit du 26 au 27 ao\u00fbt 2017, Ma\u00eblys, une petite fille d&#039;\u00e0 peine 8 ans et demi, dispara\u00eet lors d&#039;un mariage\u2026\" \/>\n<meta property=\"og:url\" content=\"https:\/\/atypique.brunotarhan.fr\/index.php\/produit\/maelys-grand-formatjennifer-de-araujorobert-laffont\/\" \/>\n<meta property=\"og:site_name\" content=\"Atypique Concept Store\" \/>\n<meta name=\"twitter:card\" content=\"summary_large_image\" \/>\n<meta name=\"twitter:label1\" content=\"Dur\u00e9e de lecture estim\u00e9e\" \/>\n\t<meta name=\"twitter:data1\" content=\"1 minute\" \/>\n<script type=\"application\/ld+json\" class=\"yoast-schema-graph\">{\"@context\":\"https:\/\/schema.org\",\"@graph\":[{\"@type\":\"WebSite\",\"@id\":\"https:\/\/atypique.brunotarhan.fr\/#website\",\"url\":\"https:\/\/atypique.brunotarhan.fr\/\",\"name\":\"Atypique Concept Store\",\"description\":\"Just another WordPress site\",\"potentialAction\":[{\"@type\":\"SearchAction\",\"target\":{\"@type\":\"EntryPoint\",\"urlTemplate\":\"https:\/\/atypique.brunotarhan.fr\/?s={search_term_string}\"},\"query-input\":\"required name=search_term_string\"}],\"inLanguage\":\"fr-FR\"},{\"@type\":\"ImageObject\",\"@id\":\"https:\/\/atypique.brunotarhan.fr\/index.php\/produit\/maelys-grand-formatjennifer-de-araujorobert-laffont\/#primaryimage\",\"inLanguage\":\"fr-FR\",\"url\":\"https:\/\/atypique.brunotarhan.fr\/wp-content\/uploads\/2022\/04\/Maelys.webp\",\"contentUrl\":\"https:\/\/atypique.brunotarhan.fr\/wp-content\/uploads\/2022\/04\/Maelys.webp\",\"width\":314,\"height\":500},{\"@type\":\"WebPage\",\"@id\":\"https:\/\/atypique.brunotarhan.fr\/index.php\/produit\/maelys-grand-formatjennifer-de-araujorobert-laffont\/#webpage\",\"url\":\"https:\/\/atypique.brunotarhan.fr\/index.php\/produit\/maelys-grand-formatjennifer-de-araujorobert-laffont\/\",\"name\":\"Ma\u00eblys - Grand Format Jennifer de Araujo Robert Laffont - Atypique Concept Store\",\"isPartOf\":{\"@id\":\"https:\/\/atypique.brunotarhan.fr\/#website\"},\"primaryImageOfPage\":{\"@id\":\"https:\/\/atypique.brunotarhan.fr\/index.php\/produit\/maelys-grand-formatjennifer-de-araujorobert-laffont\/#primaryimage\"},\"datePublished\":\"2022-04-25T22:48:08+00:00\",\"dateModified\":\"2022-04-25T22:48:08+00:00\",\"breadcrumb\":{\"@id\":\"https:\/\/atypique.brunotarhan.fr\/index.php\/produit\/maelys-grand-formatjennifer-de-araujorobert-laffont\/#breadcrumb\"},\"inLanguage\":\"fr-FR\",\"potentialAction\":[{\"@type\":\"ReadAction\",\"target\":[\"https:\/\/atypique.brunotarhan.fr\/index.php\/produit\/maelys-grand-formatjennifer-de-araujorobert-laffont\/\"]}]},{\"@type\":\"BreadcrumbList\",\"@id\":\"https:\/\/atypique.brunotarhan.fr\/index.php\/produit\/maelys-grand-formatjennifer-de-araujorobert-laffont\/#breadcrumb\",\"itemListElement\":[{\"@type\":\"ListItem\",\"position\":1,\"name\":\"Accueil\",\"item\":\"https:\/\/atypique.brunotarhan.fr\/\"},{\"@type\":\"ListItem\",\"position\":2,\"name\":\"\"},{\"@type\":\"ListItem\",\"position\":3,\"name\":\"Ma\u00eblys &#8211; Grand Format Jennifer de Araujo Robert Laffont\"}]}]}<\/script>\n<!-- \/ Yoast SEO plugin. -->","yoast_head_json":{"title":"Ma\u00eblys - Grand Format Jennifer de Araujo Robert Laffont - Atypique Concept Store","robots":{"index":"index","follow":"follow","max-snippet":"max-snippet:-1","max-image-preview":"max-image-preview:large","max-video-preview":"max-video-preview:-1"},"canonical":"https:\/\/atypique.brunotarhan.fr\/index.php\/produit\/maelys-grand-formatjennifer-de-araujorobert-laffont\/","og_locale":"fr_FR","og_type":"article","og_title":"Ma\u00eblys - Grand Format Jennifer de Araujo Robert Laffont - Atypique Concept Store","og_description":"Ma fille. Tu\u00e9e. A 8 ans et demi. Dans la nuit du 26 au 27 ao\u00fbt 2017, Ma\u00eblys, une petite fille d'\u00e0 peine 8 ans et demi, dispara\u00eet lors d'un mariage\u2026","og_url":"https:\/\/atypique.brunotarhan.fr\/index.php\/produit\/maelys-grand-formatjennifer-de-araujorobert-laffont\/","og_site_name":"Atypique Concept Store","twitter_card":"summary_large_image","twitter_misc":{"Dur\u00e9e de lecture estim\u00e9e":"1 minute"},"schema":{"@context":"https:\/\/schema.org","@graph":[{"@type":"WebSite","@id":"https:\/\/atypique.brunotarhan.fr\/#website","url":"https:\/\/atypique.brunotarhan.fr\/","name":"Atypique Concept Store","description":"Just another WordPress site","potentialAction":[{"@type":"SearchAction","target":{"@type":"EntryPoint","urlTemplate":"https:\/\/atypique.brunotarhan.fr\/?s={search_term_string}"},"query-input":"required name=search_term_string"}],"inLanguage":"fr-FR"},{"@type":"ImageObject","@id":"https:\/\/atypique.brunotarhan.fr\/index.php\/produit\/maelys-grand-formatjennifer-de-araujorobert-laffont\/#primaryimage","inLanguage":"fr-FR","url":"https:\/\/atypique.brunotarhan.fr\/wp-content\/uploads\/2022\/04\/Maelys.webp","contentUrl":"https:\/\/atypique.brunotarhan.fr\/wp-content\/uploads\/2022\/04\/Maelys.webp","width":314,"height":500},{"@type":"WebPage","@id":"https:\/\/atypique.brunotarhan.fr\/index.php\/produit\/maelys-grand-formatjennifer-de-araujorobert-laffont\/#webpage","url":"https:\/\/atypique.brunotarhan.fr\/index.php\/produit\/maelys-grand-formatjennifer-de-araujorobert-laffont\/","name":"Ma\u00eblys - Grand Format Jennifer de Araujo Robert Laffont - Atypique Concept Store","isPartOf":{"@id":"https:\/\/atypique.brunotarhan.fr\/#website"},"primaryImageOfPage":{"@id":"https:\/\/atypique.brunotarhan.fr\/index.php\/produit\/maelys-grand-formatjennifer-de-araujorobert-laffont\/#primaryimage"},"datePublished":"2022-04-25T22:48:08+00:00","dateModified":"2022-04-25T22:48:08+00:00","breadcrumb":{"@id":"https:\/\/atypique.brunotarhan.fr\/index.php\/produit\/maelys-grand-formatjennifer-de-araujorobert-laffont\/#breadcrumb"},"inLanguage":"fr-FR","potentialAction":[{"@type":"ReadAction","target":["https:\/\/atypique.brunotarhan.fr\/index.php\/produit\/maelys-grand-formatjennifer-de-araujorobert-laffont\/"]}]},{"@type":"BreadcrumbList","@id":"https:\/\/atypique.brunotarhan.fr\/index.php\/produit\/maelys-grand-formatjennifer-de-araujorobert-laffont\/#breadcrumb","itemListElement":[{"@type":"ListItem","position":1,"name":"Accueil","item":"https:\/\/atypique.brunotarhan.fr\/"},{"@type":"ListItem","position":2,"name":""},{"@type":"ListItem","position":3,"name":"Ma\u00eblys &#8211; Grand Format Jennifer de Araujo Robert Laffont"}]}]}},"_links":{"self":[{"href":"https:\/\/atypique.brunotarhan.fr\/index.php\/wp-json\/wp\/v2\/product\/16141","targetHints":{"allow":["GET"]}}],"collection":[{"href":"https:\/\/atypique.brunotarhan.fr\/index.php\/wp-json\/wp\/v2\/product"}],"about":[{"href":"https:\/\/atypique.brunotarhan.fr\/index.php\/wp-json\/wp\/v2\/types\/product"}],"replies":[{"embeddable":true,"href":"https:\/\/atypique.brunotarhan.fr\/index.php\/wp-json\/wp\/v2\/comments?post=16141"}],"wp:featuredmedia":[{"embeddable":true,"href":"https:\/\/atypique.brunotarhan.fr\/index.php\/wp-json\/wp\/v2\/media\/15891"}],"wp:attachment":[{"href":"https:\/\/atypique.brunotarhan.fr\/index.php\/wp-json\/wp\/v2\/media?parent=16141"}],"wp:term":[{"taxonomy":"product_cat","embeddable":true,"href":"https:\/\/atypique.brunotarhan.fr\/index.php\/wp-json\/wp\/v2\/product_cat?post=16141"},{"taxonomy":"product_tag","embeddable":true,"href":"https:\/\/atypique.brunotarhan.fr\/index.php\/wp-json\/wp\/v2\/product_tag?post=16141"}],"curies":[{"name":"wp","href":"https:\/\/api.w.org\/{rel}","templated":true}]}}