{"id":16140,"date":"2022-04-25T22:48:08","date_gmt":"2022-04-25T22:48:08","guid":{"rendered":"https:\/\/atypique.brunotarhan.fr\/index.php\/produit\/madame-hayat-grand-formatprix-femina-etrangerahmet-altanactes-sud\/"},"modified":"2022-04-25T22:48:08","modified_gmt":"2022-04-25T22:48:08","slug":"madame-hayat-grand-formatprix-femina-etrangerahmet-altanactes-sud","status":"publish","type":"product","link":"https:\/\/atypique.brunotarhan.fr\/index.php\/produit\/madame-hayat-grand-formatprix-femina-etrangerahmet-altanactes-sud\/","title":{"rendered":"Madame Hayat &#8211; Grand Format\nPRIX FEMINA \u00c9TRANGER\nAhmet Altan\nActes sud"},"content":{"rendered":"<p>Une histoire d&#8217;amour magnifique, celle d&#8217;un jeune homme pour une femme d&#8217;\u00e2ge m\u00fbr qui \u00e9claire et modifie son regard sur le sens de la vie. Un livre o\u00f9 la litt\u00e9rature, premier amour de ce gar\u00e7on, devient vitale. Car dans une ville o\u00f9 r\u00e8gne l&#8217;effroi, seul l&#8217;imaginaire sauve de l&#8217;enfermement&#8230;<\/p>\n","protected":false},"excerpt":{"rendered":"<p>Une histoire d&#8217;amour magnifique, celle d&#8217;un jeune homme pour une femme d&#8217;\u00e2ge m\u00fbr qui \u00e9claire et modifie son regard sur le sens de la vie. Un livre\u2026<\/p>\n","protected":false},"featured_media":15890,"comment_status":"open","ping_status":"closed","template":"","meta":[],"product_cat":[93,186],"product_tag":[257,660,658,659,189],"class_list":["post-16140","product","type-product","status-publish","has-post-thumbnail","hentry","product_cat-librairie","product_cat-romans","product_tag-actes-sud","product_tag-ahmet-altan","product_tag-madame-hayat","product_tag-prix-femina-etranger","product_tag-roman"],"yoast_head":"<!-- This site is optimized with the Yoast SEO plugin v18.0 - https:\/\/yoast.com\/wordpress\/plugins\/seo\/ -->\n<title>Madame Hayat - Grand Format PRIX FEMINA \u00c9TRANGER Ahmet Altan Actes sud - Atypique Concept Store<\/title>\n<meta name=\"robots\" content=\"index, follow, max-snippet:-1, max-image-preview:large, max-video-preview:-1\" \/>\n<link rel=\"canonical\" href=\"https:\/\/atypique.brunotarhan.fr\/index.php\/produit\/madame-hayat-grand-formatprix-femina-etrangerahmet-altanactes-sud\/\" \/>\n<meta property=\"og:locale\" content=\"fr_FR\" \/>\n<meta property=\"og:type\" content=\"article\" \/>\n<meta property=\"og:title\" content=\"Madame Hayat - Grand Format PRIX FEMINA \u00c9TRANGER Ahmet Altan Actes sud - Atypique Concept Store\" \/>\n<meta property=\"og:description\" content=\"Une histoire d&#039;amour magnifique, celle d&#039;un jeune homme pour une femme d&#039;\u00e2ge m\u00fbr qui \u00e9claire et modifie son regard sur le sens de la vie. Un livre\u2026\" \/>\n<meta property=\"og:url\" content=\"https:\/\/atypique.brunotarhan.fr\/index.php\/produit\/madame-hayat-grand-formatprix-femina-etrangerahmet-altanactes-sud\/\" \/>\n<meta property=\"og:site_name\" content=\"Atypique Concept Store\" \/>\n<meta name=\"twitter:card\" content=\"summary_large_image\" \/>\n<script type=\"application\/ld+json\" class=\"yoast-schema-graph\">{\"@context\":\"https:\/\/schema.org\",\"@graph\":[{\"@type\":\"WebSite\",\"@id\":\"https:\/\/atypique.brunotarhan.fr\/#website\",\"url\":\"https:\/\/atypique.brunotarhan.fr\/\",\"name\":\"Atypique Concept Store\",\"description\":\"Just another WordPress site\",\"potentialAction\":[{\"@type\":\"SearchAction\",\"target\":{\"@type\":\"EntryPoint\",\"urlTemplate\":\"https:\/\/atypique.brunotarhan.fr\/?s={search_term_string}\"},\"query-input\":\"required name=search_term_string\"}],\"inLanguage\":\"fr-FR\"},{\"@type\":\"ImageObject\",\"@id\":\"https:\/\/atypique.brunotarhan.fr\/index.php\/produit\/madame-hayat-grand-formatprix-femina-etrangerahmet-altanactes-sud\/#primaryimage\",\"inLanguage\":\"fr-FR\",\"url\":\"https:\/\/atypique.brunotarhan.fr\/wp-content\/uploads\/2022\/04\/madame-hayat.webp\",\"contentUrl\":\"https:\/\/atypique.brunotarhan.fr\/wp-content\/uploads\/2022\/04\/madame-hayat.webp\",\"width\":265,\"height\":500},{\"@type\":\"WebPage\",\"@id\":\"https:\/\/atypique.brunotarhan.fr\/index.php\/produit\/madame-hayat-grand-formatprix-femina-etrangerahmet-altanactes-sud\/#webpage\",\"url\":\"https:\/\/atypique.brunotarhan.fr\/index.php\/produit\/madame-hayat-grand-formatprix-femina-etrangerahmet-altanactes-sud\/\",\"name\":\"Madame Hayat - Grand Format PRIX FEMINA \u00c9TRANGER Ahmet Altan Actes sud - Atypique Concept Store\",\"isPartOf\":{\"@id\":\"https:\/\/atypique.brunotarhan.fr\/#website\"},\"primaryImageOfPage\":{\"@id\":\"https:\/\/atypique.brunotarhan.fr\/index.php\/produit\/madame-hayat-grand-formatprix-femina-etrangerahmet-altanactes-sud\/#primaryimage\"},\"datePublished\":\"2022-04-25T22:48:08+00:00\",\"dateModified\":\"2022-04-25T22:48:08+00:00\",\"breadcrumb\":{\"@id\":\"https:\/\/atypique.brunotarhan.fr\/index.php\/produit\/madame-hayat-grand-formatprix-femina-etrangerahmet-altanactes-sud\/#breadcrumb\"},\"inLanguage\":\"fr-FR\",\"potentialAction\":[{\"@type\":\"ReadAction\",\"target\":[\"https:\/\/atypique.brunotarhan.fr\/index.php\/produit\/madame-hayat-grand-formatprix-femina-etrangerahmet-altanactes-sud\/\"]}]},{\"@type\":\"BreadcrumbList\",\"@id\":\"https:\/\/atypique.brunotarhan.fr\/index.php\/produit\/madame-hayat-grand-formatprix-femina-etrangerahmet-altanactes-sud\/#breadcrumb\",\"itemListElement\":[{\"@type\":\"ListItem\",\"position\":1,\"name\":\"Accueil\",\"item\":\"https:\/\/atypique.brunotarhan.fr\/\"},{\"@type\":\"ListItem\",\"position\":2,\"name\":\"\"},{\"@type\":\"ListItem\",\"position\":3,\"name\":\"Madame Hayat &#8211; Grand Format PRIX FEMINA \u00c9TRANGER Ahmet Altan Actes sud\"}]}]}<\/script>\n<!-- \/ Yoast SEO plugin. -->","yoast_head_json":{"title":"Madame Hayat - Grand Format PRIX FEMINA \u00c9TRANGER Ahmet Altan Actes sud - Atypique Concept Store","robots":{"index":"index","follow":"follow","max-snippet":"max-snippet:-1","max-image-preview":"max-image-preview:large","max-video-preview":"max-video-preview:-1"},"canonical":"https:\/\/atypique.brunotarhan.fr\/index.php\/produit\/madame-hayat-grand-formatprix-femina-etrangerahmet-altanactes-sud\/","og_locale":"fr_FR","og_type":"article","og_title":"Madame Hayat - Grand Format PRIX FEMINA \u00c9TRANGER Ahmet Altan Actes sud - Atypique Concept Store","og_description":"Une histoire d'amour magnifique, celle d'un jeune homme pour une femme d'\u00e2ge m\u00fbr qui \u00e9claire et modifie son regard sur le sens de la vie. Un livre\u2026","og_url":"https:\/\/atypique.brunotarhan.fr\/index.php\/produit\/madame-hayat-grand-formatprix-femina-etrangerahmet-altanactes-sud\/","og_site_name":"Atypique Concept Store","twitter_card":"summary_large_image","schema":{"@context":"https:\/\/schema.org","@graph":[{"@type":"WebSite","@id":"https:\/\/atypique.brunotarhan.fr\/#website","url":"https:\/\/atypique.brunotarhan.fr\/","name":"Atypique Concept Store","description":"Just another WordPress site","potentialAction":[{"@type":"SearchAction","target":{"@type":"EntryPoint","urlTemplate":"https:\/\/atypique.brunotarhan.fr\/?s={search_term_string}"},"query-input":"required name=search_term_string"}],"inLanguage":"fr-FR"},{"@type":"ImageObject","@id":"https:\/\/atypique.brunotarhan.fr\/index.php\/produit\/madame-hayat-grand-formatprix-femina-etrangerahmet-altanactes-sud\/#primaryimage","inLanguage":"fr-FR","url":"https:\/\/atypique.brunotarhan.fr\/wp-content\/uploads\/2022\/04\/madame-hayat.webp","contentUrl":"https:\/\/atypique.brunotarhan.fr\/wp-content\/uploads\/2022\/04\/madame-hayat.webp","width":265,"height":500},{"@type":"WebPage","@id":"https:\/\/atypique.brunotarhan.fr\/index.php\/produit\/madame-hayat-grand-formatprix-femina-etrangerahmet-altanactes-sud\/#webpage","url":"https:\/\/atypique.brunotarhan.fr\/index.php\/produit\/madame-hayat-grand-formatprix-femina-etrangerahmet-altanactes-sud\/","name":"Madame Hayat - Grand Format PRIX FEMINA \u00c9TRANGER Ahmet Altan Actes sud - Atypique Concept Store","isPartOf":{"@id":"https:\/\/atypique.brunotarhan.fr\/#website"},"primaryImageOfPage":{"@id":"https:\/\/atypique.brunotarhan.fr\/index.php\/produit\/madame-hayat-grand-formatprix-femina-etrangerahmet-altanactes-sud\/#primaryimage"},"datePublished":"2022-04-25T22:48:08+00:00","dateModified":"2022-04-25T22:48:08+00:00","breadcrumb":{"@id":"https:\/\/atypique.brunotarhan.fr\/index.php\/produit\/madame-hayat-grand-formatprix-femina-etrangerahmet-altanactes-sud\/#breadcrumb"},"inLanguage":"fr-FR","potentialAction":[{"@type":"ReadAction","target":["https:\/\/atypique.brunotarhan.fr\/index.php\/produit\/madame-hayat-grand-formatprix-femina-etrangerahmet-altanactes-sud\/"]}]},{"@type":"BreadcrumbList","@id":"https:\/\/atypique.brunotarhan.fr\/index.php\/produit\/madame-hayat-grand-formatprix-femina-etrangerahmet-altanactes-sud\/#breadcrumb","itemListElement":[{"@type":"ListItem","position":1,"name":"Accueil","item":"https:\/\/atypique.brunotarhan.fr\/"},{"@type":"ListItem","position":2,"name":""},{"@type":"ListItem","position":3,"name":"Madame Hayat &#8211; Grand Format PRIX FEMINA \u00c9TRANGER Ahmet Altan Actes sud"}]}]}},"_links":{"self":[{"href":"https:\/\/atypique.brunotarhan.fr\/index.php\/wp-json\/wp\/v2\/product\/16140","targetHints":{"allow":["GET"]}}],"collection":[{"href":"https:\/\/atypique.brunotarhan.fr\/index.php\/wp-json\/wp\/v2\/product"}],"about":[{"href":"https:\/\/atypique.brunotarhan.fr\/index.php\/wp-json\/wp\/v2\/types\/product"}],"replies":[{"embeddable":true,"href":"https:\/\/atypique.brunotarhan.fr\/index.php\/wp-json\/wp\/v2\/comments?post=16140"}],"wp:featuredmedia":[{"embeddable":true,"href":"https:\/\/atypique.brunotarhan.fr\/index.php\/wp-json\/wp\/v2\/media\/15890"}],"wp:attachment":[{"href":"https:\/\/atypique.brunotarhan.fr\/index.php\/wp-json\/wp\/v2\/media?parent=16140"}],"wp:term":[{"taxonomy":"product_cat","embeddable":true,"href":"https:\/\/atypique.brunotarhan.fr\/index.php\/wp-json\/wp\/v2\/product_cat?post=16140"},{"taxonomy":"product_tag","embeddable":true,"href":"https:\/\/atypique.brunotarhan.fr\/index.php\/wp-json\/wp\/v2\/product_tag?post=16140"}],"curies":[{"name":"wp","href":"https:\/\/api.w.org\/{rel}","templated":true}]}}