{"id":16139,"date":"2022-04-25T22:48:07","date_gmt":"2022-04-25T22:48:07","guid":{"rendered":"https:\/\/atypique.brunotarhan.fr\/index.php\/produit\/luca-pochefranck-thilliezpocket\/"},"modified":"2022-04-25T22:48:07","modified_gmt":"2022-04-25T22:48:07","slug":"luca-pochefranck-thilliezpocket","status":"publish","type":"product","link":"https:\/\/atypique.brunotarhan.fr\/index.php\/produit\/luca-pochefranck-thilliezpocket\/","title":{"rendered":"Luca &#8211; Poche\nFranck Thilliez\nPocket"},"content":{"rendered":"<p>Partout, il y a la terreur. Celle d&#8217;une jeune femme dans une chambre d&#8217;h\u00f4tel sordide, ventre lou\u00e9 \u00e0 prix d&#8217;or pour couple en mal d&#8217;enfant, et qui s&#8217;\u00e9vapore comme elle \u00e9tait arriv\u00e9e. Celle d&#8217;un corps mutil\u00e9 qui g\u00eet au fond d&#8217;une fosse creus\u00e9e dans la for\u00eat. Celle d&#8217;un homme qui conna\u00eet le jour et l&#8217;heure de sa mort. Et puis il y a une lettre, comme un manifeste, et qui annonce le pire. S&#8217;engage alors, pour l&#8217;\u00e9quipe du commandant Sharko, une sinistre course contre la montre.<br \/>\nC&#8217;\u00e9tait \u00e9crit : l&#8217;enfer ne fait que commencer.<\/p>\n","protected":false},"excerpt":{"rendered":"<p>Partout, il y a la terreur. Celle d&#8217;une jeune femme dans une chambre d&#8217;h\u00f4tel sordide, ventre lou\u00e9 \u00e0 prix d&#8217;or pour couple en mal d&#8217;enfant, et qui s&#8217;\u00e9vapore\u2026<\/p>\n","protected":false},"featured_media":15889,"comment_status":"open","ping_status":"closed","template":"","meta":[],"product_cat":[93,204],"product_tag":[333,657,239,263,208],"class_list":["post-16139","product","type-product","status-publish","has-post-thumbnail","hentry","product_cat-librairie","product_cat-polars-thrillers","product_tag-franck-thilliez","product_tag-luca","product_tag-pocket","product_tag-polar","product_tag-thriller"],"yoast_head":"<!-- This site is optimized with the Yoast SEO plugin v18.0 - https:\/\/yoast.com\/wordpress\/plugins\/seo\/ -->\n<title>Luca - Poche Franck Thilliez Pocket - Atypique Concept Store<\/title>\n<meta name=\"robots\" content=\"index, follow, max-snippet:-1, max-image-preview:large, max-video-preview:-1\" \/>\n<link rel=\"canonical\" href=\"https:\/\/atypique.brunotarhan.fr\/index.php\/produit\/luca-pochefranck-thilliezpocket\/\" \/>\n<meta property=\"og:locale\" content=\"fr_FR\" \/>\n<meta property=\"og:type\" content=\"article\" \/>\n<meta property=\"og:title\" content=\"Luca - Poche Franck Thilliez Pocket - Atypique Concept Store\" \/>\n<meta property=\"og:description\" content=\"Partout, il y a la terreur. Celle d&#039;une jeune femme dans une chambre d&#039;h\u00f4tel sordide, ventre lou\u00e9 \u00e0 prix d&#039;or pour couple en mal d&#039;enfant, et qui s&#039;\u00e9vapore\u2026\" \/>\n<meta property=\"og:url\" content=\"https:\/\/atypique.brunotarhan.fr\/index.php\/produit\/luca-pochefranck-thilliezpocket\/\" \/>\n<meta property=\"og:site_name\" content=\"Atypique Concept Store\" \/>\n<meta name=\"twitter:card\" content=\"summary_large_image\" \/>\n<meta name=\"twitter:label1\" content=\"Dur\u00e9e de lecture estim\u00e9e\" \/>\n\t<meta name=\"twitter:data1\" content=\"1 minute\" \/>\n<script type=\"application\/ld+json\" class=\"yoast-schema-graph\">{\"@context\":\"https:\/\/schema.org\",\"@graph\":[{\"@type\":\"WebSite\",\"@id\":\"https:\/\/atypique.brunotarhan.fr\/#website\",\"url\":\"https:\/\/atypique.brunotarhan.fr\/\",\"name\":\"Atypique Concept Store\",\"description\":\"Just another WordPress site\",\"potentialAction\":[{\"@type\":\"SearchAction\",\"target\":{\"@type\":\"EntryPoint\",\"urlTemplate\":\"https:\/\/atypique.brunotarhan.fr\/?s={search_term_string}\"},\"query-input\":\"required name=search_term_string\"}],\"inLanguage\":\"fr-FR\"},{\"@type\":\"ImageObject\",\"@id\":\"https:\/\/atypique.brunotarhan.fr\/index.php\/produit\/luca-pochefranck-thilliezpocket\/#primaryimage\",\"inLanguage\":\"fr-FR\",\"url\":\"https:\/\/atypique.brunotarhan.fr\/wp-content\/uploads\/2022\/04\/luca.webp\",\"contentUrl\":\"https:\/\/atypique.brunotarhan.fr\/wp-content\/uploads\/2022\/04\/luca.webp\",\"width\":305,\"height\":500},{\"@type\":\"WebPage\",\"@id\":\"https:\/\/atypique.brunotarhan.fr\/index.php\/produit\/luca-pochefranck-thilliezpocket\/#webpage\",\"url\":\"https:\/\/atypique.brunotarhan.fr\/index.php\/produit\/luca-pochefranck-thilliezpocket\/\",\"name\":\"Luca - Poche Franck Thilliez Pocket - Atypique Concept Store\",\"isPartOf\":{\"@id\":\"https:\/\/atypique.brunotarhan.fr\/#website\"},\"primaryImageOfPage\":{\"@id\":\"https:\/\/atypique.brunotarhan.fr\/index.php\/produit\/luca-pochefranck-thilliezpocket\/#primaryimage\"},\"datePublished\":\"2022-04-25T22:48:07+00:00\",\"dateModified\":\"2022-04-25T22:48:07+00:00\",\"breadcrumb\":{\"@id\":\"https:\/\/atypique.brunotarhan.fr\/index.php\/produit\/luca-pochefranck-thilliezpocket\/#breadcrumb\"},\"inLanguage\":\"fr-FR\",\"potentialAction\":[{\"@type\":\"ReadAction\",\"target\":[\"https:\/\/atypique.brunotarhan.fr\/index.php\/produit\/luca-pochefranck-thilliezpocket\/\"]}]},{\"@type\":\"BreadcrumbList\",\"@id\":\"https:\/\/atypique.brunotarhan.fr\/index.php\/produit\/luca-pochefranck-thilliezpocket\/#breadcrumb\",\"itemListElement\":[{\"@type\":\"ListItem\",\"position\":1,\"name\":\"Accueil\",\"item\":\"https:\/\/atypique.brunotarhan.fr\/\"},{\"@type\":\"ListItem\",\"position\":2,\"name\":\"\"},{\"@type\":\"ListItem\",\"position\":3,\"name\":\"Luca &#8211; Poche Franck Thilliez Pocket\"}]}]}<\/script>\n<!-- \/ Yoast SEO plugin. -->","yoast_head_json":{"title":"Luca - Poche Franck Thilliez Pocket - Atypique Concept Store","robots":{"index":"index","follow":"follow","max-snippet":"max-snippet:-1","max-image-preview":"max-image-preview:large","max-video-preview":"max-video-preview:-1"},"canonical":"https:\/\/atypique.brunotarhan.fr\/index.php\/produit\/luca-pochefranck-thilliezpocket\/","og_locale":"fr_FR","og_type":"article","og_title":"Luca - Poche Franck Thilliez Pocket - Atypique Concept Store","og_description":"Partout, il y a la terreur. Celle d'une jeune femme dans une chambre d'h\u00f4tel sordide, ventre lou\u00e9 \u00e0 prix d'or pour couple en mal d'enfant, et qui s'\u00e9vapore\u2026","og_url":"https:\/\/atypique.brunotarhan.fr\/index.php\/produit\/luca-pochefranck-thilliezpocket\/","og_site_name":"Atypique Concept Store","twitter_card":"summary_large_image","twitter_misc":{"Dur\u00e9e de lecture estim\u00e9e":"1 minute"},"schema":{"@context":"https:\/\/schema.org","@graph":[{"@type":"WebSite","@id":"https:\/\/atypique.brunotarhan.fr\/#website","url":"https:\/\/atypique.brunotarhan.fr\/","name":"Atypique Concept Store","description":"Just another WordPress site","potentialAction":[{"@type":"SearchAction","target":{"@type":"EntryPoint","urlTemplate":"https:\/\/atypique.brunotarhan.fr\/?s={search_term_string}"},"query-input":"required name=search_term_string"}],"inLanguage":"fr-FR"},{"@type":"ImageObject","@id":"https:\/\/atypique.brunotarhan.fr\/index.php\/produit\/luca-pochefranck-thilliezpocket\/#primaryimage","inLanguage":"fr-FR","url":"https:\/\/atypique.brunotarhan.fr\/wp-content\/uploads\/2022\/04\/luca.webp","contentUrl":"https:\/\/atypique.brunotarhan.fr\/wp-content\/uploads\/2022\/04\/luca.webp","width":305,"height":500},{"@type":"WebPage","@id":"https:\/\/atypique.brunotarhan.fr\/index.php\/produit\/luca-pochefranck-thilliezpocket\/#webpage","url":"https:\/\/atypique.brunotarhan.fr\/index.php\/produit\/luca-pochefranck-thilliezpocket\/","name":"Luca - Poche Franck Thilliez Pocket - Atypique Concept Store","isPartOf":{"@id":"https:\/\/atypique.brunotarhan.fr\/#website"},"primaryImageOfPage":{"@id":"https:\/\/atypique.brunotarhan.fr\/index.php\/produit\/luca-pochefranck-thilliezpocket\/#primaryimage"},"datePublished":"2022-04-25T22:48:07+00:00","dateModified":"2022-04-25T22:48:07+00:00","breadcrumb":{"@id":"https:\/\/atypique.brunotarhan.fr\/index.php\/produit\/luca-pochefranck-thilliezpocket\/#breadcrumb"},"inLanguage":"fr-FR","potentialAction":[{"@type":"ReadAction","target":["https:\/\/atypique.brunotarhan.fr\/index.php\/produit\/luca-pochefranck-thilliezpocket\/"]}]},{"@type":"BreadcrumbList","@id":"https:\/\/atypique.brunotarhan.fr\/index.php\/produit\/luca-pochefranck-thilliezpocket\/#breadcrumb","itemListElement":[{"@type":"ListItem","position":1,"name":"Accueil","item":"https:\/\/atypique.brunotarhan.fr\/"},{"@type":"ListItem","position":2,"name":""},{"@type":"ListItem","position":3,"name":"Luca &#8211; Poche Franck Thilliez Pocket"}]}]}},"_links":{"self":[{"href":"https:\/\/atypique.brunotarhan.fr\/index.php\/wp-json\/wp\/v2\/product\/16139","targetHints":{"allow":["GET"]}}],"collection":[{"href":"https:\/\/atypique.brunotarhan.fr\/index.php\/wp-json\/wp\/v2\/product"}],"about":[{"href":"https:\/\/atypique.brunotarhan.fr\/index.php\/wp-json\/wp\/v2\/types\/product"}],"replies":[{"embeddable":true,"href":"https:\/\/atypique.brunotarhan.fr\/index.php\/wp-json\/wp\/v2\/comments?post=16139"}],"wp:featuredmedia":[{"embeddable":true,"href":"https:\/\/atypique.brunotarhan.fr\/index.php\/wp-json\/wp\/v2\/media\/15889"}],"wp:attachment":[{"href":"https:\/\/atypique.brunotarhan.fr\/index.php\/wp-json\/wp\/v2\/media?parent=16139"}],"wp:term":[{"taxonomy":"product_cat","embeddable":true,"href":"https:\/\/atypique.brunotarhan.fr\/index.php\/wp-json\/wp\/v2\/product_cat?post=16139"},{"taxonomy":"product_tag","embeddable":true,"href":"https:\/\/atypique.brunotarhan.fr\/index.php\/wp-json\/wp\/v2\/product_tag?post=16139"}],"curies":[{"name":"wp","href":"https:\/\/api.w.org\/{rel}","templated":true}]}}