{"id":16136,"date":"2022-04-25T22:48:06","date_gmt":"2022-04-25T22:48:06","guid":{"rendered":"https:\/\/atypique.brunotarhan.fr\/index.php\/produit\/liv-maria-pocheprix-summer-fete-du-livre-de-bronjulia-kerninongallimard\/"},"modified":"2022-04-25T22:48:06","modified_gmt":"2022-04-25T22:48:06","slug":"liv-maria-pocheprix-summer-fete-du-livre-de-bronjulia-kerninongallimard","status":"publish","type":"product","link":"https:\/\/atypique.brunotarhan.fr\/index.php\/produit\/liv-maria-pocheprix-summer-fete-du-livre-de-bronjulia-kerninongallimard\/","title":{"rendered":"Liv Maria &#8211; Poche\nPRIX SUMMER &#8211; F\u00caTE DU LIVRE DE BRON\nJulia Kerninon\nGallimard"},"content":{"rendered":"<p>&#8220;D&#8217;une certaine fa\u00e7on, la distance n&#8217;\u00e9tait plus la question, o\u00f9 qu&#8217;elle vive \u00e0 la surface de la Terre, elle ne pourrait \u00e9chapper au rayonnement du pass\u00e9, aux cons\u00e9quences de ses actes&#8221;. N\u00e9e sur une petite \u00eele bretonne, Liv Maria grandit au milieu des livres. A dix-sept ans, elle est envoy\u00e9e \u00e0 Berlin o\u00f9, le temps d&#8217;un \u00e9t\u00e9, elle fait une rencontre qui bouleversera le cours de son existence. Eprise de libert\u00e9, elle deviendra tour \u00e0 tour une amoureuse, une aventuri\u00e8re, une libraire, une m\u00e8re, et conna\u00eetra mille vies.<br \/>\nMais laquelle est v\u00e9ritablement la sienne ? Julia Kerninon brosse le portrait \u00e9blouissant d&#8217;une femme qui, malgr\u00e9 un secret inavouable, cherchera sans cesse \u00e0 r\u00e9\u00e9crire son histoire.<\/p>\n","protected":false},"excerpt":{"rendered":"<p>&#8220;D&#8217;une certaine fa\u00e7on, la distance n&#8217;\u00e9tait plus la question, o\u00f9 qu&#8217;elle vive \u00e0 la surface de la Terre, elle ne pourrait \u00e9chapper au rayonnement du\u2026<\/p>\n","protected":false},"featured_media":15886,"comment_status":"open","ping_status":"closed","template":"","meta":[],"product_cat":[93,186],"product_tag":[313,236,651,649,650,189],"class_list":["post-16136","product","type-product","status-publish","has-post-thumbnail","hentry","product_cat-librairie","product_cat-romans","product_tag-folio","product_tag-gallimard","product_tag-julia-kerninon","product_tag-liv-maria-poche","product_tag-prix-summer-fete-du-livre-de-bron","product_tag-roman"],"yoast_head":"<!-- This site is optimized with the Yoast SEO plugin v18.0 - https:\/\/yoast.com\/wordpress\/plugins\/seo\/ -->\n<title>Liv Maria - Poche PRIX SUMMER - F\u00caTE DU LIVRE DE BRON Julia Kerninon Gallimard - Atypique Concept Store<\/title>\n<meta name=\"robots\" content=\"index, follow, max-snippet:-1, max-image-preview:large, max-video-preview:-1\" \/>\n<link rel=\"canonical\" href=\"https:\/\/atypique.brunotarhan.fr\/index.php\/produit\/liv-maria-pocheprix-summer-fete-du-livre-de-bronjulia-kerninongallimard\/\" \/>\n<meta property=\"og:locale\" content=\"fr_FR\" \/>\n<meta property=\"og:type\" content=\"article\" \/>\n<meta property=\"og:title\" content=\"Liv Maria - Poche PRIX SUMMER - F\u00caTE DU LIVRE DE BRON Julia Kerninon Gallimard - Atypique Concept Store\" \/>\n<meta property=\"og:description\" content=\"&quot;D&#039;une certaine fa\u00e7on, la distance n&#039;\u00e9tait plus la question, o\u00f9 qu&#039;elle vive \u00e0 la surface de la Terre, elle ne pourrait \u00e9chapper au rayonnement du\u2026\" \/>\n<meta property=\"og:url\" content=\"https:\/\/atypique.brunotarhan.fr\/index.php\/produit\/liv-maria-pocheprix-summer-fete-du-livre-de-bronjulia-kerninongallimard\/\" \/>\n<meta property=\"og:site_name\" content=\"Atypique Concept Store\" \/>\n<meta name=\"twitter:card\" content=\"summary_large_image\" \/>\n<meta name=\"twitter:label1\" content=\"Dur\u00e9e de lecture estim\u00e9e\" \/>\n\t<meta name=\"twitter:data1\" content=\"1 minute\" \/>\n<script type=\"application\/ld+json\" class=\"yoast-schema-graph\">{\"@context\":\"https:\/\/schema.org\",\"@graph\":[{\"@type\":\"WebSite\",\"@id\":\"https:\/\/atypique.brunotarhan.fr\/#website\",\"url\":\"https:\/\/atypique.brunotarhan.fr\/\",\"name\":\"Atypique Concept Store\",\"description\":\"Just another WordPress site\",\"potentialAction\":[{\"@type\":\"SearchAction\",\"target\":{\"@type\":\"EntryPoint\",\"urlTemplate\":\"https:\/\/atypique.brunotarhan.fr\/?s={search_term_string}\"},\"query-input\":\"required name=search_term_string\"}],\"inLanguage\":\"fr-FR\"},{\"@type\":\"ImageObject\",\"@id\":\"https:\/\/atypique.brunotarhan.fr\/index.php\/produit\/liv-maria-pocheprix-summer-fete-du-livre-de-bronjulia-kerninongallimard\/#primaryimage\",\"inLanguage\":\"fr-FR\",\"url\":\"https:\/\/atypique.brunotarhan.fr\/wp-content\/uploads\/2022\/04\/liv-maria.webp\",\"contentUrl\":\"https:\/\/atypique.brunotarhan.fr\/wp-content\/uploads\/2022\/04\/liv-maria.webp\",\"width\":304,\"height\":500},{\"@type\":\"WebPage\",\"@id\":\"https:\/\/atypique.brunotarhan.fr\/index.php\/produit\/liv-maria-pocheprix-summer-fete-du-livre-de-bronjulia-kerninongallimard\/#webpage\",\"url\":\"https:\/\/atypique.brunotarhan.fr\/index.php\/produit\/liv-maria-pocheprix-summer-fete-du-livre-de-bronjulia-kerninongallimard\/\",\"name\":\"Liv Maria - Poche PRIX SUMMER - F\u00caTE DU LIVRE DE BRON Julia Kerninon Gallimard - Atypique Concept Store\",\"isPartOf\":{\"@id\":\"https:\/\/atypique.brunotarhan.fr\/#website\"},\"primaryImageOfPage\":{\"@id\":\"https:\/\/atypique.brunotarhan.fr\/index.php\/produit\/liv-maria-pocheprix-summer-fete-du-livre-de-bronjulia-kerninongallimard\/#primaryimage\"},\"datePublished\":\"2022-04-25T22:48:06+00:00\",\"dateModified\":\"2022-04-25T22:48:06+00:00\",\"breadcrumb\":{\"@id\":\"https:\/\/atypique.brunotarhan.fr\/index.php\/produit\/liv-maria-pocheprix-summer-fete-du-livre-de-bronjulia-kerninongallimard\/#breadcrumb\"},\"inLanguage\":\"fr-FR\",\"potentialAction\":[{\"@type\":\"ReadAction\",\"target\":[\"https:\/\/atypique.brunotarhan.fr\/index.php\/produit\/liv-maria-pocheprix-summer-fete-du-livre-de-bronjulia-kerninongallimard\/\"]}]},{\"@type\":\"BreadcrumbList\",\"@id\":\"https:\/\/atypique.brunotarhan.fr\/index.php\/produit\/liv-maria-pocheprix-summer-fete-du-livre-de-bronjulia-kerninongallimard\/#breadcrumb\",\"itemListElement\":[{\"@type\":\"ListItem\",\"position\":1,\"name\":\"Accueil\",\"item\":\"https:\/\/atypique.brunotarhan.fr\/\"},{\"@type\":\"ListItem\",\"position\":2,\"name\":\"\"},{\"@type\":\"ListItem\",\"position\":3,\"name\":\"Liv Maria &#8211; Poche PRIX SUMMER &#8211; F\u00caTE DU LIVRE DE BRON Julia Kerninon Gallimard\"}]}]}<\/script>\n<!-- \/ Yoast SEO plugin. -->","yoast_head_json":{"title":"Liv Maria - Poche PRIX SUMMER - F\u00caTE DU LIVRE DE BRON Julia Kerninon Gallimard - Atypique Concept Store","robots":{"index":"index","follow":"follow","max-snippet":"max-snippet:-1","max-image-preview":"max-image-preview:large","max-video-preview":"max-video-preview:-1"},"canonical":"https:\/\/atypique.brunotarhan.fr\/index.php\/produit\/liv-maria-pocheprix-summer-fete-du-livre-de-bronjulia-kerninongallimard\/","og_locale":"fr_FR","og_type":"article","og_title":"Liv Maria - Poche PRIX SUMMER - F\u00caTE DU LIVRE DE BRON Julia Kerninon Gallimard - Atypique Concept Store","og_description":"\"D'une certaine fa\u00e7on, la distance n'\u00e9tait plus la question, o\u00f9 qu'elle vive \u00e0 la surface de la Terre, elle ne pourrait \u00e9chapper au rayonnement du\u2026","og_url":"https:\/\/atypique.brunotarhan.fr\/index.php\/produit\/liv-maria-pocheprix-summer-fete-du-livre-de-bronjulia-kerninongallimard\/","og_site_name":"Atypique Concept Store","twitter_card":"summary_large_image","twitter_misc":{"Dur\u00e9e de lecture estim\u00e9e":"1 minute"},"schema":{"@context":"https:\/\/schema.org","@graph":[{"@type":"WebSite","@id":"https:\/\/atypique.brunotarhan.fr\/#website","url":"https:\/\/atypique.brunotarhan.fr\/","name":"Atypique Concept Store","description":"Just another WordPress site","potentialAction":[{"@type":"SearchAction","target":{"@type":"EntryPoint","urlTemplate":"https:\/\/atypique.brunotarhan.fr\/?s={search_term_string}"},"query-input":"required name=search_term_string"}],"inLanguage":"fr-FR"},{"@type":"ImageObject","@id":"https:\/\/atypique.brunotarhan.fr\/index.php\/produit\/liv-maria-pocheprix-summer-fete-du-livre-de-bronjulia-kerninongallimard\/#primaryimage","inLanguage":"fr-FR","url":"https:\/\/atypique.brunotarhan.fr\/wp-content\/uploads\/2022\/04\/liv-maria.webp","contentUrl":"https:\/\/atypique.brunotarhan.fr\/wp-content\/uploads\/2022\/04\/liv-maria.webp","width":304,"height":500},{"@type":"WebPage","@id":"https:\/\/atypique.brunotarhan.fr\/index.php\/produit\/liv-maria-pocheprix-summer-fete-du-livre-de-bronjulia-kerninongallimard\/#webpage","url":"https:\/\/atypique.brunotarhan.fr\/index.php\/produit\/liv-maria-pocheprix-summer-fete-du-livre-de-bronjulia-kerninongallimard\/","name":"Liv Maria - Poche PRIX SUMMER - F\u00caTE DU LIVRE DE BRON Julia Kerninon Gallimard - Atypique Concept Store","isPartOf":{"@id":"https:\/\/atypique.brunotarhan.fr\/#website"},"primaryImageOfPage":{"@id":"https:\/\/atypique.brunotarhan.fr\/index.php\/produit\/liv-maria-pocheprix-summer-fete-du-livre-de-bronjulia-kerninongallimard\/#primaryimage"},"datePublished":"2022-04-25T22:48:06+00:00","dateModified":"2022-04-25T22:48:06+00:00","breadcrumb":{"@id":"https:\/\/atypique.brunotarhan.fr\/index.php\/produit\/liv-maria-pocheprix-summer-fete-du-livre-de-bronjulia-kerninongallimard\/#breadcrumb"},"inLanguage":"fr-FR","potentialAction":[{"@type":"ReadAction","target":["https:\/\/atypique.brunotarhan.fr\/index.php\/produit\/liv-maria-pocheprix-summer-fete-du-livre-de-bronjulia-kerninongallimard\/"]}]},{"@type":"BreadcrumbList","@id":"https:\/\/atypique.brunotarhan.fr\/index.php\/produit\/liv-maria-pocheprix-summer-fete-du-livre-de-bronjulia-kerninongallimard\/#breadcrumb","itemListElement":[{"@type":"ListItem","position":1,"name":"Accueil","item":"https:\/\/atypique.brunotarhan.fr\/"},{"@type":"ListItem","position":2,"name":""},{"@type":"ListItem","position":3,"name":"Liv Maria &#8211; Poche PRIX SUMMER &#8211; F\u00caTE DU LIVRE DE BRON Julia Kerninon Gallimard"}]}]}},"_links":{"self":[{"href":"https:\/\/atypique.brunotarhan.fr\/index.php\/wp-json\/wp\/v2\/product\/16136","targetHints":{"allow":["GET"]}}],"collection":[{"href":"https:\/\/atypique.brunotarhan.fr\/index.php\/wp-json\/wp\/v2\/product"}],"about":[{"href":"https:\/\/atypique.brunotarhan.fr\/index.php\/wp-json\/wp\/v2\/types\/product"}],"replies":[{"embeddable":true,"href":"https:\/\/atypique.brunotarhan.fr\/index.php\/wp-json\/wp\/v2\/comments?post=16136"}],"wp:featuredmedia":[{"embeddable":true,"href":"https:\/\/atypique.brunotarhan.fr\/index.php\/wp-json\/wp\/v2\/media\/15886"}],"wp:attachment":[{"href":"https:\/\/atypique.brunotarhan.fr\/index.php\/wp-json\/wp\/v2\/media?parent=16136"}],"wp:term":[{"taxonomy":"product_cat","embeddable":true,"href":"https:\/\/atypique.brunotarhan.fr\/index.php\/wp-json\/wp\/v2\/product_cat?post=16136"},{"taxonomy":"product_tag","embeddable":true,"href":"https:\/\/atypique.brunotarhan.fr\/index.php\/wp-json\/wp\/v2\/product_tag?post=16136"}],"curies":[{"name":"wp","href":"https:\/\/api.w.org\/{rel}","templated":true}]}}