{"id":16135,"date":"2022-04-25T22:48:06","date_gmt":"2022-04-25T22:48:06","guid":{"rendered":"https:\/\/atypique.brunotarhan.fr\/index.php\/produit\/linconnu-de-la-foret-pocheharlan-cobenpocket\/"},"modified":"2022-04-25T22:48:06","modified_gmt":"2022-04-25T22:48:06","slug":"linconnu-de-la-foret-pocheharlan-cobenpocket","status":"publish","type":"product","link":"https:\/\/atypique.brunotarhan.fr\/index.php\/produit\/linconnu-de-la-foret-pocheharlan-cobenpocket\/","title":{"rendered":"L&#8217;Inconnu de la for\u00eat &#8211; Poche\nHarlan Coben\nPocket"},"content":{"rendered":"<p>Vous ignorez tout de lui. Mais il est le seul \u00e0 pouvoir vous aider. WILDE. SON NOM EST UNE ENIGME, TOUT COMME SON PASSE. Il a grandi dans les bois. Seul. Aujourd&#8217;hui, c&#8217;est un enqu\u00eateur aux m\u00e9thodes tr\u00e8s sp\u00e9ciales. VOUS IGNOREZ TOUT DE LUI. Il est pourtant le seul \u00e0 pouvoir retrouver votre fille et cet autre lyc\u00e9en disparu. Le seul \u00e0 pouvoir les d\u00e9livrer d&#8217;un chantage cruel. D&#8217;un pi\u00e8ge aux ramifications inimaginables.<br \/>\nMais ne le perdez pas de vue.<\/p>\n","protected":false},"excerpt":{"rendered":"<p>Vous ignorez tout de lui. Mais il est le seul \u00e0 pouvoir vous aider. WILDE. SON NOM EST UNE ENIGME, TOUT COMME SON PASSE. Il a grandi dans les bois. Seul&#8230;.<\/p>\n","protected":false},"featured_media":15885,"comment_status":"open","ping_status":"closed","template":"","meta":[],"product_cat":[93,204],"product_tag":[317,648,239,263,208],"class_list":["post-16135","product","type-product","status-publish","has-post-thumbnail","hentry","product_cat-librairie","product_cat-polars-thrillers","product_tag-harlan-coben","product_tag-linconnu-de-la-foret-poche","product_tag-pocket","product_tag-polar","product_tag-thriller"],"yoast_head":"<!-- This site is optimized with the Yoast SEO plugin v18.0 - https:\/\/yoast.com\/wordpress\/plugins\/seo\/ -->\n<title>L&#039;Inconnu de la for\u00eat - Poche Harlan Coben Pocket - Atypique Concept Store<\/title>\n<meta name=\"robots\" content=\"index, follow, max-snippet:-1, max-image-preview:large, max-video-preview:-1\" \/>\n<link rel=\"canonical\" href=\"https:\/\/atypique.brunotarhan.fr\/index.php\/produit\/linconnu-de-la-foret-pocheharlan-cobenpocket\/\" \/>\n<meta property=\"og:locale\" content=\"fr_FR\" \/>\n<meta property=\"og:type\" content=\"article\" \/>\n<meta property=\"og:title\" content=\"L&#039;Inconnu de la for\u00eat - Poche Harlan Coben Pocket - Atypique Concept Store\" \/>\n<meta property=\"og:description\" content=\"Vous ignorez tout de lui. Mais il est le seul \u00e0 pouvoir vous aider. WILDE. SON NOM EST UNE ENIGME, TOUT COMME SON PASSE. Il a grandi dans les bois. Seul....\" \/>\n<meta property=\"og:url\" content=\"https:\/\/atypique.brunotarhan.fr\/index.php\/produit\/linconnu-de-la-foret-pocheharlan-cobenpocket\/\" \/>\n<meta property=\"og:site_name\" content=\"Atypique Concept Store\" \/>\n<meta name=\"twitter:card\" content=\"summary_large_image\" \/>\n<script type=\"application\/ld+json\" class=\"yoast-schema-graph\">{\"@context\":\"https:\/\/schema.org\",\"@graph\":[{\"@type\":\"WebSite\",\"@id\":\"https:\/\/atypique.brunotarhan.fr\/#website\",\"url\":\"https:\/\/atypique.brunotarhan.fr\/\",\"name\":\"Atypique Concept Store\",\"description\":\"Just another WordPress site\",\"potentialAction\":[{\"@type\":\"SearchAction\",\"target\":{\"@type\":\"EntryPoint\",\"urlTemplate\":\"https:\/\/atypique.brunotarhan.fr\/?s={search_term_string}\"},\"query-input\":\"required name=search_term_string\"}],\"inLanguage\":\"fr-FR\"},{\"@type\":\"ImageObject\",\"@id\":\"https:\/\/atypique.brunotarhan.fr\/index.php\/produit\/linconnu-de-la-foret-pocheharlan-cobenpocket\/#primaryimage\",\"inLanguage\":\"fr-FR\",\"url\":\"https:\/\/atypique.brunotarhan.fr\/wp-content\/uploads\/2022\/04\/l-inconnu-de-la-foret.webp\",\"contentUrl\":\"https:\/\/atypique.brunotarhan.fr\/wp-content\/uploads\/2022\/04\/l-inconnu-de-la-foret.webp\",\"width\":305,\"height\":500},{\"@type\":\"WebPage\",\"@id\":\"https:\/\/atypique.brunotarhan.fr\/index.php\/produit\/linconnu-de-la-foret-pocheharlan-cobenpocket\/#webpage\",\"url\":\"https:\/\/atypique.brunotarhan.fr\/index.php\/produit\/linconnu-de-la-foret-pocheharlan-cobenpocket\/\",\"name\":\"L'Inconnu de la for\u00eat - Poche Harlan Coben Pocket - Atypique Concept Store\",\"isPartOf\":{\"@id\":\"https:\/\/atypique.brunotarhan.fr\/#website\"},\"primaryImageOfPage\":{\"@id\":\"https:\/\/atypique.brunotarhan.fr\/index.php\/produit\/linconnu-de-la-foret-pocheharlan-cobenpocket\/#primaryimage\"},\"datePublished\":\"2022-04-25T22:48:06+00:00\",\"dateModified\":\"2022-04-25T22:48:06+00:00\",\"breadcrumb\":{\"@id\":\"https:\/\/atypique.brunotarhan.fr\/index.php\/produit\/linconnu-de-la-foret-pocheharlan-cobenpocket\/#breadcrumb\"},\"inLanguage\":\"fr-FR\",\"potentialAction\":[{\"@type\":\"ReadAction\",\"target\":[\"https:\/\/atypique.brunotarhan.fr\/index.php\/produit\/linconnu-de-la-foret-pocheharlan-cobenpocket\/\"]}]},{\"@type\":\"BreadcrumbList\",\"@id\":\"https:\/\/atypique.brunotarhan.fr\/index.php\/produit\/linconnu-de-la-foret-pocheharlan-cobenpocket\/#breadcrumb\",\"itemListElement\":[{\"@type\":\"ListItem\",\"position\":1,\"name\":\"Accueil\",\"item\":\"https:\/\/atypique.brunotarhan.fr\/\"},{\"@type\":\"ListItem\",\"position\":2,\"name\":\"\"},{\"@type\":\"ListItem\",\"position\":3,\"name\":\"L&#8217;Inconnu de la for\u00eat &#8211; Poche Harlan Coben Pocket\"}]}]}<\/script>\n<!-- \/ Yoast SEO plugin. -->","yoast_head_json":{"title":"L'Inconnu de la for\u00eat - Poche Harlan Coben Pocket - Atypique Concept Store","robots":{"index":"index","follow":"follow","max-snippet":"max-snippet:-1","max-image-preview":"max-image-preview:large","max-video-preview":"max-video-preview:-1"},"canonical":"https:\/\/atypique.brunotarhan.fr\/index.php\/produit\/linconnu-de-la-foret-pocheharlan-cobenpocket\/","og_locale":"fr_FR","og_type":"article","og_title":"L'Inconnu de la for\u00eat - Poche Harlan Coben Pocket - Atypique Concept Store","og_description":"Vous ignorez tout de lui. Mais il est le seul \u00e0 pouvoir vous aider. WILDE. SON NOM EST UNE ENIGME, TOUT COMME SON PASSE. Il a grandi dans les bois. Seul....","og_url":"https:\/\/atypique.brunotarhan.fr\/index.php\/produit\/linconnu-de-la-foret-pocheharlan-cobenpocket\/","og_site_name":"Atypique Concept Store","twitter_card":"summary_large_image","schema":{"@context":"https:\/\/schema.org","@graph":[{"@type":"WebSite","@id":"https:\/\/atypique.brunotarhan.fr\/#website","url":"https:\/\/atypique.brunotarhan.fr\/","name":"Atypique Concept Store","description":"Just another WordPress site","potentialAction":[{"@type":"SearchAction","target":{"@type":"EntryPoint","urlTemplate":"https:\/\/atypique.brunotarhan.fr\/?s={search_term_string}"},"query-input":"required name=search_term_string"}],"inLanguage":"fr-FR"},{"@type":"ImageObject","@id":"https:\/\/atypique.brunotarhan.fr\/index.php\/produit\/linconnu-de-la-foret-pocheharlan-cobenpocket\/#primaryimage","inLanguage":"fr-FR","url":"https:\/\/atypique.brunotarhan.fr\/wp-content\/uploads\/2022\/04\/l-inconnu-de-la-foret.webp","contentUrl":"https:\/\/atypique.brunotarhan.fr\/wp-content\/uploads\/2022\/04\/l-inconnu-de-la-foret.webp","width":305,"height":500},{"@type":"WebPage","@id":"https:\/\/atypique.brunotarhan.fr\/index.php\/produit\/linconnu-de-la-foret-pocheharlan-cobenpocket\/#webpage","url":"https:\/\/atypique.brunotarhan.fr\/index.php\/produit\/linconnu-de-la-foret-pocheharlan-cobenpocket\/","name":"L'Inconnu de la for\u00eat - Poche Harlan Coben Pocket - Atypique Concept Store","isPartOf":{"@id":"https:\/\/atypique.brunotarhan.fr\/#website"},"primaryImageOfPage":{"@id":"https:\/\/atypique.brunotarhan.fr\/index.php\/produit\/linconnu-de-la-foret-pocheharlan-cobenpocket\/#primaryimage"},"datePublished":"2022-04-25T22:48:06+00:00","dateModified":"2022-04-25T22:48:06+00:00","breadcrumb":{"@id":"https:\/\/atypique.brunotarhan.fr\/index.php\/produit\/linconnu-de-la-foret-pocheharlan-cobenpocket\/#breadcrumb"},"inLanguage":"fr-FR","potentialAction":[{"@type":"ReadAction","target":["https:\/\/atypique.brunotarhan.fr\/index.php\/produit\/linconnu-de-la-foret-pocheharlan-cobenpocket\/"]}]},{"@type":"BreadcrumbList","@id":"https:\/\/atypique.brunotarhan.fr\/index.php\/produit\/linconnu-de-la-foret-pocheharlan-cobenpocket\/#breadcrumb","itemListElement":[{"@type":"ListItem","position":1,"name":"Accueil","item":"https:\/\/atypique.brunotarhan.fr\/"},{"@type":"ListItem","position":2,"name":""},{"@type":"ListItem","position":3,"name":"L&#8217;Inconnu de la for\u00eat &#8211; Poche Harlan Coben Pocket"}]}]}},"_links":{"self":[{"href":"https:\/\/atypique.brunotarhan.fr\/index.php\/wp-json\/wp\/v2\/product\/16135","targetHints":{"allow":["GET"]}}],"collection":[{"href":"https:\/\/atypique.brunotarhan.fr\/index.php\/wp-json\/wp\/v2\/product"}],"about":[{"href":"https:\/\/atypique.brunotarhan.fr\/index.php\/wp-json\/wp\/v2\/types\/product"}],"replies":[{"embeddable":true,"href":"https:\/\/atypique.brunotarhan.fr\/index.php\/wp-json\/wp\/v2\/comments?post=16135"}],"wp:featuredmedia":[{"embeddable":true,"href":"https:\/\/atypique.brunotarhan.fr\/index.php\/wp-json\/wp\/v2\/media\/15885"}],"wp:attachment":[{"href":"https:\/\/atypique.brunotarhan.fr\/index.php\/wp-json\/wp\/v2\/media?parent=16135"}],"wp:term":[{"taxonomy":"product_cat","embeddable":true,"href":"https:\/\/atypique.brunotarhan.fr\/index.php\/wp-json\/wp\/v2\/product_cat?post=16135"},{"taxonomy":"product_tag","embeddable":true,"href":"https:\/\/atypique.brunotarhan.fr\/index.php\/wp-json\/wp\/v2\/product_tag?post=16135"}],"curies":[{"name":"wp","href":"https:\/\/api.w.org\/{rel}","templated":true}]}}