{"id":16134,"date":"2022-04-25T22:48:06","date_gmt":"2022-04-25T22:48:06","guid":{"rendered":"https:\/\/atypique.brunotarhan.fr\/index.php\/produit\/lillusion-pochemaxime-chattampocket\/"},"modified":"2022-04-25T22:48:06","modified_gmt":"2022-04-25T22:48:06","slug":"lillusion-pochemaxime-chattampocket","status":"publish","type":"product","link":"https:\/\/atypique.brunotarhan.fr\/index.php\/produit\/lillusion-pochemaxime-chattampocket\/","title":{"rendered":"L&#8217;illusion &#8211; Poche\nMaxime Chattam\nPocket"},"content":{"rendered":"<p>Au croisement du roman policier et du fantastique, L&#8217;Illusion est un thriller en huis-clos qui ne cessera de vous oppresser. Bienvenue \u00e0 Val Quarios, petite station de ski familiale qui ferme ses portes l&#8217;\u00e9t\u00e9. Ne reste alors qu&#8217;une douzaine de saisonniers au milieu de b\u00e2timents d\u00e9serts. Hugo vient \u00e0 peine d&#8217;arriver, mais, d\u00e9j\u00e0, quelque chose l&#8217;inqui\u00e8te. Ce sentiment d&#8217;\u00eatre \u00e9pi\u00e9, ces &#8221; visions &#8221; qui le hantent et cette disparition soudaine&#8230;<br \/>\nQuels secrets terrifiants se cachent derri\u00e8re ces murs ? Hugo va devoir affronter ses peurs et ses cauchemars jusqu&#8217;\u00e0 douter de sa raison&#8230; Bienvenue \u00e0 Val Quarios, une &#8221; jolie petite station familiale &#8221; o\u00f9 la mort r\u00f4de avec la gourmandise d&#8217;une temp\u00eate d&#8217;\u00e9t\u00e9.<\/p>\n","protected":false},"excerpt":{"rendered":"<p>Au croisement du roman policier et du fantastique, L&#8217;Illusion est un thriller en huis-clos qui ne cessera de vous oppresser. Bienvenue \u00e0 Val Quarios,\u2026<\/p>\n","protected":false},"featured_media":15884,"comment_status":"open","ping_status":"closed","template":"","meta":[],"product_cat":[93,204],"product_tag":[646,647,239,263,208],"class_list":["post-16134","product","type-product","status-publish","has-post-thumbnail","hentry","product_cat-librairie","product_cat-polars-thrillers","product_tag-lillusion-poche","product_tag-maxime-chattam","product_tag-pocket","product_tag-polar","product_tag-thriller"],"yoast_head":"<!-- This site is optimized with the Yoast SEO plugin v18.0 - https:\/\/yoast.com\/wordpress\/plugins\/seo\/ -->\n<title>L&#039;illusion - Poche Maxime Chattam Pocket - Atypique Concept Store<\/title>\n<meta name=\"robots\" content=\"index, follow, max-snippet:-1, max-image-preview:large, max-video-preview:-1\" \/>\n<link rel=\"canonical\" href=\"https:\/\/atypique.brunotarhan.fr\/index.php\/produit\/lillusion-pochemaxime-chattampocket\/\" \/>\n<meta property=\"og:locale\" content=\"fr_FR\" \/>\n<meta property=\"og:type\" content=\"article\" \/>\n<meta property=\"og:title\" content=\"L&#039;illusion - Poche Maxime Chattam Pocket - Atypique Concept Store\" \/>\n<meta property=\"og:description\" content=\"Au croisement du roman policier et du fantastique, L&#039;Illusion est un thriller en huis-clos qui ne cessera de vous oppresser. Bienvenue \u00e0 Val Quarios,\u2026\" \/>\n<meta property=\"og:url\" content=\"https:\/\/atypique.brunotarhan.fr\/index.php\/produit\/lillusion-pochemaxime-chattampocket\/\" \/>\n<meta property=\"og:site_name\" content=\"Atypique Concept Store\" \/>\n<meta name=\"twitter:card\" content=\"summary_large_image\" \/>\n<meta name=\"twitter:label1\" content=\"Dur\u00e9e de lecture estim\u00e9e\" \/>\n\t<meta name=\"twitter:data1\" content=\"1 minute\" \/>\n<script type=\"application\/ld+json\" class=\"yoast-schema-graph\">{\"@context\":\"https:\/\/schema.org\",\"@graph\":[{\"@type\":\"WebSite\",\"@id\":\"https:\/\/atypique.brunotarhan.fr\/#website\",\"url\":\"https:\/\/atypique.brunotarhan.fr\/\",\"name\":\"Atypique Concept Store\",\"description\":\"Just another WordPress site\",\"potentialAction\":[{\"@type\":\"SearchAction\",\"target\":{\"@type\":\"EntryPoint\",\"urlTemplate\":\"https:\/\/atypique.brunotarhan.fr\/?s={search_term_string}\"},\"query-input\":\"required name=search_term_string\"}],\"inLanguage\":\"fr-FR\"},{\"@type\":\"ImageObject\",\"@id\":\"https:\/\/atypique.brunotarhan.fr\/index.php\/produit\/lillusion-pochemaxime-chattampocket\/#primaryimage\",\"inLanguage\":\"fr-FR\",\"url\":\"https:\/\/atypique.brunotarhan.fr\/wp-content\/uploads\/2022\/04\/l-illusion.webp\",\"contentUrl\":\"https:\/\/atypique.brunotarhan.fr\/wp-content\/uploads\/2022\/04\/l-illusion.webp\",\"width\":305,\"height\":500},{\"@type\":\"WebPage\",\"@id\":\"https:\/\/atypique.brunotarhan.fr\/index.php\/produit\/lillusion-pochemaxime-chattampocket\/#webpage\",\"url\":\"https:\/\/atypique.brunotarhan.fr\/index.php\/produit\/lillusion-pochemaxime-chattampocket\/\",\"name\":\"L'illusion - Poche Maxime Chattam Pocket - Atypique Concept Store\",\"isPartOf\":{\"@id\":\"https:\/\/atypique.brunotarhan.fr\/#website\"},\"primaryImageOfPage\":{\"@id\":\"https:\/\/atypique.brunotarhan.fr\/index.php\/produit\/lillusion-pochemaxime-chattampocket\/#primaryimage\"},\"datePublished\":\"2022-04-25T22:48:06+00:00\",\"dateModified\":\"2022-04-25T22:48:06+00:00\",\"breadcrumb\":{\"@id\":\"https:\/\/atypique.brunotarhan.fr\/index.php\/produit\/lillusion-pochemaxime-chattampocket\/#breadcrumb\"},\"inLanguage\":\"fr-FR\",\"potentialAction\":[{\"@type\":\"ReadAction\",\"target\":[\"https:\/\/atypique.brunotarhan.fr\/index.php\/produit\/lillusion-pochemaxime-chattampocket\/\"]}]},{\"@type\":\"BreadcrumbList\",\"@id\":\"https:\/\/atypique.brunotarhan.fr\/index.php\/produit\/lillusion-pochemaxime-chattampocket\/#breadcrumb\",\"itemListElement\":[{\"@type\":\"ListItem\",\"position\":1,\"name\":\"Accueil\",\"item\":\"https:\/\/atypique.brunotarhan.fr\/\"},{\"@type\":\"ListItem\",\"position\":2,\"name\":\"\"},{\"@type\":\"ListItem\",\"position\":3,\"name\":\"L&#8217;illusion &#8211; Poche Maxime Chattam Pocket\"}]}]}<\/script>\n<!-- \/ Yoast SEO plugin. -->","yoast_head_json":{"title":"L'illusion - Poche Maxime Chattam Pocket - Atypique Concept Store","robots":{"index":"index","follow":"follow","max-snippet":"max-snippet:-1","max-image-preview":"max-image-preview:large","max-video-preview":"max-video-preview:-1"},"canonical":"https:\/\/atypique.brunotarhan.fr\/index.php\/produit\/lillusion-pochemaxime-chattampocket\/","og_locale":"fr_FR","og_type":"article","og_title":"L'illusion - Poche Maxime Chattam Pocket - Atypique Concept Store","og_description":"Au croisement du roman policier et du fantastique, L'Illusion est un thriller en huis-clos qui ne cessera de vous oppresser. Bienvenue \u00e0 Val Quarios,\u2026","og_url":"https:\/\/atypique.brunotarhan.fr\/index.php\/produit\/lillusion-pochemaxime-chattampocket\/","og_site_name":"Atypique Concept Store","twitter_card":"summary_large_image","twitter_misc":{"Dur\u00e9e de lecture estim\u00e9e":"1 minute"},"schema":{"@context":"https:\/\/schema.org","@graph":[{"@type":"WebSite","@id":"https:\/\/atypique.brunotarhan.fr\/#website","url":"https:\/\/atypique.brunotarhan.fr\/","name":"Atypique Concept Store","description":"Just another WordPress site","potentialAction":[{"@type":"SearchAction","target":{"@type":"EntryPoint","urlTemplate":"https:\/\/atypique.brunotarhan.fr\/?s={search_term_string}"},"query-input":"required name=search_term_string"}],"inLanguage":"fr-FR"},{"@type":"ImageObject","@id":"https:\/\/atypique.brunotarhan.fr\/index.php\/produit\/lillusion-pochemaxime-chattampocket\/#primaryimage","inLanguage":"fr-FR","url":"https:\/\/atypique.brunotarhan.fr\/wp-content\/uploads\/2022\/04\/l-illusion.webp","contentUrl":"https:\/\/atypique.brunotarhan.fr\/wp-content\/uploads\/2022\/04\/l-illusion.webp","width":305,"height":500},{"@type":"WebPage","@id":"https:\/\/atypique.brunotarhan.fr\/index.php\/produit\/lillusion-pochemaxime-chattampocket\/#webpage","url":"https:\/\/atypique.brunotarhan.fr\/index.php\/produit\/lillusion-pochemaxime-chattampocket\/","name":"L'illusion - Poche Maxime Chattam Pocket - Atypique Concept Store","isPartOf":{"@id":"https:\/\/atypique.brunotarhan.fr\/#website"},"primaryImageOfPage":{"@id":"https:\/\/atypique.brunotarhan.fr\/index.php\/produit\/lillusion-pochemaxime-chattampocket\/#primaryimage"},"datePublished":"2022-04-25T22:48:06+00:00","dateModified":"2022-04-25T22:48:06+00:00","breadcrumb":{"@id":"https:\/\/atypique.brunotarhan.fr\/index.php\/produit\/lillusion-pochemaxime-chattampocket\/#breadcrumb"},"inLanguage":"fr-FR","potentialAction":[{"@type":"ReadAction","target":["https:\/\/atypique.brunotarhan.fr\/index.php\/produit\/lillusion-pochemaxime-chattampocket\/"]}]},{"@type":"BreadcrumbList","@id":"https:\/\/atypique.brunotarhan.fr\/index.php\/produit\/lillusion-pochemaxime-chattampocket\/#breadcrumb","itemListElement":[{"@type":"ListItem","position":1,"name":"Accueil","item":"https:\/\/atypique.brunotarhan.fr\/"},{"@type":"ListItem","position":2,"name":""},{"@type":"ListItem","position":3,"name":"L&#8217;illusion &#8211; Poche Maxime Chattam Pocket"}]}]}},"_links":{"self":[{"href":"https:\/\/atypique.brunotarhan.fr\/index.php\/wp-json\/wp\/v2\/product\/16134","targetHints":{"allow":["GET"]}}],"collection":[{"href":"https:\/\/atypique.brunotarhan.fr\/index.php\/wp-json\/wp\/v2\/product"}],"about":[{"href":"https:\/\/atypique.brunotarhan.fr\/index.php\/wp-json\/wp\/v2\/types\/product"}],"replies":[{"embeddable":true,"href":"https:\/\/atypique.brunotarhan.fr\/index.php\/wp-json\/wp\/v2\/comments?post=16134"}],"wp:featuredmedia":[{"embeddable":true,"href":"https:\/\/atypique.brunotarhan.fr\/index.php\/wp-json\/wp\/v2\/media\/15884"}],"wp:attachment":[{"href":"https:\/\/atypique.brunotarhan.fr\/index.php\/wp-json\/wp\/v2\/media?parent=16134"}],"wp:term":[{"taxonomy":"product_cat","embeddable":true,"href":"https:\/\/atypique.brunotarhan.fr\/index.php\/wp-json\/wp\/v2\/product_cat?post=16134"},{"taxonomy":"product_tag","embeddable":true,"href":"https:\/\/atypique.brunotarhan.fr\/index.php\/wp-json\/wp\/v2\/product_tag?post=16134"}],"curies":[{"name":"wp","href":"https:\/\/api.w.org\/{rel}","templated":true}]}}