{"id":16132,"date":"2022-04-25T22:48:05","date_gmt":"2022-04-25T22:48:05","guid":{"rendered":"https:\/\/atypique.brunotarhan.fr\/index.php\/produit\/leurs-enfants-apres-eux-pocheprix-goncourtnicolas-mathieubabel\/"},"modified":"2022-04-25T22:48:05","modified_gmt":"2022-04-25T22:48:05","slug":"leurs-enfants-apres-eux-pocheprix-goncourtnicolas-mathieubabel","status":"publish","type":"product","link":"https:\/\/atypique.brunotarhan.fr\/index.php\/produit\/leurs-enfants-apres-eux-pocheprix-goncourtnicolas-mathieubabel\/","title":{"rendered":"Leurs enfants apr\u00e8s eux &#8211; Poche\nPRIX GONCOURT\nNicolas Mathieu\nBabel"},"content":{"rendered":"<p>Ao\u00fbt 1992. Une vall\u00e9e perdue quelque part dans l&#8217;Est, des hauts-fourneaux qui ne br\u00fblent plus, un lac, un apr\u00e8s-midi de canicule. Anthony a quatorze ans, et avec son cousin, pour tuer l&#8217;ennui, il d\u00e9cide de voler un cano\u00eb et d&#8217;aller voir ce qui se passe de l&#8217;autre c\u00f4t\u00e9, sur la fameuse plage des culs-nus. Au bout, ce sera pour Anthony le premier amour, le premier \u00e9t\u00e9, celui qui d\u00e9cide de toute la suite.<br \/>\nCe sera le drame de la vie qui commence. Avec ce livre, Nicolas Mathieu \u00e9crit le roman d&#8217;une vall\u00e9e, d&#8217;une \u00e9poque, de l&#8217;adolescence, le r\u00e9cit politique d&#8217;une jeunesse qui doit trouver sa voie dans un monde qui meurt. Quatre \u00e9t\u00e9s, quatre moments, de Smells Like Teen Spirit \u00e0 la Coupe du monde 98, pour raconter des vies \u00e0 toute vitesse dans cette France de l&#8217;entre-deux, des villes moyennes et des zones pavillonnaires, de la cambrousse et des ZAC b\u00e9tonn\u00e9es.<br \/>\nLa France du Picon et de Johnny Hallyday, des f\u00eates foraines et d&#8217;Intervilles, des hommes us\u00e9s au travail et des amoureuses fan\u00e9es \u00e0 vingt ans. Un pays loin des comptoirs de la mondialisation, pris entre la nostalgie et le d\u00e9clin, la d\u00e9cence et la rage.<\/p>\n","protected":false},"excerpt":{"rendered":"<p>Ao\u00fbt 1992. Une vall\u00e9e perdue quelque part dans l&#8217;Est, des hauts-fourneaux qui ne br\u00fblent plus, un lac, un apr\u00e8s-midi de canicule. Anthony a quatorze\u2026<\/p>\n","protected":false},"featured_media":15882,"comment_status":"open","ping_status":"closed","template":"","meta":[],"product_cat":[93,186],"product_tag":[642,641,256,413,189],"class_list":["post-16132","product","type-product","status-publish","has-post-thumbnail","hentry","product_cat-librairie","product_cat-romans","product_tag-babel","product_tag-leurs-enfants-apres-eux-poche","product_tag-nicolas-mathieu","product_tag-prix-goncourt","product_tag-roman"],"yoast_head":"<!-- This site is optimized with the Yoast SEO plugin v18.0 - https:\/\/yoast.com\/wordpress\/plugins\/seo\/ -->\n<title>Leurs enfants apr\u00e8s eux - Poche PRIX GONCOURT Nicolas Mathieu Babel - Atypique Concept Store<\/title>\n<meta name=\"robots\" content=\"index, follow, max-snippet:-1, max-image-preview:large, max-video-preview:-1\" \/>\n<link rel=\"canonical\" href=\"https:\/\/atypique.brunotarhan.fr\/index.php\/produit\/leurs-enfants-apres-eux-pocheprix-goncourtnicolas-mathieubabel\/\" \/>\n<meta property=\"og:locale\" content=\"fr_FR\" \/>\n<meta property=\"og:type\" content=\"article\" \/>\n<meta property=\"og:title\" content=\"Leurs enfants apr\u00e8s eux - Poche PRIX GONCOURT Nicolas Mathieu Babel - Atypique Concept Store\" \/>\n<meta property=\"og:description\" content=\"Ao\u00fbt 1992. Une vall\u00e9e perdue quelque part dans l&#039;Est, des hauts-fourneaux qui ne br\u00fblent plus, un lac, un apr\u00e8s-midi de canicule. Anthony a quatorze\u2026\" \/>\n<meta property=\"og:url\" content=\"https:\/\/atypique.brunotarhan.fr\/index.php\/produit\/leurs-enfants-apres-eux-pocheprix-goncourtnicolas-mathieubabel\/\" \/>\n<meta property=\"og:site_name\" content=\"Atypique Concept Store\" \/>\n<meta name=\"twitter:card\" content=\"summary_large_image\" \/>\n<meta name=\"twitter:label1\" content=\"Dur\u00e9e de lecture estim\u00e9e\" \/>\n\t<meta name=\"twitter:data1\" content=\"1 minute\" \/>\n<script type=\"application\/ld+json\" class=\"yoast-schema-graph\">{\"@context\":\"https:\/\/schema.org\",\"@graph\":[{\"@type\":\"WebSite\",\"@id\":\"https:\/\/atypique.brunotarhan.fr\/#website\",\"url\":\"https:\/\/atypique.brunotarhan.fr\/\",\"name\":\"Atypique Concept Store\",\"description\":\"Just another WordPress site\",\"potentialAction\":[{\"@type\":\"SearchAction\",\"target\":{\"@type\":\"EntryPoint\",\"urlTemplate\":\"https:\/\/atypique.brunotarhan.fr\/?s={search_term_string}\"},\"query-input\":\"required name=search_term_string\"}],\"inLanguage\":\"fr-FR\"},{\"@type\":\"ImageObject\",\"@id\":\"https:\/\/atypique.brunotarhan.fr\/index.php\/produit\/leurs-enfants-apres-eux-pocheprix-goncourtnicolas-mathieubabel\/#primaryimage\",\"inLanguage\":\"fr-FR\",\"url\":\"https:\/\/atypique.brunotarhan.fr\/wp-content\/uploads\/2022\/04\/leurs-enfants-apres-eux.webp\",\"contentUrl\":\"https:\/\/atypique.brunotarhan.fr\/wp-content\/uploads\/2022\/04\/leurs-enfants-apres-eux.webp\",\"width\":312,\"height\":500},{\"@type\":\"WebPage\",\"@id\":\"https:\/\/atypique.brunotarhan.fr\/index.php\/produit\/leurs-enfants-apres-eux-pocheprix-goncourtnicolas-mathieubabel\/#webpage\",\"url\":\"https:\/\/atypique.brunotarhan.fr\/index.php\/produit\/leurs-enfants-apres-eux-pocheprix-goncourtnicolas-mathieubabel\/\",\"name\":\"Leurs enfants apr\u00e8s eux - Poche PRIX GONCOURT Nicolas Mathieu Babel - Atypique Concept Store\",\"isPartOf\":{\"@id\":\"https:\/\/atypique.brunotarhan.fr\/#website\"},\"primaryImageOfPage\":{\"@id\":\"https:\/\/atypique.brunotarhan.fr\/index.php\/produit\/leurs-enfants-apres-eux-pocheprix-goncourtnicolas-mathieubabel\/#primaryimage\"},\"datePublished\":\"2022-04-25T22:48:05+00:00\",\"dateModified\":\"2022-04-25T22:48:05+00:00\",\"breadcrumb\":{\"@id\":\"https:\/\/atypique.brunotarhan.fr\/index.php\/produit\/leurs-enfants-apres-eux-pocheprix-goncourtnicolas-mathieubabel\/#breadcrumb\"},\"inLanguage\":\"fr-FR\",\"potentialAction\":[{\"@type\":\"ReadAction\",\"target\":[\"https:\/\/atypique.brunotarhan.fr\/index.php\/produit\/leurs-enfants-apres-eux-pocheprix-goncourtnicolas-mathieubabel\/\"]}]},{\"@type\":\"BreadcrumbList\",\"@id\":\"https:\/\/atypique.brunotarhan.fr\/index.php\/produit\/leurs-enfants-apres-eux-pocheprix-goncourtnicolas-mathieubabel\/#breadcrumb\",\"itemListElement\":[{\"@type\":\"ListItem\",\"position\":1,\"name\":\"Accueil\",\"item\":\"https:\/\/atypique.brunotarhan.fr\/\"},{\"@type\":\"ListItem\",\"position\":2,\"name\":\"\"},{\"@type\":\"ListItem\",\"position\":3,\"name\":\"Leurs enfants apr\u00e8s eux &#8211; Poche PRIX GONCOURT Nicolas Mathieu Babel\"}]}]}<\/script>\n<!-- \/ Yoast SEO plugin. -->","yoast_head_json":{"title":"Leurs enfants apr\u00e8s eux - Poche PRIX GONCOURT Nicolas Mathieu Babel - Atypique Concept Store","robots":{"index":"index","follow":"follow","max-snippet":"max-snippet:-1","max-image-preview":"max-image-preview:large","max-video-preview":"max-video-preview:-1"},"canonical":"https:\/\/atypique.brunotarhan.fr\/index.php\/produit\/leurs-enfants-apres-eux-pocheprix-goncourtnicolas-mathieubabel\/","og_locale":"fr_FR","og_type":"article","og_title":"Leurs enfants apr\u00e8s eux - Poche PRIX GONCOURT Nicolas Mathieu Babel - Atypique Concept Store","og_description":"Ao\u00fbt 1992. Une vall\u00e9e perdue quelque part dans l'Est, des hauts-fourneaux qui ne br\u00fblent plus, un lac, un apr\u00e8s-midi de canicule. Anthony a quatorze\u2026","og_url":"https:\/\/atypique.brunotarhan.fr\/index.php\/produit\/leurs-enfants-apres-eux-pocheprix-goncourtnicolas-mathieubabel\/","og_site_name":"Atypique Concept Store","twitter_card":"summary_large_image","twitter_misc":{"Dur\u00e9e de lecture estim\u00e9e":"1 minute"},"schema":{"@context":"https:\/\/schema.org","@graph":[{"@type":"WebSite","@id":"https:\/\/atypique.brunotarhan.fr\/#website","url":"https:\/\/atypique.brunotarhan.fr\/","name":"Atypique Concept Store","description":"Just another WordPress site","potentialAction":[{"@type":"SearchAction","target":{"@type":"EntryPoint","urlTemplate":"https:\/\/atypique.brunotarhan.fr\/?s={search_term_string}"},"query-input":"required name=search_term_string"}],"inLanguage":"fr-FR"},{"@type":"ImageObject","@id":"https:\/\/atypique.brunotarhan.fr\/index.php\/produit\/leurs-enfants-apres-eux-pocheprix-goncourtnicolas-mathieubabel\/#primaryimage","inLanguage":"fr-FR","url":"https:\/\/atypique.brunotarhan.fr\/wp-content\/uploads\/2022\/04\/leurs-enfants-apres-eux.webp","contentUrl":"https:\/\/atypique.brunotarhan.fr\/wp-content\/uploads\/2022\/04\/leurs-enfants-apres-eux.webp","width":312,"height":500},{"@type":"WebPage","@id":"https:\/\/atypique.brunotarhan.fr\/index.php\/produit\/leurs-enfants-apres-eux-pocheprix-goncourtnicolas-mathieubabel\/#webpage","url":"https:\/\/atypique.brunotarhan.fr\/index.php\/produit\/leurs-enfants-apres-eux-pocheprix-goncourtnicolas-mathieubabel\/","name":"Leurs enfants apr\u00e8s eux - Poche PRIX GONCOURT Nicolas Mathieu Babel - Atypique Concept Store","isPartOf":{"@id":"https:\/\/atypique.brunotarhan.fr\/#website"},"primaryImageOfPage":{"@id":"https:\/\/atypique.brunotarhan.fr\/index.php\/produit\/leurs-enfants-apres-eux-pocheprix-goncourtnicolas-mathieubabel\/#primaryimage"},"datePublished":"2022-04-25T22:48:05+00:00","dateModified":"2022-04-25T22:48:05+00:00","breadcrumb":{"@id":"https:\/\/atypique.brunotarhan.fr\/index.php\/produit\/leurs-enfants-apres-eux-pocheprix-goncourtnicolas-mathieubabel\/#breadcrumb"},"inLanguage":"fr-FR","potentialAction":[{"@type":"ReadAction","target":["https:\/\/atypique.brunotarhan.fr\/index.php\/produit\/leurs-enfants-apres-eux-pocheprix-goncourtnicolas-mathieubabel\/"]}]},{"@type":"BreadcrumbList","@id":"https:\/\/atypique.brunotarhan.fr\/index.php\/produit\/leurs-enfants-apres-eux-pocheprix-goncourtnicolas-mathieubabel\/#breadcrumb","itemListElement":[{"@type":"ListItem","position":1,"name":"Accueil","item":"https:\/\/atypique.brunotarhan.fr\/"},{"@type":"ListItem","position":2,"name":""},{"@type":"ListItem","position":3,"name":"Leurs enfants apr\u00e8s eux &#8211; Poche PRIX GONCOURT Nicolas Mathieu Babel"}]}]}},"_links":{"self":[{"href":"https:\/\/atypique.brunotarhan.fr\/index.php\/wp-json\/wp\/v2\/product\/16132","targetHints":{"allow":["GET"]}}],"collection":[{"href":"https:\/\/atypique.brunotarhan.fr\/index.php\/wp-json\/wp\/v2\/product"}],"about":[{"href":"https:\/\/atypique.brunotarhan.fr\/index.php\/wp-json\/wp\/v2\/types\/product"}],"replies":[{"embeddable":true,"href":"https:\/\/atypique.brunotarhan.fr\/index.php\/wp-json\/wp\/v2\/comments?post=16132"}],"wp:featuredmedia":[{"embeddable":true,"href":"https:\/\/atypique.brunotarhan.fr\/index.php\/wp-json\/wp\/v2\/media\/15882"}],"wp:attachment":[{"href":"https:\/\/atypique.brunotarhan.fr\/index.php\/wp-json\/wp\/v2\/media?parent=16132"}],"wp:term":[{"taxonomy":"product_cat","embeddable":true,"href":"https:\/\/atypique.brunotarhan.fr\/index.php\/wp-json\/wp\/v2\/product_cat?post=16132"},{"taxonomy":"product_tag","embeddable":true,"href":"https:\/\/atypique.brunotarhan.fr\/index.php\/wp-json\/wp\/v2\/product_tag?post=16132"}],"curies":[{"name":"wp","href":"https:\/\/api.w.org\/{rel}","templated":true}]}}