{"id":16131,"date":"2022-04-25T22:48:05","date_gmt":"2022-04-25T22:48:05","guid":{"rendered":"https:\/\/atypique.brunotarhan.fr\/index.php\/produit\/le-tourbillon-de-la-vie-pocheaurelie-valogneslivre-de-poche\/"},"modified":"2022-04-25T22:48:05","modified_gmt":"2022-04-25T22:48:05","slug":"le-tourbillon-de-la-vie-pocheaurelie-valogneslivre-de-poche","status":"publish","type":"product","link":"https:\/\/atypique.brunotarhan.fr\/index.php\/produit\/le-tourbillon-de-la-vie-pocheaurelie-valogneslivre-de-poche\/","title":{"rendered":"Le tourbillon de la vie &#8211; Poche\nAur\u00e9lie Valognes\nLivre de poche"},"content":{"rendered":"<p>Au cours d&#8217;un \u00e9t\u00e9, Arthur et son petit-fils d\u00e9cident de rattraper les ann\u00e9es perdues. Plus de soixante ans les s\u00e9parent, mais, ensemble, ils vont partager les souvenirs de l&#8217;un et les r\u00eaves de l&#8217;autre. Le bonheur serait total si Arthur ne portait pas un lourd secret&#8230; Un roman sur le temps qui passe, la transmission et les plaisirs simples qui font le sel de la vie. Entre \u00e9motion, rire et nostalgie, Aur\u00e9lie Valognes nous touche en plein coeur.<br \/>\nHumanit\u00e9 et bienveillance. Une parenth\u00e8se enchant\u00e9e. CNews. Ce r\u00e9cit tendre et plein d&#8217;amour a tout pour \u00e9mouvoir. T\u00e9l\u00e9 Poche. Les lecteurs ont ador\u00e9 : Une tr\u00e8s belle histoire, r\u00e9confortante. &#8211; Jacques. Une lecture remplie d&#8217;\u00e9motions ! &#8211; Alyssa. Un appel \u00e0 savourer la vie. &#8211; Sonia. C&#8217;est toujours un r\u00e9gal ! &#8211; Antoine.<\/p>\n","protected":false},"excerpt":{"rendered":"<p>Au cours d&#8217;un \u00e9t\u00e9, Arthur et son petit-fils d\u00e9cident de rattraper les ann\u00e9es perdues. Plus de soixante ans les s\u00e9parent, mais, ensemble, ils vont\u2026<\/p>\n","protected":false},"featured_media":15881,"comment_status":"open","ping_status":"closed","template":"","meta":[],"product_cat":[93,186],"product_tag":[440,640,242,189],"class_list":["post-16131","product","type-product","status-publish","has-post-thumbnail","hentry","product_cat-librairie","product_cat-romans","product_tag-aurelie-valognes","product_tag-le-tourbillon-de-la-vie","product_tag-livre-de-poche","product_tag-roman"],"yoast_head":"<!-- This site is optimized with the Yoast SEO plugin v18.0 - https:\/\/yoast.com\/wordpress\/plugins\/seo\/ -->\n<title>Le tourbillon de la vie - Poche Aur\u00e9lie Valognes Livre de poche - Atypique Concept Store<\/title>\n<meta name=\"robots\" content=\"index, follow, max-snippet:-1, max-image-preview:large, max-video-preview:-1\" \/>\n<link rel=\"canonical\" href=\"https:\/\/atypique.brunotarhan.fr\/index.php\/produit\/le-tourbillon-de-la-vie-pocheaurelie-valogneslivre-de-poche\/\" \/>\n<meta property=\"og:locale\" content=\"fr_FR\" \/>\n<meta property=\"og:type\" content=\"article\" \/>\n<meta property=\"og:title\" content=\"Le tourbillon de la vie - Poche Aur\u00e9lie Valognes Livre de poche - Atypique Concept Store\" \/>\n<meta property=\"og:description\" content=\"Au cours d&#039;un \u00e9t\u00e9, Arthur et son petit-fils d\u00e9cident de rattraper les ann\u00e9es perdues. Plus de soixante ans les s\u00e9parent, mais, ensemble, ils vont\u2026\" \/>\n<meta property=\"og:url\" content=\"https:\/\/atypique.brunotarhan.fr\/index.php\/produit\/le-tourbillon-de-la-vie-pocheaurelie-valogneslivre-de-poche\/\" \/>\n<meta property=\"og:site_name\" content=\"Atypique Concept Store\" \/>\n<meta name=\"twitter:card\" content=\"summary_large_image\" \/>\n<meta name=\"twitter:label1\" content=\"Dur\u00e9e de lecture estim\u00e9e\" \/>\n\t<meta name=\"twitter:data1\" content=\"1 minute\" \/>\n<script type=\"application\/ld+json\" class=\"yoast-schema-graph\">{\"@context\":\"https:\/\/schema.org\",\"@graph\":[{\"@type\":\"WebSite\",\"@id\":\"https:\/\/atypique.brunotarhan.fr\/#website\",\"url\":\"https:\/\/atypique.brunotarhan.fr\/\",\"name\":\"Atypique Concept Store\",\"description\":\"Just another WordPress site\",\"potentialAction\":[{\"@type\":\"SearchAction\",\"target\":{\"@type\":\"EntryPoint\",\"urlTemplate\":\"https:\/\/atypique.brunotarhan.fr\/?s={search_term_string}\"},\"query-input\":\"required name=search_term_string\"}],\"inLanguage\":\"fr-FR\"},{\"@type\":\"ImageObject\",\"@id\":\"https:\/\/atypique.brunotarhan.fr\/index.php\/produit\/le-tourbillon-de-la-vie-pocheaurelie-valogneslivre-de-poche\/#primaryimage\",\"inLanguage\":\"fr-FR\",\"url\":\"https:\/\/atypique.brunotarhan.fr\/wp-content\/uploads\/2022\/04\/le-tourbillon-de-la-vie.webp\",\"contentUrl\":\"https:\/\/atypique.brunotarhan.fr\/wp-content\/uploads\/2022\/04\/le-tourbillon-de-la-vie.webp\",\"width\":309,\"height\":500},{\"@type\":\"WebPage\",\"@id\":\"https:\/\/atypique.brunotarhan.fr\/index.php\/produit\/le-tourbillon-de-la-vie-pocheaurelie-valogneslivre-de-poche\/#webpage\",\"url\":\"https:\/\/atypique.brunotarhan.fr\/index.php\/produit\/le-tourbillon-de-la-vie-pocheaurelie-valogneslivre-de-poche\/\",\"name\":\"Le tourbillon de la vie - Poche Aur\u00e9lie Valognes Livre de poche - Atypique Concept Store\",\"isPartOf\":{\"@id\":\"https:\/\/atypique.brunotarhan.fr\/#website\"},\"primaryImageOfPage\":{\"@id\":\"https:\/\/atypique.brunotarhan.fr\/index.php\/produit\/le-tourbillon-de-la-vie-pocheaurelie-valogneslivre-de-poche\/#primaryimage\"},\"datePublished\":\"2022-04-25T22:48:05+00:00\",\"dateModified\":\"2022-04-25T22:48:05+00:00\",\"breadcrumb\":{\"@id\":\"https:\/\/atypique.brunotarhan.fr\/index.php\/produit\/le-tourbillon-de-la-vie-pocheaurelie-valogneslivre-de-poche\/#breadcrumb\"},\"inLanguage\":\"fr-FR\",\"potentialAction\":[{\"@type\":\"ReadAction\",\"target\":[\"https:\/\/atypique.brunotarhan.fr\/index.php\/produit\/le-tourbillon-de-la-vie-pocheaurelie-valogneslivre-de-poche\/\"]}]},{\"@type\":\"BreadcrumbList\",\"@id\":\"https:\/\/atypique.brunotarhan.fr\/index.php\/produit\/le-tourbillon-de-la-vie-pocheaurelie-valogneslivre-de-poche\/#breadcrumb\",\"itemListElement\":[{\"@type\":\"ListItem\",\"position\":1,\"name\":\"Accueil\",\"item\":\"https:\/\/atypique.brunotarhan.fr\/\"},{\"@type\":\"ListItem\",\"position\":2,\"name\":\"\"},{\"@type\":\"ListItem\",\"position\":3,\"name\":\"Le tourbillon de la vie &#8211; Poche Aur\u00e9lie Valognes Livre de poche\"}]}]}<\/script>\n<!-- \/ Yoast SEO plugin. -->","yoast_head_json":{"title":"Le tourbillon de la vie - Poche Aur\u00e9lie Valognes Livre de poche - Atypique Concept Store","robots":{"index":"index","follow":"follow","max-snippet":"max-snippet:-1","max-image-preview":"max-image-preview:large","max-video-preview":"max-video-preview:-1"},"canonical":"https:\/\/atypique.brunotarhan.fr\/index.php\/produit\/le-tourbillon-de-la-vie-pocheaurelie-valogneslivre-de-poche\/","og_locale":"fr_FR","og_type":"article","og_title":"Le tourbillon de la vie - Poche Aur\u00e9lie Valognes Livre de poche - Atypique Concept Store","og_description":"Au cours d'un \u00e9t\u00e9, Arthur et son petit-fils d\u00e9cident de rattraper les ann\u00e9es perdues. Plus de soixante ans les s\u00e9parent, mais, ensemble, ils vont\u2026","og_url":"https:\/\/atypique.brunotarhan.fr\/index.php\/produit\/le-tourbillon-de-la-vie-pocheaurelie-valogneslivre-de-poche\/","og_site_name":"Atypique Concept Store","twitter_card":"summary_large_image","twitter_misc":{"Dur\u00e9e de lecture estim\u00e9e":"1 minute"},"schema":{"@context":"https:\/\/schema.org","@graph":[{"@type":"WebSite","@id":"https:\/\/atypique.brunotarhan.fr\/#website","url":"https:\/\/atypique.brunotarhan.fr\/","name":"Atypique Concept Store","description":"Just another WordPress site","potentialAction":[{"@type":"SearchAction","target":{"@type":"EntryPoint","urlTemplate":"https:\/\/atypique.brunotarhan.fr\/?s={search_term_string}"},"query-input":"required name=search_term_string"}],"inLanguage":"fr-FR"},{"@type":"ImageObject","@id":"https:\/\/atypique.brunotarhan.fr\/index.php\/produit\/le-tourbillon-de-la-vie-pocheaurelie-valogneslivre-de-poche\/#primaryimage","inLanguage":"fr-FR","url":"https:\/\/atypique.brunotarhan.fr\/wp-content\/uploads\/2022\/04\/le-tourbillon-de-la-vie.webp","contentUrl":"https:\/\/atypique.brunotarhan.fr\/wp-content\/uploads\/2022\/04\/le-tourbillon-de-la-vie.webp","width":309,"height":500},{"@type":"WebPage","@id":"https:\/\/atypique.brunotarhan.fr\/index.php\/produit\/le-tourbillon-de-la-vie-pocheaurelie-valogneslivre-de-poche\/#webpage","url":"https:\/\/atypique.brunotarhan.fr\/index.php\/produit\/le-tourbillon-de-la-vie-pocheaurelie-valogneslivre-de-poche\/","name":"Le tourbillon de la vie - Poche Aur\u00e9lie Valognes Livre de poche - Atypique Concept Store","isPartOf":{"@id":"https:\/\/atypique.brunotarhan.fr\/#website"},"primaryImageOfPage":{"@id":"https:\/\/atypique.brunotarhan.fr\/index.php\/produit\/le-tourbillon-de-la-vie-pocheaurelie-valogneslivre-de-poche\/#primaryimage"},"datePublished":"2022-04-25T22:48:05+00:00","dateModified":"2022-04-25T22:48:05+00:00","breadcrumb":{"@id":"https:\/\/atypique.brunotarhan.fr\/index.php\/produit\/le-tourbillon-de-la-vie-pocheaurelie-valogneslivre-de-poche\/#breadcrumb"},"inLanguage":"fr-FR","potentialAction":[{"@type":"ReadAction","target":["https:\/\/atypique.brunotarhan.fr\/index.php\/produit\/le-tourbillon-de-la-vie-pocheaurelie-valogneslivre-de-poche\/"]}]},{"@type":"BreadcrumbList","@id":"https:\/\/atypique.brunotarhan.fr\/index.php\/produit\/le-tourbillon-de-la-vie-pocheaurelie-valogneslivre-de-poche\/#breadcrumb","itemListElement":[{"@type":"ListItem","position":1,"name":"Accueil","item":"https:\/\/atypique.brunotarhan.fr\/"},{"@type":"ListItem","position":2,"name":""},{"@type":"ListItem","position":3,"name":"Le tourbillon de la vie &#8211; Poche Aur\u00e9lie Valognes Livre de poche"}]}]}},"_links":{"self":[{"href":"https:\/\/atypique.brunotarhan.fr\/index.php\/wp-json\/wp\/v2\/product\/16131","targetHints":{"allow":["GET"]}}],"collection":[{"href":"https:\/\/atypique.brunotarhan.fr\/index.php\/wp-json\/wp\/v2\/product"}],"about":[{"href":"https:\/\/atypique.brunotarhan.fr\/index.php\/wp-json\/wp\/v2\/types\/product"}],"replies":[{"embeddable":true,"href":"https:\/\/atypique.brunotarhan.fr\/index.php\/wp-json\/wp\/v2\/comments?post=16131"}],"wp:featuredmedia":[{"embeddable":true,"href":"https:\/\/atypique.brunotarhan.fr\/index.php\/wp-json\/wp\/v2\/media\/15881"}],"wp:attachment":[{"href":"https:\/\/atypique.brunotarhan.fr\/index.php\/wp-json\/wp\/v2\/media?parent=16131"}],"wp:term":[{"taxonomy":"product_cat","embeddable":true,"href":"https:\/\/atypique.brunotarhan.fr\/index.php\/wp-json\/wp\/v2\/product_cat?post=16131"},{"taxonomy":"product_tag","embeddable":true,"href":"https:\/\/atypique.brunotarhan.fr\/index.php\/wp-json\/wp\/v2\/product_tag?post=16131"}],"curies":[{"name":"wp","href":"https:\/\/api.w.org\/{rel}","templated":true}]}}