{"id":16130,"date":"2022-04-25T22:48:05","date_gmt":"2022-04-25T22:48:05","guid":{"rendered":"https:\/\/atypique.brunotarhan.fr\/index.php\/produit\/le-suspect-pochefiona-bartonpocket\/"},"modified":"2022-04-25T22:48:05","modified_gmt":"2022-04-25T22:48:05","slug":"le-suspect-pochefiona-bartonpocket","status":"publish","type":"product","link":"https:\/\/atypique.brunotarhan.fr\/index.php\/produit\/le-suspect-pochefiona-bartonpocket\/","title":{"rendered":"Le suspect &#8211; Poche\nFiona Barton\nPocket"},"content":{"rendered":"<p>Jusqu&#8217;o\u00f9 iriez-vous pour prot\u00e9ger votre famille ? Jusqu&#8217;o\u00f9 iriez-vous pour prot\u00e9ger votre famille ? Quand deux jeunes filles de dix-huit ans disparaissent lors de leur ann\u00e9e sabbatique en Tha\u00eflande, leurs familles se retrouvent aussit\u00f4t sous les projecteurs des m\u00e9dias internationaux : d\u00e9sesp\u00e9r\u00e9es, paniqu\u00e9es et expos\u00e9es jusque dans leur intimit\u00e9. La journaliste Kate Waters, toujours avide d&#8217;un bon papier, se charge imm\u00e9diatement de l&#8217;affaire, une occasion bienvenue pour elle de se rapprocher de son fils, parti vivre \u00e0 Phuket deux ans auparavant.<br \/>\nMais ce qui s&#8217;apparente au d\u00e9part \u00e0 une simple fugue d&#8217;ados qui aurait mal tourn\u00e9, s&#8217;av\u00e8re rapidement \u00eatre quelque chose de plus s\u00e9rieux. Les d\u00e9couvertes alarmantes se succ\u00e8dent, le nombre de suspects se multiplie et la piste criminelle ne peut plus \u00eatre \u00e9cart\u00e9e. Face \u00e0 la complexit\u00e9 de l&#8217;affaire et au manque de coop\u00e9ration des autorit\u00e9s sur place, Kate ne voit qu&#8217;une seule issue : se rendre sur les lieux afin de prendre l&#8217;enqu\u00eate en mains.<br \/>\nMais cette fois elle est loin d&#8217;imaginer \u00e0 quel point elle va \u00eatre impliqu\u00e9e personnellement &#8230;<\/p>\n","protected":false},"excerpt":{"rendered":"<p>Jusqu&#8217;o\u00f9 iriez-vous pour prot\u00e9ger votre famille ? Jusqu&#8217;o\u00f9 iriez-vous pour prot\u00e9ger votre famille ? Quand deux jeunes filles de dix-huit ans disparaissent\u2026<\/p>\n","protected":false},"featured_media":15880,"comment_status":"open","ping_status":"closed","template":"","meta":[],"product_cat":[93,204],"product_tag":[639,638,239,263,264,208],"class_list":["post-16130","product","type-product","status-publish","has-post-thumbnail","hentry","product_cat-librairie","product_cat-polars-thrillers","product_tag-fiona-barton","product_tag-le-suspect","product_tag-pocket","product_tag-polar","product_tag-policier","product_tag-thriller"],"yoast_head":"<!-- This site is optimized with the Yoast SEO plugin v18.0 - https:\/\/yoast.com\/wordpress\/plugins\/seo\/ -->\n<title>Le suspect - Poche Fiona Barton Pocket - Atypique Concept Store<\/title>\n<meta name=\"robots\" content=\"index, follow, max-snippet:-1, max-image-preview:large, max-video-preview:-1\" \/>\n<link rel=\"canonical\" href=\"https:\/\/atypique.brunotarhan.fr\/index.php\/produit\/le-suspect-pochefiona-bartonpocket\/\" \/>\n<meta property=\"og:locale\" content=\"fr_FR\" \/>\n<meta property=\"og:type\" content=\"article\" \/>\n<meta property=\"og:title\" content=\"Le suspect - Poche Fiona Barton Pocket - Atypique Concept Store\" \/>\n<meta property=\"og:description\" content=\"Jusqu&#039;o\u00f9 iriez-vous pour prot\u00e9ger votre famille ? Jusqu&#039;o\u00f9 iriez-vous pour prot\u00e9ger votre famille ? Quand deux jeunes filles de dix-huit ans disparaissent\u2026\" \/>\n<meta property=\"og:url\" content=\"https:\/\/atypique.brunotarhan.fr\/index.php\/produit\/le-suspect-pochefiona-bartonpocket\/\" \/>\n<meta property=\"og:site_name\" content=\"Atypique Concept Store\" \/>\n<meta name=\"twitter:card\" content=\"summary_large_image\" \/>\n<meta name=\"twitter:label1\" content=\"Dur\u00e9e de lecture estim\u00e9e\" \/>\n\t<meta name=\"twitter:data1\" content=\"1 minute\" \/>\n<script type=\"application\/ld+json\" class=\"yoast-schema-graph\">{\"@context\":\"https:\/\/schema.org\",\"@graph\":[{\"@type\":\"WebSite\",\"@id\":\"https:\/\/atypique.brunotarhan.fr\/#website\",\"url\":\"https:\/\/atypique.brunotarhan.fr\/\",\"name\":\"Atypique Concept Store\",\"description\":\"Just another WordPress site\",\"potentialAction\":[{\"@type\":\"SearchAction\",\"target\":{\"@type\":\"EntryPoint\",\"urlTemplate\":\"https:\/\/atypique.brunotarhan.fr\/?s={search_term_string}\"},\"query-input\":\"required name=search_term_string\"}],\"inLanguage\":\"fr-FR\"},{\"@type\":\"ImageObject\",\"@id\":\"https:\/\/atypique.brunotarhan.fr\/index.php\/produit\/le-suspect-pochefiona-bartonpocket\/#primaryimage\",\"inLanguage\":\"fr-FR\",\"url\":\"https:\/\/atypique.brunotarhan.fr\/wp-content\/uploads\/2022\/04\/le-suspect.webp\",\"contentUrl\":\"https:\/\/atypique.brunotarhan.fr\/wp-content\/uploads\/2022\/04\/le-suspect.webp\",\"width\":305,\"height\":500},{\"@type\":\"WebPage\",\"@id\":\"https:\/\/atypique.brunotarhan.fr\/index.php\/produit\/le-suspect-pochefiona-bartonpocket\/#webpage\",\"url\":\"https:\/\/atypique.brunotarhan.fr\/index.php\/produit\/le-suspect-pochefiona-bartonpocket\/\",\"name\":\"Le suspect - Poche Fiona Barton Pocket - Atypique Concept Store\",\"isPartOf\":{\"@id\":\"https:\/\/atypique.brunotarhan.fr\/#website\"},\"primaryImageOfPage\":{\"@id\":\"https:\/\/atypique.brunotarhan.fr\/index.php\/produit\/le-suspect-pochefiona-bartonpocket\/#primaryimage\"},\"datePublished\":\"2022-04-25T22:48:05+00:00\",\"dateModified\":\"2022-04-25T22:48:05+00:00\",\"breadcrumb\":{\"@id\":\"https:\/\/atypique.brunotarhan.fr\/index.php\/produit\/le-suspect-pochefiona-bartonpocket\/#breadcrumb\"},\"inLanguage\":\"fr-FR\",\"potentialAction\":[{\"@type\":\"ReadAction\",\"target\":[\"https:\/\/atypique.brunotarhan.fr\/index.php\/produit\/le-suspect-pochefiona-bartonpocket\/\"]}]},{\"@type\":\"BreadcrumbList\",\"@id\":\"https:\/\/atypique.brunotarhan.fr\/index.php\/produit\/le-suspect-pochefiona-bartonpocket\/#breadcrumb\",\"itemListElement\":[{\"@type\":\"ListItem\",\"position\":1,\"name\":\"Accueil\",\"item\":\"https:\/\/atypique.brunotarhan.fr\/\"},{\"@type\":\"ListItem\",\"position\":2,\"name\":\"\"},{\"@type\":\"ListItem\",\"position\":3,\"name\":\"Le suspect &#8211; Poche Fiona Barton Pocket\"}]}]}<\/script>\n<!-- \/ Yoast SEO plugin. -->","yoast_head_json":{"title":"Le suspect - Poche Fiona Barton Pocket - Atypique Concept Store","robots":{"index":"index","follow":"follow","max-snippet":"max-snippet:-1","max-image-preview":"max-image-preview:large","max-video-preview":"max-video-preview:-1"},"canonical":"https:\/\/atypique.brunotarhan.fr\/index.php\/produit\/le-suspect-pochefiona-bartonpocket\/","og_locale":"fr_FR","og_type":"article","og_title":"Le suspect - Poche Fiona Barton Pocket - Atypique Concept Store","og_description":"Jusqu'o\u00f9 iriez-vous pour prot\u00e9ger votre famille ? Jusqu'o\u00f9 iriez-vous pour prot\u00e9ger votre famille ? Quand deux jeunes filles de dix-huit ans disparaissent\u2026","og_url":"https:\/\/atypique.brunotarhan.fr\/index.php\/produit\/le-suspect-pochefiona-bartonpocket\/","og_site_name":"Atypique Concept Store","twitter_card":"summary_large_image","twitter_misc":{"Dur\u00e9e de lecture estim\u00e9e":"1 minute"},"schema":{"@context":"https:\/\/schema.org","@graph":[{"@type":"WebSite","@id":"https:\/\/atypique.brunotarhan.fr\/#website","url":"https:\/\/atypique.brunotarhan.fr\/","name":"Atypique Concept Store","description":"Just another WordPress site","potentialAction":[{"@type":"SearchAction","target":{"@type":"EntryPoint","urlTemplate":"https:\/\/atypique.brunotarhan.fr\/?s={search_term_string}"},"query-input":"required name=search_term_string"}],"inLanguage":"fr-FR"},{"@type":"ImageObject","@id":"https:\/\/atypique.brunotarhan.fr\/index.php\/produit\/le-suspect-pochefiona-bartonpocket\/#primaryimage","inLanguage":"fr-FR","url":"https:\/\/atypique.brunotarhan.fr\/wp-content\/uploads\/2022\/04\/le-suspect.webp","contentUrl":"https:\/\/atypique.brunotarhan.fr\/wp-content\/uploads\/2022\/04\/le-suspect.webp","width":305,"height":500},{"@type":"WebPage","@id":"https:\/\/atypique.brunotarhan.fr\/index.php\/produit\/le-suspect-pochefiona-bartonpocket\/#webpage","url":"https:\/\/atypique.brunotarhan.fr\/index.php\/produit\/le-suspect-pochefiona-bartonpocket\/","name":"Le suspect - Poche Fiona Barton Pocket - Atypique Concept Store","isPartOf":{"@id":"https:\/\/atypique.brunotarhan.fr\/#website"},"primaryImageOfPage":{"@id":"https:\/\/atypique.brunotarhan.fr\/index.php\/produit\/le-suspect-pochefiona-bartonpocket\/#primaryimage"},"datePublished":"2022-04-25T22:48:05+00:00","dateModified":"2022-04-25T22:48:05+00:00","breadcrumb":{"@id":"https:\/\/atypique.brunotarhan.fr\/index.php\/produit\/le-suspect-pochefiona-bartonpocket\/#breadcrumb"},"inLanguage":"fr-FR","potentialAction":[{"@type":"ReadAction","target":["https:\/\/atypique.brunotarhan.fr\/index.php\/produit\/le-suspect-pochefiona-bartonpocket\/"]}]},{"@type":"BreadcrumbList","@id":"https:\/\/atypique.brunotarhan.fr\/index.php\/produit\/le-suspect-pochefiona-bartonpocket\/#breadcrumb","itemListElement":[{"@type":"ListItem","position":1,"name":"Accueil","item":"https:\/\/atypique.brunotarhan.fr\/"},{"@type":"ListItem","position":2,"name":""},{"@type":"ListItem","position":3,"name":"Le suspect &#8211; Poche Fiona Barton Pocket"}]}]}},"_links":{"self":[{"href":"https:\/\/atypique.brunotarhan.fr\/index.php\/wp-json\/wp\/v2\/product\/16130","targetHints":{"allow":["GET"]}}],"collection":[{"href":"https:\/\/atypique.brunotarhan.fr\/index.php\/wp-json\/wp\/v2\/product"}],"about":[{"href":"https:\/\/atypique.brunotarhan.fr\/index.php\/wp-json\/wp\/v2\/types\/product"}],"replies":[{"embeddable":true,"href":"https:\/\/atypique.brunotarhan.fr\/index.php\/wp-json\/wp\/v2\/comments?post=16130"}],"wp:featuredmedia":[{"embeddable":true,"href":"https:\/\/atypique.brunotarhan.fr\/index.php\/wp-json\/wp\/v2\/media\/15880"}],"wp:attachment":[{"href":"https:\/\/atypique.brunotarhan.fr\/index.php\/wp-json\/wp\/v2\/media?parent=16130"}],"wp:term":[{"taxonomy":"product_cat","embeddable":true,"href":"https:\/\/atypique.brunotarhan.fr\/index.php\/wp-json\/wp\/v2\/product_cat?post=16130"},{"taxonomy":"product_tag","embeddable":true,"href":"https:\/\/atypique.brunotarhan.fr\/index.php\/wp-json\/wp\/v2\/product_tag?post=16130"}],"curies":[{"name":"wp","href":"https:\/\/api.w.org\/{rel}","templated":true}]}}