{"id":16129,"date":"2022-04-25T22:48:05","date_gmt":"2022-04-25T22:48:05","guid":{"rendered":"https:\/\/atypique.brunotarhan.fr\/index.php\/produit\/histoire-intime-de-la-ve-republique-tome-1-le-sursaut-grand-formatfranz-olivier-giesbertgallimard\/"},"modified":"2022-04-25T22:48:05","modified_gmt":"2022-04-25T22:48:05","slug":"histoire-intime-de-la-ve-republique-tome-1-le-sursaut-grand-formatfranz-olivier-giesbertgallimard","status":"publish","type":"product","link":"https:\/\/atypique.brunotarhan.fr\/index.php\/produit\/histoire-intime-de-la-ve-republique-tome-1-le-sursaut-grand-formatfranz-olivier-giesbertgallimard\/","title":{"rendered":"Histoire intime de la Ve R\u00e9publique &#8211; Tome 1, Le sursaut &#8211; Grand Format\nFranz-Olivier Giesbert\nGallimard"},"content":{"rendered":"<p>&#8220;Si je me suis attel\u00e9 \u00e0 ce vaste projet \u2014 une histoire intime de la Ve R\u00e9publique en trois \u00e9poques \u2014, c&#8217;\u00e9tait pour essayer de comprendre comment notre cher et vieux paye a pu, en quelques d\u00e9cennies, s&#8217;affaisser \u00e0 ce point, dans un m\u00e9lange de d\u00e9ni, masochisme et contentement de soi, sur fond de crise existentielle. La d\u00e9cadence n&#8217;est jamais \u00e9crite. Quand le g\u00e9n\u00e9ral de Gaulle a pris le pouvoir en 1958, la France \u00e9tait quasiment par terre, \u00e0 cause, entre autres, de la guerre d&#8217;Alg\u00e9rie et de l&#8217;effondrement des &#8220;\u00e9lites&#8221;.<br \/>\nProph\u00e9tique, machiav\u00e9lique et prosa\u00efque, il l&#8217;a remise debout en \u00e0 peine un an, sans n\u00e9gliger les plus infimes d\u00e9tails, ni l\u00e9siner sur les roueries et les mensonges. Le personnage que je d\u00e9peins est bien plus complexe que celui de la l\u00e9gende. Pourquoi une histoire &#8220;intime&#8221;? Parce que l&#8217;histoire est toujours \u00e9crite par ceux qui l&#8217;ont faite ou v\u00e9cue, et que j&#8217;ai voulu ajouter, en m&#8217;appuyant sur mes notes de l&#8217;\u00e9poque, mon regard d&#8217;alors en le confrontant \u00e0 celui d&#8217;aujourd&#8217;hui, dans un va-et-vient permanent.<br \/>\n&#8220;Intime&#8221; encore parce que ce retour sur un pass\u00e9 r\u00e9cent entend inclure aussi le regard que portaient nagu\u00e8re les contemporains sur l&#8217;odyss\u00e9e gaulliste qu&#8217;ils \u00e9taient en train de vivre : je cherche \u00e0 d\u00e9crire un monde et une mani\u00e8re d&#8217;\u00eatre fran\u00e7ais dont le souvenir commence \u00e0 s&#8217;\u00e9teindre. Dans ce premier tome, c&#8217;est le stup\u00e9fiant redressement du pays par le G\u00e9n\u00e9ral que je raconte, jusqu&#8217;\u00e0 la chute du grand homme, apr\u00e8s onze ans de pouvoir.<br \/>\nPuisse ce r\u00e9cit personnel permettre de tirer, pour aujourd&#8217;hui, les le\u00e7ons d&#8217;une r\u00e9surrection fran\u00e7aise qui, sur le moment, semblait impossible&#8221; F.-O. G.<\/p>\n","protected":false},"excerpt":{"rendered":"<p>&#8220;Si je me suis attel\u00e9 \u00e0 ce vaste projet \u2014 une histoire intime de la Ve R\u00e9publique en trois \u00e9poques \u2014, c&#8217;\u00e9tait pour essayer de comprendre comment\u2026<\/p>\n","protected":false},"featured_media":15879,"comment_status":"open","ping_status":"closed","template":"","meta":[],"product_cat":[93,196],"product_tag":[636,236,634,635,637],"class_list":["post-16129","product","type-product","status-publish","has-post-thumbnail","hentry","product_cat-librairie","product_cat-recits","product_tag-franz-olivier-giesbert","product_tag-gallimard","product_tag-histoire-intime-de-la-ve-republique-tome-1","product_tag-le-sursaut","product_tag-recit-historique"],"yoast_head":"<!-- This site is optimized with the Yoast SEO plugin v18.0 - https:\/\/yoast.com\/wordpress\/plugins\/seo\/ -->\n<title>Histoire intime de la Ve R\u00e9publique - Tome 1, Le sursaut - Grand Format Franz-Olivier Giesbert Gallimard - Atypique Concept Store<\/title>\n<meta name=\"robots\" content=\"index, follow, max-snippet:-1, max-image-preview:large, max-video-preview:-1\" \/>\n<link rel=\"canonical\" href=\"https:\/\/atypique.brunotarhan.fr\/index.php\/produit\/histoire-intime-de-la-ve-republique-tome-1-le-sursaut-grand-formatfranz-olivier-giesbertgallimard\/\" \/>\n<meta property=\"og:locale\" content=\"fr_FR\" \/>\n<meta property=\"og:type\" content=\"article\" \/>\n<meta property=\"og:title\" content=\"Histoire intime de la Ve R\u00e9publique - Tome 1, Le sursaut - Grand Format Franz-Olivier Giesbert Gallimard - Atypique Concept Store\" \/>\n<meta property=\"og:description\" content=\"&quot;Si je me suis attel\u00e9 \u00e0 ce vaste projet \u2014 une histoire intime de la Ve R\u00e9publique en trois \u00e9poques \u2014, c&#039;\u00e9tait pour essayer de comprendre comment\u2026\" \/>\n<meta property=\"og:url\" content=\"https:\/\/atypique.brunotarhan.fr\/index.php\/produit\/histoire-intime-de-la-ve-republique-tome-1-le-sursaut-grand-formatfranz-olivier-giesbertgallimard\/\" \/>\n<meta property=\"og:site_name\" content=\"Atypique Concept Store\" \/>\n<meta name=\"twitter:card\" content=\"summary_large_image\" \/>\n<meta name=\"twitter:label1\" content=\"Dur\u00e9e de lecture estim\u00e9e\" \/>\n\t<meta name=\"twitter:data1\" content=\"1 minute\" \/>\n<script type=\"application\/ld+json\" class=\"yoast-schema-graph\">{\"@context\":\"https:\/\/schema.org\",\"@graph\":[{\"@type\":\"WebSite\",\"@id\":\"https:\/\/atypique.brunotarhan.fr\/#website\",\"url\":\"https:\/\/atypique.brunotarhan.fr\/\",\"name\":\"Atypique Concept Store\",\"description\":\"Just another WordPress site\",\"potentialAction\":[{\"@type\":\"SearchAction\",\"target\":{\"@type\":\"EntryPoint\",\"urlTemplate\":\"https:\/\/atypique.brunotarhan.fr\/?s={search_term_string}\"},\"query-input\":\"required name=search_term_string\"}],\"inLanguage\":\"fr-FR\"},{\"@type\":\"ImageObject\",\"@id\":\"https:\/\/atypique.brunotarhan.fr\/index.php\/produit\/histoire-intime-de-la-ve-republique-tome-1-le-sursaut-grand-formatfranz-olivier-giesbertgallimard\/#primaryimage\",\"inLanguage\":\"fr-FR\",\"url\":\"https:\/\/atypique.brunotarhan.fr\/wp-content\/uploads\/2022\/04\/le-sursaut.webp\",\"contentUrl\":\"https:\/\/atypique.brunotarhan.fr\/wp-content\/uploads\/2022\/04\/le-sursaut.webp\",\"width\":342,\"height\":500},{\"@type\":\"WebPage\",\"@id\":\"https:\/\/atypique.brunotarhan.fr\/index.php\/produit\/histoire-intime-de-la-ve-republique-tome-1-le-sursaut-grand-formatfranz-olivier-giesbertgallimard\/#webpage\",\"url\":\"https:\/\/atypique.brunotarhan.fr\/index.php\/produit\/histoire-intime-de-la-ve-republique-tome-1-le-sursaut-grand-formatfranz-olivier-giesbertgallimard\/\",\"name\":\"Histoire intime de la Ve R\u00e9publique - Tome 1, Le sursaut - Grand Format Franz-Olivier Giesbert Gallimard - Atypique Concept Store\",\"isPartOf\":{\"@id\":\"https:\/\/atypique.brunotarhan.fr\/#website\"},\"primaryImageOfPage\":{\"@id\":\"https:\/\/atypique.brunotarhan.fr\/index.php\/produit\/histoire-intime-de-la-ve-republique-tome-1-le-sursaut-grand-formatfranz-olivier-giesbertgallimard\/#primaryimage\"},\"datePublished\":\"2022-04-25T22:48:05+00:00\",\"dateModified\":\"2022-04-25T22:48:05+00:00\",\"breadcrumb\":{\"@id\":\"https:\/\/atypique.brunotarhan.fr\/index.php\/produit\/histoire-intime-de-la-ve-republique-tome-1-le-sursaut-grand-formatfranz-olivier-giesbertgallimard\/#breadcrumb\"},\"inLanguage\":\"fr-FR\",\"potentialAction\":[{\"@type\":\"ReadAction\",\"target\":[\"https:\/\/atypique.brunotarhan.fr\/index.php\/produit\/histoire-intime-de-la-ve-republique-tome-1-le-sursaut-grand-formatfranz-olivier-giesbertgallimard\/\"]}]},{\"@type\":\"BreadcrumbList\",\"@id\":\"https:\/\/atypique.brunotarhan.fr\/index.php\/produit\/histoire-intime-de-la-ve-republique-tome-1-le-sursaut-grand-formatfranz-olivier-giesbertgallimard\/#breadcrumb\",\"itemListElement\":[{\"@type\":\"ListItem\",\"position\":1,\"name\":\"Accueil\",\"item\":\"https:\/\/atypique.brunotarhan.fr\/\"},{\"@type\":\"ListItem\",\"position\":2,\"name\":\"\"},{\"@type\":\"ListItem\",\"position\":3,\"name\":\"Histoire intime de la Ve R\u00e9publique &#8211; Tome 1, Le sursaut &#8211; Grand Format Franz-Olivier Giesbert Gallimard\"}]}]}<\/script>\n<!-- \/ Yoast SEO plugin. -->","yoast_head_json":{"title":"Histoire intime de la Ve R\u00e9publique - Tome 1, Le sursaut - Grand Format Franz-Olivier Giesbert Gallimard - Atypique Concept Store","robots":{"index":"index","follow":"follow","max-snippet":"max-snippet:-1","max-image-preview":"max-image-preview:large","max-video-preview":"max-video-preview:-1"},"canonical":"https:\/\/atypique.brunotarhan.fr\/index.php\/produit\/histoire-intime-de-la-ve-republique-tome-1-le-sursaut-grand-formatfranz-olivier-giesbertgallimard\/","og_locale":"fr_FR","og_type":"article","og_title":"Histoire intime de la Ve R\u00e9publique - Tome 1, Le sursaut - Grand Format Franz-Olivier Giesbert Gallimard - Atypique Concept Store","og_description":"\"Si je me suis attel\u00e9 \u00e0 ce vaste projet \u2014 une histoire intime de la Ve R\u00e9publique en trois \u00e9poques \u2014, c'\u00e9tait pour essayer de comprendre comment\u2026","og_url":"https:\/\/atypique.brunotarhan.fr\/index.php\/produit\/histoire-intime-de-la-ve-republique-tome-1-le-sursaut-grand-formatfranz-olivier-giesbertgallimard\/","og_site_name":"Atypique Concept Store","twitter_card":"summary_large_image","twitter_misc":{"Dur\u00e9e de lecture estim\u00e9e":"1 minute"},"schema":{"@context":"https:\/\/schema.org","@graph":[{"@type":"WebSite","@id":"https:\/\/atypique.brunotarhan.fr\/#website","url":"https:\/\/atypique.brunotarhan.fr\/","name":"Atypique Concept Store","description":"Just another WordPress site","potentialAction":[{"@type":"SearchAction","target":{"@type":"EntryPoint","urlTemplate":"https:\/\/atypique.brunotarhan.fr\/?s={search_term_string}"},"query-input":"required name=search_term_string"}],"inLanguage":"fr-FR"},{"@type":"ImageObject","@id":"https:\/\/atypique.brunotarhan.fr\/index.php\/produit\/histoire-intime-de-la-ve-republique-tome-1-le-sursaut-grand-formatfranz-olivier-giesbertgallimard\/#primaryimage","inLanguage":"fr-FR","url":"https:\/\/atypique.brunotarhan.fr\/wp-content\/uploads\/2022\/04\/le-sursaut.webp","contentUrl":"https:\/\/atypique.brunotarhan.fr\/wp-content\/uploads\/2022\/04\/le-sursaut.webp","width":342,"height":500},{"@type":"WebPage","@id":"https:\/\/atypique.brunotarhan.fr\/index.php\/produit\/histoire-intime-de-la-ve-republique-tome-1-le-sursaut-grand-formatfranz-olivier-giesbertgallimard\/#webpage","url":"https:\/\/atypique.brunotarhan.fr\/index.php\/produit\/histoire-intime-de-la-ve-republique-tome-1-le-sursaut-grand-formatfranz-olivier-giesbertgallimard\/","name":"Histoire intime de la Ve R\u00e9publique - Tome 1, Le sursaut - Grand Format Franz-Olivier Giesbert Gallimard - Atypique Concept Store","isPartOf":{"@id":"https:\/\/atypique.brunotarhan.fr\/#website"},"primaryImageOfPage":{"@id":"https:\/\/atypique.brunotarhan.fr\/index.php\/produit\/histoire-intime-de-la-ve-republique-tome-1-le-sursaut-grand-formatfranz-olivier-giesbertgallimard\/#primaryimage"},"datePublished":"2022-04-25T22:48:05+00:00","dateModified":"2022-04-25T22:48:05+00:00","breadcrumb":{"@id":"https:\/\/atypique.brunotarhan.fr\/index.php\/produit\/histoire-intime-de-la-ve-republique-tome-1-le-sursaut-grand-formatfranz-olivier-giesbertgallimard\/#breadcrumb"},"inLanguage":"fr-FR","potentialAction":[{"@type":"ReadAction","target":["https:\/\/atypique.brunotarhan.fr\/index.php\/produit\/histoire-intime-de-la-ve-republique-tome-1-le-sursaut-grand-formatfranz-olivier-giesbertgallimard\/"]}]},{"@type":"BreadcrumbList","@id":"https:\/\/atypique.brunotarhan.fr\/index.php\/produit\/histoire-intime-de-la-ve-republique-tome-1-le-sursaut-grand-formatfranz-olivier-giesbertgallimard\/#breadcrumb","itemListElement":[{"@type":"ListItem","position":1,"name":"Accueil","item":"https:\/\/atypique.brunotarhan.fr\/"},{"@type":"ListItem","position":2,"name":""},{"@type":"ListItem","position":3,"name":"Histoire intime de la Ve R\u00e9publique &#8211; Tome 1, Le sursaut &#8211; Grand Format Franz-Olivier Giesbert Gallimard"}]}]}},"_links":{"self":[{"href":"https:\/\/atypique.brunotarhan.fr\/index.php\/wp-json\/wp\/v2\/product\/16129","targetHints":{"allow":["GET"]}}],"collection":[{"href":"https:\/\/atypique.brunotarhan.fr\/index.php\/wp-json\/wp\/v2\/product"}],"about":[{"href":"https:\/\/atypique.brunotarhan.fr\/index.php\/wp-json\/wp\/v2\/types\/product"}],"replies":[{"embeddable":true,"href":"https:\/\/atypique.brunotarhan.fr\/index.php\/wp-json\/wp\/v2\/comments?post=16129"}],"wp:featuredmedia":[{"embeddable":true,"href":"https:\/\/atypique.brunotarhan.fr\/index.php\/wp-json\/wp\/v2\/media\/15879"}],"wp:attachment":[{"href":"https:\/\/atypique.brunotarhan.fr\/index.php\/wp-json\/wp\/v2\/media?parent=16129"}],"wp:term":[{"taxonomy":"product_cat","embeddable":true,"href":"https:\/\/atypique.brunotarhan.fr\/index.php\/wp-json\/wp\/v2\/product_cat?post=16129"},{"taxonomy":"product_tag","embeddable":true,"href":"https:\/\/atypique.brunotarhan.fr\/index.php\/wp-json\/wp\/v2\/product_tag?post=16129"}],"curies":[{"name":"wp","href":"https:\/\/api.w.org\/{rel}","templated":true}]}}