{"id":16128,"date":"2022-04-25T22:48:04","date_gmt":"2022-04-25T22:48:04","guid":{"rendered":"https:\/\/atypique.brunotarhan.fr\/index.php\/produit\/les-tuniques-bleues-tome-64-albumou-est-donc-arabesque-willy-lambil-raoul-cauvindupuisleonardo-coloriste\/"},"modified":"2022-04-25T22:48:04","modified_gmt":"2022-04-25T22:48:04","slug":"les-tuniques-bleues-tome-64-albumou-est-donc-arabesque-willy-lambil-raoul-cauvindupuisleonardo-coloriste","status":"publish","type":"product","link":"https:\/\/atypique.brunotarhan.fr\/index.php\/produit\/les-tuniques-bleues-tome-64-albumou-est-donc-arabesque-willy-lambil-raoul-cauvindupuisleonardo-coloriste\/","title":{"rendered":"Les Tuniques Bleues Tome 64 &#8211; Album\nO\u00f9 est donc Arabesque ?\nWilly Lambil, Raoul Cauvin\nDupuis\nLeonardo (Coloriste)"},"content":{"rendered":"<p>De retour de mission, Blutch d\u00e9couvre qu&#8217;Arabesque, sa pr\u00e9cieuse jument capable de faire la morte pendant les charges, a \u00e9t\u00e9 r\u00e9quisitionn\u00e9e par une autre unit\u00e9 nordiste ! Ivre de rage, il d\u00e9truit tout sur son passage, y compris le mess des officiers, mais parvient \u00e0 convaincre Chesterfield de partir \u00e0 la recherche de son cheval. Un dangereux et hilarant road movie attend le c\u00e9l\u00e8bre duo, au cours duquel ils vont mettre en lumi\u00e8re les affres de la guerre de S\u00e9cession, croiser un vieil ennemi, manquer tr\u00e9passer \u00e0 plusieurs reprises&#8230;<br \/>\net faire mourir de rire leurs lecteurs ! Un album \u00e0 savourer tout particuli\u00e8rement, puisque Lambil s&#8217;y montre plus que jamais remarquable dans l&#8217;art des dessiner les \u00e9quid\u00e9s. Mais aussi parce qu&#8217;il s&#8217;agira du tout dernier Tuniques Bleues \u00e9crit par Raoul Cauvin, apr\u00e8s 64 albums entr\u00e9s dans l&#8217;Histoire de la BD !<\/p>\n","protected":false},"excerpt":{"rendered":"<p>De retour de mission, Blutch d\u00e9couvre qu&#8217;Arabesque, sa pr\u00e9cieuse jument capable de faire la morte pendant les charges, a \u00e9t\u00e9 r\u00e9quisitionn\u00e9e par\u2026<\/p>\n","protected":false},"featured_media":15878,"comment_status":"open","ping_status":"closed","template":"","meta":[],"product_cat":[212,93],"product_tag":[214,438,630,631,633,632],"class_list":["post-16128","product","type-product","status-publish","has-post-thumbnail","hentry","product_cat-bandes-dessinees","product_cat-librairie","product_tag-bandes-dessinees","product_tag-dupuis","product_tag-les-tuniques-bleues-tome-64","product_tag-ou-est-donc-arabesque","product_tag-raoul-cauvin","product_tag-willy-lambil"],"yoast_head":"<!-- This site is optimized with the Yoast SEO plugin v18.0 - https:\/\/yoast.com\/wordpress\/plugins\/seo\/ -->\n<title>Les Tuniques Bleues Tome 64 - Album O\u00f9 est donc Arabesque ? Willy Lambil, Raoul Cauvin Dupuis Leonardo (Coloriste) - Atypique Concept Store<\/title>\n<meta name=\"robots\" content=\"index, follow, max-snippet:-1, max-image-preview:large, max-video-preview:-1\" \/>\n<link rel=\"canonical\" href=\"https:\/\/atypique.brunotarhan.fr\/index.php\/produit\/les-tuniques-bleues-tome-64-albumou-est-donc-arabesque-willy-lambil-raoul-cauvindupuisleonardo-coloriste\/\" \/>\n<meta property=\"og:locale\" content=\"fr_FR\" \/>\n<meta property=\"og:type\" content=\"article\" \/>\n<meta property=\"og:title\" content=\"Les Tuniques Bleues Tome 64 - Album O\u00f9 est donc Arabesque ? Willy Lambil, Raoul Cauvin Dupuis Leonardo (Coloriste) - Atypique Concept Store\" \/>\n<meta property=\"og:description\" content=\"De retour de mission, Blutch d\u00e9couvre qu&#039;Arabesque, sa pr\u00e9cieuse jument capable de faire la morte pendant les charges, a \u00e9t\u00e9 r\u00e9quisitionn\u00e9e par\u2026\" \/>\n<meta property=\"og:url\" content=\"https:\/\/atypique.brunotarhan.fr\/index.php\/produit\/les-tuniques-bleues-tome-64-albumou-est-donc-arabesque-willy-lambil-raoul-cauvindupuisleonardo-coloriste\/\" \/>\n<meta property=\"og:site_name\" content=\"Atypique Concept Store\" \/>\n<meta name=\"twitter:card\" content=\"summary_large_image\" \/>\n<meta name=\"twitter:label1\" content=\"Dur\u00e9e de lecture estim\u00e9e\" \/>\n\t<meta name=\"twitter:data1\" content=\"1 minute\" \/>\n<script type=\"application\/ld+json\" class=\"yoast-schema-graph\">{\"@context\":\"https:\/\/schema.org\",\"@graph\":[{\"@type\":\"WebSite\",\"@id\":\"https:\/\/atypique.brunotarhan.fr\/#website\",\"url\":\"https:\/\/atypique.brunotarhan.fr\/\",\"name\":\"Atypique Concept Store\",\"description\":\"Just another WordPress site\",\"potentialAction\":[{\"@type\":\"SearchAction\",\"target\":{\"@type\":\"EntryPoint\",\"urlTemplate\":\"https:\/\/atypique.brunotarhan.fr\/?s={search_term_string}\"},\"query-input\":\"required name=search_term_string\"}],\"inLanguage\":\"fr-FR\"},{\"@type\":\"ImageObject\",\"@id\":\"https:\/\/atypique.brunotarhan.fr\/index.php\/produit\/les-tuniques-bleues-tome-64-albumou-est-donc-arabesque-willy-lambil-raoul-cauvindupuisleonardo-coloriste\/#primaryimage\",\"inLanguage\":\"fr-FR\",\"url\":\"https:\/\/atypique.brunotarhan.fr\/wp-content\/uploads\/2022\/04\/les-tuniques-bleues-t64.webp\",\"contentUrl\":\"https:\/\/atypique.brunotarhan.fr\/wp-content\/uploads\/2022\/04\/les-tuniques-bleues-t64.webp\",\"width\":364,\"height\":500},{\"@type\":\"WebPage\",\"@id\":\"https:\/\/atypique.brunotarhan.fr\/index.php\/produit\/les-tuniques-bleues-tome-64-albumou-est-donc-arabesque-willy-lambil-raoul-cauvindupuisleonardo-coloriste\/#webpage\",\"url\":\"https:\/\/atypique.brunotarhan.fr\/index.php\/produit\/les-tuniques-bleues-tome-64-albumou-est-donc-arabesque-willy-lambil-raoul-cauvindupuisleonardo-coloriste\/\",\"name\":\"Les Tuniques Bleues Tome 64 - Album O\u00f9 est donc Arabesque ? Willy Lambil, Raoul Cauvin Dupuis Leonardo (Coloriste) - Atypique Concept Store\",\"isPartOf\":{\"@id\":\"https:\/\/atypique.brunotarhan.fr\/#website\"},\"primaryImageOfPage\":{\"@id\":\"https:\/\/atypique.brunotarhan.fr\/index.php\/produit\/les-tuniques-bleues-tome-64-albumou-est-donc-arabesque-willy-lambil-raoul-cauvindupuisleonardo-coloriste\/#primaryimage\"},\"datePublished\":\"2022-04-25T22:48:04+00:00\",\"dateModified\":\"2022-04-25T22:48:04+00:00\",\"breadcrumb\":{\"@id\":\"https:\/\/atypique.brunotarhan.fr\/index.php\/produit\/les-tuniques-bleues-tome-64-albumou-est-donc-arabesque-willy-lambil-raoul-cauvindupuisleonardo-coloriste\/#breadcrumb\"},\"inLanguage\":\"fr-FR\",\"potentialAction\":[{\"@type\":\"ReadAction\",\"target\":[\"https:\/\/atypique.brunotarhan.fr\/index.php\/produit\/les-tuniques-bleues-tome-64-albumou-est-donc-arabesque-willy-lambil-raoul-cauvindupuisleonardo-coloriste\/\"]}]},{\"@type\":\"BreadcrumbList\",\"@id\":\"https:\/\/atypique.brunotarhan.fr\/index.php\/produit\/les-tuniques-bleues-tome-64-albumou-est-donc-arabesque-willy-lambil-raoul-cauvindupuisleonardo-coloriste\/#breadcrumb\",\"itemListElement\":[{\"@type\":\"ListItem\",\"position\":1,\"name\":\"Accueil\",\"item\":\"https:\/\/atypique.brunotarhan.fr\/\"},{\"@type\":\"ListItem\",\"position\":2,\"name\":\"\"},{\"@type\":\"ListItem\",\"position\":3,\"name\":\"Les Tuniques Bleues Tome 64 &#8211; Album O\u00f9 est donc Arabesque ? Willy Lambil, Raoul Cauvin Dupuis Leonardo (Coloriste)\"}]}]}<\/script>\n<!-- \/ Yoast SEO plugin. -->","yoast_head_json":{"title":"Les Tuniques Bleues Tome 64 - Album O\u00f9 est donc Arabesque ? Willy Lambil, Raoul Cauvin Dupuis Leonardo (Coloriste) - Atypique Concept Store","robots":{"index":"index","follow":"follow","max-snippet":"max-snippet:-1","max-image-preview":"max-image-preview:large","max-video-preview":"max-video-preview:-1"},"canonical":"https:\/\/atypique.brunotarhan.fr\/index.php\/produit\/les-tuniques-bleues-tome-64-albumou-est-donc-arabesque-willy-lambil-raoul-cauvindupuisleonardo-coloriste\/","og_locale":"fr_FR","og_type":"article","og_title":"Les Tuniques Bleues Tome 64 - Album O\u00f9 est donc Arabesque ? Willy Lambil, Raoul Cauvin Dupuis Leonardo (Coloriste) - Atypique Concept Store","og_description":"De retour de mission, Blutch d\u00e9couvre qu'Arabesque, sa pr\u00e9cieuse jument capable de faire la morte pendant les charges, a \u00e9t\u00e9 r\u00e9quisitionn\u00e9e par\u2026","og_url":"https:\/\/atypique.brunotarhan.fr\/index.php\/produit\/les-tuniques-bleues-tome-64-albumou-est-donc-arabesque-willy-lambil-raoul-cauvindupuisleonardo-coloriste\/","og_site_name":"Atypique Concept Store","twitter_card":"summary_large_image","twitter_misc":{"Dur\u00e9e de lecture estim\u00e9e":"1 minute"},"schema":{"@context":"https:\/\/schema.org","@graph":[{"@type":"WebSite","@id":"https:\/\/atypique.brunotarhan.fr\/#website","url":"https:\/\/atypique.brunotarhan.fr\/","name":"Atypique Concept Store","description":"Just another WordPress site","potentialAction":[{"@type":"SearchAction","target":{"@type":"EntryPoint","urlTemplate":"https:\/\/atypique.brunotarhan.fr\/?s={search_term_string}"},"query-input":"required name=search_term_string"}],"inLanguage":"fr-FR"},{"@type":"ImageObject","@id":"https:\/\/atypique.brunotarhan.fr\/index.php\/produit\/les-tuniques-bleues-tome-64-albumou-est-donc-arabesque-willy-lambil-raoul-cauvindupuisleonardo-coloriste\/#primaryimage","inLanguage":"fr-FR","url":"https:\/\/atypique.brunotarhan.fr\/wp-content\/uploads\/2022\/04\/les-tuniques-bleues-t64.webp","contentUrl":"https:\/\/atypique.brunotarhan.fr\/wp-content\/uploads\/2022\/04\/les-tuniques-bleues-t64.webp","width":364,"height":500},{"@type":"WebPage","@id":"https:\/\/atypique.brunotarhan.fr\/index.php\/produit\/les-tuniques-bleues-tome-64-albumou-est-donc-arabesque-willy-lambil-raoul-cauvindupuisleonardo-coloriste\/#webpage","url":"https:\/\/atypique.brunotarhan.fr\/index.php\/produit\/les-tuniques-bleues-tome-64-albumou-est-donc-arabesque-willy-lambil-raoul-cauvindupuisleonardo-coloriste\/","name":"Les Tuniques Bleues Tome 64 - Album O\u00f9 est donc Arabesque ? Willy Lambil, Raoul Cauvin Dupuis Leonardo (Coloriste) - Atypique Concept Store","isPartOf":{"@id":"https:\/\/atypique.brunotarhan.fr\/#website"},"primaryImageOfPage":{"@id":"https:\/\/atypique.brunotarhan.fr\/index.php\/produit\/les-tuniques-bleues-tome-64-albumou-est-donc-arabesque-willy-lambil-raoul-cauvindupuisleonardo-coloriste\/#primaryimage"},"datePublished":"2022-04-25T22:48:04+00:00","dateModified":"2022-04-25T22:48:04+00:00","breadcrumb":{"@id":"https:\/\/atypique.brunotarhan.fr\/index.php\/produit\/les-tuniques-bleues-tome-64-albumou-est-donc-arabesque-willy-lambil-raoul-cauvindupuisleonardo-coloriste\/#breadcrumb"},"inLanguage":"fr-FR","potentialAction":[{"@type":"ReadAction","target":["https:\/\/atypique.brunotarhan.fr\/index.php\/produit\/les-tuniques-bleues-tome-64-albumou-est-donc-arabesque-willy-lambil-raoul-cauvindupuisleonardo-coloriste\/"]}]},{"@type":"BreadcrumbList","@id":"https:\/\/atypique.brunotarhan.fr\/index.php\/produit\/les-tuniques-bleues-tome-64-albumou-est-donc-arabesque-willy-lambil-raoul-cauvindupuisleonardo-coloriste\/#breadcrumb","itemListElement":[{"@type":"ListItem","position":1,"name":"Accueil","item":"https:\/\/atypique.brunotarhan.fr\/"},{"@type":"ListItem","position":2,"name":""},{"@type":"ListItem","position":3,"name":"Les Tuniques Bleues Tome 64 &#8211; Album O\u00f9 est donc Arabesque ? Willy Lambil, Raoul Cauvin Dupuis Leonardo (Coloriste)"}]}]}},"_links":{"self":[{"href":"https:\/\/atypique.brunotarhan.fr\/index.php\/wp-json\/wp\/v2\/product\/16128","targetHints":{"allow":["GET"]}}],"collection":[{"href":"https:\/\/atypique.brunotarhan.fr\/index.php\/wp-json\/wp\/v2\/product"}],"about":[{"href":"https:\/\/atypique.brunotarhan.fr\/index.php\/wp-json\/wp\/v2\/types\/product"}],"replies":[{"embeddable":true,"href":"https:\/\/atypique.brunotarhan.fr\/index.php\/wp-json\/wp\/v2\/comments?post=16128"}],"wp:featuredmedia":[{"embeddable":true,"href":"https:\/\/atypique.brunotarhan.fr\/index.php\/wp-json\/wp\/v2\/media\/15878"}],"wp:attachment":[{"href":"https:\/\/atypique.brunotarhan.fr\/index.php\/wp-json\/wp\/v2\/media?parent=16128"}],"wp:term":[{"taxonomy":"product_cat","embeddable":true,"href":"https:\/\/atypique.brunotarhan.fr\/index.php\/wp-json\/wp\/v2\/product_cat?post=16128"},{"taxonomy":"product_tag","embeddable":true,"href":"https:\/\/atypique.brunotarhan.fr\/index.php\/wp-json\/wp\/v2\/product_tag?post=16128"}],"curies":[{"name":"wp","href":"https:\/\/api.w.org\/{rel}","templated":true}]}}