{"id":16127,"date":"2022-04-25T22:48:04","date_gmt":"2022-04-25T22:48:04","guid":{"rendered":"https:\/\/atypique.brunotarhan.fr\/index.php\/produit\/les-suppliciees-du-rhone-pochecoline-gatellivre-de-poche\/"},"modified":"2022-04-25T22:48:04","modified_gmt":"2022-04-25T22:48:04","slug":"les-suppliciees-du-rhone-pochecoline-gatellivre-de-poche","status":"publish","type":"product","link":"https:\/\/atypique.brunotarhan.fr\/index.php\/produit\/les-suppliciees-du-rhone-pochecoline-gatellivre-de-poche\/","title":{"rendered":"Les supplici\u00e9es du Rh\u00f4ne &#8211; Poche\nColine Gatel\nLivre de poche"},"content":{"rendered":"<p>Lyon, 1897. Alors que des corps exsangues de jeunes filles sont retrouv\u00e9s dans la ville, pour la premi\u00e8re fois des scientifiques partent \u00e0 la recherche du coupable, mettant en pratique sur le terrain toutes les avanc\u00e9es acquises en cette fin de XIXe si\u00e8cle. Autopsies des victimes, profils psychologiques des criminels, voil\u00e0 ce que le professeur Alexandre Lacassagne veut imposer dans l&#8217;enqu\u00eate avec son \u00e9quipe, mais sait-il vraiment ce qu&#8217;il fait en nommant \u00e0 sa t\u00eate F\u00e9licien Perrier, un de ses \u00e9tudiants aussi brillant qu&#8217;intrigant ? Entour\u00e9 d&#8217;Irina, une journaliste pseudo-polonaise, et de Bernard, un carabin cent pour cent jans\u00e9niste, F\u00e9licien va d\u00e9nouer, un \u00e0 un, les fils enchev\u00eatr\u00e9s de cette affaire au coeur d&#8217;un Lyon de notables, d&#8217;opiomanes et de faiseuses d&#8217;anges.<br \/>\nJusqu&#8217;\u00e0 ce que le criminel se d\u00e9voile, surprenant et inattendu, conduisant le jeune m\u00e9decin au-del\u00e0 de ses limites.<\/p>\n","protected":false},"excerpt":{"rendered":"<p>Lyon, 1897. Alors que des corps exsangues de jeunes filles sont retrouv\u00e9s dans la ville, pour la premi\u00e8re fois des scientifiques partent \u00e0 la recherche\u2026<\/p>\n","protected":false},"featured_media":15877,"comment_status":"open","ping_status":"closed","template":"","meta":[],"product_cat":[93,204],"product_tag":[629,628,242,263,264],"class_list":["post-16127","product","type-product","status-publish","has-post-thumbnail","hentry","product_cat-librairie","product_cat-polars-thrillers","product_tag-coline-gatel","product_tag-les-suppliciees-du-rhone","product_tag-livre-de-poche","product_tag-polar","product_tag-policier"],"yoast_head":"<!-- This site is optimized with the Yoast SEO plugin v18.0 - https:\/\/yoast.com\/wordpress\/plugins\/seo\/ -->\n<title>Les supplici\u00e9es du Rh\u00f4ne - Poche Coline Gatel Livre de poche - Atypique Concept Store<\/title>\n<meta name=\"robots\" content=\"index, follow, max-snippet:-1, max-image-preview:large, max-video-preview:-1\" \/>\n<link rel=\"canonical\" href=\"https:\/\/atypique.brunotarhan.fr\/index.php\/produit\/les-suppliciees-du-rhone-pochecoline-gatellivre-de-poche\/\" \/>\n<meta property=\"og:locale\" content=\"fr_FR\" \/>\n<meta property=\"og:type\" content=\"article\" \/>\n<meta property=\"og:title\" content=\"Les supplici\u00e9es du Rh\u00f4ne - Poche Coline Gatel Livre de poche - Atypique Concept Store\" \/>\n<meta property=\"og:description\" content=\"Lyon, 1897. Alors que des corps exsangues de jeunes filles sont retrouv\u00e9s dans la ville, pour la premi\u00e8re fois des scientifiques partent \u00e0 la recherche\u2026\" \/>\n<meta property=\"og:url\" content=\"https:\/\/atypique.brunotarhan.fr\/index.php\/produit\/les-suppliciees-du-rhone-pochecoline-gatellivre-de-poche\/\" \/>\n<meta property=\"og:site_name\" content=\"Atypique Concept Store\" \/>\n<meta name=\"twitter:card\" content=\"summary_large_image\" \/>\n<meta name=\"twitter:label1\" content=\"Dur\u00e9e de lecture estim\u00e9e\" \/>\n\t<meta name=\"twitter:data1\" content=\"1 minute\" \/>\n<script type=\"application\/ld+json\" class=\"yoast-schema-graph\">{\"@context\":\"https:\/\/schema.org\",\"@graph\":[{\"@type\":\"WebSite\",\"@id\":\"https:\/\/atypique.brunotarhan.fr\/#website\",\"url\":\"https:\/\/atypique.brunotarhan.fr\/\",\"name\":\"Atypique Concept Store\",\"description\":\"Just another WordPress site\",\"potentialAction\":[{\"@type\":\"SearchAction\",\"target\":{\"@type\":\"EntryPoint\",\"urlTemplate\":\"https:\/\/atypique.brunotarhan.fr\/?s={search_term_string}\"},\"query-input\":\"required name=search_term_string\"}],\"inLanguage\":\"fr-FR\"},{\"@type\":\"ImageObject\",\"@id\":\"https:\/\/atypique.brunotarhan.fr\/index.php\/produit\/les-suppliciees-du-rhone-pochecoline-gatellivre-de-poche\/#primaryimage\",\"inLanguage\":\"fr-FR\",\"url\":\"https:\/\/atypique.brunotarhan.fr\/wp-content\/uploads\/2022\/04\/les-supplicies-du-rhone.webp\",\"contentUrl\":\"https:\/\/atypique.brunotarhan.fr\/wp-content\/uploads\/2022\/04\/les-supplicies-du-rhone.webp\",\"width\":309,\"height\":500},{\"@type\":\"WebPage\",\"@id\":\"https:\/\/atypique.brunotarhan.fr\/index.php\/produit\/les-suppliciees-du-rhone-pochecoline-gatellivre-de-poche\/#webpage\",\"url\":\"https:\/\/atypique.brunotarhan.fr\/index.php\/produit\/les-suppliciees-du-rhone-pochecoline-gatellivre-de-poche\/\",\"name\":\"Les supplici\u00e9es du Rh\u00f4ne - Poche Coline Gatel Livre de poche - Atypique Concept Store\",\"isPartOf\":{\"@id\":\"https:\/\/atypique.brunotarhan.fr\/#website\"},\"primaryImageOfPage\":{\"@id\":\"https:\/\/atypique.brunotarhan.fr\/index.php\/produit\/les-suppliciees-du-rhone-pochecoline-gatellivre-de-poche\/#primaryimage\"},\"datePublished\":\"2022-04-25T22:48:04+00:00\",\"dateModified\":\"2022-04-25T22:48:04+00:00\",\"breadcrumb\":{\"@id\":\"https:\/\/atypique.brunotarhan.fr\/index.php\/produit\/les-suppliciees-du-rhone-pochecoline-gatellivre-de-poche\/#breadcrumb\"},\"inLanguage\":\"fr-FR\",\"potentialAction\":[{\"@type\":\"ReadAction\",\"target\":[\"https:\/\/atypique.brunotarhan.fr\/index.php\/produit\/les-suppliciees-du-rhone-pochecoline-gatellivre-de-poche\/\"]}]},{\"@type\":\"BreadcrumbList\",\"@id\":\"https:\/\/atypique.brunotarhan.fr\/index.php\/produit\/les-suppliciees-du-rhone-pochecoline-gatellivre-de-poche\/#breadcrumb\",\"itemListElement\":[{\"@type\":\"ListItem\",\"position\":1,\"name\":\"Accueil\",\"item\":\"https:\/\/atypique.brunotarhan.fr\/\"},{\"@type\":\"ListItem\",\"position\":2,\"name\":\"\"},{\"@type\":\"ListItem\",\"position\":3,\"name\":\"Les supplici\u00e9es du Rh\u00f4ne &#8211; Poche Coline Gatel Livre de poche\"}]}]}<\/script>\n<!-- \/ Yoast SEO plugin. -->","yoast_head_json":{"title":"Les supplici\u00e9es du Rh\u00f4ne - Poche Coline Gatel Livre de poche - Atypique Concept Store","robots":{"index":"index","follow":"follow","max-snippet":"max-snippet:-1","max-image-preview":"max-image-preview:large","max-video-preview":"max-video-preview:-1"},"canonical":"https:\/\/atypique.brunotarhan.fr\/index.php\/produit\/les-suppliciees-du-rhone-pochecoline-gatellivre-de-poche\/","og_locale":"fr_FR","og_type":"article","og_title":"Les supplici\u00e9es du Rh\u00f4ne - Poche Coline Gatel Livre de poche - Atypique Concept Store","og_description":"Lyon, 1897. Alors que des corps exsangues de jeunes filles sont retrouv\u00e9s dans la ville, pour la premi\u00e8re fois des scientifiques partent \u00e0 la recherche\u2026","og_url":"https:\/\/atypique.brunotarhan.fr\/index.php\/produit\/les-suppliciees-du-rhone-pochecoline-gatellivre-de-poche\/","og_site_name":"Atypique Concept Store","twitter_card":"summary_large_image","twitter_misc":{"Dur\u00e9e de lecture estim\u00e9e":"1 minute"},"schema":{"@context":"https:\/\/schema.org","@graph":[{"@type":"WebSite","@id":"https:\/\/atypique.brunotarhan.fr\/#website","url":"https:\/\/atypique.brunotarhan.fr\/","name":"Atypique Concept Store","description":"Just another WordPress site","potentialAction":[{"@type":"SearchAction","target":{"@type":"EntryPoint","urlTemplate":"https:\/\/atypique.brunotarhan.fr\/?s={search_term_string}"},"query-input":"required name=search_term_string"}],"inLanguage":"fr-FR"},{"@type":"ImageObject","@id":"https:\/\/atypique.brunotarhan.fr\/index.php\/produit\/les-suppliciees-du-rhone-pochecoline-gatellivre-de-poche\/#primaryimage","inLanguage":"fr-FR","url":"https:\/\/atypique.brunotarhan.fr\/wp-content\/uploads\/2022\/04\/les-supplicies-du-rhone.webp","contentUrl":"https:\/\/atypique.brunotarhan.fr\/wp-content\/uploads\/2022\/04\/les-supplicies-du-rhone.webp","width":309,"height":500},{"@type":"WebPage","@id":"https:\/\/atypique.brunotarhan.fr\/index.php\/produit\/les-suppliciees-du-rhone-pochecoline-gatellivre-de-poche\/#webpage","url":"https:\/\/atypique.brunotarhan.fr\/index.php\/produit\/les-suppliciees-du-rhone-pochecoline-gatellivre-de-poche\/","name":"Les supplici\u00e9es du Rh\u00f4ne - Poche Coline Gatel Livre de poche - Atypique Concept Store","isPartOf":{"@id":"https:\/\/atypique.brunotarhan.fr\/#website"},"primaryImageOfPage":{"@id":"https:\/\/atypique.brunotarhan.fr\/index.php\/produit\/les-suppliciees-du-rhone-pochecoline-gatellivre-de-poche\/#primaryimage"},"datePublished":"2022-04-25T22:48:04+00:00","dateModified":"2022-04-25T22:48:04+00:00","breadcrumb":{"@id":"https:\/\/atypique.brunotarhan.fr\/index.php\/produit\/les-suppliciees-du-rhone-pochecoline-gatellivre-de-poche\/#breadcrumb"},"inLanguage":"fr-FR","potentialAction":[{"@type":"ReadAction","target":["https:\/\/atypique.brunotarhan.fr\/index.php\/produit\/les-suppliciees-du-rhone-pochecoline-gatellivre-de-poche\/"]}]},{"@type":"BreadcrumbList","@id":"https:\/\/atypique.brunotarhan.fr\/index.php\/produit\/les-suppliciees-du-rhone-pochecoline-gatellivre-de-poche\/#breadcrumb","itemListElement":[{"@type":"ListItem","position":1,"name":"Accueil","item":"https:\/\/atypique.brunotarhan.fr\/"},{"@type":"ListItem","position":2,"name":""},{"@type":"ListItem","position":3,"name":"Les supplici\u00e9es du Rh\u00f4ne &#8211; Poche Coline Gatel Livre de poche"}]}]}},"_links":{"self":[{"href":"https:\/\/atypique.brunotarhan.fr\/index.php\/wp-json\/wp\/v2\/product\/16127","targetHints":{"allow":["GET"]}}],"collection":[{"href":"https:\/\/atypique.brunotarhan.fr\/index.php\/wp-json\/wp\/v2\/product"}],"about":[{"href":"https:\/\/atypique.brunotarhan.fr\/index.php\/wp-json\/wp\/v2\/types\/product"}],"replies":[{"embeddable":true,"href":"https:\/\/atypique.brunotarhan.fr\/index.php\/wp-json\/wp\/v2\/comments?post=16127"}],"wp:featuredmedia":[{"embeddable":true,"href":"https:\/\/atypique.brunotarhan.fr\/index.php\/wp-json\/wp\/v2\/media\/15877"}],"wp:attachment":[{"href":"https:\/\/atypique.brunotarhan.fr\/index.php\/wp-json\/wp\/v2\/media?parent=16127"}],"wp:term":[{"taxonomy":"product_cat","embeddable":true,"href":"https:\/\/atypique.brunotarhan.fr\/index.php\/wp-json\/wp\/v2\/product_cat?post=16127"},{"taxonomy":"product_tag","embeddable":true,"href":"https:\/\/atypique.brunotarhan.fr\/index.php\/wp-json\/wp\/v2\/product_tag?post=16127"}],"curies":[{"name":"wp","href":"https:\/\/api.w.org\/{rel}","templated":true}]}}