{"id":16126,"date":"2022-04-25T22:48:04","date_gmt":"2022-04-25T22:48:04","guid":{"rendered":"https:\/\/atypique.brunotarhan.fr\/index.php\/produit\/les-schtroumpfs-tome-39-albumles-schtroumpfs-et-la-tempete-blanchepeyo-thierry-culliford-alain-jost-alain-maurynine-culliford-coloristelombard\/"},"modified":"2022-04-25T22:48:04","modified_gmt":"2022-04-25T22:48:04","slug":"les-schtroumpfs-tome-39-albumles-schtroumpfs-et-la-tempete-blanchepeyo-thierry-culliford-alain-jost-alain-maurynine-culliford-coloristelombard","status":"publish","type":"product","link":"https:\/\/atypique.brunotarhan.fr\/index.php\/produit\/les-schtroumpfs-tome-39-albumles-schtroumpfs-et-la-tempete-blanchepeyo-thierry-culliford-alain-jost-alain-maurynine-culliford-coloristelombard\/","title":{"rendered":"Les Schtroumpfs Tome 39 &#8211; Album\nLes Schtroumpfs et la temp\u00eate blanche\nPeyo, Thierry Culliford, Alain Jost, Alain Maury\nNine Culliford (Coloriste)\nLombard"},"content":{"rendered":"<p>Comme chaque ann\u00e9e, les premiers frimas sont attendus de pied ferme par les Schtroumpfs, qui se sont bien pr\u00e9par\u00e9s. Mais personne ne s&#8217;attendait \u00e0 un tel blizzard ! Partis tester une nouvelle luge, les Schtroumpfs Farceur, \u00e0 Lunettes et Bricoleur se retrouvent coup\u00e9s d&#8217;un village qui s&#8217;organise tant bien que mal. Ils trouvent refuge chez un sourcier acari\u00e2tre, qui a pourtant tout fait pour fuir la vie en communaut\u00e9.<br \/>\nEt si le salut des uns schtroumpfait par celui des autres ?<\/p>\n","protected":false},"excerpt":{"rendered":"<p>Comme chaque ann\u00e9e, les premiers frimas sont attendus de pied ferme par les Schtroumpfs, qui se sont bien pr\u00e9par\u00e9s. Mais personne ne s&#8217;attendait \u00e0&#8230; <\/p>\n","protected":false},"featured_media":15876,"comment_status":"open","ping_status":"closed","template":"","meta":[],"product_cat":[212,93],"product_tag":[625,626,214,622,621,529,627,623,624],"class_list":["post-16126","product","type-product","status-publish","has-post-thumbnail","hentry","product_cat-bandes-dessinees","product_cat-librairie","product_tag-alain-jost","product_tag-alain-maury","product_tag-bandes-dessinees","product_tag-les-schtroumpfs-et-la-tempete-blanche","product_tag-les-schtroumpfs-tome-39","product_tag-lombard","product_tag-nine-culliford","product_tag-peyo","product_tag-thierry-culliford"],"yoast_head":"<!-- This site is optimized with the Yoast SEO plugin v18.0 - https:\/\/yoast.com\/wordpress\/plugins\/seo\/ -->\n<title>Les Schtroumpfs Tome 39 - Album Les Schtroumpfs et la temp\u00eate blanche Peyo, Thierry Culliford, Alain Jost, Alain Maury Nine Culliford (Coloriste) Lombard - Atypique Concept Store<\/title>\n<meta name=\"robots\" content=\"index, follow, max-snippet:-1, max-image-preview:large, max-video-preview:-1\" \/>\n<link rel=\"canonical\" href=\"https:\/\/atypique.brunotarhan.fr\/index.php\/produit\/les-schtroumpfs-tome-39-albumles-schtroumpfs-et-la-tempete-blanchepeyo-thierry-culliford-alain-jost-alain-maurynine-culliford-coloristelombard\/\" \/>\n<meta property=\"og:locale\" content=\"fr_FR\" \/>\n<meta property=\"og:type\" content=\"article\" \/>\n<meta property=\"og:title\" content=\"Les Schtroumpfs Tome 39 - Album Les Schtroumpfs et la temp\u00eate blanche Peyo, Thierry Culliford, Alain Jost, Alain Maury Nine Culliford (Coloriste) Lombard - Atypique Concept Store\" \/>\n<meta property=\"og:description\" content=\"Comme chaque ann\u00e9e, les premiers frimas sont attendus de pied ferme par les Schtroumpfs, qui se sont bien pr\u00e9par\u00e9s. Mais personne ne s&#039;attendait \u00e0...\" \/>\n<meta property=\"og:url\" content=\"https:\/\/atypique.brunotarhan.fr\/index.php\/produit\/les-schtroumpfs-tome-39-albumles-schtroumpfs-et-la-tempete-blanchepeyo-thierry-culliford-alain-jost-alain-maurynine-culliford-coloristelombard\/\" \/>\n<meta property=\"og:site_name\" content=\"Atypique Concept Store\" \/>\n<meta name=\"twitter:card\" content=\"summary_large_image\" \/>\n<script type=\"application\/ld+json\" class=\"yoast-schema-graph\">{\"@context\":\"https:\/\/schema.org\",\"@graph\":[{\"@type\":\"WebSite\",\"@id\":\"https:\/\/atypique.brunotarhan.fr\/#website\",\"url\":\"https:\/\/atypique.brunotarhan.fr\/\",\"name\":\"Atypique Concept Store\",\"description\":\"Just another WordPress site\",\"potentialAction\":[{\"@type\":\"SearchAction\",\"target\":{\"@type\":\"EntryPoint\",\"urlTemplate\":\"https:\/\/atypique.brunotarhan.fr\/?s={search_term_string}\"},\"query-input\":\"required name=search_term_string\"}],\"inLanguage\":\"fr-FR\"},{\"@type\":\"ImageObject\",\"@id\":\"https:\/\/atypique.brunotarhan.fr\/index.php\/produit\/les-schtroumpfs-tome-39-albumles-schtroumpfs-et-la-tempete-blanchepeyo-thierry-culliford-alain-jost-alain-maurynine-culliford-coloristelombard\/#primaryimage\",\"inLanguage\":\"fr-FR\",\"url\":\"https:\/\/atypique.brunotarhan.fr\/wp-content\/uploads\/2022\/04\/les-schtroumpfs-t39.webp\",\"contentUrl\":\"https:\/\/atypique.brunotarhan.fr\/wp-content\/uploads\/2022\/04\/les-schtroumpfs-t39.webp\",\"width\":376,\"height\":500},{\"@type\":\"WebPage\",\"@id\":\"https:\/\/atypique.brunotarhan.fr\/index.php\/produit\/les-schtroumpfs-tome-39-albumles-schtroumpfs-et-la-tempete-blanchepeyo-thierry-culliford-alain-jost-alain-maurynine-culliford-coloristelombard\/#webpage\",\"url\":\"https:\/\/atypique.brunotarhan.fr\/index.php\/produit\/les-schtroumpfs-tome-39-albumles-schtroumpfs-et-la-tempete-blanchepeyo-thierry-culliford-alain-jost-alain-maurynine-culliford-coloristelombard\/\",\"name\":\"Les Schtroumpfs Tome 39 - Album Les Schtroumpfs et la temp\u00eate blanche Peyo, Thierry Culliford, Alain Jost, Alain Maury Nine Culliford (Coloriste) Lombard - Atypique Concept Store\",\"isPartOf\":{\"@id\":\"https:\/\/atypique.brunotarhan.fr\/#website\"},\"primaryImageOfPage\":{\"@id\":\"https:\/\/atypique.brunotarhan.fr\/index.php\/produit\/les-schtroumpfs-tome-39-albumles-schtroumpfs-et-la-tempete-blanchepeyo-thierry-culliford-alain-jost-alain-maurynine-culliford-coloristelombard\/#primaryimage\"},\"datePublished\":\"2022-04-25T22:48:04+00:00\",\"dateModified\":\"2022-04-25T22:48:04+00:00\",\"breadcrumb\":{\"@id\":\"https:\/\/atypique.brunotarhan.fr\/index.php\/produit\/les-schtroumpfs-tome-39-albumles-schtroumpfs-et-la-tempete-blanchepeyo-thierry-culliford-alain-jost-alain-maurynine-culliford-coloristelombard\/#breadcrumb\"},\"inLanguage\":\"fr-FR\",\"potentialAction\":[{\"@type\":\"ReadAction\",\"target\":[\"https:\/\/atypique.brunotarhan.fr\/index.php\/produit\/les-schtroumpfs-tome-39-albumles-schtroumpfs-et-la-tempete-blanchepeyo-thierry-culliford-alain-jost-alain-maurynine-culliford-coloristelombard\/\"]}]},{\"@type\":\"BreadcrumbList\",\"@id\":\"https:\/\/atypique.brunotarhan.fr\/index.php\/produit\/les-schtroumpfs-tome-39-albumles-schtroumpfs-et-la-tempete-blanchepeyo-thierry-culliford-alain-jost-alain-maurynine-culliford-coloristelombard\/#breadcrumb\",\"itemListElement\":[{\"@type\":\"ListItem\",\"position\":1,\"name\":\"Accueil\",\"item\":\"https:\/\/atypique.brunotarhan.fr\/\"},{\"@type\":\"ListItem\",\"position\":2,\"name\":\"\"},{\"@type\":\"ListItem\",\"position\":3,\"name\":\"Les Schtroumpfs Tome 39 &#8211; Album Les Schtroumpfs et la temp\u00eate blanche Peyo, Thierry Culliford, Alain Jost, Alain Maury Nine Culliford (Coloriste) Lombard\"}]}]}<\/script>\n<!-- \/ Yoast SEO plugin. -->","yoast_head_json":{"title":"Les Schtroumpfs Tome 39 - Album Les Schtroumpfs et la temp\u00eate blanche Peyo, Thierry Culliford, Alain Jost, Alain Maury Nine Culliford (Coloriste) Lombard - Atypique Concept Store","robots":{"index":"index","follow":"follow","max-snippet":"max-snippet:-1","max-image-preview":"max-image-preview:large","max-video-preview":"max-video-preview:-1"},"canonical":"https:\/\/atypique.brunotarhan.fr\/index.php\/produit\/les-schtroumpfs-tome-39-albumles-schtroumpfs-et-la-tempete-blanchepeyo-thierry-culliford-alain-jost-alain-maurynine-culliford-coloristelombard\/","og_locale":"fr_FR","og_type":"article","og_title":"Les Schtroumpfs Tome 39 - Album Les Schtroumpfs et la temp\u00eate blanche Peyo, Thierry Culliford, Alain Jost, Alain Maury Nine Culliford (Coloriste) Lombard - Atypique Concept Store","og_description":"Comme chaque ann\u00e9e, les premiers frimas sont attendus de pied ferme par les Schtroumpfs, qui se sont bien pr\u00e9par\u00e9s. Mais personne ne s'attendait \u00e0...","og_url":"https:\/\/atypique.brunotarhan.fr\/index.php\/produit\/les-schtroumpfs-tome-39-albumles-schtroumpfs-et-la-tempete-blanchepeyo-thierry-culliford-alain-jost-alain-maurynine-culliford-coloristelombard\/","og_site_name":"Atypique Concept Store","twitter_card":"summary_large_image","schema":{"@context":"https:\/\/schema.org","@graph":[{"@type":"WebSite","@id":"https:\/\/atypique.brunotarhan.fr\/#website","url":"https:\/\/atypique.brunotarhan.fr\/","name":"Atypique Concept Store","description":"Just another WordPress site","potentialAction":[{"@type":"SearchAction","target":{"@type":"EntryPoint","urlTemplate":"https:\/\/atypique.brunotarhan.fr\/?s={search_term_string}"},"query-input":"required name=search_term_string"}],"inLanguage":"fr-FR"},{"@type":"ImageObject","@id":"https:\/\/atypique.brunotarhan.fr\/index.php\/produit\/les-schtroumpfs-tome-39-albumles-schtroumpfs-et-la-tempete-blanchepeyo-thierry-culliford-alain-jost-alain-maurynine-culliford-coloristelombard\/#primaryimage","inLanguage":"fr-FR","url":"https:\/\/atypique.brunotarhan.fr\/wp-content\/uploads\/2022\/04\/les-schtroumpfs-t39.webp","contentUrl":"https:\/\/atypique.brunotarhan.fr\/wp-content\/uploads\/2022\/04\/les-schtroumpfs-t39.webp","width":376,"height":500},{"@type":"WebPage","@id":"https:\/\/atypique.brunotarhan.fr\/index.php\/produit\/les-schtroumpfs-tome-39-albumles-schtroumpfs-et-la-tempete-blanchepeyo-thierry-culliford-alain-jost-alain-maurynine-culliford-coloristelombard\/#webpage","url":"https:\/\/atypique.brunotarhan.fr\/index.php\/produit\/les-schtroumpfs-tome-39-albumles-schtroumpfs-et-la-tempete-blanchepeyo-thierry-culliford-alain-jost-alain-maurynine-culliford-coloristelombard\/","name":"Les Schtroumpfs Tome 39 - Album Les Schtroumpfs et la temp\u00eate blanche Peyo, Thierry Culliford, Alain Jost, Alain Maury Nine Culliford (Coloriste) Lombard - Atypique Concept Store","isPartOf":{"@id":"https:\/\/atypique.brunotarhan.fr\/#website"},"primaryImageOfPage":{"@id":"https:\/\/atypique.brunotarhan.fr\/index.php\/produit\/les-schtroumpfs-tome-39-albumles-schtroumpfs-et-la-tempete-blanchepeyo-thierry-culliford-alain-jost-alain-maurynine-culliford-coloristelombard\/#primaryimage"},"datePublished":"2022-04-25T22:48:04+00:00","dateModified":"2022-04-25T22:48:04+00:00","breadcrumb":{"@id":"https:\/\/atypique.brunotarhan.fr\/index.php\/produit\/les-schtroumpfs-tome-39-albumles-schtroumpfs-et-la-tempete-blanchepeyo-thierry-culliford-alain-jost-alain-maurynine-culliford-coloristelombard\/#breadcrumb"},"inLanguage":"fr-FR","potentialAction":[{"@type":"ReadAction","target":["https:\/\/atypique.brunotarhan.fr\/index.php\/produit\/les-schtroumpfs-tome-39-albumles-schtroumpfs-et-la-tempete-blanchepeyo-thierry-culliford-alain-jost-alain-maurynine-culliford-coloristelombard\/"]}]},{"@type":"BreadcrumbList","@id":"https:\/\/atypique.brunotarhan.fr\/index.php\/produit\/les-schtroumpfs-tome-39-albumles-schtroumpfs-et-la-tempete-blanchepeyo-thierry-culliford-alain-jost-alain-maurynine-culliford-coloristelombard\/#breadcrumb","itemListElement":[{"@type":"ListItem","position":1,"name":"Accueil","item":"https:\/\/atypique.brunotarhan.fr\/"},{"@type":"ListItem","position":2,"name":""},{"@type":"ListItem","position":3,"name":"Les Schtroumpfs Tome 39 &#8211; Album Les Schtroumpfs et la temp\u00eate blanche Peyo, Thierry Culliford, Alain Jost, Alain Maury Nine Culliford (Coloriste) Lombard"}]}]}},"_links":{"self":[{"href":"https:\/\/atypique.brunotarhan.fr\/index.php\/wp-json\/wp\/v2\/product\/16126","targetHints":{"allow":["GET"]}}],"collection":[{"href":"https:\/\/atypique.brunotarhan.fr\/index.php\/wp-json\/wp\/v2\/product"}],"about":[{"href":"https:\/\/atypique.brunotarhan.fr\/index.php\/wp-json\/wp\/v2\/types\/product"}],"replies":[{"embeddable":true,"href":"https:\/\/atypique.brunotarhan.fr\/index.php\/wp-json\/wp\/v2\/comments?post=16126"}],"wp:featuredmedia":[{"embeddable":true,"href":"https:\/\/atypique.brunotarhan.fr\/index.php\/wp-json\/wp\/v2\/media\/15876"}],"wp:attachment":[{"href":"https:\/\/atypique.brunotarhan.fr\/index.php\/wp-json\/wp\/v2\/media?parent=16126"}],"wp:term":[{"taxonomy":"product_cat","embeddable":true,"href":"https:\/\/atypique.brunotarhan.fr\/index.php\/wp-json\/wp\/v2\/product_cat?post=16126"},{"taxonomy":"product_tag","embeddable":true,"href":"https:\/\/atypique.brunotarhan.fr\/index.php\/wp-json\/wp\/v2\/product_tag?post=16126"}],"curies":[{"name":"wp","href":"https:\/\/api.w.org\/{rel}","templated":true}]}}