{"id":16124,"date":"2022-04-25T22:48:00","date_gmt":"2022-04-25T22:48:00","guid":{"rendered":"https:\/\/atypique.brunotarhan.fr\/index.php\/produit\/les-plus-beaux-villages-de-france-164-destinations-de-charme-a-decouvrir-guide-officiel-grand-formatflammarion\/"},"modified":"2022-04-25T22:48:00","modified_gmt":"2022-04-25T22:48:00","slug":"les-plus-beaux-villages-de-france-164-destinations-de-charme-a-decouvrir-guide-officiel-grand-formatflammarion","status":"publish","type":"product","link":"https:\/\/atypique.brunotarhan.fr\/index.php\/produit\/les-plus-beaux-villages-de-france-164-destinations-de-charme-a-decouvrir-guide-officiel-grand-formatflammarion\/","title":{"rendered":"Les Plus Beaux Villages de France &#8211; 164 destinations de charme \u00e0 d\u00e9couvrir, Guide officiel &#8211; Grand Format\nFlammarion"},"content":{"rendered":"<p>Depuis pr\u00e8s de 40 ans, le r\u00e9seau des Plus Beaux Villages de France s&#8217;attache \u00e0 pr\u00e9server et valoriser le patrimoine de ces lieux d&#8217;exception h\u00e9rit\u00e9s de l&#8217;histoire et nous incite \u00e0 les d\u00e9couvrir. Gr\u00e2ce \u00e0 ce guide pratique et richement illustr\u00e9, il vous pr\u00e9sente : &#8211; Ses 164 villages class\u00e9s. &#8211; Des cartes et toutes les infos pratiques pour trouver le village recherch\u00e9 et se rep\u00e9rer. &#8211; Des adresses pour se loger et se restaurer.<br \/>\n&#8211; Les sites de visite, les activit\u00e9s et \u00e9v\u00e9nements incontournables pour d\u00e9couvrir toutes les richesses de ces villages. Partez dans la cit\u00e9 m\u00e9di\u00e9vale de Noyers, aux nombreuses richesses culturelles et gastronomiques ; (re)d\u00e9couvrez la l\u00e9gende de la b\u00eate du G\u00e9vaudan au Malzieu-Ville ou parcourez les magnifiques vignobles de Ch\u00e2tillon-en-Diois, village cher au coeur de Jean Giono. NOUVEAU ! Quelques itin\u00e9raires et balades pour parcourir Les Plus Beaux Villages \u00e0 v\u00e9lo.<\/p>\n","protected":false},"excerpt":{"rendered":"<p>Depuis pr\u00e8s de 40 ans, le r\u00e9seau des Plus Beaux Villages de France s&#8217;attache \u00e0 pr\u00e9server et valoriser le patrimoine de ces lieux d&#8217;exception h\u00e9rit\u00e9s\u2026<\/p>\n","protected":false},"featured_media":15874,"comment_status":"open","ping_status":"closed","template":"","meta":[],"product_cat":[93,294],"product_tag":[452,618,617,619],"class_list":["post-16124","product","type-product","status-publish","has-post-thumbnail","hentry","product_cat-librairie","product_cat-vie-pratique","product_tag-flammarion","product_tag-guide-officiel","product_tag-les-plus-beaux-villages-de-france-164-destinations-de-charme-a-decouvrir","product_tag-voyage"],"yoast_head":"<!-- This site is optimized with the Yoast SEO plugin v18.0 - https:\/\/yoast.com\/wordpress\/plugins\/seo\/ -->\n<title>Les Plus Beaux Villages de France - 164 destinations de charme \u00e0 d\u00e9couvrir, Guide officiel - Grand Format Flammarion - Atypique Concept Store<\/title>\n<meta name=\"robots\" content=\"index, follow, max-snippet:-1, max-image-preview:large, max-video-preview:-1\" \/>\n<link rel=\"canonical\" href=\"https:\/\/atypique.brunotarhan.fr\/index.php\/produit\/les-plus-beaux-villages-de-france-164-destinations-de-charme-a-decouvrir-guide-officiel-grand-formatflammarion\/\" \/>\n<meta property=\"og:locale\" content=\"fr_FR\" \/>\n<meta property=\"og:type\" content=\"article\" \/>\n<meta property=\"og:title\" content=\"Les Plus Beaux Villages de France - 164 destinations de charme \u00e0 d\u00e9couvrir, Guide officiel - Grand Format Flammarion - Atypique Concept Store\" \/>\n<meta property=\"og:description\" content=\"Depuis pr\u00e8s de 40 ans, le r\u00e9seau des Plus Beaux Villages de France s&#039;attache \u00e0 pr\u00e9server et valoriser le patrimoine de ces lieux d&#039;exception h\u00e9rit\u00e9s\u2026\" \/>\n<meta property=\"og:url\" content=\"https:\/\/atypique.brunotarhan.fr\/index.php\/produit\/les-plus-beaux-villages-de-france-164-destinations-de-charme-a-decouvrir-guide-officiel-grand-formatflammarion\/\" \/>\n<meta property=\"og:site_name\" content=\"Atypique Concept Store\" \/>\n<meta name=\"twitter:card\" content=\"summary_large_image\" \/>\n<meta name=\"twitter:label1\" content=\"Dur\u00e9e de lecture estim\u00e9e\" \/>\n\t<meta name=\"twitter:data1\" content=\"1 minute\" \/>\n<script type=\"application\/ld+json\" class=\"yoast-schema-graph\">{\"@context\":\"https:\/\/schema.org\",\"@graph\":[{\"@type\":\"WebSite\",\"@id\":\"https:\/\/atypique.brunotarhan.fr\/#website\",\"url\":\"https:\/\/atypique.brunotarhan.fr\/\",\"name\":\"Atypique Concept Store\",\"description\":\"Just another WordPress site\",\"potentialAction\":[{\"@type\":\"SearchAction\",\"target\":{\"@type\":\"EntryPoint\",\"urlTemplate\":\"https:\/\/atypique.brunotarhan.fr\/?s={search_term_string}\"},\"query-input\":\"required name=search_term_string\"}],\"inLanguage\":\"fr-FR\"},{\"@type\":\"ImageObject\",\"@id\":\"https:\/\/atypique.brunotarhan.fr\/index.php\/produit\/les-plus-beaux-villages-de-france-164-destinations-de-charme-a-decouvrir-guide-officiel-grand-formatflammarion\/#primaryimage\",\"inLanguage\":\"fr-FR\",\"url\":\"https:\/\/atypique.brunotarhan.fr\/wp-content\/uploads\/2022\/04\/les-plus-beaux-villages-de-france.webp\",\"contentUrl\":\"https:\/\/atypique.brunotarhan.fr\/wp-content\/uploads\/2022\/04\/les-plus-beaux-villages-de-france.webp\",\"width\":402,\"height\":500},{\"@type\":\"WebPage\",\"@id\":\"https:\/\/atypique.brunotarhan.fr\/index.php\/produit\/les-plus-beaux-villages-de-france-164-destinations-de-charme-a-decouvrir-guide-officiel-grand-formatflammarion\/#webpage\",\"url\":\"https:\/\/atypique.brunotarhan.fr\/index.php\/produit\/les-plus-beaux-villages-de-france-164-destinations-de-charme-a-decouvrir-guide-officiel-grand-formatflammarion\/\",\"name\":\"Les Plus Beaux Villages de France - 164 destinations de charme \u00e0 d\u00e9couvrir, Guide officiel - Grand Format Flammarion - Atypique Concept Store\",\"isPartOf\":{\"@id\":\"https:\/\/atypique.brunotarhan.fr\/#website\"},\"primaryImageOfPage\":{\"@id\":\"https:\/\/atypique.brunotarhan.fr\/index.php\/produit\/les-plus-beaux-villages-de-france-164-destinations-de-charme-a-decouvrir-guide-officiel-grand-formatflammarion\/#primaryimage\"},\"datePublished\":\"2022-04-25T22:48:00+00:00\",\"dateModified\":\"2022-04-25T22:48:00+00:00\",\"breadcrumb\":{\"@id\":\"https:\/\/atypique.brunotarhan.fr\/index.php\/produit\/les-plus-beaux-villages-de-france-164-destinations-de-charme-a-decouvrir-guide-officiel-grand-formatflammarion\/#breadcrumb\"},\"inLanguage\":\"fr-FR\",\"potentialAction\":[{\"@type\":\"ReadAction\",\"target\":[\"https:\/\/atypique.brunotarhan.fr\/index.php\/produit\/les-plus-beaux-villages-de-france-164-destinations-de-charme-a-decouvrir-guide-officiel-grand-formatflammarion\/\"]}]},{\"@type\":\"BreadcrumbList\",\"@id\":\"https:\/\/atypique.brunotarhan.fr\/index.php\/produit\/les-plus-beaux-villages-de-france-164-destinations-de-charme-a-decouvrir-guide-officiel-grand-formatflammarion\/#breadcrumb\",\"itemListElement\":[{\"@type\":\"ListItem\",\"position\":1,\"name\":\"Accueil\",\"item\":\"https:\/\/atypique.brunotarhan.fr\/\"},{\"@type\":\"ListItem\",\"position\":2,\"name\":\"\"},{\"@type\":\"ListItem\",\"position\":3,\"name\":\"Les Plus Beaux Villages de France &#8211; 164 destinations de charme \u00e0 d\u00e9couvrir, Guide officiel &#8211; Grand Format Flammarion\"}]}]}<\/script>\n<!-- \/ Yoast SEO plugin. -->","yoast_head_json":{"title":"Les Plus Beaux Villages de France - 164 destinations de charme \u00e0 d\u00e9couvrir, Guide officiel - Grand Format Flammarion - Atypique Concept Store","robots":{"index":"index","follow":"follow","max-snippet":"max-snippet:-1","max-image-preview":"max-image-preview:large","max-video-preview":"max-video-preview:-1"},"canonical":"https:\/\/atypique.brunotarhan.fr\/index.php\/produit\/les-plus-beaux-villages-de-france-164-destinations-de-charme-a-decouvrir-guide-officiel-grand-formatflammarion\/","og_locale":"fr_FR","og_type":"article","og_title":"Les Plus Beaux Villages de France - 164 destinations de charme \u00e0 d\u00e9couvrir, Guide officiel - Grand Format Flammarion - Atypique Concept Store","og_description":"Depuis pr\u00e8s de 40 ans, le r\u00e9seau des Plus Beaux Villages de France s'attache \u00e0 pr\u00e9server et valoriser le patrimoine de ces lieux d'exception h\u00e9rit\u00e9s\u2026","og_url":"https:\/\/atypique.brunotarhan.fr\/index.php\/produit\/les-plus-beaux-villages-de-france-164-destinations-de-charme-a-decouvrir-guide-officiel-grand-formatflammarion\/","og_site_name":"Atypique Concept Store","twitter_card":"summary_large_image","twitter_misc":{"Dur\u00e9e de lecture estim\u00e9e":"1 minute"},"schema":{"@context":"https:\/\/schema.org","@graph":[{"@type":"WebSite","@id":"https:\/\/atypique.brunotarhan.fr\/#website","url":"https:\/\/atypique.brunotarhan.fr\/","name":"Atypique Concept Store","description":"Just another WordPress site","potentialAction":[{"@type":"SearchAction","target":{"@type":"EntryPoint","urlTemplate":"https:\/\/atypique.brunotarhan.fr\/?s={search_term_string}"},"query-input":"required name=search_term_string"}],"inLanguage":"fr-FR"},{"@type":"ImageObject","@id":"https:\/\/atypique.brunotarhan.fr\/index.php\/produit\/les-plus-beaux-villages-de-france-164-destinations-de-charme-a-decouvrir-guide-officiel-grand-formatflammarion\/#primaryimage","inLanguage":"fr-FR","url":"https:\/\/atypique.brunotarhan.fr\/wp-content\/uploads\/2022\/04\/les-plus-beaux-villages-de-france.webp","contentUrl":"https:\/\/atypique.brunotarhan.fr\/wp-content\/uploads\/2022\/04\/les-plus-beaux-villages-de-france.webp","width":402,"height":500},{"@type":"WebPage","@id":"https:\/\/atypique.brunotarhan.fr\/index.php\/produit\/les-plus-beaux-villages-de-france-164-destinations-de-charme-a-decouvrir-guide-officiel-grand-formatflammarion\/#webpage","url":"https:\/\/atypique.brunotarhan.fr\/index.php\/produit\/les-plus-beaux-villages-de-france-164-destinations-de-charme-a-decouvrir-guide-officiel-grand-formatflammarion\/","name":"Les Plus Beaux Villages de France - 164 destinations de charme \u00e0 d\u00e9couvrir, Guide officiel - Grand Format Flammarion - Atypique Concept Store","isPartOf":{"@id":"https:\/\/atypique.brunotarhan.fr\/#website"},"primaryImageOfPage":{"@id":"https:\/\/atypique.brunotarhan.fr\/index.php\/produit\/les-plus-beaux-villages-de-france-164-destinations-de-charme-a-decouvrir-guide-officiel-grand-formatflammarion\/#primaryimage"},"datePublished":"2022-04-25T22:48:00+00:00","dateModified":"2022-04-25T22:48:00+00:00","breadcrumb":{"@id":"https:\/\/atypique.brunotarhan.fr\/index.php\/produit\/les-plus-beaux-villages-de-france-164-destinations-de-charme-a-decouvrir-guide-officiel-grand-formatflammarion\/#breadcrumb"},"inLanguage":"fr-FR","potentialAction":[{"@type":"ReadAction","target":["https:\/\/atypique.brunotarhan.fr\/index.php\/produit\/les-plus-beaux-villages-de-france-164-destinations-de-charme-a-decouvrir-guide-officiel-grand-formatflammarion\/"]}]},{"@type":"BreadcrumbList","@id":"https:\/\/atypique.brunotarhan.fr\/index.php\/produit\/les-plus-beaux-villages-de-france-164-destinations-de-charme-a-decouvrir-guide-officiel-grand-formatflammarion\/#breadcrumb","itemListElement":[{"@type":"ListItem","position":1,"name":"Accueil","item":"https:\/\/atypique.brunotarhan.fr\/"},{"@type":"ListItem","position":2,"name":""},{"@type":"ListItem","position":3,"name":"Les Plus Beaux Villages de France &#8211; 164 destinations de charme \u00e0 d\u00e9couvrir, Guide officiel &#8211; Grand Format Flammarion"}]}]}},"_links":{"self":[{"href":"https:\/\/atypique.brunotarhan.fr\/index.php\/wp-json\/wp\/v2\/product\/16124","targetHints":{"allow":["GET"]}}],"collection":[{"href":"https:\/\/atypique.brunotarhan.fr\/index.php\/wp-json\/wp\/v2\/product"}],"about":[{"href":"https:\/\/atypique.brunotarhan.fr\/index.php\/wp-json\/wp\/v2\/types\/product"}],"replies":[{"embeddable":true,"href":"https:\/\/atypique.brunotarhan.fr\/index.php\/wp-json\/wp\/v2\/comments?post=16124"}],"wp:featuredmedia":[{"embeddable":true,"href":"https:\/\/atypique.brunotarhan.fr\/index.php\/wp-json\/wp\/v2\/media\/15874"}],"wp:attachment":[{"href":"https:\/\/atypique.brunotarhan.fr\/index.php\/wp-json\/wp\/v2\/media?parent=16124"}],"wp:term":[{"taxonomy":"product_cat","embeddable":true,"href":"https:\/\/atypique.brunotarhan.fr\/index.php\/wp-json\/wp\/v2\/product_cat?post=16124"},{"taxonomy":"product_tag","embeddable":true,"href":"https:\/\/atypique.brunotarhan.fr\/index.php\/wp-json\/wp\/v2\/product_tag?post=16124"}],"curies":[{"name":"wp","href":"https:\/\/api.w.org\/{rel}","templated":true}]}}