{"id":16123,"date":"2022-04-25T22:48:00","date_gmt":"2022-04-25T22:48:00","guid":{"rendered":"https:\/\/atypique.brunotarhan.fr\/index.php\/produit\/le-sourire-du-scorpion-pocheprix-quai-du-polarpatrice-gainlivre-de-poche\/"},"modified":"2022-04-25T22:48:00","modified_gmt":"2022-04-25T22:48:00","slug":"le-sourire-du-scorpion-pocheprix-quai-du-polarpatrice-gainlivre-de-poche","status":"publish","type":"product","link":"https:\/\/atypique.brunotarhan.fr\/index.php\/produit\/le-sourire-du-scorpion-pocheprix-quai-du-polarpatrice-gainlivre-de-poche\/","title":{"rendered":"Le sourire du scorpion &#8211; Poche\nPRIX QUAI DU POLAR\nPatrice Gain\nLivre de poche"},"content":{"rendered":"<p>Tom, sa soeur jumelle Luna et leurs parents s&#8217;engagent dans le canyon de la Tara en raft. Une belle \u00e9tape de plus dans leur vie nomade. Pourtant, malgr\u00e9 les paysages mont\u00e9n\u00e9grins \u00e9poustouflants, la complicit\u00e9 familiale et la pr\u00e9sence rassurante de Goran, leur guide serbe, la tension envahit peu \u00e0 peu le canyon et le drame frappe, sans appel. Du haut de ses quinze ans, Tom prend de plein fouet la violence du deuil et de la solitude.<br \/>\nMais, en d\u00e9pit du chaos qui lui tient d\u00e9sormais lieu de vie, il ne peut s&#8217;emp\u00eacher de retracer les \u00e9v\u00e9nements et le doute s&#8217;immisce : ne sont-ils pas les victimes d&#8217;une histoire bien plus grande que la leur ?<\/p>\n","protected":false},"excerpt":{"rendered":"<p>Tom, sa soeur jumelle Luna et leurs parents s&#8217;engagent dans le canyon de la Tara en raft. Une belle \u00e9tape de plus dans leur vie nomade. Pourtant, malgr\u00e9\u2026<\/p>\n","protected":false},"featured_media":15873,"comment_status":"open","ping_status":"closed","template":"","meta":[],"product_cat":[93,204],"product_tag":[614,242,616,263,264,615],"class_list":["post-16123","product","type-product","status-publish","has-post-thumbnail","hentry","product_cat-librairie","product_cat-polars-thrillers","product_tag-le-sourire-du-scorpion","product_tag-livre-de-poche","product_tag-patrice-gain","product_tag-polar","product_tag-policier","product_tag-prix-quai-du-polar"],"yoast_head":"<!-- This site is optimized with the Yoast SEO plugin v18.0 - https:\/\/yoast.com\/wordpress\/plugins\/seo\/ -->\n<title>Le sourire du scorpion - Poche PRIX QUAI DU POLAR Patrice Gain Livre de poche - Atypique Concept Store<\/title>\n<meta name=\"robots\" content=\"index, follow, max-snippet:-1, max-image-preview:large, max-video-preview:-1\" \/>\n<link rel=\"canonical\" href=\"https:\/\/atypique.brunotarhan.fr\/index.php\/produit\/le-sourire-du-scorpion-pocheprix-quai-du-polarpatrice-gainlivre-de-poche\/\" \/>\n<meta property=\"og:locale\" content=\"fr_FR\" \/>\n<meta property=\"og:type\" content=\"article\" \/>\n<meta property=\"og:title\" content=\"Le sourire du scorpion - Poche PRIX QUAI DU POLAR Patrice Gain Livre de poche - Atypique Concept Store\" \/>\n<meta property=\"og:description\" content=\"Tom, sa soeur jumelle Luna et leurs parents s&#039;engagent dans le canyon de la Tara en raft. Une belle \u00e9tape de plus dans leur vie nomade. Pourtant, malgr\u00e9\u2026\" \/>\n<meta property=\"og:url\" content=\"https:\/\/atypique.brunotarhan.fr\/index.php\/produit\/le-sourire-du-scorpion-pocheprix-quai-du-polarpatrice-gainlivre-de-poche\/\" \/>\n<meta property=\"og:site_name\" content=\"Atypique Concept Store\" \/>\n<meta name=\"twitter:card\" content=\"summary_large_image\" \/>\n<meta name=\"twitter:label1\" content=\"Dur\u00e9e de lecture estim\u00e9e\" \/>\n\t<meta name=\"twitter:data1\" content=\"1 minute\" \/>\n<script type=\"application\/ld+json\" class=\"yoast-schema-graph\">{\"@context\":\"https:\/\/schema.org\",\"@graph\":[{\"@type\":\"WebSite\",\"@id\":\"https:\/\/atypique.brunotarhan.fr\/#website\",\"url\":\"https:\/\/atypique.brunotarhan.fr\/\",\"name\":\"Atypique Concept Store\",\"description\":\"Just another WordPress site\",\"potentialAction\":[{\"@type\":\"SearchAction\",\"target\":{\"@type\":\"EntryPoint\",\"urlTemplate\":\"https:\/\/atypique.brunotarhan.fr\/?s={search_term_string}\"},\"query-input\":\"required name=search_term_string\"}],\"inLanguage\":\"fr-FR\"},{\"@type\":\"ImageObject\",\"@id\":\"https:\/\/atypique.brunotarhan.fr\/index.php\/produit\/le-sourire-du-scorpion-pocheprix-quai-du-polarpatrice-gainlivre-de-poche\/#primaryimage\",\"inLanguage\":\"fr-FR\",\"url\":\"https:\/\/atypique.brunotarhan.fr\/wp-content\/uploads\/2022\/04\/le-sourire-du-scorpion.webp\",\"contentUrl\":\"https:\/\/atypique.brunotarhan.fr\/wp-content\/uploads\/2022\/04\/le-sourire-du-scorpion.webp\",\"width\":309,\"height\":500},{\"@type\":\"WebPage\",\"@id\":\"https:\/\/atypique.brunotarhan.fr\/index.php\/produit\/le-sourire-du-scorpion-pocheprix-quai-du-polarpatrice-gainlivre-de-poche\/#webpage\",\"url\":\"https:\/\/atypique.brunotarhan.fr\/index.php\/produit\/le-sourire-du-scorpion-pocheprix-quai-du-polarpatrice-gainlivre-de-poche\/\",\"name\":\"Le sourire du scorpion - Poche PRIX QUAI DU POLAR Patrice Gain Livre de poche - Atypique Concept Store\",\"isPartOf\":{\"@id\":\"https:\/\/atypique.brunotarhan.fr\/#website\"},\"primaryImageOfPage\":{\"@id\":\"https:\/\/atypique.brunotarhan.fr\/index.php\/produit\/le-sourire-du-scorpion-pocheprix-quai-du-polarpatrice-gainlivre-de-poche\/#primaryimage\"},\"datePublished\":\"2022-04-25T22:48:00+00:00\",\"dateModified\":\"2022-04-25T22:48:00+00:00\",\"breadcrumb\":{\"@id\":\"https:\/\/atypique.brunotarhan.fr\/index.php\/produit\/le-sourire-du-scorpion-pocheprix-quai-du-polarpatrice-gainlivre-de-poche\/#breadcrumb\"},\"inLanguage\":\"fr-FR\",\"potentialAction\":[{\"@type\":\"ReadAction\",\"target\":[\"https:\/\/atypique.brunotarhan.fr\/index.php\/produit\/le-sourire-du-scorpion-pocheprix-quai-du-polarpatrice-gainlivre-de-poche\/\"]}]},{\"@type\":\"BreadcrumbList\",\"@id\":\"https:\/\/atypique.brunotarhan.fr\/index.php\/produit\/le-sourire-du-scorpion-pocheprix-quai-du-polarpatrice-gainlivre-de-poche\/#breadcrumb\",\"itemListElement\":[{\"@type\":\"ListItem\",\"position\":1,\"name\":\"Accueil\",\"item\":\"https:\/\/atypique.brunotarhan.fr\/\"},{\"@type\":\"ListItem\",\"position\":2,\"name\":\"\"},{\"@type\":\"ListItem\",\"position\":3,\"name\":\"Le sourire du scorpion &#8211; Poche PRIX QUAI DU POLAR Patrice Gain Livre de poche\"}]}]}<\/script>\n<!-- \/ Yoast SEO plugin. -->","yoast_head_json":{"title":"Le sourire du scorpion - Poche PRIX QUAI DU POLAR Patrice Gain Livre de poche - Atypique Concept Store","robots":{"index":"index","follow":"follow","max-snippet":"max-snippet:-1","max-image-preview":"max-image-preview:large","max-video-preview":"max-video-preview:-1"},"canonical":"https:\/\/atypique.brunotarhan.fr\/index.php\/produit\/le-sourire-du-scorpion-pocheprix-quai-du-polarpatrice-gainlivre-de-poche\/","og_locale":"fr_FR","og_type":"article","og_title":"Le sourire du scorpion - Poche PRIX QUAI DU POLAR Patrice Gain Livre de poche - Atypique Concept Store","og_description":"Tom, sa soeur jumelle Luna et leurs parents s'engagent dans le canyon de la Tara en raft. Une belle \u00e9tape de plus dans leur vie nomade. Pourtant, malgr\u00e9\u2026","og_url":"https:\/\/atypique.brunotarhan.fr\/index.php\/produit\/le-sourire-du-scorpion-pocheprix-quai-du-polarpatrice-gainlivre-de-poche\/","og_site_name":"Atypique Concept Store","twitter_card":"summary_large_image","twitter_misc":{"Dur\u00e9e de lecture estim\u00e9e":"1 minute"},"schema":{"@context":"https:\/\/schema.org","@graph":[{"@type":"WebSite","@id":"https:\/\/atypique.brunotarhan.fr\/#website","url":"https:\/\/atypique.brunotarhan.fr\/","name":"Atypique Concept Store","description":"Just another WordPress site","potentialAction":[{"@type":"SearchAction","target":{"@type":"EntryPoint","urlTemplate":"https:\/\/atypique.brunotarhan.fr\/?s={search_term_string}"},"query-input":"required name=search_term_string"}],"inLanguage":"fr-FR"},{"@type":"ImageObject","@id":"https:\/\/atypique.brunotarhan.fr\/index.php\/produit\/le-sourire-du-scorpion-pocheprix-quai-du-polarpatrice-gainlivre-de-poche\/#primaryimage","inLanguage":"fr-FR","url":"https:\/\/atypique.brunotarhan.fr\/wp-content\/uploads\/2022\/04\/le-sourire-du-scorpion.webp","contentUrl":"https:\/\/atypique.brunotarhan.fr\/wp-content\/uploads\/2022\/04\/le-sourire-du-scorpion.webp","width":309,"height":500},{"@type":"WebPage","@id":"https:\/\/atypique.brunotarhan.fr\/index.php\/produit\/le-sourire-du-scorpion-pocheprix-quai-du-polarpatrice-gainlivre-de-poche\/#webpage","url":"https:\/\/atypique.brunotarhan.fr\/index.php\/produit\/le-sourire-du-scorpion-pocheprix-quai-du-polarpatrice-gainlivre-de-poche\/","name":"Le sourire du scorpion - Poche PRIX QUAI DU POLAR Patrice Gain Livre de poche - Atypique Concept Store","isPartOf":{"@id":"https:\/\/atypique.brunotarhan.fr\/#website"},"primaryImageOfPage":{"@id":"https:\/\/atypique.brunotarhan.fr\/index.php\/produit\/le-sourire-du-scorpion-pocheprix-quai-du-polarpatrice-gainlivre-de-poche\/#primaryimage"},"datePublished":"2022-04-25T22:48:00+00:00","dateModified":"2022-04-25T22:48:00+00:00","breadcrumb":{"@id":"https:\/\/atypique.brunotarhan.fr\/index.php\/produit\/le-sourire-du-scorpion-pocheprix-quai-du-polarpatrice-gainlivre-de-poche\/#breadcrumb"},"inLanguage":"fr-FR","potentialAction":[{"@type":"ReadAction","target":["https:\/\/atypique.brunotarhan.fr\/index.php\/produit\/le-sourire-du-scorpion-pocheprix-quai-du-polarpatrice-gainlivre-de-poche\/"]}]},{"@type":"BreadcrumbList","@id":"https:\/\/atypique.brunotarhan.fr\/index.php\/produit\/le-sourire-du-scorpion-pocheprix-quai-du-polarpatrice-gainlivre-de-poche\/#breadcrumb","itemListElement":[{"@type":"ListItem","position":1,"name":"Accueil","item":"https:\/\/atypique.brunotarhan.fr\/"},{"@type":"ListItem","position":2,"name":""},{"@type":"ListItem","position":3,"name":"Le sourire du scorpion &#8211; Poche PRIX QUAI DU POLAR Patrice Gain Livre de poche"}]}]}},"_links":{"self":[{"href":"https:\/\/atypique.brunotarhan.fr\/index.php\/wp-json\/wp\/v2\/product\/16123","targetHints":{"allow":["GET"]}}],"collection":[{"href":"https:\/\/atypique.brunotarhan.fr\/index.php\/wp-json\/wp\/v2\/product"}],"about":[{"href":"https:\/\/atypique.brunotarhan.fr\/index.php\/wp-json\/wp\/v2\/types\/product"}],"replies":[{"embeddable":true,"href":"https:\/\/atypique.brunotarhan.fr\/index.php\/wp-json\/wp\/v2\/comments?post=16123"}],"wp:featuredmedia":[{"embeddable":true,"href":"https:\/\/atypique.brunotarhan.fr\/index.php\/wp-json\/wp\/v2\/media\/15873"}],"wp:attachment":[{"href":"https:\/\/atypique.brunotarhan.fr\/index.php\/wp-json\/wp\/v2\/media?parent=16123"}],"wp:term":[{"taxonomy":"product_cat","embeddable":true,"href":"https:\/\/atypique.brunotarhan.fr\/index.php\/wp-json\/wp\/v2\/product_cat?post=16123"},{"taxonomy":"product_tag","embeddable":true,"href":"https:\/\/atypique.brunotarhan.fr\/index.php\/wp-json\/wp\/v2\/product_tag?post=16123"}],"curies":[{"name":"wp","href":"https:\/\/api.w.org\/{rel}","templated":true}]}}