{"id":16122,"date":"2022-04-25T22:48:00","date_gmt":"2022-04-25T22:48:00","guid":{"rendered":"https:\/\/atypique.brunotarhan.fr\/index.php\/produit\/le-souffle-de-la-nuit-pochealexandre-galienpocket\/"},"modified":"2022-04-25T22:48:00","modified_gmt":"2022-04-25T22:48:00","slug":"le-souffle-de-la-nuit-pochealexandre-galienpocket","status":"publish","type":"product","link":"https:\/\/atypique.brunotarhan.fr\/index.php\/produit\/le-souffle-de-la-nuit-pochealexandre-galienpocket\/","title":{"rendered":"Le souffle de la nuit &#8211; Poche\nAlexandre Galien\nPocket"},"content":{"rendered":"<p>Philippe Valmy, ex-flic du 36, est un homme bris\u00e9. Un an apr\u00e8s le drame qui a boulevers\u00e9 son existence, il survit tant bien que mal au Nigeria, loin de ses souvenirs. Mais l&#8217;appel de son ancien chef le sort de sa retraite : Louis, flic de la mondaine et ancien coll\u00e8gue, vient de mourir, tu\u00e9 de la plus \u00e9trange des fa\u00e7ons, au coeur du bois de Vincennes, une inqui\u00e9tante poup\u00e9e rituelle enfonc\u00e9e dans le ventre&#8230;<br \/>\nL&#8217;\u00e9quipe de Philippe Valmy se reforme alors et plonge dans une traque impitoyable, au coeur d&#8217;univers aussi envo\u00fbtants qu&#8217;inqui\u00e9tants, entre g\u00e9opolitique et magie noire.<\/p>\n","protected":false},"excerpt":{"rendered":"<p>Philippe Valmy, ex-flic du 36, est un homme bris\u00e9. Un an apr\u00e8s le drame qui a boulevers\u00e9 son existence, il survit tant bien que mal au Nigeria, loin\u2026<\/p>\n","protected":false},"featured_media":15872,"comment_status":"open","ping_status":"closed","template":"","meta":[],"product_cat":[93,204],"product_tag":[613,612,239,263,264,208],"class_list":["post-16122","product","type-product","status-publish","has-post-thumbnail","hentry","product_cat-librairie","product_cat-polars-thrillers","product_tag-alexandre-galien","product_tag-le-souffle-de-la-nuit-poche","product_tag-pocket","product_tag-polar","product_tag-policier","product_tag-thriller"],"yoast_head":"<!-- This site is optimized with the Yoast SEO plugin v18.0 - https:\/\/yoast.com\/wordpress\/plugins\/seo\/ -->\n<title>Le souffle de la nuit - Poche Alexandre Galien Pocket - Atypique Concept Store<\/title>\n<meta name=\"robots\" content=\"index, follow, max-snippet:-1, max-image-preview:large, max-video-preview:-1\" \/>\n<link rel=\"canonical\" href=\"https:\/\/atypique.brunotarhan.fr\/index.php\/produit\/le-souffle-de-la-nuit-pochealexandre-galienpocket\/\" \/>\n<meta property=\"og:locale\" content=\"fr_FR\" \/>\n<meta property=\"og:type\" content=\"article\" \/>\n<meta property=\"og:title\" content=\"Le souffle de la nuit - Poche Alexandre Galien Pocket - Atypique Concept Store\" \/>\n<meta property=\"og:description\" content=\"Philippe Valmy, ex-flic du 36, est un homme bris\u00e9. Un an apr\u00e8s le drame qui a boulevers\u00e9 son existence, il survit tant bien que mal au Nigeria, loin\u2026\" \/>\n<meta property=\"og:url\" content=\"https:\/\/atypique.brunotarhan.fr\/index.php\/produit\/le-souffle-de-la-nuit-pochealexandre-galienpocket\/\" \/>\n<meta property=\"og:site_name\" content=\"Atypique Concept Store\" \/>\n<meta name=\"twitter:card\" content=\"summary_large_image\" \/>\n<meta name=\"twitter:label1\" content=\"Dur\u00e9e de lecture estim\u00e9e\" \/>\n\t<meta name=\"twitter:data1\" content=\"1 minute\" \/>\n<script type=\"application\/ld+json\" class=\"yoast-schema-graph\">{\"@context\":\"https:\/\/schema.org\",\"@graph\":[{\"@type\":\"WebSite\",\"@id\":\"https:\/\/atypique.brunotarhan.fr\/#website\",\"url\":\"https:\/\/atypique.brunotarhan.fr\/\",\"name\":\"Atypique Concept Store\",\"description\":\"Just another WordPress site\",\"potentialAction\":[{\"@type\":\"SearchAction\",\"target\":{\"@type\":\"EntryPoint\",\"urlTemplate\":\"https:\/\/atypique.brunotarhan.fr\/?s={search_term_string}\"},\"query-input\":\"required name=search_term_string\"}],\"inLanguage\":\"fr-FR\"},{\"@type\":\"ImageObject\",\"@id\":\"https:\/\/atypique.brunotarhan.fr\/index.php\/produit\/le-souffle-de-la-nuit-pochealexandre-galienpocket\/#primaryimage\",\"inLanguage\":\"fr-FR\",\"url\":\"https:\/\/atypique.brunotarhan.fr\/wp-content\/uploads\/2022\/04\/le-souffle-de-la-nuit.webp\",\"contentUrl\":\"https:\/\/atypique.brunotarhan.fr\/wp-content\/uploads\/2022\/04\/le-souffle-de-la-nuit.webp\",\"width\":305,\"height\":500},{\"@type\":\"WebPage\",\"@id\":\"https:\/\/atypique.brunotarhan.fr\/index.php\/produit\/le-souffle-de-la-nuit-pochealexandre-galienpocket\/#webpage\",\"url\":\"https:\/\/atypique.brunotarhan.fr\/index.php\/produit\/le-souffle-de-la-nuit-pochealexandre-galienpocket\/\",\"name\":\"Le souffle de la nuit - Poche Alexandre Galien Pocket - Atypique Concept Store\",\"isPartOf\":{\"@id\":\"https:\/\/atypique.brunotarhan.fr\/#website\"},\"primaryImageOfPage\":{\"@id\":\"https:\/\/atypique.brunotarhan.fr\/index.php\/produit\/le-souffle-de-la-nuit-pochealexandre-galienpocket\/#primaryimage\"},\"datePublished\":\"2022-04-25T22:48:00+00:00\",\"dateModified\":\"2022-04-25T22:48:00+00:00\",\"breadcrumb\":{\"@id\":\"https:\/\/atypique.brunotarhan.fr\/index.php\/produit\/le-souffle-de-la-nuit-pochealexandre-galienpocket\/#breadcrumb\"},\"inLanguage\":\"fr-FR\",\"potentialAction\":[{\"@type\":\"ReadAction\",\"target\":[\"https:\/\/atypique.brunotarhan.fr\/index.php\/produit\/le-souffle-de-la-nuit-pochealexandre-galienpocket\/\"]}]},{\"@type\":\"BreadcrumbList\",\"@id\":\"https:\/\/atypique.brunotarhan.fr\/index.php\/produit\/le-souffle-de-la-nuit-pochealexandre-galienpocket\/#breadcrumb\",\"itemListElement\":[{\"@type\":\"ListItem\",\"position\":1,\"name\":\"Accueil\",\"item\":\"https:\/\/atypique.brunotarhan.fr\/\"},{\"@type\":\"ListItem\",\"position\":2,\"name\":\"\"},{\"@type\":\"ListItem\",\"position\":3,\"name\":\"Le souffle de la nuit &#8211; Poche Alexandre Galien Pocket\"}]}]}<\/script>\n<!-- \/ Yoast SEO plugin. -->","yoast_head_json":{"title":"Le souffle de la nuit - Poche Alexandre Galien Pocket - Atypique Concept Store","robots":{"index":"index","follow":"follow","max-snippet":"max-snippet:-1","max-image-preview":"max-image-preview:large","max-video-preview":"max-video-preview:-1"},"canonical":"https:\/\/atypique.brunotarhan.fr\/index.php\/produit\/le-souffle-de-la-nuit-pochealexandre-galienpocket\/","og_locale":"fr_FR","og_type":"article","og_title":"Le souffle de la nuit - Poche Alexandre Galien Pocket - Atypique Concept Store","og_description":"Philippe Valmy, ex-flic du 36, est un homme bris\u00e9. Un an apr\u00e8s le drame qui a boulevers\u00e9 son existence, il survit tant bien que mal au Nigeria, loin\u2026","og_url":"https:\/\/atypique.brunotarhan.fr\/index.php\/produit\/le-souffle-de-la-nuit-pochealexandre-galienpocket\/","og_site_name":"Atypique Concept Store","twitter_card":"summary_large_image","twitter_misc":{"Dur\u00e9e de lecture estim\u00e9e":"1 minute"},"schema":{"@context":"https:\/\/schema.org","@graph":[{"@type":"WebSite","@id":"https:\/\/atypique.brunotarhan.fr\/#website","url":"https:\/\/atypique.brunotarhan.fr\/","name":"Atypique Concept Store","description":"Just another WordPress site","potentialAction":[{"@type":"SearchAction","target":{"@type":"EntryPoint","urlTemplate":"https:\/\/atypique.brunotarhan.fr\/?s={search_term_string}"},"query-input":"required name=search_term_string"}],"inLanguage":"fr-FR"},{"@type":"ImageObject","@id":"https:\/\/atypique.brunotarhan.fr\/index.php\/produit\/le-souffle-de-la-nuit-pochealexandre-galienpocket\/#primaryimage","inLanguage":"fr-FR","url":"https:\/\/atypique.brunotarhan.fr\/wp-content\/uploads\/2022\/04\/le-souffle-de-la-nuit.webp","contentUrl":"https:\/\/atypique.brunotarhan.fr\/wp-content\/uploads\/2022\/04\/le-souffle-de-la-nuit.webp","width":305,"height":500},{"@type":"WebPage","@id":"https:\/\/atypique.brunotarhan.fr\/index.php\/produit\/le-souffle-de-la-nuit-pochealexandre-galienpocket\/#webpage","url":"https:\/\/atypique.brunotarhan.fr\/index.php\/produit\/le-souffle-de-la-nuit-pochealexandre-galienpocket\/","name":"Le souffle de la nuit - Poche Alexandre Galien Pocket - Atypique Concept Store","isPartOf":{"@id":"https:\/\/atypique.brunotarhan.fr\/#website"},"primaryImageOfPage":{"@id":"https:\/\/atypique.brunotarhan.fr\/index.php\/produit\/le-souffle-de-la-nuit-pochealexandre-galienpocket\/#primaryimage"},"datePublished":"2022-04-25T22:48:00+00:00","dateModified":"2022-04-25T22:48:00+00:00","breadcrumb":{"@id":"https:\/\/atypique.brunotarhan.fr\/index.php\/produit\/le-souffle-de-la-nuit-pochealexandre-galienpocket\/#breadcrumb"},"inLanguage":"fr-FR","potentialAction":[{"@type":"ReadAction","target":["https:\/\/atypique.brunotarhan.fr\/index.php\/produit\/le-souffle-de-la-nuit-pochealexandre-galienpocket\/"]}]},{"@type":"BreadcrumbList","@id":"https:\/\/atypique.brunotarhan.fr\/index.php\/produit\/le-souffle-de-la-nuit-pochealexandre-galienpocket\/#breadcrumb","itemListElement":[{"@type":"ListItem","position":1,"name":"Accueil","item":"https:\/\/atypique.brunotarhan.fr\/"},{"@type":"ListItem","position":2,"name":""},{"@type":"ListItem","position":3,"name":"Le souffle de la nuit &#8211; Poche Alexandre Galien Pocket"}]}]}},"_links":{"self":[{"href":"https:\/\/atypique.brunotarhan.fr\/index.php\/wp-json\/wp\/v2\/product\/16122","targetHints":{"allow":["GET"]}}],"collection":[{"href":"https:\/\/atypique.brunotarhan.fr\/index.php\/wp-json\/wp\/v2\/product"}],"about":[{"href":"https:\/\/atypique.brunotarhan.fr\/index.php\/wp-json\/wp\/v2\/types\/product"}],"replies":[{"embeddable":true,"href":"https:\/\/atypique.brunotarhan.fr\/index.php\/wp-json\/wp\/v2\/comments?post=16122"}],"wp:featuredmedia":[{"embeddable":true,"href":"https:\/\/atypique.brunotarhan.fr\/index.php\/wp-json\/wp\/v2\/media\/15872"}],"wp:attachment":[{"href":"https:\/\/atypique.brunotarhan.fr\/index.php\/wp-json\/wp\/v2\/media?parent=16122"}],"wp:term":[{"taxonomy":"product_cat","embeddable":true,"href":"https:\/\/atypique.brunotarhan.fr\/index.php\/wp-json\/wp\/v2\/product_cat?post=16122"},{"taxonomy":"product_tag","embeddable":true,"href":"https:\/\/atypique.brunotarhan.fr\/index.php\/wp-json\/wp\/v2\/product_tag?post=16122"}],"curies":[{"name":"wp","href":"https:\/\/api.w.org\/{rel}","templated":true}]}}