{"id":16121,"date":"2022-04-25T22:47:59","date_gmt":"2022-04-25T22:47:59","guid":{"rendered":"https:\/\/atypique.brunotarhan.fr\/index.php\/produit\/les-oublies-pochejohn-grishamlivre-de-poche\/"},"modified":"2022-04-25T22:47:59","modified_gmt":"2022-04-25T22:47:59","slug":"les-oublies-pochejohn-grishamlivre-de-poche","status":"publish","type":"product","link":"https:\/\/atypique.brunotarhan.fr\/index.php\/produit\/les-oublies-pochejohn-grishamlivre-de-poche\/","title":{"rendered":"Les oubli\u00e9s &#8211; Poche\nJohn Grisham\nLivre de poche"},"content":{"rendered":"<p>A Seabrook, petite ville de Floride, le jeune avocat Keith Russo est tu\u00e9 \u00e0 coups de fusil alors qu&#8217;il travaille un soir dans son bureau. L&#8217;assassin n&#8217;a laiss\u00e9 aucun indice. Aucun t\u00e9moin, aucun mobile. Mais la police trouve bient\u00f4t un suspect, Quincy Miller, un homme noir et ancien client de Russo. Quincy est jug\u00e9 et condamn\u00e9 \u00e0 une peine de r\u00e9clusion \u00e0 perp\u00e9tuit\u00e9. Pendant vingt-deux ans, il se morfond en prison et ne cesse de clamer son innocence.<br \/>\nIl n&#8217;a pas d&#8217;avocat, personne pour le d\u00e9fendre. De d\u00e9sespoir, il \u00e9crit une lettre aux Anges Gardiens, une fondation o\u00f9 travaille Cullen Post, avocat et ancien pasteur de l&#8217;Eglise \u00e9piscopale. Les Anges Gardiens n&#8217;acceptent que tr\u00e8s peu d&#8217;affaires. Le cas de Quincy Miller, toutefois, repr\u00e9sente un d\u00e9fi d&#8217;une tout autre nature. Des gens puissants, violents et sans piti\u00e9 ont assassin\u00e9 Keith Russo, et ils ne veulent pas voir Quincy Miller disculp\u00e9.<br \/>\nIls ont tu\u00e9 un avocat il y a vingt-deux ans, ils en tueront un deuxi\u00e8me sans h\u00e9sitation.<\/p>\n","protected":false},"excerpt":{"rendered":"<p>A Seabrook, petite ville de Floride, le jeune avocat Keith Russo est tu\u00e9 \u00e0 coups de fusil alors qu&#8217;il travaille un soir dans son bureau. L&#8217;assassin\u2026<\/p>\n","protected":false},"featured_media":15871,"comment_status":"open","ping_status":"closed","template":"","meta":[],"product_cat":[93,204],"product_tag":[473,611,242,263,264,208],"class_list":["post-16121","product","type-product","status-publish","has-post-thumbnail","hentry","product_cat-librairie","product_cat-polars-thrillers","product_tag-john-grisham","product_tag-les-oublies-poche","product_tag-livre-de-poche","product_tag-polar","product_tag-policier","product_tag-thriller"],"yoast_head":"<!-- This site is optimized with the Yoast SEO plugin v18.0 - https:\/\/yoast.com\/wordpress\/plugins\/seo\/ -->\n<title>Les oubli\u00e9s - Poche John Grisham Livre de poche - Atypique Concept Store<\/title>\n<meta name=\"robots\" content=\"index, follow, max-snippet:-1, max-image-preview:large, max-video-preview:-1\" \/>\n<link rel=\"canonical\" href=\"https:\/\/atypique.brunotarhan.fr\/index.php\/produit\/les-oublies-pochejohn-grishamlivre-de-poche\/\" \/>\n<meta property=\"og:locale\" content=\"fr_FR\" \/>\n<meta property=\"og:type\" content=\"article\" \/>\n<meta property=\"og:title\" content=\"Les oubli\u00e9s - Poche John Grisham Livre de poche - Atypique Concept Store\" \/>\n<meta property=\"og:description\" content=\"A Seabrook, petite ville de Floride, le jeune avocat Keith Russo est tu\u00e9 \u00e0 coups de fusil alors qu&#039;il travaille un soir dans son bureau. L&#039;assassin\u2026\" \/>\n<meta property=\"og:url\" content=\"https:\/\/atypique.brunotarhan.fr\/index.php\/produit\/les-oublies-pochejohn-grishamlivre-de-poche\/\" \/>\n<meta property=\"og:site_name\" content=\"Atypique Concept Store\" \/>\n<meta name=\"twitter:card\" content=\"summary_large_image\" \/>\n<meta name=\"twitter:label1\" content=\"Dur\u00e9e de lecture estim\u00e9e\" \/>\n\t<meta name=\"twitter:data1\" content=\"1 minute\" \/>\n<script type=\"application\/ld+json\" class=\"yoast-schema-graph\">{\"@context\":\"https:\/\/schema.org\",\"@graph\":[{\"@type\":\"WebSite\",\"@id\":\"https:\/\/atypique.brunotarhan.fr\/#website\",\"url\":\"https:\/\/atypique.brunotarhan.fr\/\",\"name\":\"Atypique Concept Store\",\"description\":\"Just another WordPress site\",\"potentialAction\":[{\"@type\":\"SearchAction\",\"target\":{\"@type\":\"EntryPoint\",\"urlTemplate\":\"https:\/\/atypique.brunotarhan.fr\/?s={search_term_string}\"},\"query-input\":\"required name=search_term_string\"}],\"inLanguage\":\"fr-FR\"},{\"@type\":\"ImageObject\",\"@id\":\"https:\/\/atypique.brunotarhan.fr\/index.php\/produit\/les-oublies-pochejohn-grishamlivre-de-poche\/#primaryimage\",\"inLanguage\":\"fr-FR\",\"url\":\"https:\/\/atypique.brunotarhan.fr\/wp-content\/uploads\/2022\/04\/les-oublies.webp\",\"contentUrl\":\"https:\/\/atypique.brunotarhan.fr\/wp-content\/uploads\/2022\/04\/les-oublies.webp\",\"width\":309,\"height\":500},{\"@type\":\"WebPage\",\"@id\":\"https:\/\/atypique.brunotarhan.fr\/index.php\/produit\/les-oublies-pochejohn-grishamlivre-de-poche\/#webpage\",\"url\":\"https:\/\/atypique.brunotarhan.fr\/index.php\/produit\/les-oublies-pochejohn-grishamlivre-de-poche\/\",\"name\":\"Les oubli\u00e9s - Poche John Grisham Livre de poche - Atypique Concept Store\",\"isPartOf\":{\"@id\":\"https:\/\/atypique.brunotarhan.fr\/#website\"},\"primaryImageOfPage\":{\"@id\":\"https:\/\/atypique.brunotarhan.fr\/index.php\/produit\/les-oublies-pochejohn-grishamlivre-de-poche\/#primaryimage\"},\"datePublished\":\"2022-04-25T22:47:59+00:00\",\"dateModified\":\"2022-04-25T22:47:59+00:00\",\"breadcrumb\":{\"@id\":\"https:\/\/atypique.brunotarhan.fr\/index.php\/produit\/les-oublies-pochejohn-grishamlivre-de-poche\/#breadcrumb\"},\"inLanguage\":\"fr-FR\",\"potentialAction\":[{\"@type\":\"ReadAction\",\"target\":[\"https:\/\/atypique.brunotarhan.fr\/index.php\/produit\/les-oublies-pochejohn-grishamlivre-de-poche\/\"]}]},{\"@type\":\"BreadcrumbList\",\"@id\":\"https:\/\/atypique.brunotarhan.fr\/index.php\/produit\/les-oublies-pochejohn-grishamlivre-de-poche\/#breadcrumb\",\"itemListElement\":[{\"@type\":\"ListItem\",\"position\":1,\"name\":\"Accueil\",\"item\":\"https:\/\/atypique.brunotarhan.fr\/\"},{\"@type\":\"ListItem\",\"position\":2,\"name\":\"\"},{\"@type\":\"ListItem\",\"position\":3,\"name\":\"Les oubli\u00e9s &#8211; Poche John Grisham Livre de poche\"}]}]}<\/script>\n<!-- \/ Yoast SEO plugin. -->","yoast_head_json":{"title":"Les oubli\u00e9s - Poche John Grisham Livre de poche - Atypique Concept Store","robots":{"index":"index","follow":"follow","max-snippet":"max-snippet:-1","max-image-preview":"max-image-preview:large","max-video-preview":"max-video-preview:-1"},"canonical":"https:\/\/atypique.brunotarhan.fr\/index.php\/produit\/les-oublies-pochejohn-grishamlivre-de-poche\/","og_locale":"fr_FR","og_type":"article","og_title":"Les oubli\u00e9s - Poche John Grisham Livre de poche - Atypique Concept Store","og_description":"A Seabrook, petite ville de Floride, le jeune avocat Keith Russo est tu\u00e9 \u00e0 coups de fusil alors qu'il travaille un soir dans son bureau. L'assassin\u2026","og_url":"https:\/\/atypique.brunotarhan.fr\/index.php\/produit\/les-oublies-pochejohn-grishamlivre-de-poche\/","og_site_name":"Atypique Concept Store","twitter_card":"summary_large_image","twitter_misc":{"Dur\u00e9e de lecture estim\u00e9e":"1 minute"},"schema":{"@context":"https:\/\/schema.org","@graph":[{"@type":"WebSite","@id":"https:\/\/atypique.brunotarhan.fr\/#website","url":"https:\/\/atypique.brunotarhan.fr\/","name":"Atypique Concept Store","description":"Just another WordPress site","potentialAction":[{"@type":"SearchAction","target":{"@type":"EntryPoint","urlTemplate":"https:\/\/atypique.brunotarhan.fr\/?s={search_term_string}"},"query-input":"required name=search_term_string"}],"inLanguage":"fr-FR"},{"@type":"ImageObject","@id":"https:\/\/atypique.brunotarhan.fr\/index.php\/produit\/les-oublies-pochejohn-grishamlivre-de-poche\/#primaryimage","inLanguage":"fr-FR","url":"https:\/\/atypique.brunotarhan.fr\/wp-content\/uploads\/2022\/04\/les-oublies.webp","contentUrl":"https:\/\/atypique.brunotarhan.fr\/wp-content\/uploads\/2022\/04\/les-oublies.webp","width":309,"height":500},{"@type":"WebPage","@id":"https:\/\/atypique.brunotarhan.fr\/index.php\/produit\/les-oublies-pochejohn-grishamlivre-de-poche\/#webpage","url":"https:\/\/atypique.brunotarhan.fr\/index.php\/produit\/les-oublies-pochejohn-grishamlivre-de-poche\/","name":"Les oubli\u00e9s - Poche John Grisham Livre de poche - Atypique Concept Store","isPartOf":{"@id":"https:\/\/atypique.brunotarhan.fr\/#website"},"primaryImageOfPage":{"@id":"https:\/\/atypique.brunotarhan.fr\/index.php\/produit\/les-oublies-pochejohn-grishamlivre-de-poche\/#primaryimage"},"datePublished":"2022-04-25T22:47:59+00:00","dateModified":"2022-04-25T22:47:59+00:00","breadcrumb":{"@id":"https:\/\/atypique.brunotarhan.fr\/index.php\/produit\/les-oublies-pochejohn-grishamlivre-de-poche\/#breadcrumb"},"inLanguage":"fr-FR","potentialAction":[{"@type":"ReadAction","target":["https:\/\/atypique.brunotarhan.fr\/index.php\/produit\/les-oublies-pochejohn-grishamlivre-de-poche\/"]}]},{"@type":"BreadcrumbList","@id":"https:\/\/atypique.brunotarhan.fr\/index.php\/produit\/les-oublies-pochejohn-grishamlivre-de-poche\/#breadcrumb","itemListElement":[{"@type":"ListItem","position":1,"name":"Accueil","item":"https:\/\/atypique.brunotarhan.fr\/"},{"@type":"ListItem","position":2,"name":""},{"@type":"ListItem","position":3,"name":"Les oubli\u00e9s &#8211; Poche John Grisham Livre de poche"}]}]}},"_links":{"self":[{"href":"https:\/\/atypique.brunotarhan.fr\/index.php\/wp-json\/wp\/v2\/product\/16121","targetHints":{"allow":["GET"]}}],"collection":[{"href":"https:\/\/atypique.brunotarhan.fr\/index.php\/wp-json\/wp\/v2\/product"}],"about":[{"href":"https:\/\/atypique.brunotarhan.fr\/index.php\/wp-json\/wp\/v2\/types\/product"}],"replies":[{"embeddable":true,"href":"https:\/\/atypique.brunotarhan.fr\/index.php\/wp-json\/wp\/v2\/comments?post=16121"}],"wp:featuredmedia":[{"embeddable":true,"href":"https:\/\/atypique.brunotarhan.fr\/index.php\/wp-json\/wp\/v2\/media\/15871"}],"wp:attachment":[{"href":"https:\/\/atypique.brunotarhan.fr\/index.php\/wp-json\/wp\/v2\/media?parent=16121"}],"wp:term":[{"taxonomy":"product_cat","embeddable":true,"href":"https:\/\/atypique.brunotarhan.fr\/index.php\/wp-json\/wp\/v2\/product_cat?post=16121"},{"taxonomy":"product_tag","embeddable":true,"href":"https:\/\/atypique.brunotarhan.fr\/index.php\/wp-json\/wp\/v2\/product_tag?post=16121"}],"curies":[{"name":"wp","href":"https:\/\/api.w.org\/{rel}","templated":true}]}}