{"id":16120,"date":"2022-04-25T22:47:59","date_gmt":"2022-04-25T22:47:59","guid":{"rendered":"https:\/\/atypique.brunotarhan.fr\/index.php\/produit\/les-odeurs-de-fruits-gratte-et-sens-6-parfums-albumlangue-au-chat\/"},"modified":"2022-04-25T22:47:59","modified_gmt":"2022-04-25T22:47:59","slug":"les-odeurs-de-fruits-gratte-et-sens-6-parfums-albumlangue-au-chat","status":"publish","type":"product","link":"https:\/\/atypique.brunotarhan.fr\/index.php\/produit\/les-odeurs-de-fruits-gratte-et-sens-6-parfums-albumlangue-au-chat\/","title":{"rendered":"Les odeurs de fruits &#8211; Gratte et sens 6 parfums &#8211; Album\nLangue au chat"},"content":{"rendered":"<p>Des imagiers illustr\u00e9s avec des odeurs \u00e0 sentir pour \u00e9veiller l&#8217;odorat de b\u00e9b\u00e9 ! D\u00e8s sa naissance, tous les sens de b\u00e9b\u00e9 sont en \u00e9veil&#8230; et en grandissant, il est important de renforcer leur stimulation pour en d\u00e9velopper les capacit\u00e9s. Avec ces petits imagiers illustr\u00e9s de photos claires et color\u00e9es, le tout-petit va pouvoir sentir diff\u00e9rents fruits qui apparaissent dans le livre. En associant, le nom, l&#8217;image et l&#8217;odeur du fruit, l&#8217;enfant enrichit son vocabulaire de fa\u00e7on ludique et originale.<\/p>\n","protected":false},"excerpt":{"rendered":"<p>Des imagiers illustr\u00e9s avec des odeurs \u00e0 sentir pour \u00e9veiller l&#8217;odorat de b\u00e9b\u00e9 ! D\u00e8s sa naissance, tous les sens de b\u00e9b\u00e9 sont en \u00e9veil&#8230; <\/p>\n","protected":false},"featured_media":15870,"comment_status":"open","ping_status":"closed","template":"","meta":[],"product_cat":[93,220],"product_tag":[610,609,608,353],"class_list":["post-16120","product","type-product","status-publish","has-post-thumbnail","hentry","product_cat-librairie","product_cat-livres-enfants","product_tag-imagier","product_tag-langue-au-chat","product_tag-les-odeurs-de-fruits-gratte-et-sens-6-parfums-album","product_tag-livre-enfant"],"yoast_head":"<!-- This site is optimized with the Yoast SEO plugin v18.0 - https:\/\/yoast.com\/wordpress\/plugins\/seo\/ -->\n<title>Les odeurs de fruits - Gratte et sens 6 parfums - Album Langue au chat - Atypique Concept Store<\/title>\n<meta name=\"robots\" content=\"index, follow, max-snippet:-1, max-image-preview:large, max-video-preview:-1\" \/>\n<link rel=\"canonical\" href=\"https:\/\/atypique.brunotarhan.fr\/index.php\/produit\/les-odeurs-de-fruits-gratte-et-sens-6-parfums-albumlangue-au-chat\/\" \/>\n<meta property=\"og:locale\" content=\"fr_FR\" \/>\n<meta property=\"og:type\" content=\"article\" \/>\n<meta property=\"og:title\" content=\"Les odeurs de fruits - Gratte et sens 6 parfums - Album Langue au chat - Atypique Concept Store\" \/>\n<meta property=\"og:description\" content=\"Des imagiers illustr\u00e9s avec des odeurs \u00e0 sentir pour \u00e9veiller l&#039;odorat de b\u00e9b\u00e9 ! D\u00e8s sa naissance, tous les sens de b\u00e9b\u00e9 sont en \u00e9veil...\" \/>\n<meta property=\"og:url\" content=\"https:\/\/atypique.brunotarhan.fr\/index.php\/produit\/les-odeurs-de-fruits-gratte-et-sens-6-parfums-albumlangue-au-chat\/\" \/>\n<meta property=\"og:site_name\" content=\"Atypique Concept Store\" \/>\n<meta name=\"twitter:card\" content=\"summary_large_image\" \/>\n<script type=\"application\/ld+json\" class=\"yoast-schema-graph\">{\"@context\":\"https:\/\/schema.org\",\"@graph\":[{\"@type\":\"WebSite\",\"@id\":\"https:\/\/atypique.brunotarhan.fr\/#website\",\"url\":\"https:\/\/atypique.brunotarhan.fr\/\",\"name\":\"Atypique Concept Store\",\"description\":\"Just another WordPress site\",\"potentialAction\":[{\"@type\":\"SearchAction\",\"target\":{\"@type\":\"EntryPoint\",\"urlTemplate\":\"https:\/\/atypique.brunotarhan.fr\/?s={search_term_string}\"},\"query-input\":\"required name=search_term_string\"}],\"inLanguage\":\"fr-FR\"},{\"@type\":\"ImageObject\",\"@id\":\"https:\/\/atypique.brunotarhan.fr\/index.php\/produit\/les-odeurs-de-fruits-gratte-et-sens-6-parfums-albumlangue-au-chat\/#primaryimage\",\"inLanguage\":\"fr-FR\",\"url\":\"https:\/\/atypique.brunotarhan.fr\/wp-content\/uploads\/2022\/04\/les-odeurs-de-fruits.webp\",\"contentUrl\":\"https:\/\/atypique.brunotarhan.fr\/wp-content\/uploads\/2022\/04\/les-odeurs-de-fruits.webp\",\"width\":475,\"height\":476},{\"@type\":\"WebPage\",\"@id\":\"https:\/\/atypique.brunotarhan.fr\/index.php\/produit\/les-odeurs-de-fruits-gratte-et-sens-6-parfums-albumlangue-au-chat\/#webpage\",\"url\":\"https:\/\/atypique.brunotarhan.fr\/index.php\/produit\/les-odeurs-de-fruits-gratte-et-sens-6-parfums-albumlangue-au-chat\/\",\"name\":\"Les odeurs de fruits - Gratte et sens 6 parfums - Album Langue au chat - Atypique Concept Store\",\"isPartOf\":{\"@id\":\"https:\/\/atypique.brunotarhan.fr\/#website\"},\"primaryImageOfPage\":{\"@id\":\"https:\/\/atypique.brunotarhan.fr\/index.php\/produit\/les-odeurs-de-fruits-gratte-et-sens-6-parfums-albumlangue-au-chat\/#primaryimage\"},\"datePublished\":\"2022-04-25T22:47:59+00:00\",\"dateModified\":\"2022-04-25T22:47:59+00:00\",\"breadcrumb\":{\"@id\":\"https:\/\/atypique.brunotarhan.fr\/index.php\/produit\/les-odeurs-de-fruits-gratte-et-sens-6-parfums-albumlangue-au-chat\/#breadcrumb\"},\"inLanguage\":\"fr-FR\",\"potentialAction\":[{\"@type\":\"ReadAction\",\"target\":[\"https:\/\/atypique.brunotarhan.fr\/index.php\/produit\/les-odeurs-de-fruits-gratte-et-sens-6-parfums-albumlangue-au-chat\/\"]}]},{\"@type\":\"BreadcrumbList\",\"@id\":\"https:\/\/atypique.brunotarhan.fr\/index.php\/produit\/les-odeurs-de-fruits-gratte-et-sens-6-parfums-albumlangue-au-chat\/#breadcrumb\",\"itemListElement\":[{\"@type\":\"ListItem\",\"position\":1,\"name\":\"Accueil\",\"item\":\"https:\/\/atypique.brunotarhan.fr\/\"},{\"@type\":\"ListItem\",\"position\":2,\"name\":\"\"},{\"@type\":\"ListItem\",\"position\":3,\"name\":\"Les odeurs de fruits &#8211; Gratte et sens 6 parfums &#8211; Album Langue au chat\"}]}]}<\/script>\n<!-- \/ Yoast SEO plugin. -->","yoast_head_json":{"title":"Les odeurs de fruits - Gratte et sens 6 parfums - Album Langue au chat - Atypique Concept Store","robots":{"index":"index","follow":"follow","max-snippet":"max-snippet:-1","max-image-preview":"max-image-preview:large","max-video-preview":"max-video-preview:-1"},"canonical":"https:\/\/atypique.brunotarhan.fr\/index.php\/produit\/les-odeurs-de-fruits-gratte-et-sens-6-parfums-albumlangue-au-chat\/","og_locale":"fr_FR","og_type":"article","og_title":"Les odeurs de fruits - Gratte et sens 6 parfums - Album Langue au chat - Atypique Concept Store","og_description":"Des imagiers illustr\u00e9s avec des odeurs \u00e0 sentir pour \u00e9veiller l'odorat de b\u00e9b\u00e9 ! D\u00e8s sa naissance, tous les sens de b\u00e9b\u00e9 sont en \u00e9veil...","og_url":"https:\/\/atypique.brunotarhan.fr\/index.php\/produit\/les-odeurs-de-fruits-gratte-et-sens-6-parfums-albumlangue-au-chat\/","og_site_name":"Atypique Concept Store","twitter_card":"summary_large_image","schema":{"@context":"https:\/\/schema.org","@graph":[{"@type":"WebSite","@id":"https:\/\/atypique.brunotarhan.fr\/#website","url":"https:\/\/atypique.brunotarhan.fr\/","name":"Atypique Concept Store","description":"Just another WordPress site","potentialAction":[{"@type":"SearchAction","target":{"@type":"EntryPoint","urlTemplate":"https:\/\/atypique.brunotarhan.fr\/?s={search_term_string}"},"query-input":"required name=search_term_string"}],"inLanguage":"fr-FR"},{"@type":"ImageObject","@id":"https:\/\/atypique.brunotarhan.fr\/index.php\/produit\/les-odeurs-de-fruits-gratte-et-sens-6-parfums-albumlangue-au-chat\/#primaryimage","inLanguage":"fr-FR","url":"https:\/\/atypique.brunotarhan.fr\/wp-content\/uploads\/2022\/04\/les-odeurs-de-fruits.webp","contentUrl":"https:\/\/atypique.brunotarhan.fr\/wp-content\/uploads\/2022\/04\/les-odeurs-de-fruits.webp","width":475,"height":476},{"@type":"WebPage","@id":"https:\/\/atypique.brunotarhan.fr\/index.php\/produit\/les-odeurs-de-fruits-gratte-et-sens-6-parfums-albumlangue-au-chat\/#webpage","url":"https:\/\/atypique.brunotarhan.fr\/index.php\/produit\/les-odeurs-de-fruits-gratte-et-sens-6-parfums-albumlangue-au-chat\/","name":"Les odeurs de fruits - Gratte et sens 6 parfums - Album Langue au chat - Atypique Concept Store","isPartOf":{"@id":"https:\/\/atypique.brunotarhan.fr\/#website"},"primaryImageOfPage":{"@id":"https:\/\/atypique.brunotarhan.fr\/index.php\/produit\/les-odeurs-de-fruits-gratte-et-sens-6-parfums-albumlangue-au-chat\/#primaryimage"},"datePublished":"2022-04-25T22:47:59+00:00","dateModified":"2022-04-25T22:47:59+00:00","breadcrumb":{"@id":"https:\/\/atypique.brunotarhan.fr\/index.php\/produit\/les-odeurs-de-fruits-gratte-et-sens-6-parfums-albumlangue-au-chat\/#breadcrumb"},"inLanguage":"fr-FR","potentialAction":[{"@type":"ReadAction","target":["https:\/\/atypique.brunotarhan.fr\/index.php\/produit\/les-odeurs-de-fruits-gratte-et-sens-6-parfums-albumlangue-au-chat\/"]}]},{"@type":"BreadcrumbList","@id":"https:\/\/atypique.brunotarhan.fr\/index.php\/produit\/les-odeurs-de-fruits-gratte-et-sens-6-parfums-albumlangue-au-chat\/#breadcrumb","itemListElement":[{"@type":"ListItem","position":1,"name":"Accueil","item":"https:\/\/atypique.brunotarhan.fr\/"},{"@type":"ListItem","position":2,"name":""},{"@type":"ListItem","position":3,"name":"Les odeurs de fruits &#8211; Gratte et sens 6 parfums &#8211; Album Langue au chat"}]}]}},"_links":{"self":[{"href":"https:\/\/atypique.brunotarhan.fr\/index.php\/wp-json\/wp\/v2\/product\/16120","targetHints":{"allow":["GET"]}}],"collection":[{"href":"https:\/\/atypique.brunotarhan.fr\/index.php\/wp-json\/wp\/v2\/product"}],"about":[{"href":"https:\/\/atypique.brunotarhan.fr\/index.php\/wp-json\/wp\/v2\/types\/product"}],"replies":[{"embeddable":true,"href":"https:\/\/atypique.brunotarhan.fr\/index.php\/wp-json\/wp\/v2\/comments?post=16120"}],"wp:featuredmedia":[{"embeddable":true,"href":"https:\/\/atypique.brunotarhan.fr\/index.php\/wp-json\/wp\/v2\/media\/15870"}],"wp:attachment":[{"href":"https:\/\/atypique.brunotarhan.fr\/index.php\/wp-json\/wp\/v2\/media?parent=16120"}],"wp:term":[{"taxonomy":"product_cat","embeddable":true,"href":"https:\/\/atypique.brunotarhan.fr\/index.php\/wp-json\/wp\/v2\/product_cat?post=16120"},{"taxonomy":"product_tag","embeddable":true,"href":"https:\/\/atypique.brunotarhan.fr\/index.php\/wp-json\/wp\/v2\/product_tag?post=16120"}],"curies":[{"name":"wp","href":"https:\/\/api.w.org\/{rel}","templated":true}]}}