{"id":16119,"date":"2022-04-25T22:47:59","date_gmt":"2022-04-25T22:47:59","guid":{"rendered":"https:\/\/atypique.brunotarhan.fr\/index.php\/produit\/les-legendaires-resistance-tome-1-albumles-dieux-sont-amourpatrick-sobral-jennypop-coloristedelcourt\/"},"modified":"2022-04-25T22:47:59","modified_gmt":"2022-04-25T22:47:59","slug":"les-legendaires-resistance-tome-1-albumles-dieux-sont-amourpatrick-sobral-jennypop-coloristedelcourt","status":"publish","type":"product","link":"https:\/\/atypique.brunotarhan.fr\/index.php\/produit\/les-legendaires-resistance-tome-1-albumles-dieux-sont-amourpatrick-sobral-jennypop-coloristedelcourt\/","title":{"rendered":"Les L\u00e9gendaires &#8211; R\u00e9sistance Tome 1 &#8211; Album\nLes dieux sont amour\nPatrick Sobral, Jenny\nPop (Coloriste)\nDelcourt"},"content":{"rendered":"<p>Les L\u00e9gendaires ont raccroch\u00e9 leurs armes et fond\u00e9 une famille mais le grand cataclysme d\u00e9clenche \u00e0 la surface du globe une succession de catastrophes. Les dieux, responsables du d\u00e9sastre, sont de retour. Les h\u00e9ros sont terrass\u00e9s en un instant par le vil Sokatar. Il est temps pour les descendants des L\u00e9gendaires de se dresser face aux forces divines despotiques et prendre la t\u00eate de la r\u00e9sistance.<\/p>\n","protected":false},"excerpt":{"rendered":"<p>Les L\u00e9gendaires ont raccroch\u00e9 leurs armes et fond\u00e9 une famille mais le grand cataclysme d\u00e9clenche \u00e0 la surface du globe une succession de catastrophes&#8230;.<\/p>\n","protected":false},"featured_media":15869,"comment_status":"open","ping_status":"closed","template":"","meta":[],"product_cat":[212,93],"product_tag":[607,514,605,603,602,604,606],"class_list":["post-16119","product","type-product","status-publish","has-post-thumbnail","hentry","product_cat-bandes-dessinees","product_cat-librairie","product_tag-bandes-dessinees-jeunesse","product_tag-delcourt","product_tag-jenny","product_tag-les-dieux-sont-amour","product_tag-les-legendaires-resistance-tome-1-album","product_tag-patrick-sobral","product_tag-pop"],"yoast_head":"<!-- This site is optimized with the Yoast SEO plugin v18.0 - https:\/\/yoast.com\/wordpress\/plugins\/seo\/ -->\n<title>Les L\u00e9gendaires - R\u00e9sistance Tome 1 - Album Les dieux sont amour Patrick Sobral, Jenny Pop (Coloriste) Delcourt - Atypique Concept Store<\/title>\n<meta name=\"robots\" content=\"index, follow, max-snippet:-1, max-image-preview:large, max-video-preview:-1\" \/>\n<link rel=\"canonical\" href=\"https:\/\/atypique.brunotarhan.fr\/index.php\/produit\/les-legendaires-resistance-tome-1-albumles-dieux-sont-amourpatrick-sobral-jennypop-coloristedelcourt\/\" \/>\n<meta property=\"og:locale\" content=\"fr_FR\" \/>\n<meta property=\"og:type\" content=\"article\" \/>\n<meta property=\"og:title\" content=\"Les L\u00e9gendaires - R\u00e9sistance Tome 1 - Album Les dieux sont amour Patrick Sobral, Jenny Pop (Coloriste) Delcourt - Atypique Concept Store\" \/>\n<meta property=\"og:description\" content=\"Les L\u00e9gendaires ont raccroch\u00e9 leurs armes et fond\u00e9 une famille mais le grand cataclysme d\u00e9clenche \u00e0 la surface du globe une succession de catastrophes....\" \/>\n<meta property=\"og:url\" content=\"https:\/\/atypique.brunotarhan.fr\/index.php\/produit\/les-legendaires-resistance-tome-1-albumles-dieux-sont-amourpatrick-sobral-jennypop-coloristedelcourt\/\" \/>\n<meta property=\"og:site_name\" content=\"Atypique Concept Store\" \/>\n<meta name=\"twitter:card\" content=\"summary_large_image\" \/>\n<script type=\"application\/ld+json\" class=\"yoast-schema-graph\">{\"@context\":\"https:\/\/schema.org\",\"@graph\":[{\"@type\":\"WebSite\",\"@id\":\"https:\/\/atypique.brunotarhan.fr\/#website\",\"url\":\"https:\/\/atypique.brunotarhan.fr\/\",\"name\":\"Atypique Concept Store\",\"description\":\"Just another WordPress site\",\"potentialAction\":[{\"@type\":\"SearchAction\",\"target\":{\"@type\":\"EntryPoint\",\"urlTemplate\":\"https:\/\/atypique.brunotarhan.fr\/?s={search_term_string}\"},\"query-input\":\"required name=search_term_string\"}],\"inLanguage\":\"fr-FR\"},{\"@type\":\"ImageObject\",\"@id\":\"https:\/\/atypique.brunotarhan.fr\/index.php\/produit\/les-legendaires-resistance-tome-1-albumles-dieux-sont-amourpatrick-sobral-jennypop-coloristedelcourt\/#primaryimage\",\"inLanguage\":\"fr-FR\",\"url\":\"https:\/\/atypique.brunotarhan.fr\/wp-content\/uploads\/2022\/04\/les-legendaires-t1.webp\",\"contentUrl\":\"https:\/\/atypique.brunotarhan.fr\/wp-content\/uploads\/2022\/04\/les-legendaires-t1.webp\",\"width\":379,\"height\":500},{\"@type\":\"WebPage\",\"@id\":\"https:\/\/atypique.brunotarhan.fr\/index.php\/produit\/les-legendaires-resistance-tome-1-albumles-dieux-sont-amourpatrick-sobral-jennypop-coloristedelcourt\/#webpage\",\"url\":\"https:\/\/atypique.brunotarhan.fr\/index.php\/produit\/les-legendaires-resistance-tome-1-albumles-dieux-sont-amourpatrick-sobral-jennypop-coloristedelcourt\/\",\"name\":\"Les L\u00e9gendaires - R\u00e9sistance Tome 1 - Album Les dieux sont amour Patrick Sobral, Jenny Pop (Coloriste) Delcourt - Atypique Concept Store\",\"isPartOf\":{\"@id\":\"https:\/\/atypique.brunotarhan.fr\/#website\"},\"primaryImageOfPage\":{\"@id\":\"https:\/\/atypique.brunotarhan.fr\/index.php\/produit\/les-legendaires-resistance-tome-1-albumles-dieux-sont-amourpatrick-sobral-jennypop-coloristedelcourt\/#primaryimage\"},\"datePublished\":\"2022-04-25T22:47:59+00:00\",\"dateModified\":\"2022-04-25T22:47:59+00:00\",\"breadcrumb\":{\"@id\":\"https:\/\/atypique.brunotarhan.fr\/index.php\/produit\/les-legendaires-resistance-tome-1-albumles-dieux-sont-amourpatrick-sobral-jennypop-coloristedelcourt\/#breadcrumb\"},\"inLanguage\":\"fr-FR\",\"potentialAction\":[{\"@type\":\"ReadAction\",\"target\":[\"https:\/\/atypique.brunotarhan.fr\/index.php\/produit\/les-legendaires-resistance-tome-1-albumles-dieux-sont-amourpatrick-sobral-jennypop-coloristedelcourt\/\"]}]},{\"@type\":\"BreadcrumbList\",\"@id\":\"https:\/\/atypique.brunotarhan.fr\/index.php\/produit\/les-legendaires-resistance-tome-1-albumles-dieux-sont-amourpatrick-sobral-jennypop-coloristedelcourt\/#breadcrumb\",\"itemListElement\":[{\"@type\":\"ListItem\",\"position\":1,\"name\":\"Accueil\",\"item\":\"https:\/\/atypique.brunotarhan.fr\/\"},{\"@type\":\"ListItem\",\"position\":2,\"name\":\"\"},{\"@type\":\"ListItem\",\"position\":3,\"name\":\"Les L\u00e9gendaires &#8211; R\u00e9sistance Tome 1 &#8211; Album Les dieux sont amour Patrick Sobral, Jenny Pop (Coloriste) Delcourt\"}]}]}<\/script>\n<!-- \/ Yoast SEO plugin. -->","yoast_head_json":{"title":"Les L\u00e9gendaires - R\u00e9sistance Tome 1 - Album Les dieux sont amour Patrick Sobral, Jenny Pop (Coloriste) Delcourt - Atypique Concept Store","robots":{"index":"index","follow":"follow","max-snippet":"max-snippet:-1","max-image-preview":"max-image-preview:large","max-video-preview":"max-video-preview:-1"},"canonical":"https:\/\/atypique.brunotarhan.fr\/index.php\/produit\/les-legendaires-resistance-tome-1-albumles-dieux-sont-amourpatrick-sobral-jennypop-coloristedelcourt\/","og_locale":"fr_FR","og_type":"article","og_title":"Les L\u00e9gendaires - R\u00e9sistance Tome 1 - Album Les dieux sont amour Patrick Sobral, Jenny Pop (Coloriste) Delcourt - Atypique Concept Store","og_description":"Les L\u00e9gendaires ont raccroch\u00e9 leurs armes et fond\u00e9 une famille mais le grand cataclysme d\u00e9clenche \u00e0 la surface du globe une succession de catastrophes....","og_url":"https:\/\/atypique.brunotarhan.fr\/index.php\/produit\/les-legendaires-resistance-tome-1-albumles-dieux-sont-amourpatrick-sobral-jennypop-coloristedelcourt\/","og_site_name":"Atypique Concept Store","twitter_card":"summary_large_image","schema":{"@context":"https:\/\/schema.org","@graph":[{"@type":"WebSite","@id":"https:\/\/atypique.brunotarhan.fr\/#website","url":"https:\/\/atypique.brunotarhan.fr\/","name":"Atypique Concept Store","description":"Just another WordPress site","potentialAction":[{"@type":"SearchAction","target":{"@type":"EntryPoint","urlTemplate":"https:\/\/atypique.brunotarhan.fr\/?s={search_term_string}"},"query-input":"required name=search_term_string"}],"inLanguage":"fr-FR"},{"@type":"ImageObject","@id":"https:\/\/atypique.brunotarhan.fr\/index.php\/produit\/les-legendaires-resistance-tome-1-albumles-dieux-sont-amourpatrick-sobral-jennypop-coloristedelcourt\/#primaryimage","inLanguage":"fr-FR","url":"https:\/\/atypique.brunotarhan.fr\/wp-content\/uploads\/2022\/04\/les-legendaires-t1.webp","contentUrl":"https:\/\/atypique.brunotarhan.fr\/wp-content\/uploads\/2022\/04\/les-legendaires-t1.webp","width":379,"height":500},{"@type":"WebPage","@id":"https:\/\/atypique.brunotarhan.fr\/index.php\/produit\/les-legendaires-resistance-tome-1-albumles-dieux-sont-amourpatrick-sobral-jennypop-coloristedelcourt\/#webpage","url":"https:\/\/atypique.brunotarhan.fr\/index.php\/produit\/les-legendaires-resistance-tome-1-albumles-dieux-sont-amourpatrick-sobral-jennypop-coloristedelcourt\/","name":"Les L\u00e9gendaires - R\u00e9sistance Tome 1 - Album Les dieux sont amour Patrick Sobral, Jenny Pop (Coloriste) Delcourt - Atypique Concept Store","isPartOf":{"@id":"https:\/\/atypique.brunotarhan.fr\/#website"},"primaryImageOfPage":{"@id":"https:\/\/atypique.brunotarhan.fr\/index.php\/produit\/les-legendaires-resistance-tome-1-albumles-dieux-sont-amourpatrick-sobral-jennypop-coloristedelcourt\/#primaryimage"},"datePublished":"2022-04-25T22:47:59+00:00","dateModified":"2022-04-25T22:47:59+00:00","breadcrumb":{"@id":"https:\/\/atypique.brunotarhan.fr\/index.php\/produit\/les-legendaires-resistance-tome-1-albumles-dieux-sont-amourpatrick-sobral-jennypop-coloristedelcourt\/#breadcrumb"},"inLanguage":"fr-FR","potentialAction":[{"@type":"ReadAction","target":["https:\/\/atypique.brunotarhan.fr\/index.php\/produit\/les-legendaires-resistance-tome-1-albumles-dieux-sont-amourpatrick-sobral-jennypop-coloristedelcourt\/"]}]},{"@type":"BreadcrumbList","@id":"https:\/\/atypique.brunotarhan.fr\/index.php\/produit\/les-legendaires-resistance-tome-1-albumles-dieux-sont-amourpatrick-sobral-jennypop-coloristedelcourt\/#breadcrumb","itemListElement":[{"@type":"ListItem","position":1,"name":"Accueil","item":"https:\/\/atypique.brunotarhan.fr\/"},{"@type":"ListItem","position":2,"name":""},{"@type":"ListItem","position":3,"name":"Les L\u00e9gendaires &#8211; R\u00e9sistance Tome 1 &#8211; Album Les dieux sont amour Patrick Sobral, Jenny Pop (Coloriste) Delcourt"}]}]}},"_links":{"self":[{"href":"https:\/\/atypique.brunotarhan.fr\/index.php\/wp-json\/wp\/v2\/product\/16119","targetHints":{"allow":["GET"]}}],"collection":[{"href":"https:\/\/atypique.brunotarhan.fr\/index.php\/wp-json\/wp\/v2\/product"}],"about":[{"href":"https:\/\/atypique.brunotarhan.fr\/index.php\/wp-json\/wp\/v2\/types\/product"}],"replies":[{"embeddable":true,"href":"https:\/\/atypique.brunotarhan.fr\/index.php\/wp-json\/wp\/v2\/comments?post=16119"}],"wp:featuredmedia":[{"embeddable":true,"href":"https:\/\/atypique.brunotarhan.fr\/index.php\/wp-json\/wp\/v2\/media\/15869"}],"wp:attachment":[{"href":"https:\/\/atypique.brunotarhan.fr\/index.php\/wp-json\/wp\/v2\/media?parent=16119"}],"wp:term":[{"taxonomy":"product_cat","embeddable":true,"href":"https:\/\/atypique.brunotarhan.fr\/index.php\/wp-json\/wp\/v2\/product_cat?post=16119"},{"taxonomy":"product_tag","embeddable":true,"href":"https:\/\/atypique.brunotarhan.fr\/index.php\/wp-json\/wp\/v2\/product_tag?post=16119"}],"curies":[{"name":"wp","href":"https:\/\/api.w.org\/{rel}","templated":true}]}}