{"id":16118,"date":"2022-04-25T22:47:59","date_gmt":"2022-04-25T22:47:59","guid":{"rendered":"https:\/\/atypique.brunotarhan.fr\/index.php\/produit\/les-impatientes-pocheprix-du-roman-metis-des-lyceensdjaili-amadou-amaljai-lu\/"},"modified":"2022-04-25T22:47:59","modified_gmt":"2022-04-25T22:47:59","slug":"les-impatientes-pocheprix-du-roman-metis-des-lyceensdjaili-amadou-amaljai-lu","status":"publish","type":"product","link":"https:\/\/atypique.brunotarhan.fr\/index.php\/produit\/les-impatientes-pocheprix-du-roman-metis-des-lyceensdjaili-amadou-amaljai-lu\/","title":{"rendered":"Les impatientes &#8211; Poche\nPRIX DU ROMAN M\u00c9TIS DES LYC\u00c9ENS\nDja\u00efli Amadou Amal\nJ&#8217;ai lu"},"content":{"rendered":"<p>&#8220;Patience, mes filles ! Munyal ! Telle est la seule valeur du mariage et de la vie&#8221;. Au nord du Cameroun, au sein des riches familles peules et musulmanes, la patience est la vertu cardinale enseign\u00e9e aux futures \u00e9pouses. Malheur \u00e0 celle qui osera contredire la volont\u00e9 d&#8217;Allah ! Entre les murs des concessions, o\u00f9 r\u00e8gnent rivalit\u00e9 polygame et violences conjugales, la soci\u00e9t\u00e9 camerounaise condamne ces femmes au silence.<br \/>\nMais c&#8217;est aussi l\u00e0 que les destins s&#8217;entrelacent. Ramla, arrach\u00e9e \u00e0 son premier amour ; Safira, confront\u00e9e \u00e0 l&#8217;arriv\u00e9e d&#8217;une deuxi\u00e8me \u00e9pouse ; Hindou, mari\u00e9e de force \u00e0 son cousin : chacune r\u00eave de s&#8217;affranchir de sa condition. Jusqu&#8217;o\u00f9 iront-elles pour se lib\u00e9rer ?<\/p>\n","protected":false},"excerpt":{"rendered":"<p>&#8220;Patience, mes filles ! Munyal ! Telle est la seule valeur du mariage et de la vie&#8221;. Au nord du Cameroun, au sein des riches familles peules et musulmanes,&#8230; <\/p>\n","protected":false},"featured_media":15868,"comment_status":"open","ping_status":"closed","template":"","meta":[],"product_cat":[93,186],"product_tag":[601,249,599,600,189],"class_list":["post-16118","product","type-product","status-publish","has-post-thumbnail","hentry","product_cat-librairie","product_cat-romans","product_tag-djaili-amadou-amal","product_tag-jai-lu","product_tag-les-impatientes-poche","product_tag-prix-du-roman-metis-des-lyceens","product_tag-roman"],"yoast_head":"<!-- This site is optimized with the Yoast SEO plugin v18.0 - https:\/\/yoast.com\/wordpress\/plugins\/seo\/ -->\n<title>Les impatientes - Poche PRIX DU ROMAN M\u00c9TIS DES LYC\u00c9ENS Dja\u00efli Amadou Amal J&#039;ai lu - Atypique Concept Store<\/title>\n<meta name=\"robots\" content=\"index, follow, max-snippet:-1, max-image-preview:large, max-video-preview:-1\" \/>\n<link rel=\"canonical\" href=\"https:\/\/atypique.brunotarhan.fr\/index.php\/produit\/les-impatientes-pocheprix-du-roman-metis-des-lyceensdjaili-amadou-amaljai-lu\/\" \/>\n<meta property=\"og:locale\" content=\"fr_FR\" \/>\n<meta property=\"og:type\" content=\"article\" \/>\n<meta property=\"og:title\" content=\"Les impatientes - Poche PRIX DU ROMAN M\u00c9TIS DES LYC\u00c9ENS Dja\u00efli Amadou Amal J&#039;ai lu - Atypique Concept Store\" \/>\n<meta property=\"og:description\" content=\"&quot;Patience, mes filles ! Munyal ! Telle est la seule valeur du mariage et de la vie&quot;. Au nord du Cameroun, au sein des riches familles peules et musulmanes,...\" \/>\n<meta property=\"og:url\" content=\"https:\/\/atypique.brunotarhan.fr\/index.php\/produit\/les-impatientes-pocheprix-du-roman-metis-des-lyceensdjaili-amadou-amaljai-lu\/\" \/>\n<meta property=\"og:site_name\" content=\"Atypique Concept Store\" \/>\n<meta name=\"twitter:card\" content=\"summary_large_image\" \/>\n<meta name=\"twitter:label1\" content=\"Dur\u00e9e de lecture estim\u00e9e\" \/>\n\t<meta name=\"twitter:data1\" content=\"1 minute\" \/>\n<script type=\"application\/ld+json\" class=\"yoast-schema-graph\">{\"@context\":\"https:\/\/schema.org\",\"@graph\":[{\"@type\":\"WebSite\",\"@id\":\"https:\/\/atypique.brunotarhan.fr\/#website\",\"url\":\"https:\/\/atypique.brunotarhan.fr\/\",\"name\":\"Atypique Concept Store\",\"description\":\"Just another WordPress site\",\"potentialAction\":[{\"@type\":\"SearchAction\",\"target\":{\"@type\":\"EntryPoint\",\"urlTemplate\":\"https:\/\/atypique.brunotarhan.fr\/?s={search_term_string}\"},\"query-input\":\"required name=search_term_string\"}],\"inLanguage\":\"fr-FR\"},{\"@type\":\"ImageObject\",\"@id\":\"https:\/\/atypique.brunotarhan.fr\/index.php\/produit\/les-impatientes-pocheprix-du-roman-metis-des-lyceensdjaili-amadou-amaljai-lu\/#primaryimage\",\"inLanguage\":\"fr-FR\",\"url\":\"https:\/\/atypique.brunotarhan.fr\/wp-content\/uploads\/2022\/04\/les-impatientes.webp\",\"contentUrl\":\"https:\/\/atypique.brunotarhan.fr\/wp-content\/uploads\/2022\/04\/les-impatientes.webp\",\"width\":309,\"height\":500},{\"@type\":\"WebPage\",\"@id\":\"https:\/\/atypique.brunotarhan.fr\/index.php\/produit\/les-impatientes-pocheprix-du-roman-metis-des-lyceensdjaili-amadou-amaljai-lu\/#webpage\",\"url\":\"https:\/\/atypique.brunotarhan.fr\/index.php\/produit\/les-impatientes-pocheprix-du-roman-metis-des-lyceensdjaili-amadou-amaljai-lu\/\",\"name\":\"Les impatientes - Poche PRIX DU ROMAN M\u00c9TIS DES LYC\u00c9ENS Dja\u00efli Amadou Amal J'ai lu - Atypique Concept Store\",\"isPartOf\":{\"@id\":\"https:\/\/atypique.brunotarhan.fr\/#website\"},\"primaryImageOfPage\":{\"@id\":\"https:\/\/atypique.brunotarhan.fr\/index.php\/produit\/les-impatientes-pocheprix-du-roman-metis-des-lyceensdjaili-amadou-amaljai-lu\/#primaryimage\"},\"datePublished\":\"2022-04-25T22:47:59+00:00\",\"dateModified\":\"2022-04-25T22:47:59+00:00\",\"breadcrumb\":{\"@id\":\"https:\/\/atypique.brunotarhan.fr\/index.php\/produit\/les-impatientes-pocheprix-du-roman-metis-des-lyceensdjaili-amadou-amaljai-lu\/#breadcrumb\"},\"inLanguage\":\"fr-FR\",\"potentialAction\":[{\"@type\":\"ReadAction\",\"target\":[\"https:\/\/atypique.brunotarhan.fr\/index.php\/produit\/les-impatientes-pocheprix-du-roman-metis-des-lyceensdjaili-amadou-amaljai-lu\/\"]}]},{\"@type\":\"BreadcrumbList\",\"@id\":\"https:\/\/atypique.brunotarhan.fr\/index.php\/produit\/les-impatientes-pocheprix-du-roman-metis-des-lyceensdjaili-amadou-amaljai-lu\/#breadcrumb\",\"itemListElement\":[{\"@type\":\"ListItem\",\"position\":1,\"name\":\"Accueil\",\"item\":\"https:\/\/atypique.brunotarhan.fr\/\"},{\"@type\":\"ListItem\",\"position\":2,\"name\":\"\"},{\"@type\":\"ListItem\",\"position\":3,\"name\":\"Les impatientes &#8211; Poche PRIX DU ROMAN M\u00c9TIS DES LYC\u00c9ENS Dja\u00efli Amadou Amal J&#8217;ai lu\"}]}]}<\/script>\n<!-- \/ Yoast SEO plugin. -->","yoast_head_json":{"title":"Les impatientes - Poche PRIX DU ROMAN M\u00c9TIS DES LYC\u00c9ENS Dja\u00efli Amadou Amal J'ai lu - Atypique Concept Store","robots":{"index":"index","follow":"follow","max-snippet":"max-snippet:-1","max-image-preview":"max-image-preview:large","max-video-preview":"max-video-preview:-1"},"canonical":"https:\/\/atypique.brunotarhan.fr\/index.php\/produit\/les-impatientes-pocheprix-du-roman-metis-des-lyceensdjaili-amadou-amaljai-lu\/","og_locale":"fr_FR","og_type":"article","og_title":"Les impatientes - Poche PRIX DU ROMAN M\u00c9TIS DES LYC\u00c9ENS Dja\u00efli Amadou Amal J'ai lu - Atypique Concept Store","og_description":"\"Patience, mes filles ! Munyal ! Telle est la seule valeur du mariage et de la vie\". Au nord du Cameroun, au sein des riches familles peules et musulmanes,...","og_url":"https:\/\/atypique.brunotarhan.fr\/index.php\/produit\/les-impatientes-pocheprix-du-roman-metis-des-lyceensdjaili-amadou-amaljai-lu\/","og_site_name":"Atypique Concept Store","twitter_card":"summary_large_image","twitter_misc":{"Dur\u00e9e de lecture estim\u00e9e":"1 minute"},"schema":{"@context":"https:\/\/schema.org","@graph":[{"@type":"WebSite","@id":"https:\/\/atypique.brunotarhan.fr\/#website","url":"https:\/\/atypique.brunotarhan.fr\/","name":"Atypique Concept Store","description":"Just another WordPress site","potentialAction":[{"@type":"SearchAction","target":{"@type":"EntryPoint","urlTemplate":"https:\/\/atypique.brunotarhan.fr\/?s={search_term_string}"},"query-input":"required name=search_term_string"}],"inLanguage":"fr-FR"},{"@type":"ImageObject","@id":"https:\/\/atypique.brunotarhan.fr\/index.php\/produit\/les-impatientes-pocheprix-du-roman-metis-des-lyceensdjaili-amadou-amaljai-lu\/#primaryimage","inLanguage":"fr-FR","url":"https:\/\/atypique.brunotarhan.fr\/wp-content\/uploads\/2022\/04\/les-impatientes.webp","contentUrl":"https:\/\/atypique.brunotarhan.fr\/wp-content\/uploads\/2022\/04\/les-impatientes.webp","width":309,"height":500},{"@type":"WebPage","@id":"https:\/\/atypique.brunotarhan.fr\/index.php\/produit\/les-impatientes-pocheprix-du-roman-metis-des-lyceensdjaili-amadou-amaljai-lu\/#webpage","url":"https:\/\/atypique.brunotarhan.fr\/index.php\/produit\/les-impatientes-pocheprix-du-roman-metis-des-lyceensdjaili-amadou-amaljai-lu\/","name":"Les impatientes - Poche PRIX DU ROMAN M\u00c9TIS DES LYC\u00c9ENS Dja\u00efli Amadou Amal J'ai lu - Atypique Concept Store","isPartOf":{"@id":"https:\/\/atypique.brunotarhan.fr\/#website"},"primaryImageOfPage":{"@id":"https:\/\/atypique.brunotarhan.fr\/index.php\/produit\/les-impatientes-pocheprix-du-roman-metis-des-lyceensdjaili-amadou-amaljai-lu\/#primaryimage"},"datePublished":"2022-04-25T22:47:59+00:00","dateModified":"2022-04-25T22:47:59+00:00","breadcrumb":{"@id":"https:\/\/atypique.brunotarhan.fr\/index.php\/produit\/les-impatientes-pocheprix-du-roman-metis-des-lyceensdjaili-amadou-amaljai-lu\/#breadcrumb"},"inLanguage":"fr-FR","potentialAction":[{"@type":"ReadAction","target":["https:\/\/atypique.brunotarhan.fr\/index.php\/produit\/les-impatientes-pocheprix-du-roman-metis-des-lyceensdjaili-amadou-amaljai-lu\/"]}]},{"@type":"BreadcrumbList","@id":"https:\/\/atypique.brunotarhan.fr\/index.php\/produit\/les-impatientes-pocheprix-du-roman-metis-des-lyceensdjaili-amadou-amaljai-lu\/#breadcrumb","itemListElement":[{"@type":"ListItem","position":1,"name":"Accueil","item":"https:\/\/atypique.brunotarhan.fr\/"},{"@type":"ListItem","position":2,"name":""},{"@type":"ListItem","position":3,"name":"Les impatientes &#8211; Poche PRIX DU ROMAN M\u00c9TIS DES LYC\u00c9ENS Dja\u00efli Amadou Amal J&#8217;ai lu"}]}]}},"_links":{"self":[{"href":"https:\/\/atypique.brunotarhan.fr\/index.php\/wp-json\/wp\/v2\/product\/16118","targetHints":{"allow":["GET"]}}],"collection":[{"href":"https:\/\/atypique.brunotarhan.fr\/index.php\/wp-json\/wp\/v2\/product"}],"about":[{"href":"https:\/\/atypique.brunotarhan.fr\/index.php\/wp-json\/wp\/v2\/types\/product"}],"replies":[{"embeddable":true,"href":"https:\/\/atypique.brunotarhan.fr\/index.php\/wp-json\/wp\/v2\/comments?post=16118"}],"wp:featuredmedia":[{"embeddable":true,"href":"https:\/\/atypique.brunotarhan.fr\/index.php\/wp-json\/wp\/v2\/media\/15868"}],"wp:attachment":[{"href":"https:\/\/atypique.brunotarhan.fr\/index.php\/wp-json\/wp\/v2\/media?parent=16118"}],"wp:term":[{"taxonomy":"product_cat","embeddable":true,"href":"https:\/\/atypique.brunotarhan.fr\/index.php\/wp-json\/wp\/v2\/product_cat?post=16118"},{"taxonomy":"product_tag","embeddable":true,"href":"https:\/\/atypique.brunotarhan.fr\/index.php\/wp-json\/wp\/v2\/product_tag?post=16118"}],"curies":[{"name":"wp","href":"https:\/\/api.w.org\/{rel}","templated":true}]}}