{"id":16117,"date":"2022-04-25T22:47:58","date_gmt":"2022-04-25T22:47:58","guid":{"rendered":"https:\/\/atypique.brunotarhan.fr\/index.php\/produit\/les-ignorants-recit-dune-initiation-croisee-albumetienne-davodeaufuturopolis\/"},"modified":"2022-04-25T22:47:58","modified_gmt":"2022-04-25T22:47:58","slug":"les-ignorants-recit-dune-initiation-croisee-albumetienne-davodeaufuturopolis","status":"publish","type":"product","link":"https:\/\/atypique.brunotarhan.fr\/index.php\/produit\/les-ignorants-recit-dune-initiation-croisee-albumetienne-davodeaufuturopolis\/","title":{"rendered":"Les ignorants &#8211; R\u00e9cit d&#8217;une initiation crois\u00e9e &#8211; Album\nEtienne Davodeau\nFuturopolis"},"content":{"rendered":"<p>Un vigneron chez Jean-Pierre Gibrat ou chez Emmanuel Guibert, et un auteur de bande dessin\u00e9e dans la vigne : mais qui sont-ils ? Deux ignorants ! Comment, pourquoi, et pour qui faire des livres ou du vin ? Les r\u00e9ponses \u00e0 ces questions forment le r\u00e9cit vivant et joyeux d&#8217;une initiation crois\u00e9e.<\/p>\n","protected":false},"excerpt":{"rendered":"<p>Un vigneron chez Jean-Pierre Gibrat ou chez Emmanuel Guibert, et un auteur de bande dessin\u00e9e dans la vigne : mais qui sont-ils ? Deux ignorants !&#8230;<\/p>\n","protected":false},"featured_media":15867,"comment_status":"open","ping_status":"closed","template":"","meta":[],"product_cat":[212,93],"product_tag":[214,597,598,596],"class_list":["post-16117","product","type-product","status-publish","has-post-thumbnail","hentry","product_cat-bandes-dessinees","product_cat-librairie","product_tag-bandes-dessinees","product_tag-etienne-davodeau","product_tag-futuropolis","product_tag-les-ignorants-recit-dune-initiation-croisee-album"],"yoast_head":"<!-- This site is optimized with the Yoast SEO plugin v18.0 - https:\/\/yoast.com\/wordpress\/plugins\/seo\/ -->\n<title>Les ignorants - R\u00e9cit d&#039;une initiation crois\u00e9e - Album Etienne Davodeau Futuropolis - Atypique Concept Store<\/title>\n<meta name=\"robots\" content=\"index, follow, max-snippet:-1, max-image-preview:large, max-video-preview:-1\" \/>\n<link rel=\"canonical\" href=\"https:\/\/atypique.brunotarhan.fr\/index.php\/produit\/les-ignorants-recit-dune-initiation-croisee-albumetienne-davodeaufuturopolis\/\" \/>\n<meta property=\"og:locale\" content=\"fr_FR\" \/>\n<meta property=\"og:type\" content=\"article\" \/>\n<meta property=\"og:title\" content=\"Les ignorants - R\u00e9cit d&#039;une initiation crois\u00e9e - Album Etienne Davodeau Futuropolis - Atypique Concept Store\" \/>\n<meta property=\"og:description\" content=\"Un vigneron chez Jean-Pierre Gibrat ou chez Emmanuel Guibert, et un auteur de bande dessin\u00e9e dans la vigne : mais qui sont-ils ? Deux ignorants !...\" \/>\n<meta property=\"og:url\" content=\"https:\/\/atypique.brunotarhan.fr\/index.php\/produit\/les-ignorants-recit-dune-initiation-croisee-albumetienne-davodeaufuturopolis\/\" \/>\n<meta property=\"og:site_name\" content=\"Atypique Concept Store\" \/>\n<meta name=\"twitter:card\" content=\"summary_large_image\" \/>\n<script type=\"application\/ld+json\" class=\"yoast-schema-graph\">{\"@context\":\"https:\/\/schema.org\",\"@graph\":[{\"@type\":\"WebSite\",\"@id\":\"https:\/\/atypique.brunotarhan.fr\/#website\",\"url\":\"https:\/\/atypique.brunotarhan.fr\/\",\"name\":\"Atypique Concept Store\",\"description\":\"Just another WordPress site\",\"potentialAction\":[{\"@type\":\"SearchAction\",\"target\":{\"@type\":\"EntryPoint\",\"urlTemplate\":\"https:\/\/atypique.brunotarhan.fr\/?s={search_term_string}\"},\"query-input\":\"required name=search_term_string\"}],\"inLanguage\":\"fr-FR\"},{\"@type\":\"ImageObject\",\"@id\":\"https:\/\/atypique.brunotarhan.fr\/index.php\/produit\/les-ignorants-recit-dune-initiation-croisee-albumetienne-davodeaufuturopolis\/#primaryimage\",\"inLanguage\":\"fr-FR\",\"url\":\"https:\/\/atypique.brunotarhan.fr\/wp-content\/uploads\/2022\/04\/les-ignorants.webp\",\"contentUrl\":\"https:\/\/atypique.brunotarhan.fr\/wp-content\/uploads\/2022\/04\/les-ignorants.webp\",\"width\":365,\"height\":500},{\"@type\":\"WebPage\",\"@id\":\"https:\/\/atypique.brunotarhan.fr\/index.php\/produit\/les-ignorants-recit-dune-initiation-croisee-albumetienne-davodeaufuturopolis\/#webpage\",\"url\":\"https:\/\/atypique.brunotarhan.fr\/index.php\/produit\/les-ignorants-recit-dune-initiation-croisee-albumetienne-davodeaufuturopolis\/\",\"name\":\"Les ignorants - R\u00e9cit d'une initiation crois\u00e9e - Album Etienne Davodeau Futuropolis - Atypique Concept Store\",\"isPartOf\":{\"@id\":\"https:\/\/atypique.brunotarhan.fr\/#website\"},\"primaryImageOfPage\":{\"@id\":\"https:\/\/atypique.brunotarhan.fr\/index.php\/produit\/les-ignorants-recit-dune-initiation-croisee-albumetienne-davodeaufuturopolis\/#primaryimage\"},\"datePublished\":\"2022-04-25T22:47:58+00:00\",\"dateModified\":\"2022-04-25T22:47:58+00:00\",\"breadcrumb\":{\"@id\":\"https:\/\/atypique.brunotarhan.fr\/index.php\/produit\/les-ignorants-recit-dune-initiation-croisee-albumetienne-davodeaufuturopolis\/#breadcrumb\"},\"inLanguage\":\"fr-FR\",\"potentialAction\":[{\"@type\":\"ReadAction\",\"target\":[\"https:\/\/atypique.brunotarhan.fr\/index.php\/produit\/les-ignorants-recit-dune-initiation-croisee-albumetienne-davodeaufuturopolis\/\"]}]},{\"@type\":\"BreadcrumbList\",\"@id\":\"https:\/\/atypique.brunotarhan.fr\/index.php\/produit\/les-ignorants-recit-dune-initiation-croisee-albumetienne-davodeaufuturopolis\/#breadcrumb\",\"itemListElement\":[{\"@type\":\"ListItem\",\"position\":1,\"name\":\"Accueil\",\"item\":\"https:\/\/atypique.brunotarhan.fr\/\"},{\"@type\":\"ListItem\",\"position\":2,\"name\":\"\"},{\"@type\":\"ListItem\",\"position\":3,\"name\":\"Les ignorants &#8211; R\u00e9cit d&#8217;une initiation crois\u00e9e &#8211; Album Etienne Davodeau Futuropolis\"}]}]}<\/script>\n<!-- \/ Yoast SEO plugin. -->","yoast_head_json":{"title":"Les ignorants - R\u00e9cit d'une initiation crois\u00e9e - Album Etienne Davodeau Futuropolis - Atypique Concept Store","robots":{"index":"index","follow":"follow","max-snippet":"max-snippet:-1","max-image-preview":"max-image-preview:large","max-video-preview":"max-video-preview:-1"},"canonical":"https:\/\/atypique.brunotarhan.fr\/index.php\/produit\/les-ignorants-recit-dune-initiation-croisee-albumetienne-davodeaufuturopolis\/","og_locale":"fr_FR","og_type":"article","og_title":"Les ignorants - R\u00e9cit d'une initiation crois\u00e9e - Album Etienne Davodeau Futuropolis - Atypique Concept Store","og_description":"Un vigneron chez Jean-Pierre Gibrat ou chez Emmanuel Guibert, et un auteur de bande dessin\u00e9e dans la vigne : mais qui sont-ils ? Deux ignorants !...","og_url":"https:\/\/atypique.brunotarhan.fr\/index.php\/produit\/les-ignorants-recit-dune-initiation-croisee-albumetienne-davodeaufuturopolis\/","og_site_name":"Atypique Concept Store","twitter_card":"summary_large_image","schema":{"@context":"https:\/\/schema.org","@graph":[{"@type":"WebSite","@id":"https:\/\/atypique.brunotarhan.fr\/#website","url":"https:\/\/atypique.brunotarhan.fr\/","name":"Atypique Concept Store","description":"Just another WordPress site","potentialAction":[{"@type":"SearchAction","target":{"@type":"EntryPoint","urlTemplate":"https:\/\/atypique.brunotarhan.fr\/?s={search_term_string}"},"query-input":"required name=search_term_string"}],"inLanguage":"fr-FR"},{"@type":"ImageObject","@id":"https:\/\/atypique.brunotarhan.fr\/index.php\/produit\/les-ignorants-recit-dune-initiation-croisee-albumetienne-davodeaufuturopolis\/#primaryimage","inLanguage":"fr-FR","url":"https:\/\/atypique.brunotarhan.fr\/wp-content\/uploads\/2022\/04\/les-ignorants.webp","contentUrl":"https:\/\/atypique.brunotarhan.fr\/wp-content\/uploads\/2022\/04\/les-ignorants.webp","width":365,"height":500},{"@type":"WebPage","@id":"https:\/\/atypique.brunotarhan.fr\/index.php\/produit\/les-ignorants-recit-dune-initiation-croisee-albumetienne-davodeaufuturopolis\/#webpage","url":"https:\/\/atypique.brunotarhan.fr\/index.php\/produit\/les-ignorants-recit-dune-initiation-croisee-albumetienne-davodeaufuturopolis\/","name":"Les ignorants - R\u00e9cit d'une initiation crois\u00e9e - Album Etienne Davodeau Futuropolis - Atypique Concept Store","isPartOf":{"@id":"https:\/\/atypique.brunotarhan.fr\/#website"},"primaryImageOfPage":{"@id":"https:\/\/atypique.brunotarhan.fr\/index.php\/produit\/les-ignorants-recit-dune-initiation-croisee-albumetienne-davodeaufuturopolis\/#primaryimage"},"datePublished":"2022-04-25T22:47:58+00:00","dateModified":"2022-04-25T22:47:58+00:00","breadcrumb":{"@id":"https:\/\/atypique.brunotarhan.fr\/index.php\/produit\/les-ignorants-recit-dune-initiation-croisee-albumetienne-davodeaufuturopolis\/#breadcrumb"},"inLanguage":"fr-FR","potentialAction":[{"@type":"ReadAction","target":["https:\/\/atypique.brunotarhan.fr\/index.php\/produit\/les-ignorants-recit-dune-initiation-croisee-albumetienne-davodeaufuturopolis\/"]}]},{"@type":"BreadcrumbList","@id":"https:\/\/atypique.brunotarhan.fr\/index.php\/produit\/les-ignorants-recit-dune-initiation-croisee-albumetienne-davodeaufuturopolis\/#breadcrumb","itemListElement":[{"@type":"ListItem","position":1,"name":"Accueil","item":"https:\/\/atypique.brunotarhan.fr\/"},{"@type":"ListItem","position":2,"name":""},{"@type":"ListItem","position":3,"name":"Les ignorants &#8211; R\u00e9cit d&#8217;une initiation crois\u00e9e &#8211; Album Etienne Davodeau Futuropolis"}]}]}},"_links":{"self":[{"href":"https:\/\/atypique.brunotarhan.fr\/index.php\/wp-json\/wp\/v2\/product\/16117","targetHints":{"allow":["GET"]}}],"collection":[{"href":"https:\/\/atypique.brunotarhan.fr\/index.php\/wp-json\/wp\/v2\/product"}],"about":[{"href":"https:\/\/atypique.brunotarhan.fr\/index.php\/wp-json\/wp\/v2\/types\/product"}],"replies":[{"embeddable":true,"href":"https:\/\/atypique.brunotarhan.fr\/index.php\/wp-json\/wp\/v2\/comments?post=16117"}],"wp:featuredmedia":[{"embeddable":true,"href":"https:\/\/atypique.brunotarhan.fr\/index.php\/wp-json\/wp\/v2\/media\/15867"}],"wp:attachment":[{"href":"https:\/\/atypique.brunotarhan.fr\/index.php\/wp-json\/wp\/v2\/media?parent=16117"}],"wp:term":[{"taxonomy":"product_cat","embeddable":true,"href":"https:\/\/atypique.brunotarhan.fr\/index.php\/wp-json\/wp\/v2\/product_cat?post=16117"},{"taxonomy":"product_tag","embeddable":true,"href":"https:\/\/atypique.brunotarhan.fr\/index.php\/wp-json\/wp\/v2\/product_tag?post=16117"}],"curies":[{"name":"wp","href":"https:\/\/api.w.org\/{rel}","templated":true}]}}