{"id":16116,"date":"2022-04-25T22:47:58","date_gmt":"2022-04-25T22:47:58","guid":{"rendered":"https:\/\/atypique.brunotarhan.fr\/index.php\/produit\/les-furtifs-pochegrand-prix-de-limaginaire-roman-francophonealain-damasiogallimard\/"},"modified":"2022-04-25T22:47:58","modified_gmt":"2022-04-25T22:47:58","slug":"les-furtifs-pochegrand-prix-de-limaginaire-roman-francophonealain-damasiogallimard","status":"publish","type":"product","link":"https:\/\/atypique.brunotarhan.fr\/index.php\/produit\/les-furtifs-pochegrand-prix-de-limaginaire-roman-francophonealain-damasiogallimard\/","title":{"rendered":"Les furtifs &#8211; Poche\nGRAND PRIX DE L&#8217;IMAGINAIRE &#8211; ROMAN FRANCOPHONE\nAlain Damasio\nGallimard"},"content":{"rendered":"<p>Ils sont l\u00e0, parmi nous, jamais o\u00f9 tu regardes, \u00e0 circuler dans les angles morts de la vision humaine. On les appelle les furtifs. Des fant\u00f4mes ? Plut\u00f4t l&#8217;exact inverse : des \u00eatres de chair et de sons, \u00e0 la vitalit\u00e9 hors norme, qui m\u00e9tabolisent dans leur trajet pierres, d\u00e9chets, animaux ou plantes pour alimenter leurs m\u00e9tamorphoses incessantes. Lorca Var\u00e8se, sociologue pour communes autog\u00e9r\u00e9es, et sa femme, Sahar, proferrante dans la rue pour les enfants que l&#8217;Education nationale, en faillite, a abandonn\u00e9s, ont vu leur couple bris\u00e9 par la disparition de leur fille unique de quatre ans, Tishka &#8211; volatilis\u00e9e un matin, inexplicablement.<br \/>\nSahar ne parvient pas \u00e0 faire son deuil alors que Lorca, convaincu que sa fille est partie avec les furtifs, int\u00e8gre une unit\u00e9 clandestine de l&#8217;arm\u00e9e charg\u00e9e de chasser ces animaux extraordinaires. Peu \u00e0 peu, ils apprendront \u00e0 apprivoiser leur puissance de fuite et \u00e0 renouer, gr\u00e2ce \u00e0 eux, avec ce vivant que nos soci\u00e9t\u00e9s excommunient. Les furtifs nous plonge dans un futur proche o\u00f9 le lib\u00e9ralisme et la technologie n&#8217;ont jamais aussi bien maximis\u00e9 nos servitudes volontaires &#8211; sous couvert de lib\u00e9ration !<\/p>\n","protected":false},"excerpt":{"rendered":"<p>Ils sont l\u00e0, parmi nous, jamais o\u00f9 tu regardes, \u00e0 circuler dans les angles morts de la vision humaine. On les appelle les furtifs. Des fant\u00f4mes ?&#8230;<\/p>\n","protected":false},"featured_media":15866,"comment_status":"open","ping_status":"closed","template":"","meta":[],"product_cat":[93,230],"product_tag":[595,313,236,594,593,233],"class_list":["post-16116","product","type-product","status-publish","has-post-thumbnail","hentry","product_cat-librairie","product_cat-science-fiction","product_tag-alain-damasio","product_tag-folio","product_tag-gallimard","product_tag-grand-prix-de-limaginaire-roman-francophone","product_tag-les-furtifs-poche","product_tag-science-fiction"],"yoast_head":"<!-- This site is optimized with the Yoast SEO plugin v18.0 - https:\/\/yoast.com\/wordpress\/plugins\/seo\/ -->\n<title>Les furtifs - Poche GRAND PRIX DE L&#039;IMAGINAIRE - ROMAN FRANCOPHONE Alain Damasio Gallimard - Atypique Concept Store<\/title>\n<meta name=\"robots\" content=\"index, follow, max-snippet:-1, max-image-preview:large, max-video-preview:-1\" \/>\n<link rel=\"canonical\" href=\"https:\/\/atypique.brunotarhan.fr\/index.php\/produit\/les-furtifs-pochegrand-prix-de-limaginaire-roman-francophonealain-damasiogallimard\/\" \/>\n<meta property=\"og:locale\" content=\"fr_FR\" \/>\n<meta property=\"og:type\" content=\"article\" \/>\n<meta property=\"og:title\" content=\"Les furtifs - Poche GRAND PRIX DE L&#039;IMAGINAIRE - ROMAN FRANCOPHONE Alain Damasio Gallimard - Atypique Concept Store\" \/>\n<meta property=\"og:description\" content=\"Ils sont l\u00e0, parmi nous, jamais o\u00f9 tu regardes, \u00e0 circuler dans les angles morts de la vision humaine. On les appelle les furtifs. Des fant\u00f4mes ?...\" \/>\n<meta property=\"og:url\" content=\"https:\/\/atypique.brunotarhan.fr\/index.php\/produit\/les-furtifs-pochegrand-prix-de-limaginaire-roman-francophonealain-damasiogallimard\/\" \/>\n<meta property=\"og:site_name\" content=\"Atypique Concept Store\" \/>\n<meta name=\"twitter:card\" content=\"summary_large_image\" \/>\n<meta name=\"twitter:label1\" content=\"Dur\u00e9e de lecture estim\u00e9e\" \/>\n\t<meta name=\"twitter:data1\" content=\"1 minute\" \/>\n<script type=\"application\/ld+json\" class=\"yoast-schema-graph\">{\"@context\":\"https:\/\/schema.org\",\"@graph\":[{\"@type\":\"WebSite\",\"@id\":\"https:\/\/atypique.brunotarhan.fr\/#website\",\"url\":\"https:\/\/atypique.brunotarhan.fr\/\",\"name\":\"Atypique Concept Store\",\"description\":\"Just another WordPress site\",\"potentialAction\":[{\"@type\":\"SearchAction\",\"target\":{\"@type\":\"EntryPoint\",\"urlTemplate\":\"https:\/\/atypique.brunotarhan.fr\/?s={search_term_string}\"},\"query-input\":\"required name=search_term_string\"}],\"inLanguage\":\"fr-FR\"},{\"@type\":\"ImageObject\",\"@id\":\"https:\/\/atypique.brunotarhan.fr\/index.php\/produit\/les-furtifs-pochegrand-prix-de-limaginaire-roman-francophonealain-damasiogallimard\/#primaryimage\",\"inLanguage\":\"fr-FR\",\"url\":\"https:\/\/atypique.brunotarhan.fr\/wp-content\/uploads\/2022\/04\/les-furtifs.webp\",\"contentUrl\":\"https:\/\/atypique.brunotarhan.fr\/wp-content\/uploads\/2022\/04\/les-furtifs.webp\",\"width\":304,\"height\":500},{\"@type\":\"WebPage\",\"@id\":\"https:\/\/atypique.brunotarhan.fr\/index.php\/produit\/les-furtifs-pochegrand-prix-de-limaginaire-roman-francophonealain-damasiogallimard\/#webpage\",\"url\":\"https:\/\/atypique.brunotarhan.fr\/index.php\/produit\/les-furtifs-pochegrand-prix-de-limaginaire-roman-francophonealain-damasiogallimard\/\",\"name\":\"Les furtifs - Poche GRAND PRIX DE L'IMAGINAIRE - ROMAN FRANCOPHONE Alain Damasio Gallimard - Atypique Concept Store\",\"isPartOf\":{\"@id\":\"https:\/\/atypique.brunotarhan.fr\/#website\"},\"primaryImageOfPage\":{\"@id\":\"https:\/\/atypique.brunotarhan.fr\/index.php\/produit\/les-furtifs-pochegrand-prix-de-limaginaire-roman-francophonealain-damasiogallimard\/#primaryimage\"},\"datePublished\":\"2022-04-25T22:47:58+00:00\",\"dateModified\":\"2022-04-25T22:47:58+00:00\",\"breadcrumb\":{\"@id\":\"https:\/\/atypique.brunotarhan.fr\/index.php\/produit\/les-furtifs-pochegrand-prix-de-limaginaire-roman-francophonealain-damasiogallimard\/#breadcrumb\"},\"inLanguage\":\"fr-FR\",\"potentialAction\":[{\"@type\":\"ReadAction\",\"target\":[\"https:\/\/atypique.brunotarhan.fr\/index.php\/produit\/les-furtifs-pochegrand-prix-de-limaginaire-roman-francophonealain-damasiogallimard\/\"]}]},{\"@type\":\"BreadcrumbList\",\"@id\":\"https:\/\/atypique.brunotarhan.fr\/index.php\/produit\/les-furtifs-pochegrand-prix-de-limaginaire-roman-francophonealain-damasiogallimard\/#breadcrumb\",\"itemListElement\":[{\"@type\":\"ListItem\",\"position\":1,\"name\":\"Accueil\",\"item\":\"https:\/\/atypique.brunotarhan.fr\/\"},{\"@type\":\"ListItem\",\"position\":2,\"name\":\"\"},{\"@type\":\"ListItem\",\"position\":3,\"name\":\"Les furtifs &#8211; Poche GRAND PRIX DE L&#8217;IMAGINAIRE &#8211; ROMAN FRANCOPHONE Alain Damasio Gallimard\"}]}]}<\/script>\n<!-- \/ Yoast SEO plugin. -->","yoast_head_json":{"title":"Les furtifs - Poche GRAND PRIX DE L'IMAGINAIRE - ROMAN FRANCOPHONE Alain Damasio Gallimard - Atypique Concept Store","robots":{"index":"index","follow":"follow","max-snippet":"max-snippet:-1","max-image-preview":"max-image-preview:large","max-video-preview":"max-video-preview:-1"},"canonical":"https:\/\/atypique.brunotarhan.fr\/index.php\/produit\/les-furtifs-pochegrand-prix-de-limaginaire-roman-francophonealain-damasiogallimard\/","og_locale":"fr_FR","og_type":"article","og_title":"Les furtifs - Poche GRAND PRIX DE L'IMAGINAIRE - ROMAN FRANCOPHONE Alain Damasio Gallimard - Atypique Concept Store","og_description":"Ils sont l\u00e0, parmi nous, jamais o\u00f9 tu regardes, \u00e0 circuler dans les angles morts de la vision humaine. On les appelle les furtifs. Des fant\u00f4mes ?...","og_url":"https:\/\/atypique.brunotarhan.fr\/index.php\/produit\/les-furtifs-pochegrand-prix-de-limaginaire-roman-francophonealain-damasiogallimard\/","og_site_name":"Atypique Concept Store","twitter_card":"summary_large_image","twitter_misc":{"Dur\u00e9e de lecture estim\u00e9e":"1 minute"},"schema":{"@context":"https:\/\/schema.org","@graph":[{"@type":"WebSite","@id":"https:\/\/atypique.brunotarhan.fr\/#website","url":"https:\/\/atypique.brunotarhan.fr\/","name":"Atypique Concept Store","description":"Just another WordPress site","potentialAction":[{"@type":"SearchAction","target":{"@type":"EntryPoint","urlTemplate":"https:\/\/atypique.brunotarhan.fr\/?s={search_term_string}"},"query-input":"required name=search_term_string"}],"inLanguage":"fr-FR"},{"@type":"ImageObject","@id":"https:\/\/atypique.brunotarhan.fr\/index.php\/produit\/les-furtifs-pochegrand-prix-de-limaginaire-roman-francophonealain-damasiogallimard\/#primaryimage","inLanguage":"fr-FR","url":"https:\/\/atypique.brunotarhan.fr\/wp-content\/uploads\/2022\/04\/les-furtifs.webp","contentUrl":"https:\/\/atypique.brunotarhan.fr\/wp-content\/uploads\/2022\/04\/les-furtifs.webp","width":304,"height":500},{"@type":"WebPage","@id":"https:\/\/atypique.brunotarhan.fr\/index.php\/produit\/les-furtifs-pochegrand-prix-de-limaginaire-roman-francophonealain-damasiogallimard\/#webpage","url":"https:\/\/atypique.brunotarhan.fr\/index.php\/produit\/les-furtifs-pochegrand-prix-de-limaginaire-roman-francophonealain-damasiogallimard\/","name":"Les furtifs - Poche GRAND PRIX DE L'IMAGINAIRE - ROMAN FRANCOPHONE Alain Damasio Gallimard - Atypique Concept Store","isPartOf":{"@id":"https:\/\/atypique.brunotarhan.fr\/#website"},"primaryImageOfPage":{"@id":"https:\/\/atypique.brunotarhan.fr\/index.php\/produit\/les-furtifs-pochegrand-prix-de-limaginaire-roman-francophonealain-damasiogallimard\/#primaryimage"},"datePublished":"2022-04-25T22:47:58+00:00","dateModified":"2022-04-25T22:47:58+00:00","breadcrumb":{"@id":"https:\/\/atypique.brunotarhan.fr\/index.php\/produit\/les-furtifs-pochegrand-prix-de-limaginaire-roman-francophonealain-damasiogallimard\/#breadcrumb"},"inLanguage":"fr-FR","potentialAction":[{"@type":"ReadAction","target":["https:\/\/atypique.brunotarhan.fr\/index.php\/produit\/les-furtifs-pochegrand-prix-de-limaginaire-roman-francophonealain-damasiogallimard\/"]}]},{"@type":"BreadcrumbList","@id":"https:\/\/atypique.brunotarhan.fr\/index.php\/produit\/les-furtifs-pochegrand-prix-de-limaginaire-roman-francophonealain-damasiogallimard\/#breadcrumb","itemListElement":[{"@type":"ListItem","position":1,"name":"Accueil","item":"https:\/\/atypique.brunotarhan.fr\/"},{"@type":"ListItem","position":2,"name":""},{"@type":"ListItem","position":3,"name":"Les furtifs &#8211; Poche GRAND PRIX DE L&#8217;IMAGINAIRE &#8211; ROMAN FRANCOPHONE Alain Damasio Gallimard"}]}]}},"_links":{"self":[{"href":"https:\/\/atypique.brunotarhan.fr\/index.php\/wp-json\/wp\/v2\/product\/16116","targetHints":{"allow":["GET"]}}],"collection":[{"href":"https:\/\/atypique.brunotarhan.fr\/index.php\/wp-json\/wp\/v2\/product"}],"about":[{"href":"https:\/\/atypique.brunotarhan.fr\/index.php\/wp-json\/wp\/v2\/types\/product"}],"replies":[{"embeddable":true,"href":"https:\/\/atypique.brunotarhan.fr\/index.php\/wp-json\/wp\/v2\/comments?post=16116"}],"wp:featuredmedia":[{"embeddable":true,"href":"https:\/\/atypique.brunotarhan.fr\/index.php\/wp-json\/wp\/v2\/media\/15866"}],"wp:attachment":[{"href":"https:\/\/atypique.brunotarhan.fr\/index.php\/wp-json\/wp\/v2\/media?parent=16116"}],"wp:term":[{"taxonomy":"product_cat","embeddable":true,"href":"https:\/\/atypique.brunotarhan.fr\/index.php\/wp-json\/wp\/v2\/product_cat?post=16116"},{"taxonomy":"product_tag","embeddable":true,"href":"https:\/\/atypique.brunotarhan.fr\/index.php\/wp-json\/wp\/v2\/product_tag?post=16116"}],"curies":[{"name":"wp","href":"https:\/\/api.w.org\/{rel}","templated":true}]}}