{"id":16115,"date":"2022-04-25T22:47:58","date_gmt":"2022-04-25T22:47:58","guid":{"rendered":"https:\/\/atypique.brunotarhan.fr\/index.php\/produit\/les-fossoyeurs-grand-formatvictor-castanetfayard\/"},"modified":"2022-04-25T22:47:58","modified_gmt":"2022-04-25T22:47:58","slug":"les-fossoyeurs-grand-formatvictor-castanetfayard","status":"publish","type":"product","link":"https:\/\/atypique.brunotarhan.fr\/index.php\/produit\/les-fossoyeurs-grand-formatvictor-castanetfayard\/","title":{"rendered":"Les fossoyeurs &#8211; Grand Format\nVictor Castanet\nFayard"},"content":{"rendered":"<p>Trois ans d\u2019investigations, 250 t\u00e9moins, le courage d\u2019une poign\u00e9e de lanceurs d\u2019alerte, des dizaines de documents explosifs, plusieurs personnalit\u00e9s impliqu\u00e9es\u2026 Voici une plong\u00e9e inqui\u00e9tante dans les secrets du groupe Orp\u00e9a, leader mondial des Ehpad et des cliniques. Truff\u00e9 de r\u00e9v\u00e9lations spectaculaires, ce r\u00e9cit haletant et \u00e9mouvant met au jour de multiples d\u00e9rives et r\u00e9v\u00e8le un vaste r\u00e9seau d\u2019influence, bien loin du d\u00e9vouement des \u00e9quipes d\u2019aidants et de soignants, majoritairement attach\u00e9es au soutien des plus fragiles. Personnes \u00e2g\u00e9es maltrait\u00e9es, salari\u00e9s malmen\u00e9s, acrobaties comptables, argent public dilapid\u00e9\u2026 Nous sommes tous concern\u00e9s.<\/p>\n","protected":false},"excerpt":{"rendered":"<p>Trois ans d\u2019investigations, 250 t\u00e9moins, le courage d\u2019une poign\u00e9e de lanceurs d\u2019alerte, des dizaines de documents explosifs, plusieurs personnalit\u00e9s\u2026<\/p>\n","protected":false},"featured_media":15865,"comment_status":"open","ping_status":"closed","template":"","meta":[],"product_cat":[93,196],"product_tag":[592,410,589,591,590],"class_list":["post-16115","product","type-product","status-publish","has-post-thumbnail","hentry","product_cat-librairie","product_cat-recits","product_tag-actualite","product_tag-fayard","product_tag-les-fossoyeurs","product_tag-recit","product_tag-victor-castanet"],"yoast_head":"<!-- This site is optimized with the Yoast SEO plugin v18.0 - https:\/\/yoast.com\/wordpress\/plugins\/seo\/ -->\n<title>Les fossoyeurs - Grand Format Victor Castanet Fayard - Atypique Concept Store<\/title>\n<meta name=\"robots\" content=\"index, follow, max-snippet:-1, max-image-preview:large, max-video-preview:-1\" \/>\n<link rel=\"canonical\" href=\"https:\/\/atypique.brunotarhan.fr\/index.php\/produit\/les-fossoyeurs-grand-formatvictor-castanetfayard\/\" \/>\n<meta property=\"og:locale\" content=\"fr_FR\" \/>\n<meta property=\"og:type\" content=\"article\" \/>\n<meta property=\"og:title\" content=\"Les fossoyeurs - Grand Format Victor Castanet Fayard - Atypique Concept Store\" \/>\n<meta property=\"og:description\" content=\"Trois ans d\u2019investigations, 250 t\u00e9moins, le courage d\u2019une poign\u00e9e de lanceurs d\u2019alerte, des dizaines de documents explosifs, plusieurs personnalit\u00e9s\u2026\" \/>\n<meta property=\"og:url\" content=\"https:\/\/atypique.brunotarhan.fr\/index.php\/produit\/les-fossoyeurs-grand-formatvictor-castanetfayard\/\" \/>\n<meta property=\"og:site_name\" content=\"Atypique Concept Store\" \/>\n<meta name=\"twitter:card\" content=\"summary_large_image\" \/>\n<meta name=\"twitter:label1\" content=\"Dur\u00e9e de lecture estim\u00e9e\" \/>\n\t<meta name=\"twitter:data1\" content=\"1 minute\" \/>\n<script type=\"application\/ld+json\" class=\"yoast-schema-graph\">{\"@context\":\"https:\/\/schema.org\",\"@graph\":[{\"@type\":\"WebSite\",\"@id\":\"https:\/\/atypique.brunotarhan.fr\/#website\",\"url\":\"https:\/\/atypique.brunotarhan.fr\/\",\"name\":\"Atypique Concept Store\",\"description\":\"Just another WordPress site\",\"potentialAction\":[{\"@type\":\"SearchAction\",\"target\":{\"@type\":\"EntryPoint\",\"urlTemplate\":\"https:\/\/atypique.brunotarhan.fr\/?s={search_term_string}\"},\"query-input\":\"required name=search_term_string\"}],\"inLanguage\":\"fr-FR\"},{\"@type\":\"ImageObject\",\"@id\":\"https:\/\/atypique.brunotarhan.fr\/index.php\/produit\/les-fossoyeurs-grand-formatvictor-castanetfayard\/#primaryimage\",\"inLanguage\":\"fr-FR\",\"url\":\"https:\/\/atypique.brunotarhan.fr\/wp-content\/uploads\/2022\/04\/les-fossoyeurs.webp\",\"contentUrl\":\"https:\/\/atypique.brunotarhan.fr\/wp-content\/uploads\/2022\/04\/les-fossoyeurs.webp\",\"width\":325,\"height\":500},{\"@type\":\"WebPage\",\"@id\":\"https:\/\/atypique.brunotarhan.fr\/index.php\/produit\/les-fossoyeurs-grand-formatvictor-castanetfayard\/#webpage\",\"url\":\"https:\/\/atypique.brunotarhan.fr\/index.php\/produit\/les-fossoyeurs-grand-formatvictor-castanetfayard\/\",\"name\":\"Les fossoyeurs - Grand Format Victor Castanet Fayard - Atypique Concept Store\",\"isPartOf\":{\"@id\":\"https:\/\/atypique.brunotarhan.fr\/#website\"},\"primaryImageOfPage\":{\"@id\":\"https:\/\/atypique.brunotarhan.fr\/index.php\/produit\/les-fossoyeurs-grand-formatvictor-castanetfayard\/#primaryimage\"},\"datePublished\":\"2022-04-25T22:47:58+00:00\",\"dateModified\":\"2022-04-25T22:47:58+00:00\",\"breadcrumb\":{\"@id\":\"https:\/\/atypique.brunotarhan.fr\/index.php\/produit\/les-fossoyeurs-grand-formatvictor-castanetfayard\/#breadcrumb\"},\"inLanguage\":\"fr-FR\",\"potentialAction\":[{\"@type\":\"ReadAction\",\"target\":[\"https:\/\/atypique.brunotarhan.fr\/index.php\/produit\/les-fossoyeurs-grand-formatvictor-castanetfayard\/\"]}]},{\"@type\":\"BreadcrumbList\",\"@id\":\"https:\/\/atypique.brunotarhan.fr\/index.php\/produit\/les-fossoyeurs-grand-formatvictor-castanetfayard\/#breadcrumb\",\"itemListElement\":[{\"@type\":\"ListItem\",\"position\":1,\"name\":\"Accueil\",\"item\":\"https:\/\/atypique.brunotarhan.fr\/\"},{\"@type\":\"ListItem\",\"position\":2,\"name\":\"\"},{\"@type\":\"ListItem\",\"position\":3,\"name\":\"Les fossoyeurs &#8211; Grand Format Victor Castanet Fayard\"}]}]}<\/script>\n<!-- \/ Yoast SEO plugin. -->","yoast_head_json":{"title":"Les fossoyeurs - Grand Format Victor Castanet Fayard - Atypique Concept Store","robots":{"index":"index","follow":"follow","max-snippet":"max-snippet:-1","max-image-preview":"max-image-preview:large","max-video-preview":"max-video-preview:-1"},"canonical":"https:\/\/atypique.brunotarhan.fr\/index.php\/produit\/les-fossoyeurs-grand-formatvictor-castanetfayard\/","og_locale":"fr_FR","og_type":"article","og_title":"Les fossoyeurs - Grand Format Victor Castanet Fayard - Atypique Concept Store","og_description":"Trois ans d\u2019investigations, 250 t\u00e9moins, le courage d\u2019une poign\u00e9e de lanceurs d\u2019alerte, des dizaines de documents explosifs, plusieurs personnalit\u00e9s\u2026","og_url":"https:\/\/atypique.brunotarhan.fr\/index.php\/produit\/les-fossoyeurs-grand-formatvictor-castanetfayard\/","og_site_name":"Atypique Concept Store","twitter_card":"summary_large_image","twitter_misc":{"Dur\u00e9e de lecture estim\u00e9e":"1 minute"},"schema":{"@context":"https:\/\/schema.org","@graph":[{"@type":"WebSite","@id":"https:\/\/atypique.brunotarhan.fr\/#website","url":"https:\/\/atypique.brunotarhan.fr\/","name":"Atypique Concept Store","description":"Just another WordPress site","potentialAction":[{"@type":"SearchAction","target":{"@type":"EntryPoint","urlTemplate":"https:\/\/atypique.brunotarhan.fr\/?s={search_term_string}"},"query-input":"required name=search_term_string"}],"inLanguage":"fr-FR"},{"@type":"ImageObject","@id":"https:\/\/atypique.brunotarhan.fr\/index.php\/produit\/les-fossoyeurs-grand-formatvictor-castanetfayard\/#primaryimage","inLanguage":"fr-FR","url":"https:\/\/atypique.brunotarhan.fr\/wp-content\/uploads\/2022\/04\/les-fossoyeurs.webp","contentUrl":"https:\/\/atypique.brunotarhan.fr\/wp-content\/uploads\/2022\/04\/les-fossoyeurs.webp","width":325,"height":500},{"@type":"WebPage","@id":"https:\/\/atypique.brunotarhan.fr\/index.php\/produit\/les-fossoyeurs-grand-formatvictor-castanetfayard\/#webpage","url":"https:\/\/atypique.brunotarhan.fr\/index.php\/produit\/les-fossoyeurs-grand-formatvictor-castanetfayard\/","name":"Les fossoyeurs - Grand Format Victor Castanet Fayard - Atypique Concept Store","isPartOf":{"@id":"https:\/\/atypique.brunotarhan.fr\/#website"},"primaryImageOfPage":{"@id":"https:\/\/atypique.brunotarhan.fr\/index.php\/produit\/les-fossoyeurs-grand-formatvictor-castanetfayard\/#primaryimage"},"datePublished":"2022-04-25T22:47:58+00:00","dateModified":"2022-04-25T22:47:58+00:00","breadcrumb":{"@id":"https:\/\/atypique.brunotarhan.fr\/index.php\/produit\/les-fossoyeurs-grand-formatvictor-castanetfayard\/#breadcrumb"},"inLanguage":"fr-FR","potentialAction":[{"@type":"ReadAction","target":["https:\/\/atypique.brunotarhan.fr\/index.php\/produit\/les-fossoyeurs-grand-formatvictor-castanetfayard\/"]}]},{"@type":"BreadcrumbList","@id":"https:\/\/atypique.brunotarhan.fr\/index.php\/produit\/les-fossoyeurs-grand-formatvictor-castanetfayard\/#breadcrumb","itemListElement":[{"@type":"ListItem","position":1,"name":"Accueil","item":"https:\/\/atypique.brunotarhan.fr\/"},{"@type":"ListItem","position":2,"name":""},{"@type":"ListItem","position":3,"name":"Les fossoyeurs &#8211; Grand Format Victor Castanet Fayard"}]}]}},"_links":{"self":[{"href":"https:\/\/atypique.brunotarhan.fr\/index.php\/wp-json\/wp\/v2\/product\/16115","targetHints":{"allow":["GET"]}}],"collection":[{"href":"https:\/\/atypique.brunotarhan.fr\/index.php\/wp-json\/wp\/v2\/product"}],"about":[{"href":"https:\/\/atypique.brunotarhan.fr\/index.php\/wp-json\/wp\/v2\/types\/product"}],"replies":[{"embeddable":true,"href":"https:\/\/atypique.brunotarhan.fr\/index.php\/wp-json\/wp\/v2\/comments?post=16115"}],"wp:featuredmedia":[{"embeddable":true,"href":"https:\/\/atypique.brunotarhan.fr\/index.php\/wp-json\/wp\/v2\/media\/15865"}],"wp:attachment":[{"href":"https:\/\/atypique.brunotarhan.fr\/index.php\/wp-json\/wp\/v2\/media?parent=16115"}],"wp:term":[{"taxonomy":"product_cat","embeddable":true,"href":"https:\/\/atypique.brunotarhan.fr\/index.php\/wp-json\/wp\/v2\/product_cat?post=16115"},{"taxonomy":"product_tag","embeddable":true,"href":"https:\/\/atypique.brunotarhan.fr\/index.php\/wp-json\/wp\/v2\/product_tag?post=16115"}],"curies":[{"name":"wp","href":"https:\/\/api.w.org\/{rel}","templated":true}]}}