{"id":16114,"date":"2022-04-25T22:47:58","date_gmt":"2022-04-25T22:47:58","guid":{"rendered":"https:\/\/atypique.brunotarhan.fr\/index.php\/produit\/les-flammes-de-pierre-grand-formatjean-christophe-rufingallimard\/"},"modified":"2022-04-25T22:47:58","modified_gmt":"2022-04-25T22:47:58","slug":"les-flammes-de-pierre-grand-formatjean-christophe-rufingallimard","status":"publish","type":"product","link":"https:\/\/atypique.brunotarhan.fr\/index.php\/produit\/les-flammes-de-pierre-grand-formatjean-christophe-rufingallimard\/","title":{"rendered":"Les flammes de pierre &#8211; Grand Format\nJean-Christophe Rufin\nGallimard"},"content":{"rendered":"<p>&#8220;R\u00e9my et Laure partageaient le sommet de Croisse-Baulet et, si modeste qu&#8217;il f\u00fbt, il faisait pour eux de cet instant un moment inoubliable. R\u00e9my connaissait trop la force de cette communion pour y m\u00ealer les gestes minuscules de l&#8217;amour. Il sentait que son d\u00e9sir \u00e9tait partag\u00e9, que cette \u00e9motion avait la valeur d&#8217;une \u00e9treinte et que Laure, pas plus que lui, ne pourrait l&#8217;oublier. Tout devait garder son ampleur, sa gr\u00e2ce.<br \/>\nLes petites effusions, les maladroites caresses humaines, dans ces d\u00e9cors de lumi\u00e8re, d&#8217;espace et de vent, sont d\u00e9risoires et m\u00eame insupportables. Il fallait laisser l&#8217;esprit se mouvoir sans contraintes. Le regard \u00e9tait suffisant pour exprimer l&#8217;\u00e9moi et celui de Laure parlait sans ambigu\u00eft\u00e9. Ils retir\u00e8rent les peaux de phoque des skis, r\u00e9gl\u00e8rent les fixations pour la descente et raccourcirent les b\u00e2tons.<br \/>\nPuis, sans se h\u00e2ter, l&#8217;esprit plein d&#8217;un moment qu&#8217;il \u00e9tait inutile de faire durer tant il \u00e9tait satur\u00e9 d&#8217;infini, ils s&#8217;\u00e9lanc\u00e8rent dans la pente.&#8221;<\/p>\n","protected":false},"excerpt":{"rendered":"<p>&#8220;R\u00e9my et Laure partageaient le sommet de Croisse-Baulet et, si modeste qu&#8217;il f\u00fbt, il faisait pour eux de cet instant un moment inoubliable. R\u00e9my connaissait\u2026<\/p>\n","protected":false},"featured_media":15864,"comment_status":"open","ping_status":"closed","template":"","meta":[],"product_cat":[93,186],"product_tag":[236,588,587,189],"class_list":["post-16114","product","type-product","status-publish","has-post-thumbnail","hentry","product_cat-librairie","product_cat-romans","product_tag-gallimard","product_tag-jean-christophe-rufin","product_tag-les-flammes-de-pierre","product_tag-roman"],"yoast_head":"<!-- This site is optimized with the Yoast SEO plugin v18.0 - https:\/\/yoast.com\/wordpress\/plugins\/seo\/ -->\n<title>Les flammes de pierre - Grand Format Jean-Christophe Rufin Gallimard - Atypique Concept Store<\/title>\n<meta name=\"robots\" content=\"index, follow, max-snippet:-1, max-image-preview:large, max-video-preview:-1\" \/>\n<link rel=\"canonical\" href=\"https:\/\/atypique.brunotarhan.fr\/index.php\/produit\/les-flammes-de-pierre-grand-formatjean-christophe-rufingallimard\/\" \/>\n<meta property=\"og:locale\" content=\"fr_FR\" \/>\n<meta property=\"og:type\" content=\"article\" \/>\n<meta property=\"og:title\" content=\"Les flammes de pierre - Grand Format Jean-Christophe Rufin Gallimard - Atypique Concept Store\" \/>\n<meta property=\"og:description\" content=\"&quot;R\u00e9my et Laure partageaient le sommet de Croisse-Baulet et, si modeste qu&#039;il f\u00fbt, il faisait pour eux de cet instant un moment inoubliable. R\u00e9my connaissait\u2026\" \/>\n<meta property=\"og:url\" content=\"https:\/\/atypique.brunotarhan.fr\/index.php\/produit\/les-flammes-de-pierre-grand-formatjean-christophe-rufingallimard\/\" \/>\n<meta property=\"og:site_name\" content=\"Atypique Concept Store\" \/>\n<meta name=\"twitter:card\" content=\"summary_large_image\" \/>\n<meta name=\"twitter:label1\" content=\"Dur\u00e9e de lecture estim\u00e9e\" \/>\n\t<meta name=\"twitter:data1\" content=\"1 minute\" \/>\n<script type=\"application\/ld+json\" class=\"yoast-schema-graph\">{\"@context\":\"https:\/\/schema.org\",\"@graph\":[{\"@type\":\"WebSite\",\"@id\":\"https:\/\/atypique.brunotarhan.fr\/#website\",\"url\":\"https:\/\/atypique.brunotarhan.fr\/\",\"name\":\"Atypique Concept Store\",\"description\":\"Just another WordPress site\",\"potentialAction\":[{\"@type\":\"SearchAction\",\"target\":{\"@type\":\"EntryPoint\",\"urlTemplate\":\"https:\/\/atypique.brunotarhan.fr\/?s={search_term_string}\"},\"query-input\":\"required name=search_term_string\"}],\"inLanguage\":\"fr-FR\"},{\"@type\":\"ImageObject\",\"@id\":\"https:\/\/atypique.brunotarhan.fr\/index.php\/produit\/les-flammes-de-pierre-grand-formatjean-christophe-rufingallimard\/#primaryimage\",\"inLanguage\":\"fr-FR\",\"url\":\"https:\/\/atypique.brunotarhan.fr\/wp-content\/uploads\/2022\/04\/les-flammes-de-pierre.webp\",\"contentUrl\":\"https:\/\/atypique.brunotarhan.fr\/wp-content\/uploads\/2022\/04\/les-flammes-de-pierre.webp\",\"width\":342,\"height\":500},{\"@type\":\"WebPage\",\"@id\":\"https:\/\/atypique.brunotarhan.fr\/index.php\/produit\/les-flammes-de-pierre-grand-formatjean-christophe-rufingallimard\/#webpage\",\"url\":\"https:\/\/atypique.brunotarhan.fr\/index.php\/produit\/les-flammes-de-pierre-grand-formatjean-christophe-rufingallimard\/\",\"name\":\"Les flammes de pierre - Grand Format Jean-Christophe Rufin Gallimard - Atypique Concept Store\",\"isPartOf\":{\"@id\":\"https:\/\/atypique.brunotarhan.fr\/#website\"},\"primaryImageOfPage\":{\"@id\":\"https:\/\/atypique.brunotarhan.fr\/index.php\/produit\/les-flammes-de-pierre-grand-formatjean-christophe-rufingallimard\/#primaryimage\"},\"datePublished\":\"2022-04-25T22:47:58+00:00\",\"dateModified\":\"2022-04-25T22:47:58+00:00\",\"breadcrumb\":{\"@id\":\"https:\/\/atypique.brunotarhan.fr\/index.php\/produit\/les-flammes-de-pierre-grand-formatjean-christophe-rufingallimard\/#breadcrumb\"},\"inLanguage\":\"fr-FR\",\"potentialAction\":[{\"@type\":\"ReadAction\",\"target\":[\"https:\/\/atypique.brunotarhan.fr\/index.php\/produit\/les-flammes-de-pierre-grand-formatjean-christophe-rufingallimard\/\"]}]},{\"@type\":\"BreadcrumbList\",\"@id\":\"https:\/\/atypique.brunotarhan.fr\/index.php\/produit\/les-flammes-de-pierre-grand-formatjean-christophe-rufingallimard\/#breadcrumb\",\"itemListElement\":[{\"@type\":\"ListItem\",\"position\":1,\"name\":\"Accueil\",\"item\":\"https:\/\/atypique.brunotarhan.fr\/\"},{\"@type\":\"ListItem\",\"position\":2,\"name\":\"\"},{\"@type\":\"ListItem\",\"position\":3,\"name\":\"Les flammes de pierre &#8211; Grand Format Jean-Christophe Rufin Gallimard\"}]}]}<\/script>\n<!-- \/ Yoast SEO plugin. -->","yoast_head_json":{"title":"Les flammes de pierre - Grand Format Jean-Christophe Rufin Gallimard - Atypique Concept Store","robots":{"index":"index","follow":"follow","max-snippet":"max-snippet:-1","max-image-preview":"max-image-preview:large","max-video-preview":"max-video-preview:-1"},"canonical":"https:\/\/atypique.brunotarhan.fr\/index.php\/produit\/les-flammes-de-pierre-grand-formatjean-christophe-rufingallimard\/","og_locale":"fr_FR","og_type":"article","og_title":"Les flammes de pierre - Grand Format Jean-Christophe Rufin Gallimard - Atypique Concept Store","og_description":"\"R\u00e9my et Laure partageaient le sommet de Croisse-Baulet et, si modeste qu'il f\u00fbt, il faisait pour eux de cet instant un moment inoubliable. R\u00e9my connaissait\u2026","og_url":"https:\/\/atypique.brunotarhan.fr\/index.php\/produit\/les-flammes-de-pierre-grand-formatjean-christophe-rufingallimard\/","og_site_name":"Atypique Concept Store","twitter_card":"summary_large_image","twitter_misc":{"Dur\u00e9e de lecture estim\u00e9e":"1 minute"},"schema":{"@context":"https:\/\/schema.org","@graph":[{"@type":"WebSite","@id":"https:\/\/atypique.brunotarhan.fr\/#website","url":"https:\/\/atypique.brunotarhan.fr\/","name":"Atypique Concept Store","description":"Just another WordPress site","potentialAction":[{"@type":"SearchAction","target":{"@type":"EntryPoint","urlTemplate":"https:\/\/atypique.brunotarhan.fr\/?s={search_term_string}"},"query-input":"required name=search_term_string"}],"inLanguage":"fr-FR"},{"@type":"ImageObject","@id":"https:\/\/atypique.brunotarhan.fr\/index.php\/produit\/les-flammes-de-pierre-grand-formatjean-christophe-rufingallimard\/#primaryimage","inLanguage":"fr-FR","url":"https:\/\/atypique.brunotarhan.fr\/wp-content\/uploads\/2022\/04\/les-flammes-de-pierre.webp","contentUrl":"https:\/\/atypique.brunotarhan.fr\/wp-content\/uploads\/2022\/04\/les-flammes-de-pierre.webp","width":342,"height":500},{"@type":"WebPage","@id":"https:\/\/atypique.brunotarhan.fr\/index.php\/produit\/les-flammes-de-pierre-grand-formatjean-christophe-rufingallimard\/#webpage","url":"https:\/\/atypique.brunotarhan.fr\/index.php\/produit\/les-flammes-de-pierre-grand-formatjean-christophe-rufingallimard\/","name":"Les flammes de pierre - Grand Format Jean-Christophe Rufin Gallimard - Atypique Concept Store","isPartOf":{"@id":"https:\/\/atypique.brunotarhan.fr\/#website"},"primaryImageOfPage":{"@id":"https:\/\/atypique.brunotarhan.fr\/index.php\/produit\/les-flammes-de-pierre-grand-formatjean-christophe-rufingallimard\/#primaryimage"},"datePublished":"2022-04-25T22:47:58+00:00","dateModified":"2022-04-25T22:47:58+00:00","breadcrumb":{"@id":"https:\/\/atypique.brunotarhan.fr\/index.php\/produit\/les-flammes-de-pierre-grand-formatjean-christophe-rufingallimard\/#breadcrumb"},"inLanguage":"fr-FR","potentialAction":[{"@type":"ReadAction","target":["https:\/\/atypique.brunotarhan.fr\/index.php\/produit\/les-flammes-de-pierre-grand-formatjean-christophe-rufingallimard\/"]}]},{"@type":"BreadcrumbList","@id":"https:\/\/atypique.brunotarhan.fr\/index.php\/produit\/les-flammes-de-pierre-grand-formatjean-christophe-rufingallimard\/#breadcrumb","itemListElement":[{"@type":"ListItem","position":1,"name":"Accueil","item":"https:\/\/atypique.brunotarhan.fr\/"},{"@type":"ListItem","position":2,"name":""},{"@type":"ListItem","position":3,"name":"Les flammes de pierre &#8211; Grand Format Jean-Christophe Rufin Gallimard"}]}]}},"_links":{"self":[{"href":"https:\/\/atypique.brunotarhan.fr\/index.php\/wp-json\/wp\/v2\/product\/16114","targetHints":{"allow":["GET"]}}],"collection":[{"href":"https:\/\/atypique.brunotarhan.fr\/index.php\/wp-json\/wp\/v2\/product"}],"about":[{"href":"https:\/\/atypique.brunotarhan.fr\/index.php\/wp-json\/wp\/v2\/types\/product"}],"replies":[{"embeddable":true,"href":"https:\/\/atypique.brunotarhan.fr\/index.php\/wp-json\/wp\/v2\/comments?post=16114"}],"wp:featuredmedia":[{"embeddable":true,"href":"https:\/\/atypique.brunotarhan.fr\/index.php\/wp-json\/wp\/v2\/media\/15864"}],"wp:attachment":[{"href":"https:\/\/atypique.brunotarhan.fr\/index.php\/wp-json\/wp\/v2\/media?parent=16114"}],"wp:term":[{"taxonomy":"product_cat","embeddable":true,"href":"https:\/\/atypique.brunotarhan.fr\/index.php\/wp-json\/wp\/v2\/product_cat?post=16114"},{"taxonomy":"product_tag","embeddable":true,"href":"https:\/\/atypique.brunotarhan.fr\/index.php\/wp-json\/wp\/v2\/product_tag?post=16114"}],"curies":[{"name":"wp","href":"https:\/\/api.w.org\/{rel}","templated":true}]}}