{"id":16113,"date":"2022-04-25T22:47:57","date_gmt":"2022-04-25T22:47:57","guid":{"rendered":"https:\/\/atypique.brunotarhan.fr\/index.php\/produit\/les-enfants-de-la-resistance-tome-2-albumpremieres-repressionsvincent-dugomier-benoit-erslombard\/"},"modified":"2022-04-25T22:47:57","modified_gmt":"2022-04-25T22:47:57","slug":"les-enfants-de-la-resistance-tome-2-albumpremieres-repressionsvincent-dugomier-benoit-erslombard","status":"publish","type":"product","link":"https:\/\/atypique.brunotarhan.fr\/index.php\/produit\/les-enfants-de-la-resistance-tome-2-albumpremieres-repressionsvincent-dugomier-benoit-erslombard\/","title":{"rendered":"Les enfants de la R\u00e9sistance Tome 2 &#8211; Album\nPremi\u00e8res r\u00e9pressions\nVincent Dugomier, Beno\u00eet Ers\nLombard"},"content":{"rendered":"<p>Gr\u00e2ce \u00e0 l&#8217;impact de leurs actions, Fran\u00e7ois, Eus\u00e8be et Lisa ne sont plus les seuls \u00e0 se rebeller contre l&#8217;occupant allemand ; des adultes entrent aussi \u00e0 pr\u00e9sent en r\u00e9sistance, notamment le maire, le cur\u00e9 et les parents d&#8217;Eus\u00e8be et Fran\u00e7ois. Tout en gardant leur anonymat, les jeunes r\u00e9sistants font \u00e0 nouveau preuve d&#8217;un culot extraordinaire en faisant le lien entre adultes pour organiser un syst\u00e8me de passage de prisonniers fran\u00e7ais \u00e9vad\u00e9s vers la zone libre.<br \/>\nEn parall\u00e8le, les Allemands renforcent leur surveillance et n&#8217;h\u00e9sitent pas \u00e0 recourir \u00e0 la violence voire au meurtre. Nos h\u00e9ros sont directement confront\u00e9s \u00e0 la mort et au racisme. Dans une France de plus en plus divis\u00e9e, de petits grains de sable isol\u00e9s parviendront-ils \u00e0 enrayer la machine nazie ?&#8217;<\/p>\n","protected":false},"excerpt":{"rendered":"<p>Gr\u00e2ce \u00e0 l&#8217;impact de leurs actions, Fran\u00e7ois, Eus\u00e8be et Lisa ne sont plus les seuls \u00e0 se rebeller contre l&#8217;occupant allemand ; des adultes entrent\u2026<\/p>\n","protected":false},"featured_media":15863,"comment_status":"open","ping_status":"closed","template":"","meta":[],"product_cat":[212,93],"product_tag":[214,584,585,529,586,583],"class_list":["post-16113","product","type-product","status-publish","has-post-thumbnail","hentry","product_cat-bandes-dessinees","product_cat-librairie","product_tag-bandes-dessinees","product_tag-benoit-ers","product_tag-les-enfants-de-la-resistance-tome-2","product_tag-lombard","product_tag-premieres-repressions","product_tag-vincent-dugomier"],"yoast_head":"<!-- This site is optimized with the Yoast SEO plugin v18.0 - https:\/\/yoast.com\/wordpress\/plugins\/seo\/ -->\n<title>Les enfants de la R\u00e9sistance Tome 2 - Album Premi\u00e8res r\u00e9pressions Vincent Dugomier, Beno\u00eet Ers Lombard - Atypique Concept Store<\/title>\n<meta name=\"robots\" content=\"index, follow, max-snippet:-1, max-image-preview:large, max-video-preview:-1\" \/>\n<link rel=\"canonical\" href=\"https:\/\/atypique.brunotarhan.fr\/index.php\/produit\/les-enfants-de-la-resistance-tome-2-albumpremieres-repressionsvincent-dugomier-benoit-erslombard\/\" \/>\n<meta property=\"og:locale\" content=\"fr_FR\" \/>\n<meta property=\"og:type\" content=\"article\" \/>\n<meta property=\"og:title\" content=\"Les enfants de la R\u00e9sistance Tome 2 - Album Premi\u00e8res r\u00e9pressions Vincent Dugomier, Beno\u00eet Ers Lombard - Atypique Concept Store\" \/>\n<meta property=\"og:description\" content=\"Gr\u00e2ce \u00e0 l&#039;impact de leurs actions, Fran\u00e7ois, Eus\u00e8be et Lisa ne sont plus les seuls \u00e0 se rebeller contre l&#039;occupant allemand ; des adultes entrent\u2026\" \/>\n<meta property=\"og:url\" content=\"https:\/\/atypique.brunotarhan.fr\/index.php\/produit\/les-enfants-de-la-resistance-tome-2-albumpremieres-repressionsvincent-dugomier-benoit-erslombard\/\" \/>\n<meta property=\"og:site_name\" content=\"Atypique Concept Store\" \/>\n<meta name=\"twitter:card\" content=\"summary_large_image\" \/>\n<meta name=\"twitter:label1\" content=\"Dur\u00e9e de lecture estim\u00e9e\" \/>\n\t<meta name=\"twitter:data1\" content=\"1 minute\" \/>\n<script type=\"application\/ld+json\" class=\"yoast-schema-graph\">{\"@context\":\"https:\/\/schema.org\",\"@graph\":[{\"@type\":\"WebSite\",\"@id\":\"https:\/\/atypique.brunotarhan.fr\/#website\",\"url\":\"https:\/\/atypique.brunotarhan.fr\/\",\"name\":\"Atypique Concept Store\",\"description\":\"Just another WordPress site\",\"potentialAction\":[{\"@type\":\"SearchAction\",\"target\":{\"@type\":\"EntryPoint\",\"urlTemplate\":\"https:\/\/atypique.brunotarhan.fr\/?s={search_term_string}\"},\"query-input\":\"required name=search_term_string\"}],\"inLanguage\":\"fr-FR\"},{\"@type\":\"ImageObject\",\"@id\":\"https:\/\/atypique.brunotarhan.fr\/index.php\/produit\/les-enfants-de-la-resistance-tome-2-albumpremieres-repressionsvincent-dugomier-benoit-erslombard\/#primaryimage\",\"inLanguage\":\"fr-FR\",\"url\":\"https:\/\/atypique.brunotarhan.fr\/wp-content\/uploads\/2022\/04\/les-enfants-de-la-resistance-t2.webp\",\"contentUrl\":\"https:\/\/atypique.brunotarhan.fr\/wp-content\/uploads\/2022\/04\/les-enfants-de-la-resistance-t2.webp\",\"width\":377,\"height\":500},{\"@type\":\"WebPage\",\"@id\":\"https:\/\/atypique.brunotarhan.fr\/index.php\/produit\/les-enfants-de-la-resistance-tome-2-albumpremieres-repressionsvincent-dugomier-benoit-erslombard\/#webpage\",\"url\":\"https:\/\/atypique.brunotarhan.fr\/index.php\/produit\/les-enfants-de-la-resistance-tome-2-albumpremieres-repressionsvincent-dugomier-benoit-erslombard\/\",\"name\":\"Les enfants de la R\u00e9sistance Tome 2 - Album Premi\u00e8res r\u00e9pressions Vincent Dugomier, Beno\u00eet Ers Lombard - Atypique Concept Store\",\"isPartOf\":{\"@id\":\"https:\/\/atypique.brunotarhan.fr\/#website\"},\"primaryImageOfPage\":{\"@id\":\"https:\/\/atypique.brunotarhan.fr\/index.php\/produit\/les-enfants-de-la-resistance-tome-2-albumpremieres-repressionsvincent-dugomier-benoit-erslombard\/#primaryimage\"},\"datePublished\":\"2022-04-25T22:47:57+00:00\",\"dateModified\":\"2022-04-25T22:47:57+00:00\",\"breadcrumb\":{\"@id\":\"https:\/\/atypique.brunotarhan.fr\/index.php\/produit\/les-enfants-de-la-resistance-tome-2-albumpremieres-repressionsvincent-dugomier-benoit-erslombard\/#breadcrumb\"},\"inLanguage\":\"fr-FR\",\"potentialAction\":[{\"@type\":\"ReadAction\",\"target\":[\"https:\/\/atypique.brunotarhan.fr\/index.php\/produit\/les-enfants-de-la-resistance-tome-2-albumpremieres-repressionsvincent-dugomier-benoit-erslombard\/\"]}]},{\"@type\":\"BreadcrumbList\",\"@id\":\"https:\/\/atypique.brunotarhan.fr\/index.php\/produit\/les-enfants-de-la-resistance-tome-2-albumpremieres-repressionsvincent-dugomier-benoit-erslombard\/#breadcrumb\",\"itemListElement\":[{\"@type\":\"ListItem\",\"position\":1,\"name\":\"Accueil\",\"item\":\"https:\/\/atypique.brunotarhan.fr\/\"},{\"@type\":\"ListItem\",\"position\":2,\"name\":\"\"},{\"@type\":\"ListItem\",\"position\":3,\"name\":\"Les enfants de la R\u00e9sistance Tome 2 &#8211; Album Premi\u00e8res r\u00e9pressions Vincent Dugomier, Beno\u00eet Ers Lombard\"}]}]}<\/script>\n<!-- \/ Yoast SEO plugin. -->","yoast_head_json":{"title":"Les enfants de la R\u00e9sistance Tome 2 - Album Premi\u00e8res r\u00e9pressions Vincent Dugomier, Beno\u00eet Ers Lombard - Atypique Concept Store","robots":{"index":"index","follow":"follow","max-snippet":"max-snippet:-1","max-image-preview":"max-image-preview:large","max-video-preview":"max-video-preview:-1"},"canonical":"https:\/\/atypique.brunotarhan.fr\/index.php\/produit\/les-enfants-de-la-resistance-tome-2-albumpremieres-repressionsvincent-dugomier-benoit-erslombard\/","og_locale":"fr_FR","og_type":"article","og_title":"Les enfants de la R\u00e9sistance Tome 2 - Album Premi\u00e8res r\u00e9pressions Vincent Dugomier, Beno\u00eet Ers Lombard - Atypique Concept Store","og_description":"Gr\u00e2ce \u00e0 l'impact de leurs actions, Fran\u00e7ois, Eus\u00e8be et Lisa ne sont plus les seuls \u00e0 se rebeller contre l'occupant allemand ; des adultes entrent\u2026","og_url":"https:\/\/atypique.brunotarhan.fr\/index.php\/produit\/les-enfants-de-la-resistance-tome-2-albumpremieres-repressionsvincent-dugomier-benoit-erslombard\/","og_site_name":"Atypique Concept Store","twitter_card":"summary_large_image","twitter_misc":{"Dur\u00e9e de lecture estim\u00e9e":"1 minute"},"schema":{"@context":"https:\/\/schema.org","@graph":[{"@type":"WebSite","@id":"https:\/\/atypique.brunotarhan.fr\/#website","url":"https:\/\/atypique.brunotarhan.fr\/","name":"Atypique Concept Store","description":"Just another WordPress site","potentialAction":[{"@type":"SearchAction","target":{"@type":"EntryPoint","urlTemplate":"https:\/\/atypique.brunotarhan.fr\/?s={search_term_string}"},"query-input":"required name=search_term_string"}],"inLanguage":"fr-FR"},{"@type":"ImageObject","@id":"https:\/\/atypique.brunotarhan.fr\/index.php\/produit\/les-enfants-de-la-resistance-tome-2-albumpremieres-repressionsvincent-dugomier-benoit-erslombard\/#primaryimage","inLanguage":"fr-FR","url":"https:\/\/atypique.brunotarhan.fr\/wp-content\/uploads\/2022\/04\/les-enfants-de-la-resistance-t2.webp","contentUrl":"https:\/\/atypique.brunotarhan.fr\/wp-content\/uploads\/2022\/04\/les-enfants-de-la-resistance-t2.webp","width":377,"height":500},{"@type":"WebPage","@id":"https:\/\/atypique.brunotarhan.fr\/index.php\/produit\/les-enfants-de-la-resistance-tome-2-albumpremieres-repressionsvincent-dugomier-benoit-erslombard\/#webpage","url":"https:\/\/atypique.brunotarhan.fr\/index.php\/produit\/les-enfants-de-la-resistance-tome-2-albumpremieres-repressionsvincent-dugomier-benoit-erslombard\/","name":"Les enfants de la R\u00e9sistance Tome 2 - Album Premi\u00e8res r\u00e9pressions Vincent Dugomier, Beno\u00eet Ers Lombard - Atypique Concept Store","isPartOf":{"@id":"https:\/\/atypique.brunotarhan.fr\/#website"},"primaryImageOfPage":{"@id":"https:\/\/atypique.brunotarhan.fr\/index.php\/produit\/les-enfants-de-la-resistance-tome-2-albumpremieres-repressionsvincent-dugomier-benoit-erslombard\/#primaryimage"},"datePublished":"2022-04-25T22:47:57+00:00","dateModified":"2022-04-25T22:47:57+00:00","breadcrumb":{"@id":"https:\/\/atypique.brunotarhan.fr\/index.php\/produit\/les-enfants-de-la-resistance-tome-2-albumpremieres-repressionsvincent-dugomier-benoit-erslombard\/#breadcrumb"},"inLanguage":"fr-FR","potentialAction":[{"@type":"ReadAction","target":["https:\/\/atypique.brunotarhan.fr\/index.php\/produit\/les-enfants-de-la-resistance-tome-2-albumpremieres-repressionsvincent-dugomier-benoit-erslombard\/"]}]},{"@type":"BreadcrumbList","@id":"https:\/\/atypique.brunotarhan.fr\/index.php\/produit\/les-enfants-de-la-resistance-tome-2-albumpremieres-repressionsvincent-dugomier-benoit-erslombard\/#breadcrumb","itemListElement":[{"@type":"ListItem","position":1,"name":"Accueil","item":"https:\/\/atypique.brunotarhan.fr\/"},{"@type":"ListItem","position":2,"name":""},{"@type":"ListItem","position":3,"name":"Les enfants de la R\u00e9sistance Tome 2 &#8211; Album Premi\u00e8res r\u00e9pressions Vincent Dugomier, Beno\u00eet Ers Lombard"}]}]}},"_links":{"self":[{"href":"https:\/\/atypique.brunotarhan.fr\/index.php\/wp-json\/wp\/v2\/product\/16113","targetHints":{"allow":["GET"]}}],"collection":[{"href":"https:\/\/atypique.brunotarhan.fr\/index.php\/wp-json\/wp\/v2\/product"}],"about":[{"href":"https:\/\/atypique.brunotarhan.fr\/index.php\/wp-json\/wp\/v2\/types\/product"}],"replies":[{"embeddable":true,"href":"https:\/\/atypique.brunotarhan.fr\/index.php\/wp-json\/wp\/v2\/comments?post=16113"}],"wp:featuredmedia":[{"embeddable":true,"href":"https:\/\/atypique.brunotarhan.fr\/index.php\/wp-json\/wp\/v2\/media\/15863"}],"wp:attachment":[{"href":"https:\/\/atypique.brunotarhan.fr\/index.php\/wp-json\/wp\/v2\/media?parent=16113"}],"wp:term":[{"taxonomy":"product_cat","embeddable":true,"href":"https:\/\/atypique.brunotarhan.fr\/index.php\/wp-json\/wp\/v2\/product_cat?post=16113"},{"taxonomy":"product_tag","embeddable":true,"href":"https:\/\/atypique.brunotarhan.fr\/index.php\/wp-json\/wp\/v2\/product_tag?post=16113"}],"curies":[{"name":"wp","href":"https:\/\/api.w.org\/{rel}","templated":true}]}}