{"id":16112,"date":"2022-04-25T22:47:57","date_gmt":"2022-04-25T22:47:57","guid":{"rendered":"https:\/\/atypique.brunotarhan.fr\/index.php\/produit\/les-enfants-de-la-resistance-tome-1-albumpremieres-actionsvincent-dugomier-benoit-erslombard\/"},"modified":"2022-04-25T22:47:57","modified_gmt":"2022-04-25T22:47:57","slug":"les-enfants-de-la-resistance-tome-1-albumpremieres-actionsvincent-dugomier-benoit-erslombard","status":"publish","type":"product","link":"https:\/\/atypique.brunotarhan.fr\/index.php\/produit\/les-enfants-de-la-resistance-tome-1-albumpremieres-actionsvincent-dugomier-benoit-erslombard\/","title":{"rendered":"Les enfants de la R\u00e9sistance Tome 1 &#8211; Album\nPremi\u00e8res actions\nVincent Dugomier, Beno\u00eet Ers\nLombard"},"content":{"rendered":"<p>Dans un petit village des Ardennes occup\u00e9 par l&#8217;arm\u00e9e allemande, trois enfants refusent de se soumettre \u00e0 l&#8217;ennemi. Mais comment s&#8217;opposer \u00e0 un si puissant adversaire quand on n&#8217;a que dix ans ?<\/p>\n","protected":false},"excerpt":{"rendered":"<p>Dans un petit village des Ardennes occup\u00e9 par l&#8217;arm\u00e9e allemande, trois enfants refusent de se soumettre \u00e0 l&#8217;ennemi. Mais comment s&#8217;opposer \u00e0 un si\u2026<\/p>\n","protected":false},"featured_media":15862,"comment_status":"open","ping_status":"closed","template":"","meta":[],"product_cat":[212,93],"product_tag":[214,584,581,529,582,583],"class_list":["post-16112","product","type-product","status-publish","has-post-thumbnail","hentry","product_cat-bandes-dessinees","product_cat-librairie","product_tag-bandes-dessinees","product_tag-benoit-ers","product_tag-les-enfants-de-la-resistance-tome-1","product_tag-lombard","product_tag-premieres-actions","product_tag-vincent-dugomier"],"yoast_head":"<!-- This site is optimized with the Yoast SEO plugin v18.0 - https:\/\/yoast.com\/wordpress\/plugins\/seo\/ -->\n<title>Les enfants de la R\u00e9sistance Tome 1 - Album Premi\u00e8res actions Vincent Dugomier, Beno\u00eet Ers Lombard - Atypique Concept Store<\/title>\n<meta name=\"robots\" content=\"index, follow, max-snippet:-1, max-image-preview:large, max-video-preview:-1\" \/>\n<link rel=\"canonical\" href=\"https:\/\/atypique.brunotarhan.fr\/index.php\/produit\/les-enfants-de-la-resistance-tome-1-albumpremieres-actionsvincent-dugomier-benoit-erslombard\/\" \/>\n<meta property=\"og:locale\" content=\"fr_FR\" \/>\n<meta property=\"og:type\" content=\"article\" \/>\n<meta property=\"og:title\" content=\"Les enfants de la R\u00e9sistance Tome 1 - Album Premi\u00e8res actions Vincent Dugomier, Beno\u00eet Ers Lombard - Atypique Concept Store\" \/>\n<meta property=\"og:description\" content=\"Dans un petit village des Ardennes occup\u00e9 par l&#039;arm\u00e9e allemande, trois enfants refusent de se soumettre \u00e0 l&#039;ennemi. Mais comment s&#039;opposer \u00e0 un si\u2026\" \/>\n<meta property=\"og:url\" content=\"https:\/\/atypique.brunotarhan.fr\/index.php\/produit\/les-enfants-de-la-resistance-tome-1-albumpremieres-actionsvincent-dugomier-benoit-erslombard\/\" \/>\n<meta property=\"og:site_name\" content=\"Atypique Concept Store\" \/>\n<meta name=\"twitter:card\" content=\"summary_large_image\" \/>\n<script type=\"application\/ld+json\" class=\"yoast-schema-graph\">{\"@context\":\"https:\/\/schema.org\",\"@graph\":[{\"@type\":\"WebSite\",\"@id\":\"https:\/\/atypique.brunotarhan.fr\/#website\",\"url\":\"https:\/\/atypique.brunotarhan.fr\/\",\"name\":\"Atypique Concept Store\",\"description\":\"Just another WordPress site\",\"potentialAction\":[{\"@type\":\"SearchAction\",\"target\":{\"@type\":\"EntryPoint\",\"urlTemplate\":\"https:\/\/atypique.brunotarhan.fr\/?s={search_term_string}\"},\"query-input\":\"required name=search_term_string\"}],\"inLanguage\":\"fr-FR\"},{\"@type\":\"ImageObject\",\"@id\":\"https:\/\/atypique.brunotarhan.fr\/index.php\/produit\/les-enfants-de-la-resistance-tome-1-albumpremieres-actionsvincent-dugomier-benoit-erslombard\/#primaryimage\",\"inLanguage\":\"fr-FR\",\"url\":\"https:\/\/atypique.brunotarhan.fr\/wp-content\/uploads\/2022\/04\/les-enfants-de-la-resistance-t1.webp\",\"contentUrl\":\"https:\/\/atypique.brunotarhan.fr\/wp-content\/uploads\/2022\/04\/les-enfants-de-la-resistance-t1.webp\",\"width\":377,\"height\":500},{\"@type\":\"WebPage\",\"@id\":\"https:\/\/atypique.brunotarhan.fr\/index.php\/produit\/les-enfants-de-la-resistance-tome-1-albumpremieres-actionsvincent-dugomier-benoit-erslombard\/#webpage\",\"url\":\"https:\/\/atypique.brunotarhan.fr\/index.php\/produit\/les-enfants-de-la-resistance-tome-1-albumpremieres-actionsvincent-dugomier-benoit-erslombard\/\",\"name\":\"Les enfants de la R\u00e9sistance Tome 1 - Album Premi\u00e8res actions Vincent Dugomier, Beno\u00eet Ers Lombard - Atypique Concept Store\",\"isPartOf\":{\"@id\":\"https:\/\/atypique.brunotarhan.fr\/#website\"},\"primaryImageOfPage\":{\"@id\":\"https:\/\/atypique.brunotarhan.fr\/index.php\/produit\/les-enfants-de-la-resistance-tome-1-albumpremieres-actionsvincent-dugomier-benoit-erslombard\/#primaryimage\"},\"datePublished\":\"2022-04-25T22:47:57+00:00\",\"dateModified\":\"2022-04-25T22:47:57+00:00\",\"breadcrumb\":{\"@id\":\"https:\/\/atypique.brunotarhan.fr\/index.php\/produit\/les-enfants-de-la-resistance-tome-1-albumpremieres-actionsvincent-dugomier-benoit-erslombard\/#breadcrumb\"},\"inLanguage\":\"fr-FR\",\"potentialAction\":[{\"@type\":\"ReadAction\",\"target\":[\"https:\/\/atypique.brunotarhan.fr\/index.php\/produit\/les-enfants-de-la-resistance-tome-1-albumpremieres-actionsvincent-dugomier-benoit-erslombard\/\"]}]},{\"@type\":\"BreadcrumbList\",\"@id\":\"https:\/\/atypique.brunotarhan.fr\/index.php\/produit\/les-enfants-de-la-resistance-tome-1-albumpremieres-actionsvincent-dugomier-benoit-erslombard\/#breadcrumb\",\"itemListElement\":[{\"@type\":\"ListItem\",\"position\":1,\"name\":\"Accueil\",\"item\":\"https:\/\/atypique.brunotarhan.fr\/\"},{\"@type\":\"ListItem\",\"position\":2,\"name\":\"\"},{\"@type\":\"ListItem\",\"position\":3,\"name\":\"Les enfants de la R\u00e9sistance Tome 1 &#8211; Album Premi\u00e8res actions Vincent Dugomier, Beno\u00eet Ers Lombard\"}]}]}<\/script>\n<!-- \/ Yoast SEO plugin. -->","yoast_head_json":{"title":"Les enfants de la R\u00e9sistance Tome 1 - Album Premi\u00e8res actions Vincent Dugomier, Beno\u00eet Ers Lombard - Atypique Concept Store","robots":{"index":"index","follow":"follow","max-snippet":"max-snippet:-1","max-image-preview":"max-image-preview:large","max-video-preview":"max-video-preview:-1"},"canonical":"https:\/\/atypique.brunotarhan.fr\/index.php\/produit\/les-enfants-de-la-resistance-tome-1-albumpremieres-actionsvincent-dugomier-benoit-erslombard\/","og_locale":"fr_FR","og_type":"article","og_title":"Les enfants de la R\u00e9sistance Tome 1 - Album Premi\u00e8res actions Vincent Dugomier, Beno\u00eet Ers Lombard - Atypique Concept Store","og_description":"Dans un petit village des Ardennes occup\u00e9 par l'arm\u00e9e allemande, trois enfants refusent de se soumettre \u00e0 l'ennemi. Mais comment s'opposer \u00e0 un si\u2026","og_url":"https:\/\/atypique.brunotarhan.fr\/index.php\/produit\/les-enfants-de-la-resistance-tome-1-albumpremieres-actionsvincent-dugomier-benoit-erslombard\/","og_site_name":"Atypique Concept Store","twitter_card":"summary_large_image","schema":{"@context":"https:\/\/schema.org","@graph":[{"@type":"WebSite","@id":"https:\/\/atypique.brunotarhan.fr\/#website","url":"https:\/\/atypique.brunotarhan.fr\/","name":"Atypique Concept Store","description":"Just another WordPress site","potentialAction":[{"@type":"SearchAction","target":{"@type":"EntryPoint","urlTemplate":"https:\/\/atypique.brunotarhan.fr\/?s={search_term_string}"},"query-input":"required name=search_term_string"}],"inLanguage":"fr-FR"},{"@type":"ImageObject","@id":"https:\/\/atypique.brunotarhan.fr\/index.php\/produit\/les-enfants-de-la-resistance-tome-1-albumpremieres-actionsvincent-dugomier-benoit-erslombard\/#primaryimage","inLanguage":"fr-FR","url":"https:\/\/atypique.brunotarhan.fr\/wp-content\/uploads\/2022\/04\/les-enfants-de-la-resistance-t1.webp","contentUrl":"https:\/\/atypique.brunotarhan.fr\/wp-content\/uploads\/2022\/04\/les-enfants-de-la-resistance-t1.webp","width":377,"height":500},{"@type":"WebPage","@id":"https:\/\/atypique.brunotarhan.fr\/index.php\/produit\/les-enfants-de-la-resistance-tome-1-albumpremieres-actionsvincent-dugomier-benoit-erslombard\/#webpage","url":"https:\/\/atypique.brunotarhan.fr\/index.php\/produit\/les-enfants-de-la-resistance-tome-1-albumpremieres-actionsvincent-dugomier-benoit-erslombard\/","name":"Les enfants de la R\u00e9sistance Tome 1 - Album Premi\u00e8res actions Vincent Dugomier, Beno\u00eet Ers Lombard - Atypique Concept Store","isPartOf":{"@id":"https:\/\/atypique.brunotarhan.fr\/#website"},"primaryImageOfPage":{"@id":"https:\/\/atypique.brunotarhan.fr\/index.php\/produit\/les-enfants-de-la-resistance-tome-1-albumpremieres-actionsvincent-dugomier-benoit-erslombard\/#primaryimage"},"datePublished":"2022-04-25T22:47:57+00:00","dateModified":"2022-04-25T22:47:57+00:00","breadcrumb":{"@id":"https:\/\/atypique.brunotarhan.fr\/index.php\/produit\/les-enfants-de-la-resistance-tome-1-albumpremieres-actionsvincent-dugomier-benoit-erslombard\/#breadcrumb"},"inLanguage":"fr-FR","potentialAction":[{"@type":"ReadAction","target":["https:\/\/atypique.brunotarhan.fr\/index.php\/produit\/les-enfants-de-la-resistance-tome-1-albumpremieres-actionsvincent-dugomier-benoit-erslombard\/"]}]},{"@type":"BreadcrumbList","@id":"https:\/\/atypique.brunotarhan.fr\/index.php\/produit\/les-enfants-de-la-resistance-tome-1-albumpremieres-actionsvincent-dugomier-benoit-erslombard\/#breadcrumb","itemListElement":[{"@type":"ListItem","position":1,"name":"Accueil","item":"https:\/\/atypique.brunotarhan.fr\/"},{"@type":"ListItem","position":2,"name":""},{"@type":"ListItem","position":3,"name":"Les enfants de la R\u00e9sistance Tome 1 &#8211; Album Premi\u00e8res actions Vincent Dugomier, Beno\u00eet Ers Lombard"}]}]}},"_links":{"self":[{"href":"https:\/\/atypique.brunotarhan.fr\/index.php\/wp-json\/wp\/v2\/product\/16112","targetHints":{"allow":["GET"]}}],"collection":[{"href":"https:\/\/atypique.brunotarhan.fr\/index.php\/wp-json\/wp\/v2\/product"}],"about":[{"href":"https:\/\/atypique.brunotarhan.fr\/index.php\/wp-json\/wp\/v2\/types\/product"}],"replies":[{"embeddable":true,"href":"https:\/\/atypique.brunotarhan.fr\/index.php\/wp-json\/wp\/v2\/comments?post=16112"}],"wp:featuredmedia":[{"embeddable":true,"href":"https:\/\/atypique.brunotarhan.fr\/index.php\/wp-json\/wp\/v2\/media\/15862"}],"wp:attachment":[{"href":"https:\/\/atypique.brunotarhan.fr\/index.php\/wp-json\/wp\/v2\/media?parent=16112"}],"wp:term":[{"taxonomy":"product_cat","embeddable":true,"href":"https:\/\/atypique.brunotarhan.fr\/index.php\/wp-json\/wp\/v2\/product_cat?post=16112"},{"taxonomy":"product_tag","embeddable":true,"href":"https:\/\/atypique.brunotarhan.fr\/index.php\/wp-json\/wp\/v2\/product_tag?post=16112"}],"curies":[{"name":"wp","href":"https:\/\/api.w.org\/{rel}","templated":true}]}}