{"id":16111,"date":"2022-04-25T22:47:57","date_gmt":"2022-04-25T22:47:57","guid":{"rendered":"https:\/\/atypique.brunotarhan.fr\/index.php\/produit\/les-douleurs-fantomes-grand-formatmelissa-da-costaalbin-michel\/"},"modified":"2022-04-25T22:47:57","modified_gmt":"2022-04-25T22:47:57","slug":"les-douleurs-fantomes-grand-formatmelissa-da-costaalbin-michel","status":"publish","type":"product","link":"https:\/\/atypique.brunotarhan.fr\/index.php\/produit\/les-douleurs-fantomes-grand-formatmelissa-da-costaalbin-michel\/","title":{"rendered":"Les douleurs fant\u00f4mes &#8211; Grand Format\nM\u00e9lissa Da Costa\nAlbin Michel"},"content":{"rendered":"<p>Rosalie, Gabriel, Tim, Anton et Ambre formaient un groupe d&#8217;amis soud\u00e9 jusqu&#8217;\u00e0 ce qu&#8217;un drame les \u00e9loigne les uns des autres. C&#8217;est pourtant un appel au secours qui, cinq ans apr\u00e8s, va \u00e0 nouveau les r\u00e9unir. Entre silences amers et regrets, ces retrouvailles vont raviver leurs douleurs fant\u00f4mes et bousculer leurs certitudes : m\u00e8nent-ils vraiment la vie dont ils r\u00eavaient ? Un rendez-vous \u00e0 la crois\u00e9e des chemins qui leur prouvera qu&#8217;on peut se perdre de vue, mais pas de coeur&#8230;<br \/>\nEt qu&#8217;il n&#8217;est jamais trop tard pour changer de vie et \u00eatre heureux. L&#8217;amour des autres, le go\u00fbt du bonheur, la gu\u00e9rison des blessures pass\u00e9es : apr\u00e8s le succ\u00e8s de Je revenais des autres, Melissa da Costa nous fait partager, avec d\u00e9licatesse et sensibilit\u00e9, une formidable histoire d&#8217;amiti\u00e9 et de vie.<\/p>\n","protected":false},"excerpt":{"rendered":"<p>Rosalie, Gabriel, Tim, Anton et Ambre formaient un groupe d&#8217;amis soud\u00e9 jusqu&#8217;\u00e0 ce qu&#8217;un drame les \u00e9loigne les uns des autres. C&#8217;est pourtant un appel\u2026<\/p>\n","protected":false},"featured_media":15861,"comment_status":"open","ping_status":"closed","template":"","meta":[],"product_cat":[93,186],"product_tag":[207,580,345,189],"class_list":["post-16111","product","type-product","status-publish","has-post-thumbnail","hentry","product_cat-librairie","product_cat-romans","product_tag-albin-michel","product_tag-les-douleurs-fantomes","product_tag-melissa-da-costa","product_tag-roman"],"yoast_head":"<!-- This site is optimized with the Yoast SEO plugin v18.0 - https:\/\/yoast.com\/wordpress\/plugins\/seo\/ -->\n<title>Les douleurs fant\u00f4mes - Grand Format M\u00e9lissa Da Costa Albin Michel - Atypique Concept Store<\/title>\n<meta name=\"robots\" content=\"index, follow, max-snippet:-1, max-image-preview:large, max-video-preview:-1\" \/>\n<link rel=\"canonical\" href=\"https:\/\/atypique.brunotarhan.fr\/index.php\/produit\/les-douleurs-fantomes-grand-formatmelissa-da-costaalbin-michel\/\" \/>\n<meta property=\"og:locale\" content=\"fr_FR\" \/>\n<meta property=\"og:type\" content=\"article\" \/>\n<meta property=\"og:title\" content=\"Les douleurs fant\u00f4mes - Grand Format M\u00e9lissa Da Costa Albin Michel - Atypique Concept Store\" \/>\n<meta property=\"og:description\" content=\"Rosalie, Gabriel, Tim, Anton et Ambre formaient un groupe d&#039;amis soud\u00e9 jusqu&#039;\u00e0 ce qu&#039;un drame les \u00e9loigne les uns des autres. C&#039;est pourtant un appel\u2026\" \/>\n<meta property=\"og:url\" content=\"https:\/\/atypique.brunotarhan.fr\/index.php\/produit\/les-douleurs-fantomes-grand-formatmelissa-da-costaalbin-michel\/\" \/>\n<meta property=\"og:site_name\" content=\"Atypique Concept Store\" \/>\n<meta name=\"twitter:card\" content=\"summary_large_image\" \/>\n<meta name=\"twitter:label1\" content=\"Dur\u00e9e de lecture estim\u00e9e\" \/>\n\t<meta name=\"twitter:data1\" content=\"1 minute\" \/>\n<script type=\"application\/ld+json\" class=\"yoast-schema-graph\">{\"@context\":\"https:\/\/schema.org\",\"@graph\":[{\"@type\":\"WebSite\",\"@id\":\"https:\/\/atypique.brunotarhan.fr\/#website\",\"url\":\"https:\/\/atypique.brunotarhan.fr\/\",\"name\":\"Atypique Concept Store\",\"description\":\"Just another WordPress site\",\"potentialAction\":[{\"@type\":\"SearchAction\",\"target\":{\"@type\":\"EntryPoint\",\"urlTemplate\":\"https:\/\/atypique.brunotarhan.fr\/?s={search_term_string}\"},\"query-input\":\"required name=search_term_string\"}],\"inLanguage\":\"fr-FR\"},{\"@type\":\"ImageObject\",\"@id\":\"https:\/\/atypique.brunotarhan.fr\/index.php\/produit\/les-douleurs-fantomes-grand-formatmelissa-da-costaalbin-michel\/#primaryimage\",\"inLanguage\":\"fr-FR\",\"url\":\"https:\/\/atypique.brunotarhan.fr\/wp-content\/uploads\/2022\/04\/les-douleurs-fantomes.webp\",\"contentUrl\":\"https:\/\/atypique.brunotarhan.fr\/wp-content\/uploads\/2022\/04\/les-douleurs-fantomes.webp\",\"width\":342,\"height\":500},{\"@type\":\"WebPage\",\"@id\":\"https:\/\/atypique.brunotarhan.fr\/index.php\/produit\/les-douleurs-fantomes-grand-formatmelissa-da-costaalbin-michel\/#webpage\",\"url\":\"https:\/\/atypique.brunotarhan.fr\/index.php\/produit\/les-douleurs-fantomes-grand-formatmelissa-da-costaalbin-michel\/\",\"name\":\"Les douleurs fant\u00f4mes - Grand Format M\u00e9lissa Da Costa Albin Michel - Atypique Concept Store\",\"isPartOf\":{\"@id\":\"https:\/\/atypique.brunotarhan.fr\/#website\"},\"primaryImageOfPage\":{\"@id\":\"https:\/\/atypique.brunotarhan.fr\/index.php\/produit\/les-douleurs-fantomes-grand-formatmelissa-da-costaalbin-michel\/#primaryimage\"},\"datePublished\":\"2022-04-25T22:47:57+00:00\",\"dateModified\":\"2022-04-25T22:47:57+00:00\",\"breadcrumb\":{\"@id\":\"https:\/\/atypique.brunotarhan.fr\/index.php\/produit\/les-douleurs-fantomes-grand-formatmelissa-da-costaalbin-michel\/#breadcrumb\"},\"inLanguage\":\"fr-FR\",\"potentialAction\":[{\"@type\":\"ReadAction\",\"target\":[\"https:\/\/atypique.brunotarhan.fr\/index.php\/produit\/les-douleurs-fantomes-grand-formatmelissa-da-costaalbin-michel\/\"]}]},{\"@type\":\"BreadcrumbList\",\"@id\":\"https:\/\/atypique.brunotarhan.fr\/index.php\/produit\/les-douleurs-fantomes-grand-formatmelissa-da-costaalbin-michel\/#breadcrumb\",\"itemListElement\":[{\"@type\":\"ListItem\",\"position\":1,\"name\":\"Accueil\",\"item\":\"https:\/\/atypique.brunotarhan.fr\/\"},{\"@type\":\"ListItem\",\"position\":2,\"name\":\"\"},{\"@type\":\"ListItem\",\"position\":3,\"name\":\"Les douleurs fant\u00f4mes &#8211; Grand Format M\u00e9lissa Da Costa Albin Michel\"}]}]}<\/script>\n<!-- \/ Yoast SEO plugin. -->","yoast_head_json":{"title":"Les douleurs fant\u00f4mes - Grand Format M\u00e9lissa Da Costa Albin Michel - Atypique Concept Store","robots":{"index":"index","follow":"follow","max-snippet":"max-snippet:-1","max-image-preview":"max-image-preview:large","max-video-preview":"max-video-preview:-1"},"canonical":"https:\/\/atypique.brunotarhan.fr\/index.php\/produit\/les-douleurs-fantomes-grand-formatmelissa-da-costaalbin-michel\/","og_locale":"fr_FR","og_type":"article","og_title":"Les douleurs fant\u00f4mes - Grand Format M\u00e9lissa Da Costa Albin Michel - Atypique Concept Store","og_description":"Rosalie, Gabriel, Tim, Anton et Ambre formaient un groupe d'amis soud\u00e9 jusqu'\u00e0 ce qu'un drame les \u00e9loigne les uns des autres. C'est pourtant un appel\u2026","og_url":"https:\/\/atypique.brunotarhan.fr\/index.php\/produit\/les-douleurs-fantomes-grand-formatmelissa-da-costaalbin-michel\/","og_site_name":"Atypique Concept Store","twitter_card":"summary_large_image","twitter_misc":{"Dur\u00e9e de lecture estim\u00e9e":"1 minute"},"schema":{"@context":"https:\/\/schema.org","@graph":[{"@type":"WebSite","@id":"https:\/\/atypique.brunotarhan.fr\/#website","url":"https:\/\/atypique.brunotarhan.fr\/","name":"Atypique Concept Store","description":"Just another WordPress site","potentialAction":[{"@type":"SearchAction","target":{"@type":"EntryPoint","urlTemplate":"https:\/\/atypique.brunotarhan.fr\/?s={search_term_string}"},"query-input":"required name=search_term_string"}],"inLanguage":"fr-FR"},{"@type":"ImageObject","@id":"https:\/\/atypique.brunotarhan.fr\/index.php\/produit\/les-douleurs-fantomes-grand-formatmelissa-da-costaalbin-michel\/#primaryimage","inLanguage":"fr-FR","url":"https:\/\/atypique.brunotarhan.fr\/wp-content\/uploads\/2022\/04\/les-douleurs-fantomes.webp","contentUrl":"https:\/\/atypique.brunotarhan.fr\/wp-content\/uploads\/2022\/04\/les-douleurs-fantomes.webp","width":342,"height":500},{"@type":"WebPage","@id":"https:\/\/atypique.brunotarhan.fr\/index.php\/produit\/les-douleurs-fantomes-grand-formatmelissa-da-costaalbin-michel\/#webpage","url":"https:\/\/atypique.brunotarhan.fr\/index.php\/produit\/les-douleurs-fantomes-grand-formatmelissa-da-costaalbin-michel\/","name":"Les douleurs fant\u00f4mes - Grand Format M\u00e9lissa Da Costa Albin Michel - Atypique Concept Store","isPartOf":{"@id":"https:\/\/atypique.brunotarhan.fr\/#website"},"primaryImageOfPage":{"@id":"https:\/\/atypique.brunotarhan.fr\/index.php\/produit\/les-douleurs-fantomes-grand-formatmelissa-da-costaalbin-michel\/#primaryimage"},"datePublished":"2022-04-25T22:47:57+00:00","dateModified":"2022-04-25T22:47:57+00:00","breadcrumb":{"@id":"https:\/\/atypique.brunotarhan.fr\/index.php\/produit\/les-douleurs-fantomes-grand-formatmelissa-da-costaalbin-michel\/#breadcrumb"},"inLanguage":"fr-FR","potentialAction":[{"@type":"ReadAction","target":["https:\/\/atypique.brunotarhan.fr\/index.php\/produit\/les-douleurs-fantomes-grand-formatmelissa-da-costaalbin-michel\/"]}]},{"@type":"BreadcrumbList","@id":"https:\/\/atypique.brunotarhan.fr\/index.php\/produit\/les-douleurs-fantomes-grand-formatmelissa-da-costaalbin-michel\/#breadcrumb","itemListElement":[{"@type":"ListItem","position":1,"name":"Accueil","item":"https:\/\/atypique.brunotarhan.fr\/"},{"@type":"ListItem","position":2,"name":""},{"@type":"ListItem","position":3,"name":"Les douleurs fant\u00f4mes &#8211; Grand Format M\u00e9lissa Da Costa Albin Michel"}]}]}},"_links":{"self":[{"href":"https:\/\/atypique.brunotarhan.fr\/index.php\/wp-json\/wp\/v2\/product\/16111","targetHints":{"allow":["GET"]}}],"collection":[{"href":"https:\/\/atypique.brunotarhan.fr\/index.php\/wp-json\/wp\/v2\/product"}],"about":[{"href":"https:\/\/atypique.brunotarhan.fr\/index.php\/wp-json\/wp\/v2\/types\/product"}],"replies":[{"embeddable":true,"href":"https:\/\/atypique.brunotarhan.fr\/index.php\/wp-json\/wp\/v2\/comments?post=16111"}],"wp:featuredmedia":[{"embeddable":true,"href":"https:\/\/atypique.brunotarhan.fr\/index.php\/wp-json\/wp\/v2\/media\/15861"}],"wp:attachment":[{"href":"https:\/\/atypique.brunotarhan.fr\/index.php\/wp-json\/wp\/v2\/media?parent=16111"}],"wp:term":[{"taxonomy":"product_cat","embeddable":true,"href":"https:\/\/atypique.brunotarhan.fr\/index.php\/wp-json\/wp\/v2\/product_cat?post=16111"},{"taxonomy":"product_tag","embeddable":true,"href":"https:\/\/atypique.brunotarhan.fr\/index.php\/wp-json\/wp\/v2\/product_tag?post=16111"}],"curies":[{"name":"wp","href":"https:\/\/api.w.org\/{rel}","templated":true}]}}