{"id":16109,"date":"2022-04-25T22:47:56","date_gmt":"2022-04-25T22:47:56","guid":{"rendered":"https:\/\/atypique.brunotarhan.fr\/index.php\/produit\/les-caprices-de-lady-violet-pochemartha-watersjai-lu\/"},"modified":"2022-04-25T22:47:56","modified_gmt":"2022-04-25T22:47:56","slug":"les-caprices-de-lady-violet-pochemartha-watersjai-lu","status":"publish","type":"product","link":"https:\/\/atypique.brunotarhan.fr\/index.php\/produit\/les-caprices-de-lady-violet-pochemartha-watersjai-lu\/","title":{"rendered":"Les caprices de lady Violet &#8211; Poche\nMartha Waters\nJ&#8217;ai lu"},"content":{"rendered":"<p>1817. Lady Violet ne d\u00e9col\u00e8re pas. Depuis quatre ans, elle est brouill\u00e9e avec son mari. Passe encore qu&#8217;il se noie dans le travail et lui adresse \u00e0 peine la parole en priv\u00e9. Mais qu&#8217;il ne daigne m\u00eame pas la pr\u00e9venir quand il est victime d&#8217;un accident&#8230; Trop, c&#8217;est trop ! Elle d\u00e9cide de lui rendre la monnaie de sa pi\u00e8ce et, en mati\u00e8re de revanche, Violet est particuli\u00e8rement inventive. Cependant, \u00e0 son grand \u00e9tonnement, James va se r\u00e9v\u00e9ler tout aussi retors.<br \/>\nDans ce duel conjugal qui oppose les \u00e9poux terribles, tous les coups sont permis, du plus cocasse au plus perfide. Un seul d\u00e9tail leur a \u00e9chapp\u00e9 : ils sont toujours \u00e9perdument amoureux l&#8217;un de l&#8217;autre&#8230;<\/p>\n","protected":false},"excerpt":{"rendered":"<p>1817. Lady Violet ne d\u00e9col\u00e8re pas. Depuis quatre ans, elle est brouill\u00e9e avec son mari. Passe encore qu&#8217;il se noie dans le travail et lui adresse \u00e0\u2026<\/p>\n","protected":false},"featured_media":15860,"comment_status":"open","ping_status":"closed","template":"","meta":[],"product_cat":[93,186],"product_tag":[249,574,575,183,189],"class_list":["post-16109","product","type-product","status-publish","has-post-thumbnail","hentry","product_cat-librairie","product_cat-romans","product_tag-jai-lu","product_tag-les-caprices-de-lady-violet","product_tag-martha-waters","product_tag-poche","product_tag-roman"],"yoast_head":"<!-- This site is optimized with the Yoast SEO plugin v18.0 - https:\/\/yoast.com\/wordpress\/plugins\/seo\/ -->\n<title>Les caprices de lady Violet - Poche Martha Waters J&#039;ai lu - Atypique Concept Store<\/title>\n<meta name=\"robots\" content=\"index, follow, max-snippet:-1, max-image-preview:large, max-video-preview:-1\" \/>\n<link rel=\"canonical\" href=\"https:\/\/atypique.brunotarhan.fr\/index.php\/produit\/les-caprices-de-lady-violet-pochemartha-watersjai-lu\/\" \/>\n<meta property=\"og:locale\" content=\"fr_FR\" \/>\n<meta property=\"og:type\" content=\"article\" \/>\n<meta property=\"og:title\" content=\"Les caprices de lady Violet - Poche Martha Waters J&#039;ai lu - Atypique Concept Store\" \/>\n<meta property=\"og:description\" content=\"1817. Lady Violet ne d\u00e9col\u00e8re pas. Depuis quatre ans, elle est brouill\u00e9e avec son mari. Passe encore qu&#039;il se noie dans le travail et lui adresse \u00e0\u2026\" \/>\n<meta property=\"og:url\" content=\"https:\/\/atypique.brunotarhan.fr\/index.php\/produit\/les-caprices-de-lady-violet-pochemartha-watersjai-lu\/\" \/>\n<meta property=\"og:site_name\" content=\"Atypique Concept Store\" \/>\n<meta name=\"twitter:card\" content=\"summary_large_image\" \/>\n<meta name=\"twitter:label1\" content=\"Dur\u00e9e de lecture estim\u00e9e\" \/>\n\t<meta name=\"twitter:data1\" content=\"1 minute\" \/>\n<script type=\"application\/ld+json\" class=\"yoast-schema-graph\">{\"@context\":\"https:\/\/schema.org\",\"@graph\":[{\"@type\":\"WebSite\",\"@id\":\"https:\/\/atypique.brunotarhan.fr\/#website\",\"url\":\"https:\/\/atypique.brunotarhan.fr\/\",\"name\":\"Atypique Concept Store\",\"description\":\"Just another WordPress site\",\"potentialAction\":[{\"@type\":\"SearchAction\",\"target\":{\"@type\":\"EntryPoint\",\"urlTemplate\":\"https:\/\/atypique.brunotarhan.fr\/?s={search_term_string}\"},\"query-input\":\"required name=search_term_string\"}],\"inLanguage\":\"fr-FR\"},{\"@type\":\"ImageObject\",\"@id\":\"https:\/\/atypique.brunotarhan.fr\/index.php\/produit\/les-caprices-de-lady-violet-pochemartha-watersjai-lu\/#primaryimage\",\"inLanguage\":\"fr-FR\",\"url\":\"https:\/\/atypique.brunotarhan.fr\/wp-content\/uploads\/2022\/04\/les-caprices-de-lady-violet.webp\",\"contentUrl\":\"https:\/\/atypique.brunotarhan.fr\/wp-content\/uploads\/2022\/04\/les-caprices-de-lady-violet.webp\",\"width\":309,\"height\":500},{\"@type\":\"WebPage\",\"@id\":\"https:\/\/atypique.brunotarhan.fr\/index.php\/produit\/les-caprices-de-lady-violet-pochemartha-watersjai-lu\/#webpage\",\"url\":\"https:\/\/atypique.brunotarhan.fr\/index.php\/produit\/les-caprices-de-lady-violet-pochemartha-watersjai-lu\/\",\"name\":\"Les caprices de lady Violet - Poche Martha Waters J'ai lu - Atypique Concept Store\",\"isPartOf\":{\"@id\":\"https:\/\/atypique.brunotarhan.fr\/#website\"},\"primaryImageOfPage\":{\"@id\":\"https:\/\/atypique.brunotarhan.fr\/index.php\/produit\/les-caprices-de-lady-violet-pochemartha-watersjai-lu\/#primaryimage\"},\"datePublished\":\"2022-04-25T22:47:56+00:00\",\"dateModified\":\"2022-04-25T22:47:56+00:00\",\"breadcrumb\":{\"@id\":\"https:\/\/atypique.brunotarhan.fr\/index.php\/produit\/les-caprices-de-lady-violet-pochemartha-watersjai-lu\/#breadcrumb\"},\"inLanguage\":\"fr-FR\",\"potentialAction\":[{\"@type\":\"ReadAction\",\"target\":[\"https:\/\/atypique.brunotarhan.fr\/index.php\/produit\/les-caprices-de-lady-violet-pochemartha-watersjai-lu\/\"]}]},{\"@type\":\"BreadcrumbList\",\"@id\":\"https:\/\/atypique.brunotarhan.fr\/index.php\/produit\/les-caprices-de-lady-violet-pochemartha-watersjai-lu\/#breadcrumb\",\"itemListElement\":[{\"@type\":\"ListItem\",\"position\":1,\"name\":\"Accueil\",\"item\":\"https:\/\/atypique.brunotarhan.fr\/\"},{\"@type\":\"ListItem\",\"position\":2,\"name\":\"\"},{\"@type\":\"ListItem\",\"position\":3,\"name\":\"Les caprices de lady Violet &#8211; Poche Martha Waters J&#8217;ai lu\"}]}]}<\/script>\n<!-- \/ Yoast SEO plugin. -->","yoast_head_json":{"title":"Les caprices de lady Violet - Poche Martha Waters J'ai lu - Atypique Concept Store","robots":{"index":"index","follow":"follow","max-snippet":"max-snippet:-1","max-image-preview":"max-image-preview:large","max-video-preview":"max-video-preview:-1"},"canonical":"https:\/\/atypique.brunotarhan.fr\/index.php\/produit\/les-caprices-de-lady-violet-pochemartha-watersjai-lu\/","og_locale":"fr_FR","og_type":"article","og_title":"Les caprices de lady Violet - Poche Martha Waters J'ai lu - Atypique Concept Store","og_description":"1817. Lady Violet ne d\u00e9col\u00e8re pas. Depuis quatre ans, elle est brouill\u00e9e avec son mari. Passe encore qu'il se noie dans le travail et lui adresse \u00e0\u2026","og_url":"https:\/\/atypique.brunotarhan.fr\/index.php\/produit\/les-caprices-de-lady-violet-pochemartha-watersjai-lu\/","og_site_name":"Atypique Concept Store","twitter_card":"summary_large_image","twitter_misc":{"Dur\u00e9e de lecture estim\u00e9e":"1 minute"},"schema":{"@context":"https:\/\/schema.org","@graph":[{"@type":"WebSite","@id":"https:\/\/atypique.brunotarhan.fr\/#website","url":"https:\/\/atypique.brunotarhan.fr\/","name":"Atypique Concept Store","description":"Just another WordPress site","potentialAction":[{"@type":"SearchAction","target":{"@type":"EntryPoint","urlTemplate":"https:\/\/atypique.brunotarhan.fr\/?s={search_term_string}"},"query-input":"required name=search_term_string"}],"inLanguage":"fr-FR"},{"@type":"ImageObject","@id":"https:\/\/atypique.brunotarhan.fr\/index.php\/produit\/les-caprices-de-lady-violet-pochemartha-watersjai-lu\/#primaryimage","inLanguage":"fr-FR","url":"https:\/\/atypique.brunotarhan.fr\/wp-content\/uploads\/2022\/04\/les-caprices-de-lady-violet.webp","contentUrl":"https:\/\/atypique.brunotarhan.fr\/wp-content\/uploads\/2022\/04\/les-caprices-de-lady-violet.webp","width":309,"height":500},{"@type":"WebPage","@id":"https:\/\/atypique.brunotarhan.fr\/index.php\/produit\/les-caprices-de-lady-violet-pochemartha-watersjai-lu\/#webpage","url":"https:\/\/atypique.brunotarhan.fr\/index.php\/produit\/les-caprices-de-lady-violet-pochemartha-watersjai-lu\/","name":"Les caprices de lady Violet - Poche Martha Waters J'ai lu - Atypique Concept Store","isPartOf":{"@id":"https:\/\/atypique.brunotarhan.fr\/#website"},"primaryImageOfPage":{"@id":"https:\/\/atypique.brunotarhan.fr\/index.php\/produit\/les-caprices-de-lady-violet-pochemartha-watersjai-lu\/#primaryimage"},"datePublished":"2022-04-25T22:47:56+00:00","dateModified":"2022-04-25T22:47:56+00:00","breadcrumb":{"@id":"https:\/\/atypique.brunotarhan.fr\/index.php\/produit\/les-caprices-de-lady-violet-pochemartha-watersjai-lu\/#breadcrumb"},"inLanguage":"fr-FR","potentialAction":[{"@type":"ReadAction","target":["https:\/\/atypique.brunotarhan.fr\/index.php\/produit\/les-caprices-de-lady-violet-pochemartha-watersjai-lu\/"]}]},{"@type":"BreadcrumbList","@id":"https:\/\/atypique.brunotarhan.fr\/index.php\/produit\/les-caprices-de-lady-violet-pochemartha-watersjai-lu\/#breadcrumb","itemListElement":[{"@type":"ListItem","position":1,"name":"Accueil","item":"https:\/\/atypique.brunotarhan.fr\/"},{"@type":"ListItem","position":2,"name":""},{"@type":"ListItem","position":3,"name":"Les caprices de lady Violet &#8211; Poche Martha Waters J&#8217;ai lu"}]}]}},"_links":{"self":[{"href":"https:\/\/atypique.brunotarhan.fr\/index.php\/wp-json\/wp\/v2\/product\/16109","targetHints":{"allow":["GET"]}}],"collection":[{"href":"https:\/\/atypique.brunotarhan.fr\/index.php\/wp-json\/wp\/v2\/product"}],"about":[{"href":"https:\/\/atypique.brunotarhan.fr\/index.php\/wp-json\/wp\/v2\/types\/product"}],"replies":[{"embeddable":true,"href":"https:\/\/atypique.brunotarhan.fr\/index.php\/wp-json\/wp\/v2\/comments?post=16109"}],"wp:featuredmedia":[{"embeddable":true,"href":"https:\/\/atypique.brunotarhan.fr\/index.php\/wp-json\/wp\/v2\/media\/15860"}],"wp:attachment":[{"href":"https:\/\/atypique.brunotarhan.fr\/index.php\/wp-json\/wp\/v2\/media?parent=16109"}],"wp:term":[{"taxonomy":"product_cat","embeddable":true,"href":"https:\/\/atypique.brunotarhan.fr\/index.php\/wp-json\/wp\/v2\/product_cat?post=16109"},{"taxonomy":"product_tag","embeddable":true,"href":"https:\/\/atypique.brunotarhan.fr\/index.php\/wp-json\/wp\/v2\/product_tag?post=16109"}],"curies":[{"name":"wp","href":"https:\/\/api.w.org\/{rel}","templated":true}]}}