{"id":16108,"date":"2022-04-25T22:47:56","date_gmt":"2022-04-25T22:47:56","guid":{"rendered":"https:\/\/atypique.brunotarhan.fr\/index.php\/produit\/les-cahiers-desther-tome-6-albumhistoires-de-mes-15-ansriad-sattoufallary-editions\/"},"modified":"2022-04-25T22:47:56","modified_gmt":"2022-04-25T22:47:56","slug":"les-cahiers-desther-tome-6-albumhistoires-de-mes-15-ansriad-sattoufallary-editions","status":"publish","type":"product","link":"https:\/\/atypique.brunotarhan.fr\/index.php\/produit\/les-cahiers-desther-tome-6-albumhistoires-de-mes-15-ansriad-sattoufallary-editions\/","title":{"rendered":"Les cahiers d&#8217;Esther Tome 6 &#8211; Album\nHistoires de mes 15 ans\nRiad Sattouf\nAllary Editions"},"content":{"rendered":"<p>Esther entre en 3\u00e8me ! C&#8217;est l&#8217;ann\u00e9e de ses 15 ans. Elle se paie des d\u00e9lires de ouf avec ses meufs Eva et L\u00e9a, organise sa grande soir\u00e9e d&#8217;anniversaire (avec, oui, de l&#8217;alcool) et cr\u00e9e (enfin) son profil Instagram, qui attire immanquablement les psychopathes. Puis tout est chamboul\u00e9 par l&#8217;arriv\u00e9e du coronavirus, qui \u00e9tait cens\u00e9 \u00eatre une grippette&#8230; La s\u00e9rie Les Cahiers d&#8217;Esther s&#8217;inspire des histoires vraies d&#8217;une adolescente.<br \/>\nRiad Sattouf a pr\u00e9vu de raconter la vie d&#8217;Esther jusqu&#8217;\u00e0 ses 18 ans. Esther entre en troisi\u00e8me ! C&#8217;est l&#8217;ann\u00e9e de ses 15 ans. Elle est en couple avec Abdelkrim (c&#8217;est priv\u00e9, d\u00e9sol\u00e9), se paie des d\u00e9lires de ouf avec ses meufs Eva et L\u00e9a, se prend la t\u00eate avec des redoublantes trop f\u00e9minines, organise sa premi\u00e8re grande soir\u00e9e d&#8217;anniversaire (avec de l&#8217;alcool, oui de l&#8217;alcool), exp\u00e9rimente la cigarette et cr\u00e9e (enfin) son profil Instagram, qui attire immanquablement les psychopathes.<br \/>\nPuis tout est chamboul\u00e9 par l&#8217;arriv\u00e9e du coronavirus, qui \u00e9tait cens\u00e9 \u00eatre une grippette&#8230; C&#8217;est le confinement. Entre ses cours en visio, son p\u00e8re stress\u00e9 par la p\u00e9nurie de masques et de gel hydroalcoolique, sa m\u00e8re en t\u00e9l\u00e9travail et son fr\u00e8re complotiste fan de Didier Raoult, le quotidien d&#8217;Esther est boulevers\u00e9&#8230; Mais pleine d&#8217;optimisme, elle imagine son &#8221; monde d&#8217;apr\u00e8s &#8220;. LA SERIE La s\u00e9rie Les Cahiers d&#8217;Esther a \u00e9t\u00e9 initi\u00e9e par Riad Sattouf en 2015 avec une id\u00e9e un peu folle : se faire le porte-voix d&#8217;une jeune fille d&#8217;aujourd&#8217;hui pour assister, ann\u00e9e apr\u00e8s ann\u00e9e, \u00e0 ses transformations, et montrer l&#8217;\u00e9volution de notre soci\u00e9t\u00e9 \u00e0 travers ses yeux.<br \/>\nChaque semaine, la jeune fille anonyme qui se cache derri\u00e8re Esther se confie \u00e0 Riad Sattouf. Elle lui raconte son quotidien, ses \u00e9tats d&#8217;\u00e2me, sa vision du monde. Riad Sattouf les met ensuite en mots et en images pour composer une planche de bande dessin\u00e9e, pr\u00e9publi\u00e9e dans L&#8217;Obs. Les planches correspondantes \u00e0 une ann\u00e9e scolaire sont r\u00e9unies en albums. Histoires d&#8217;enfants pas forc\u00e9ment pour les enfants, t\u00e9moignage sur notre \u00e9poque.<br \/>\nLe lecteur embarque pour un voyage quelque peu agit\u00e9 : suivre, pendant neuf ans, les m\u00e9tamorphoses d&#8217;une enfant en adulte. La s\u00e9rie Les Cahiers d&#8217;Esther est adapt\u00e9e par Riad Sattouf en dessin anim\u00e9. Les deux premi\u00e8res saisons ont \u00e9t\u00e9 diffus\u00e9es sur Canal+ et sont disponibles sur YouTube Prix Max und Moritz 2018, Prix de bande dessin\u00e9e le plus ancien et le plus prestigieux du monde germanophone<\/p>\n","protected":false},"excerpt":{"rendered":"<p>Esther entre en 3\u00e8me ! C&#8217;est l&#8217;ann\u00e9e de ses 15 ans. Elle se paie des d\u00e9lires de ouf avec ses meufs Eva et L\u00e9a, organise sa grande soir\u00e9e d&#8217;anniversaire\u2026<\/p>\n","protected":false},"featured_media":15859,"comment_status":"open","ping_status":"closed","template":"","meta":[],"product_cat":[212,93],"product_tag":[201,214,573,572,427],"class_list":["post-16108","product","type-product","status-publish","has-post-thumbnail","hentry","product_cat-bandes-dessinees","product_cat-librairie","product_tag-allary","product_tag-bandes-dessinees","product_tag-histoires-de-mes-15-ans","product_tag-les-cahiers-desther-tome-6","product_tag-riad-sattouf"],"yoast_head":"<!-- This site is optimized with the Yoast SEO plugin v18.0 - https:\/\/yoast.com\/wordpress\/plugins\/seo\/ -->\n<title>Les cahiers d&#039;Esther Tome 6 - Album Histoires de mes 15 ans Riad Sattouf Allary Editions - Atypique Concept Store<\/title>\n<meta name=\"robots\" content=\"index, follow, max-snippet:-1, max-image-preview:large, max-video-preview:-1\" \/>\n<link rel=\"canonical\" href=\"https:\/\/atypique.brunotarhan.fr\/index.php\/produit\/les-cahiers-desther-tome-6-albumhistoires-de-mes-15-ansriad-sattoufallary-editions\/\" \/>\n<meta property=\"og:locale\" content=\"fr_FR\" \/>\n<meta property=\"og:type\" content=\"article\" \/>\n<meta property=\"og:title\" content=\"Les cahiers d&#039;Esther Tome 6 - Album Histoires de mes 15 ans Riad Sattouf Allary Editions - Atypique Concept Store\" \/>\n<meta property=\"og:description\" content=\"Esther entre en 3\u00e8me ! C&#039;est l&#039;ann\u00e9e de ses 15 ans. Elle se paie des d\u00e9lires de ouf avec ses meufs Eva et L\u00e9a, organise sa grande soir\u00e9e d&#039;anniversaire\u2026\" \/>\n<meta property=\"og:url\" content=\"https:\/\/atypique.brunotarhan.fr\/index.php\/produit\/les-cahiers-desther-tome-6-albumhistoires-de-mes-15-ansriad-sattoufallary-editions\/\" \/>\n<meta property=\"og:site_name\" content=\"Atypique Concept Store\" \/>\n<meta name=\"twitter:card\" content=\"summary_large_image\" \/>\n<meta name=\"twitter:label1\" content=\"Dur\u00e9e de lecture estim\u00e9e\" \/>\n\t<meta name=\"twitter:data1\" content=\"2 minutes\" \/>\n<script type=\"application\/ld+json\" class=\"yoast-schema-graph\">{\"@context\":\"https:\/\/schema.org\",\"@graph\":[{\"@type\":\"WebSite\",\"@id\":\"https:\/\/atypique.brunotarhan.fr\/#website\",\"url\":\"https:\/\/atypique.brunotarhan.fr\/\",\"name\":\"Atypique Concept Store\",\"description\":\"Just another WordPress site\",\"potentialAction\":[{\"@type\":\"SearchAction\",\"target\":{\"@type\":\"EntryPoint\",\"urlTemplate\":\"https:\/\/atypique.brunotarhan.fr\/?s={search_term_string}\"},\"query-input\":\"required name=search_term_string\"}],\"inLanguage\":\"fr-FR\"},{\"@type\":\"ImageObject\",\"@id\":\"https:\/\/atypique.brunotarhan.fr\/index.php\/produit\/les-cahiers-desther-tome-6-albumhistoires-de-mes-15-ansriad-sattoufallary-editions\/#primaryimage\",\"inLanguage\":\"fr-FR\",\"url\":\"https:\/\/atypique.brunotarhan.fr\/wp-content\/uploads\/2022\/04\/les-cahiers-d-ester-t6.webp\",\"contentUrl\":\"https:\/\/atypique.brunotarhan.fr\/wp-content\/uploads\/2022\/04\/les-cahiers-d-ester-t6.webp\",\"width\":396,\"height\":500},{\"@type\":\"WebPage\",\"@id\":\"https:\/\/atypique.brunotarhan.fr\/index.php\/produit\/les-cahiers-desther-tome-6-albumhistoires-de-mes-15-ansriad-sattoufallary-editions\/#webpage\",\"url\":\"https:\/\/atypique.brunotarhan.fr\/index.php\/produit\/les-cahiers-desther-tome-6-albumhistoires-de-mes-15-ansriad-sattoufallary-editions\/\",\"name\":\"Les cahiers d'Esther Tome 6 - Album Histoires de mes 15 ans Riad Sattouf Allary Editions - Atypique Concept Store\",\"isPartOf\":{\"@id\":\"https:\/\/atypique.brunotarhan.fr\/#website\"},\"primaryImageOfPage\":{\"@id\":\"https:\/\/atypique.brunotarhan.fr\/index.php\/produit\/les-cahiers-desther-tome-6-albumhistoires-de-mes-15-ansriad-sattoufallary-editions\/#primaryimage\"},\"datePublished\":\"2022-04-25T22:47:56+00:00\",\"dateModified\":\"2022-04-25T22:47:56+00:00\",\"breadcrumb\":{\"@id\":\"https:\/\/atypique.brunotarhan.fr\/index.php\/produit\/les-cahiers-desther-tome-6-albumhistoires-de-mes-15-ansriad-sattoufallary-editions\/#breadcrumb\"},\"inLanguage\":\"fr-FR\",\"potentialAction\":[{\"@type\":\"ReadAction\",\"target\":[\"https:\/\/atypique.brunotarhan.fr\/index.php\/produit\/les-cahiers-desther-tome-6-albumhistoires-de-mes-15-ansriad-sattoufallary-editions\/\"]}]},{\"@type\":\"BreadcrumbList\",\"@id\":\"https:\/\/atypique.brunotarhan.fr\/index.php\/produit\/les-cahiers-desther-tome-6-albumhistoires-de-mes-15-ansriad-sattoufallary-editions\/#breadcrumb\",\"itemListElement\":[{\"@type\":\"ListItem\",\"position\":1,\"name\":\"Accueil\",\"item\":\"https:\/\/atypique.brunotarhan.fr\/\"},{\"@type\":\"ListItem\",\"position\":2,\"name\":\"\"},{\"@type\":\"ListItem\",\"position\":3,\"name\":\"Les cahiers d&#8217;Esther Tome 6 &#8211; Album Histoires de mes 15 ans Riad Sattouf Allary Editions\"}]}]}<\/script>\n<!-- \/ Yoast SEO plugin. -->","yoast_head_json":{"title":"Les cahiers d'Esther Tome 6 - Album Histoires de mes 15 ans Riad Sattouf Allary Editions - Atypique Concept Store","robots":{"index":"index","follow":"follow","max-snippet":"max-snippet:-1","max-image-preview":"max-image-preview:large","max-video-preview":"max-video-preview:-1"},"canonical":"https:\/\/atypique.brunotarhan.fr\/index.php\/produit\/les-cahiers-desther-tome-6-albumhistoires-de-mes-15-ansriad-sattoufallary-editions\/","og_locale":"fr_FR","og_type":"article","og_title":"Les cahiers d'Esther Tome 6 - Album Histoires de mes 15 ans Riad Sattouf Allary Editions - Atypique Concept Store","og_description":"Esther entre en 3\u00e8me ! C'est l'ann\u00e9e de ses 15 ans. Elle se paie des d\u00e9lires de ouf avec ses meufs Eva et L\u00e9a, organise sa grande soir\u00e9e d'anniversaire\u2026","og_url":"https:\/\/atypique.brunotarhan.fr\/index.php\/produit\/les-cahiers-desther-tome-6-albumhistoires-de-mes-15-ansriad-sattoufallary-editions\/","og_site_name":"Atypique Concept Store","twitter_card":"summary_large_image","twitter_misc":{"Dur\u00e9e de lecture estim\u00e9e":"2 minutes"},"schema":{"@context":"https:\/\/schema.org","@graph":[{"@type":"WebSite","@id":"https:\/\/atypique.brunotarhan.fr\/#website","url":"https:\/\/atypique.brunotarhan.fr\/","name":"Atypique Concept Store","description":"Just another WordPress site","potentialAction":[{"@type":"SearchAction","target":{"@type":"EntryPoint","urlTemplate":"https:\/\/atypique.brunotarhan.fr\/?s={search_term_string}"},"query-input":"required name=search_term_string"}],"inLanguage":"fr-FR"},{"@type":"ImageObject","@id":"https:\/\/atypique.brunotarhan.fr\/index.php\/produit\/les-cahiers-desther-tome-6-albumhistoires-de-mes-15-ansriad-sattoufallary-editions\/#primaryimage","inLanguage":"fr-FR","url":"https:\/\/atypique.brunotarhan.fr\/wp-content\/uploads\/2022\/04\/les-cahiers-d-ester-t6.webp","contentUrl":"https:\/\/atypique.brunotarhan.fr\/wp-content\/uploads\/2022\/04\/les-cahiers-d-ester-t6.webp","width":396,"height":500},{"@type":"WebPage","@id":"https:\/\/atypique.brunotarhan.fr\/index.php\/produit\/les-cahiers-desther-tome-6-albumhistoires-de-mes-15-ansriad-sattoufallary-editions\/#webpage","url":"https:\/\/atypique.brunotarhan.fr\/index.php\/produit\/les-cahiers-desther-tome-6-albumhistoires-de-mes-15-ansriad-sattoufallary-editions\/","name":"Les cahiers d'Esther Tome 6 - Album Histoires de mes 15 ans Riad Sattouf Allary Editions - Atypique Concept Store","isPartOf":{"@id":"https:\/\/atypique.brunotarhan.fr\/#website"},"primaryImageOfPage":{"@id":"https:\/\/atypique.brunotarhan.fr\/index.php\/produit\/les-cahiers-desther-tome-6-albumhistoires-de-mes-15-ansriad-sattoufallary-editions\/#primaryimage"},"datePublished":"2022-04-25T22:47:56+00:00","dateModified":"2022-04-25T22:47:56+00:00","breadcrumb":{"@id":"https:\/\/atypique.brunotarhan.fr\/index.php\/produit\/les-cahiers-desther-tome-6-albumhistoires-de-mes-15-ansriad-sattoufallary-editions\/#breadcrumb"},"inLanguage":"fr-FR","potentialAction":[{"@type":"ReadAction","target":["https:\/\/atypique.brunotarhan.fr\/index.php\/produit\/les-cahiers-desther-tome-6-albumhistoires-de-mes-15-ansriad-sattoufallary-editions\/"]}]},{"@type":"BreadcrumbList","@id":"https:\/\/atypique.brunotarhan.fr\/index.php\/produit\/les-cahiers-desther-tome-6-albumhistoires-de-mes-15-ansriad-sattoufallary-editions\/#breadcrumb","itemListElement":[{"@type":"ListItem","position":1,"name":"Accueil","item":"https:\/\/atypique.brunotarhan.fr\/"},{"@type":"ListItem","position":2,"name":""},{"@type":"ListItem","position":3,"name":"Les cahiers d&#8217;Esther Tome 6 &#8211; Album Histoires de mes 15 ans Riad Sattouf Allary Editions"}]}]}},"_links":{"self":[{"href":"https:\/\/atypique.brunotarhan.fr\/index.php\/wp-json\/wp\/v2\/product\/16108","targetHints":{"allow":["GET"]}}],"collection":[{"href":"https:\/\/atypique.brunotarhan.fr\/index.php\/wp-json\/wp\/v2\/product"}],"about":[{"href":"https:\/\/atypique.brunotarhan.fr\/index.php\/wp-json\/wp\/v2\/types\/product"}],"replies":[{"embeddable":true,"href":"https:\/\/atypique.brunotarhan.fr\/index.php\/wp-json\/wp\/v2\/comments?post=16108"}],"wp:featuredmedia":[{"embeddable":true,"href":"https:\/\/atypique.brunotarhan.fr\/index.php\/wp-json\/wp\/v2\/media\/15859"}],"wp:attachment":[{"href":"https:\/\/atypique.brunotarhan.fr\/index.php\/wp-json\/wp\/v2\/media?parent=16108"}],"wp:term":[{"taxonomy":"product_cat","embeddable":true,"href":"https:\/\/atypique.brunotarhan.fr\/index.php\/wp-json\/wp\/v2\/product_cat?post=16108"},{"taxonomy":"product_tag","embeddable":true,"href":"https:\/\/atypique.brunotarhan.fr\/index.php\/wp-json\/wp\/v2\/product_tag?post=16108"}],"curies":[{"name":"wp","href":"https:\/\/api.w.org\/{rel}","templated":true}]}}