{"id":16107,"date":"2022-04-25T22:47:56","date_gmt":"2022-04-25T22:47:56","guid":{"rendered":"https:\/\/atypique.brunotarhan.fr\/index.php\/produit\/les-aventures-de-tintin-tome-20-albumtintin-au-tibethergecasterman\/"},"modified":"2022-04-25T22:47:56","modified_gmt":"2022-04-25T22:47:56","slug":"les-aventures-de-tintin-tome-20-albumtintin-au-tibethergecasterman","status":"publish","type":"product","link":"https:\/\/atypique.brunotarhan.fr\/index.php\/produit\/les-aventures-de-tintin-tome-20-albumtintin-au-tibethergecasterman\/","title":{"rendered":"Les Aventures de Tintin Tome 20 &#8211; Album\nTintin au Tibet\nHerg\u00e9\nCasterman"},"content":{"rendered":"<p>Un avion de ligne \u00e0 bord duquel le jeune Chinois Tchang se rendait en Europe s&#8217;est \u00e9cras\u00e9 dans l&#8217;Himalaya. Tintin au Tibet (1960), pure histoire d&#8217;amiti\u00e9, sans le moindre m\u00e9chant, d\u00e9crit la recherche d\u00e9sesp\u00e9r\u00e9e \u00e0 laquelle Tintin se livre pour retrouver son ami. Ce r\u00e9cit path\u00e9tique, qui rompt avec le ton extraverti des \u00e9pisodes pr\u00e9c\u00e9dents, d\u00e9montre que la fid\u00e9lit\u00e9 et l&#8217;espoir sont capables de vaincre tous les obstacles, et que les pr\u00e9jug\u00e9s &#8211; en l&#8217;occurrence, \u00e0 l&#8217;\u00e9gard de &#8220;l&#8217;abominable homme des neiges&#8221; &#8211; sont bien souvent le fruit de l&#8217;ignorance.<\/p>\n","protected":false},"excerpt":{"rendered":"<p>Un avion de ligne \u00e0 bord duquel le jeune Chinois Tchang se rendait en Europe s&#8217;est \u00e9cras\u00e9 dans l&#8217;Himalaya. Tintin au Tibet (1960), pure histoire d&#8217;amiti\u00e9,\u2026<\/p>\n","protected":false},"featured_media":15726,"comment_status":"open","ping_status":"closed","template":"","meta":[],"product_cat":[212,93],"product_tag":[214,569,568,570,571],"class_list":["post-16107","product","type-product","status-publish","has-post-thumbnail","hentry","product_cat-bandes-dessinees","product_cat-librairie","product_tag-bandes-dessinees","product_tag-casterman","product_tag-herge","product_tag-les-aventures-de-tintin-tome-20","product_tag-tintin-au-tibet"],"yoast_head":"<!-- This site is optimized with the Yoast SEO plugin v18.0 - https:\/\/yoast.com\/wordpress\/plugins\/seo\/ -->\n<title>Les Aventures de Tintin Tome 20 - Album Tintin au Tibet Herg\u00e9 Casterman - Atypique Concept Store<\/title>\n<meta name=\"robots\" content=\"index, follow, max-snippet:-1, max-image-preview:large, max-video-preview:-1\" \/>\n<link rel=\"canonical\" href=\"https:\/\/atypique.brunotarhan.fr\/index.php\/produit\/les-aventures-de-tintin-tome-20-albumtintin-au-tibethergecasterman\/\" \/>\n<meta property=\"og:locale\" content=\"fr_FR\" \/>\n<meta property=\"og:type\" content=\"article\" \/>\n<meta property=\"og:title\" content=\"Les Aventures de Tintin Tome 20 - Album Tintin au Tibet Herg\u00e9 Casterman - Atypique Concept Store\" \/>\n<meta property=\"og:description\" content=\"Un avion de ligne \u00e0 bord duquel le jeune Chinois Tchang se rendait en Europe s&#039;est \u00e9cras\u00e9 dans l&#039;Himalaya. Tintin au Tibet (1960), pure histoire d&#039;amiti\u00e9,\u2026\" \/>\n<meta property=\"og:url\" content=\"https:\/\/atypique.brunotarhan.fr\/index.php\/produit\/les-aventures-de-tintin-tome-20-albumtintin-au-tibethergecasterman\/\" \/>\n<meta property=\"og:site_name\" content=\"Atypique Concept Store\" \/>\n<meta name=\"twitter:card\" content=\"summary_large_image\" \/>\n<meta name=\"twitter:label1\" content=\"Dur\u00e9e de lecture estim\u00e9e\" \/>\n\t<meta name=\"twitter:data1\" content=\"1 minute\" \/>\n<script type=\"application\/ld+json\" class=\"yoast-schema-graph\">{\"@context\":\"https:\/\/schema.org\",\"@graph\":[{\"@type\":\"WebSite\",\"@id\":\"https:\/\/atypique.brunotarhan.fr\/#website\",\"url\":\"https:\/\/atypique.brunotarhan.fr\/\",\"name\":\"Atypique Concept Store\",\"description\":\"Just another WordPress site\",\"potentialAction\":[{\"@type\":\"SearchAction\",\"target\":{\"@type\":\"EntryPoint\",\"urlTemplate\":\"https:\/\/atypique.brunotarhan.fr\/?s={search_term_string}\"},\"query-input\":\"required name=search_term_string\"}],\"inLanguage\":\"fr-FR\"},{\"@type\":\"ImageObject\",\"@id\":\"https:\/\/atypique.brunotarhan.fr\/index.php\/produit\/les-aventures-de-tintin-tome-20-albumtintin-au-tibethergecasterman\/#primaryimage\",\"inLanguage\":\"fr-FR\",\"url\":\"https:\/\/atypique.brunotarhan.fr\/wp-content\/uploads\/2022\/04\/tintin-au-tibet.webp\",\"contentUrl\":\"https:\/\/atypique.brunotarhan.fr\/wp-content\/uploads\/2022\/04\/tintin-au-tibet.webp\",\"width\":367,\"height\":500},{\"@type\":\"WebPage\",\"@id\":\"https:\/\/atypique.brunotarhan.fr\/index.php\/produit\/les-aventures-de-tintin-tome-20-albumtintin-au-tibethergecasterman\/#webpage\",\"url\":\"https:\/\/atypique.brunotarhan.fr\/index.php\/produit\/les-aventures-de-tintin-tome-20-albumtintin-au-tibethergecasterman\/\",\"name\":\"Les Aventures de Tintin Tome 20 - Album Tintin au Tibet Herg\u00e9 Casterman - Atypique Concept Store\",\"isPartOf\":{\"@id\":\"https:\/\/atypique.brunotarhan.fr\/#website\"},\"primaryImageOfPage\":{\"@id\":\"https:\/\/atypique.brunotarhan.fr\/index.php\/produit\/les-aventures-de-tintin-tome-20-albumtintin-au-tibethergecasterman\/#primaryimage\"},\"datePublished\":\"2022-04-25T22:47:56+00:00\",\"dateModified\":\"2022-04-25T22:47:56+00:00\",\"breadcrumb\":{\"@id\":\"https:\/\/atypique.brunotarhan.fr\/index.php\/produit\/les-aventures-de-tintin-tome-20-albumtintin-au-tibethergecasterman\/#breadcrumb\"},\"inLanguage\":\"fr-FR\",\"potentialAction\":[{\"@type\":\"ReadAction\",\"target\":[\"https:\/\/atypique.brunotarhan.fr\/index.php\/produit\/les-aventures-de-tintin-tome-20-albumtintin-au-tibethergecasterman\/\"]}]},{\"@type\":\"BreadcrumbList\",\"@id\":\"https:\/\/atypique.brunotarhan.fr\/index.php\/produit\/les-aventures-de-tintin-tome-20-albumtintin-au-tibethergecasterman\/#breadcrumb\",\"itemListElement\":[{\"@type\":\"ListItem\",\"position\":1,\"name\":\"Accueil\",\"item\":\"https:\/\/atypique.brunotarhan.fr\/\"},{\"@type\":\"ListItem\",\"position\":2,\"name\":\"\"},{\"@type\":\"ListItem\",\"position\":3,\"name\":\"Les Aventures de Tintin Tome 20 &#8211; Album Tintin au Tibet Herg\u00e9 Casterman\"}]}]}<\/script>\n<!-- \/ Yoast SEO plugin. -->","yoast_head_json":{"title":"Les Aventures de Tintin Tome 20 - Album Tintin au Tibet Herg\u00e9 Casterman - Atypique Concept Store","robots":{"index":"index","follow":"follow","max-snippet":"max-snippet:-1","max-image-preview":"max-image-preview:large","max-video-preview":"max-video-preview:-1"},"canonical":"https:\/\/atypique.brunotarhan.fr\/index.php\/produit\/les-aventures-de-tintin-tome-20-albumtintin-au-tibethergecasterman\/","og_locale":"fr_FR","og_type":"article","og_title":"Les Aventures de Tintin Tome 20 - Album Tintin au Tibet Herg\u00e9 Casterman - Atypique Concept Store","og_description":"Un avion de ligne \u00e0 bord duquel le jeune Chinois Tchang se rendait en Europe s'est \u00e9cras\u00e9 dans l'Himalaya. Tintin au Tibet (1960), pure histoire d'amiti\u00e9,\u2026","og_url":"https:\/\/atypique.brunotarhan.fr\/index.php\/produit\/les-aventures-de-tintin-tome-20-albumtintin-au-tibethergecasterman\/","og_site_name":"Atypique Concept Store","twitter_card":"summary_large_image","twitter_misc":{"Dur\u00e9e de lecture estim\u00e9e":"1 minute"},"schema":{"@context":"https:\/\/schema.org","@graph":[{"@type":"WebSite","@id":"https:\/\/atypique.brunotarhan.fr\/#website","url":"https:\/\/atypique.brunotarhan.fr\/","name":"Atypique Concept Store","description":"Just another WordPress site","potentialAction":[{"@type":"SearchAction","target":{"@type":"EntryPoint","urlTemplate":"https:\/\/atypique.brunotarhan.fr\/?s={search_term_string}"},"query-input":"required name=search_term_string"}],"inLanguage":"fr-FR"},{"@type":"ImageObject","@id":"https:\/\/atypique.brunotarhan.fr\/index.php\/produit\/les-aventures-de-tintin-tome-20-albumtintin-au-tibethergecasterman\/#primaryimage","inLanguage":"fr-FR","url":"https:\/\/atypique.brunotarhan.fr\/wp-content\/uploads\/2022\/04\/tintin-au-tibet.webp","contentUrl":"https:\/\/atypique.brunotarhan.fr\/wp-content\/uploads\/2022\/04\/tintin-au-tibet.webp","width":367,"height":500},{"@type":"WebPage","@id":"https:\/\/atypique.brunotarhan.fr\/index.php\/produit\/les-aventures-de-tintin-tome-20-albumtintin-au-tibethergecasterman\/#webpage","url":"https:\/\/atypique.brunotarhan.fr\/index.php\/produit\/les-aventures-de-tintin-tome-20-albumtintin-au-tibethergecasterman\/","name":"Les Aventures de Tintin Tome 20 - Album Tintin au Tibet Herg\u00e9 Casterman - Atypique Concept Store","isPartOf":{"@id":"https:\/\/atypique.brunotarhan.fr\/#website"},"primaryImageOfPage":{"@id":"https:\/\/atypique.brunotarhan.fr\/index.php\/produit\/les-aventures-de-tintin-tome-20-albumtintin-au-tibethergecasterman\/#primaryimage"},"datePublished":"2022-04-25T22:47:56+00:00","dateModified":"2022-04-25T22:47:56+00:00","breadcrumb":{"@id":"https:\/\/atypique.brunotarhan.fr\/index.php\/produit\/les-aventures-de-tintin-tome-20-albumtintin-au-tibethergecasterman\/#breadcrumb"},"inLanguage":"fr-FR","potentialAction":[{"@type":"ReadAction","target":["https:\/\/atypique.brunotarhan.fr\/index.php\/produit\/les-aventures-de-tintin-tome-20-albumtintin-au-tibethergecasterman\/"]}]},{"@type":"BreadcrumbList","@id":"https:\/\/atypique.brunotarhan.fr\/index.php\/produit\/les-aventures-de-tintin-tome-20-albumtintin-au-tibethergecasterman\/#breadcrumb","itemListElement":[{"@type":"ListItem","position":1,"name":"Accueil","item":"https:\/\/atypique.brunotarhan.fr\/"},{"@type":"ListItem","position":2,"name":""},{"@type":"ListItem","position":3,"name":"Les Aventures de Tintin Tome 20 &#8211; Album Tintin au Tibet Herg\u00e9 Casterman"}]}]}},"_links":{"self":[{"href":"https:\/\/atypique.brunotarhan.fr\/index.php\/wp-json\/wp\/v2\/product\/16107","targetHints":{"allow":["GET"]}}],"collection":[{"href":"https:\/\/atypique.brunotarhan.fr\/index.php\/wp-json\/wp\/v2\/product"}],"about":[{"href":"https:\/\/atypique.brunotarhan.fr\/index.php\/wp-json\/wp\/v2\/types\/product"}],"replies":[{"embeddable":true,"href":"https:\/\/atypique.brunotarhan.fr\/index.php\/wp-json\/wp\/v2\/comments?post=16107"}],"wp:featuredmedia":[{"embeddable":true,"href":"https:\/\/atypique.brunotarhan.fr\/index.php\/wp-json\/wp\/v2\/media\/15726"}],"wp:attachment":[{"href":"https:\/\/atypique.brunotarhan.fr\/index.php\/wp-json\/wp\/v2\/media?parent=16107"}],"wp:term":[{"taxonomy":"product_cat","embeddable":true,"href":"https:\/\/atypique.brunotarhan.fr\/index.php\/wp-json\/wp\/v2\/product_cat?post=16107"},{"taxonomy":"product_tag","embeddable":true,"href":"https:\/\/atypique.brunotarhan.fr\/index.php\/wp-json\/wp\/v2\/product_tag?post=16107"}],"curies":[{"name":"wp","href":"https:\/\/api.w.org\/{rel}","templated":true}]}}