{"id":16103,"date":"2022-04-25T22:47:55","date_gmt":"2022-04-25T22:47:55","guid":{"rendered":"https:\/\/atypique.brunotarhan.fr\/index.php\/produit\/le-royaume-de-kensuke-pocheprix-sorcieres-romans-9-12-ansmichael-morpurgofrancois-place-illustrateurgallimard-jeunesse\/"},"modified":"2022-04-25T22:47:55","modified_gmt":"2022-04-25T22:47:55","slug":"le-royaume-de-kensuke-pocheprix-sorcieres-romans-9-12-ansmichael-morpurgofrancois-place-illustrateurgallimard-jeunesse","status":"publish","type":"product","link":"https:\/\/atypique.brunotarhan.fr\/index.php\/produit\/le-royaume-de-kensuke-pocheprix-sorcieres-romans-9-12-ansmichael-morpurgofrancois-place-illustrateurgallimard-jeunesse\/","title":{"rendered":"Le royaume de Kensuk\u00e9 &#8211; Poche\nPRIX SORCI\u00c8RES (ROMANS 9-12 ANS)\nMichael Morpurgo\nFran\u00e7ois Place (Illustrateur)\nGallimard jeunesse"},"content":{"rendered":"<p>Alors qu&#8217;il fait le tour du monde \u00e0 la voile avec ses parents, Michael tombe \u00e0 la mer. Lorsqu&#8217;il reprend connaissance, il se retrouve avec sa chienne sur une \u00eele perdue au milieu du Pacifique ! Comment survivre sans nourriture et sans abri ? Mais l&#8217;\u00eele n&#8217;est pas d\u00e9serte et un myst\u00e9rieux inconnu semble veiller sur Michael. C&#8217;est le d\u00e9but d&#8217;une aventure que n&#8217;oubliera jamais le jeune gar\u00e7on&#8230;<\/p>\n","protected":false},"excerpt":{"rendered":"<p>Alors qu&#8217;il fait le tour du monde \u00e0 la voile avec ses parents, Michael tombe \u00e0 la mer. Lorsqu&#8217;il reprend connaissance, il se retrouve avec sa chienne\u2026<\/p>\n","protected":false},"featured_media":15857,"comment_status":"open","ping_status":"closed","template":"","meta":[],"product_cat":[93,220],"product_tag":[321,555,302,553,550,554],"class_list":["post-16103","product","type-product","status-publish","has-post-thumbnail","hentry","product_cat-librairie","product_cat-livres-enfants","product_tag-folio-junior","product_tag-francois-place-illustrateur","product_tag-gallimard-jeunesse","product_tag-le-royaume-de-kensuke","product_tag-michael-morpurgo","product_tag-prix-sorcieres-romans-9-12-ans"],"yoast_head":"<!-- This site is optimized with the Yoast SEO plugin v18.0 - https:\/\/yoast.com\/wordpress\/plugins\/seo\/ -->\n<title>Le royaume de Kensuk\u00e9 - Poche PRIX SORCI\u00c8RES (ROMANS 9-12 ANS) Michael Morpurgo Fran\u00e7ois Place (Illustrateur) Gallimard jeunesse - Atypique Concept Store<\/title>\n<meta name=\"robots\" content=\"index, follow, max-snippet:-1, max-image-preview:large, max-video-preview:-1\" \/>\n<link rel=\"canonical\" href=\"https:\/\/atypique.brunotarhan.fr\/index.php\/produit\/le-royaume-de-kensuke-pocheprix-sorcieres-romans-9-12-ansmichael-morpurgofrancois-place-illustrateurgallimard-jeunesse\/\" \/>\n<meta property=\"og:locale\" content=\"fr_FR\" \/>\n<meta property=\"og:type\" content=\"article\" \/>\n<meta property=\"og:title\" content=\"Le royaume de Kensuk\u00e9 - Poche PRIX SORCI\u00c8RES (ROMANS 9-12 ANS) Michael Morpurgo Fran\u00e7ois Place (Illustrateur) Gallimard jeunesse - Atypique Concept Store\" \/>\n<meta property=\"og:description\" content=\"Alors qu&#039;il fait le tour du monde \u00e0 la voile avec ses parents, Michael tombe \u00e0 la mer. Lorsqu&#039;il reprend connaissance, il se retrouve avec sa chienne\u2026\" \/>\n<meta property=\"og:url\" content=\"https:\/\/atypique.brunotarhan.fr\/index.php\/produit\/le-royaume-de-kensuke-pocheprix-sorcieres-romans-9-12-ansmichael-morpurgofrancois-place-illustrateurgallimard-jeunesse\/\" \/>\n<meta property=\"og:site_name\" content=\"Atypique Concept Store\" \/>\n<meta name=\"twitter:card\" content=\"summary_large_image\" \/>\n<script type=\"application\/ld+json\" class=\"yoast-schema-graph\">{\"@context\":\"https:\/\/schema.org\",\"@graph\":[{\"@type\":\"WebSite\",\"@id\":\"https:\/\/atypique.brunotarhan.fr\/#website\",\"url\":\"https:\/\/atypique.brunotarhan.fr\/\",\"name\":\"Atypique Concept Store\",\"description\":\"Just another WordPress site\",\"potentialAction\":[{\"@type\":\"SearchAction\",\"target\":{\"@type\":\"EntryPoint\",\"urlTemplate\":\"https:\/\/atypique.brunotarhan.fr\/?s={search_term_string}\"},\"query-input\":\"required name=search_term_string\"}],\"inLanguage\":\"fr-FR\"},{\"@type\":\"ImageObject\",\"@id\":\"https:\/\/atypique.brunotarhan.fr\/index.php\/produit\/le-royaume-de-kensuke-pocheprix-sorcieres-romans-9-12-ansmichael-morpurgofrancois-place-illustrateurgallimard-jeunesse\/#primaryimage\",\"inLanguage\":\"fr-FR\",\"url\":\"https:\/\/atypique.brunotarhan.fr\/wp-content\/uploads\/2022\/04\/le-royaume-de-kensuke.webp\",\"contentUrl\":\"https:\/\/atypique.brunotarhan.fr\/wp-content\/uploads\/2022\/04\/le-royaume-de-kensuke.webp\",\"width\":348,\"height\":500},{\"@type\":\"WebPage\",\"@id\":\"https:\/\/atypique.brunotarhan.fr\/index.php\/produit\/le-royaume-de-kensuke-pocheprix-sorcieres-romans-9-12-ansmichael-morpurgofrancois-place-illustrateurgallimard-jeunesse\/#webpage\",\"url\":\"https:\/\/atypique.brunotarhan.fr\/index.php\/produit\/le-royaume-de-kensuke-pocheprix-sorcieres-romans-9-12-ansmichael-morpurgofrancois-place-illustrateurgallimard-jeunesse\/\",\"name\":\"Le royaume de Kensuk\u00e9 - Poche PRIX SORCI\u00c8RES (ROMANS 9-12 ANS) Michael Morpurgo Fran\u00e7ois Place (Illustrateur) Gallimard jeunesse - Atypique Concept Store\",\"isPartOf\":{\"@id\":\"https:\/\/atypique.brunotarhan.fr\/#website\"},\"primaryImageOfPage\":{\"@id\":\"https:\/\/atypique.brunotarhan.fr\/index.php\/produit\/le-royaume-de-kensuke-pocheprix-sorcieres-romans-9-12-ansmichael-morpurgofrancois-place-illustrateurgallimard-jeunesse\/#primaryimage\"},\"datePublished\":\"2022-04-25T22:47:55+00:00\",\"dateModified\":\"2022-04-25T22:47:55+00:00\",\"breadcrumb\":{\"@id\":\"https:\/\/atypique.brunotarhan.fr\/index.php\/produit\/le-royaume-de-kensuke-pocheprix-sorcieres-romans-9-12-ansmichael-morpurgofrancois-place-illustrateurgallimard-jeunesse\/#breadcrumb\"},\"inLanguage\":\"fr-FR\",\"potentialAction\":[{\"@type\":\"ReadAction\",\"target\":[\"https:\/\/atypique.brunotarhan.fr\/index.php\/produit\/le-royaume-de-kensuke-pocheprix-sorcieres-romans-9-12-ansmichael-morpurgofrancois-place-illustrateurgallimard-jeunesse\/\"]}]},{\"@type\":\"BreadcrumbList\",\"@id\":\"https:\/\/atypique.brunotarhan.fr\/index.php\/produit\/le-royaume-de-kensuke-pocheprix-sorcieres-romans-9-12-ansmichael-morpurgofrancois-place-illustrateurgallimard-jeunesse\/#breadcrumb\",\"itemListElement\":[{\"@type\":\"ListItem\",\"position\":1,\"name\":\"Accueil\",\"item\":\"https:\/\/atypique.brunotarhan.fr\/\"},{\"@type\":\"ListItem\",\"position\":2,\"name\":\"\"},{\"@type\":\"ListItem\",\"position\":3,\"name\":\"Le royaume de Kensuk\u00e9 &#8211; Poche PRIX SORCI\u00c8RES (ROMANS 9-12 ANS) Michael Morpurgo Fran\u00e7ois Place (Illustrateur) Gallimard jeunesse\"}]}]}<\/script>\n<!-- \/ Yoast SEO plugin. -->","yoast_head_json":{"title":"Le royaume de Kensuk\u00e9 - Poche PRIX SORCI\u00c8RES (ROMANS 9-12 ANS) Michael Morpurgo Fran\u00e7ois Place (Illustrateur) Gallimard jeunesse - Atypique Concept Store","robots":{"index":"index","follow":"follow","max-snippet":"max-snippet:-1","max-image-preview":"max-image-preview:large","max-video-preview":"max-video-preview:-1"},"canonical":"https:\/\/atypique.brunotarhan.fr\/index.php\/produit\/le-royaume-de-kensuke-pocheprix-sorcieres-romans-9-12-ansmichael-morpurgofrancois-place-illustrateurgallimard-jeunesse\/","og_locale":"fr_FR","og_type":"article","og_title":"Le royaume de Kensuk\u00e9 - Poche PRIX SORCI\u00c8RES (ROMANS 9-12 ANS) Michael Morpurgo Fran\u00e7ois Place (Illustrateur) Gallimard jeunesse - Atypique Concept Store","og_description":"Alors qu'il fait le tour du monde \u00e0 la voile avec ses parents, Michael tombe \u00e0 la mer. Lorsqu'il reprend connaissance, il se retrouve avec sa chienne\u2026","og_url":"https:\/\/atypique.brunotarhan.fr\/index.php\/produit\/le-royaume-de-kensuke-pocheprix-sorcieres-romans-9-12-ansmichael-morpurgofrancois-place-illustrateurgallimard-jeunesse\/","og_site_name":"Atypique Concept Store","twitter_card":"summary_large_image","schema":{"@context":"https:\/\/schema.org","@graph":[{"@type":"WebSite","@id":"https:\/\/atypique.brunotarhan.fr\/#website","url":"https:\/\/atypique.brunotarhan.fr\/","name":"Atypique Concept Store","description":"Just another WordPress site","potentialAction":[{"@type":"SearchAction","target":{"@type":"EntryPoint","urlTemplate":"https:\/\/atypique.brunotarhan.fr\/?s={search_term_string}"},"query-input":"required name=search_term_string"}],"inLanguage":"fr-FR"},{"@type":"ImageObject","@id":"https:\/\/atypique.brunotarhan.fr\/index.php\/produit\/le-royaume-de-kensuke-pocheprix-sorcieres-romans-9-12-ansmichael-morpurgofrancois-place-illustrateurgallimard-jeunesse\/#primaryimage","inLanguage":"fr-FR","url":"https:\/\/atypique.brunotarhan.fr\/wp-content\/uploads\/2022\/04\/le-royaume-de-kensuke.webp","contentUrl":"https:\/\/atypique.brunotarhan.fr\/wp-content\/uploads\/2022\/04\/le-royaume-de-kensuke.webp","width":348,"height":500},{"@type":"WebPage","@id":"https:\/\/atypique.brunotarhan.fr\/index.php\/produit\/le-royaume-de-kensuke-pocheprix-sorcieres-romans-9-12-ansmichael-morpurgofrancois-place-illustrateurgallimard-jeunesse\/#webpage","url":"https:\/\/atypique.brunotarhan.fr\/index.php\/produit\/le-royaume-de-kensuke-pocheprix-sorcieres-romans-9-12-ansmichael-morpurgofrancois-place-illustrateurgallimard-jeunesse\/","name":"Le royaume de Kensuk\u00e9 - Poche PRIX SORCI\u00c8RES (ROMANS 9-12 ANS) Michael Morpurgo Fran\u00e7ois Place (Illustrateur) Gallimard jeunesse - Atypique Concept Store","isPartOf":{"@id":"https:\/\/atypique.brunotarhan.fr\/#website"},"primaryImageOfPage":{"@id":"https:\/\/atypique.brunotarhan.fr\/index.php\/produit\/le-royaume-de-kensuke-pocheprix-sorcieres-romans-9-12-ansmichael-morpurgofrancois-place-illustrateurgallimard-jeunesse\/#primaryimage"},"datePublished":"2022-04-25T22:47:55+00:00","dateModified":"2022-04-25T22:47:55+00:00","breadcrumb":{"@id":"https:\/\/atypique.brunotarhan.fr\/index.php\/produit\/le-royaume-de-kensuke-pocheprix-sorcieres-romans-9-12-ansmichael-morpurgofrancois-place-illustrateurgallimard-jeunesse\/#breadcrumb"},"inLanguage":"fr-FR","potentialAction":[{"@type":"ReadAction","target":["https:\/\/atypique.brunotarhan.fr\/index.php\/produit\/le-royaume-de-kensuke-pocheprix-sorcieres-romans-9-12-ansmichael-morpurgofrancois-place-illustrateurgallimard-jeunesse\/"]}]},{"@type":"BreadcrumbList","@id":"https:\/\/atypique.brunotarhan.fr\/index.php\/produit\/le-royaume-de-kensuke-pocheprix-sorcieres-romans-9-12-ansmichael-morpurgofrancois-place-illustrateurgallimard-jeunesse\/#breadcrumb","itemListElement":[{"@type":"ListItem","position":1,"name":"Accueil","item":"https:\/\/atypique.brunotarhan.fr\/"},{"@type":"ListItem","position":2,"name":""},{"@type":"ListItem","position":3,"name":"Le royaume de Kensuk\u00e9 &#8211; Poche PRIX SORCI\u00c8RES (ROMANS 9-12 ANS) Michael Morpurgo Fran\u00e7ois Place (Illustrateur) Gallimard jeunesse"}]}]}},"_links":{"self":[{"href":"https:\/\/atypique.brunotarhan.fr\/index.php\/wp-json\/wp\/v2\/product\/16103","targetHints":{"allow":["GET"]}}],"collection":[{"href":"https:\/\/atypique.brunotarhan.fr\/index.php\/wp-json\/wp\/v2\/product"}],"about":[{"href":"https:\/\/atypique.brunotarhan.fr\/index.php\/wp-json\/wp\/v2\/types\/product"}],"replies":[{"embeddable":true,"href":"https:\/\/atypique.brunotarhan.fr\/index.php\/wp-json\/wp\/v2\/comments?post=16103"}],"wp:featuredmedia":[{"embeddable":true,"href":"https:\/\/atypique.brunotarhan.fr\/index.php\/wp-json\/wp\/v2\/media\/15857"}],"wp:attachment":[{"href":"https:\/\/atypique.brunotarhan.fr\/index.php\/wp-json\/wp\/v2\/media?parent=16103"}],"wp:term":[{"taxonomy":"product_cat","embeddable":true,"href":"https:\/\/atypique.brunotarhan.fr\/index.php\/wp-json\/wp\/v2\/product_cat?post=16103"},{"taxonomy":"product_tag","embeddable":true,"href":"https:\/\/atypique.brunotarhan.fr\/index.php\/wp-json\/wp\/v2\/product_tag?post=16103"}],"curies":[{"name":"wp","href":"https:\/\/api.w.org\/{rel}","templated":true}]}}