{"id":16102,"date":"2022-04-25T22:47:54","date_gmt":"2022-04-25T22:47:54","guid":{"rendered":"https:\/\/atypique.brunotarhan.fr\/index.php\/produit\/le-roi-arthur-pochemichael-morpurgo-michael-foreman-noel-chasseriaugallimard-jeunesse\/"},"modified":"2022-04-25T22:47:54","modified_gmt":"2022-04-25T22:47:54","slug":"le-roi-arthur-pochemichael-morpurgo-michael-foreman-noel-chasseriaugallimard-jeunesse","status":"publish","type":"product","link":"https:\/\/atypique.brunotarhan.fr\/index.php\/produit\/le-roi-arthur-pochemichael-morpurgo-michael-foreman-noel-chasseriaugallimard-jeunesse\/","title":{"rendered":"Le roi Arthur &#8211; Poche\nMichael Morpurgo, Michael Foreman, No\u00ebl Chass\u00e9riau\nGallimard jeunesse"},"content":{"rendered":"<p>Un texte l\u00e9gendaire \u00e0 travers le regard du roi Arthur, qui raconte son histoire captivante \u00e0 un jeune gar\u00e7on d&#8217;aujourd&#8217;hui.<\/p>\n","protected":false},"excerpt":{"rendered":"<p>Un texte l\u00e9gendaire \u00e0 travers le regard du roi Arthur, qui raconte son histoire captivante \u00e0 un jeune gar\u00e7on d&#8217;aujourd&#8217;hui.<\/p>\n","protected":false},"featured_media":15856,"comment_status":"open","ping_status":"closed","template":"","meta":[],"product_cat":[93,220],"product_tag":[321,302,549,353,551,550,552,183],"class_list":["post-16102","product","type-product","status-publish","has-post-thumbnail","hentry","product_cat-librairie","product_cat-livres-enfants","product_tag-folio-junior","product_tag-gallimard-jeunesse","product_tag-le-roi-arthur","product_tag-livre-enfant","product_tag-michael-foreman","product_tag-michael-morpurgo","product_tag-noel-chasseriau","product_tag-poche"],"yoast_head":"<!-- This site is optimized with the Yoast SEO plugin v18.0 - https:\/\/yoast.com\/wordpress\/plugins\/seo\/ -->\n<title>Le roi Arthur - Poche Michael Morpurgo, Michael Foreman, No\u00ebl Chass\u00e9riau Gallimard jeunesse - Atypique Concept Store<\/title>\n<meta name=\"robots\" content=\"index, follow, max-snippet:-1, max-image-preview:large, max-video-preview:-1\" \/>\n<link rel=\"canonical\" href=\"https:\/\/atypique.brunotarhan.fr\/index.php\/produit\/le-roi-arthur-pochemichael-morpurgo-michael-foreman-noel-chasseriaugallimard-jeunesse\/\" \/>\n<meta property=\"og:locale\" content=\"fr_FR\" \/>\n<meta property=\"og:type\" content=\"article\" \/>\n<meta property=\"og:title\" content=\"Le roi Arthur - Poche Michael Morpurgo, Michael Foreman, No\u00ebl Chass\u00e9riau Gallimard jeunesse - Atypique Concept Store\" \/>\n<meta property=\"og:description\" content=\"Un texte l\u00e9gendaire \u00e0 travers le regard du roi Arthur, qui raconte son histoire captivante \u00e0 un jeune gar\u00e7on d&#039;aujourd&#039;hui.\" \/>\n<meta property=\"og:url\" content=\"https:\/\/atypique.brunotarhan.fr\/index.php\/produit\/le-roi-arthur-pochemichael-morpurgo-michael-foreman-noel-chasseriaugallimard-jeunesse\/\" \/>\n<meta property=\"og:site_name\" content=\"Atypique Concept Store\" \/>\n<meta name=\"twitter:card\" content=\"summary_large_image\" \/>\n<script type=\"application\/ld+json\" class=\"yoast-schema-graph\">{\"@context\":\"https:\/\/schema.org\",\"@graph\":[{\"@type\":\"WebSite\",\"@id\":\"https:\/\/atypique.brunotarhan.fr\/#website\",\"url\":\"https:\/\/atypique.brunotarhan.fr\/\",\"name\":\"Atypique Concept Store\",\"description\":\"Just another WordPress site\",\"potentialAction\":[{\"@type\":\"SearchAction\",\"target\":{\"@type\":\"EntryPoint\",\"urlTemplate\":\"https:\/\/atypique.brunotarhan.fr\/?s={search_term_string}\"},\"query-input\":\"required name=search_term_string\"}],\"inLanguage\":\"fr-FR\"},{\"@type\":\"ImageObject\",\"@id\":\"https:\/\/atypique.brunotarhan.fr\/index.php\/produit\/le-roi-arthur-pochemichael-morpurgo-michael-foreman-noel-chasseriaugallimard-jeunesse\/#primaryimage\",\"inLanguage\":\"fr-FR\",\"url\":\"https:\/\/atypique.brunotarhan.fr\/wp-content\/uploads\/2022\/04\/le-roi-arthur.webp\",\"contentUrl\":\"https:\/\/atypique.brunotarhan.fr\/wp-content\/uploads\/2022\/04\/le-roi-arthur.webp\",\"width\":348,\"height\":500},{\"@type\":\"WebPage\",\"@id\":\"https:\/\/atypique.brunotarhan.fr\/index.php\/produit\/le-roi-arthur-pochemichael-morpurgo-michael-foreman-noel-chasseriaugallimard-jeunesse\/#webpage\",\"url\":\"https:\/\/atypique.brunotarhan.fr\/index.php\/produit\/le-roi-arthur-pochemichael-morpurgo-michael-foreman-noel-chasseriaugallimard-jeunesse\/\",\"name\":\"Le roi Arthur - Poche Michael Morpurgo, Michael Foreman, No\u00ebl Chass\u00e9riau Gallimard jeunesse - Atypique Concept Store\",\"isPartOf\":{\"@id\":\"https:\/\/atypique.brunotarhan.fr\/#website\"},\"primaryImageOfPage\":{\"@id\":\"https:\/\/atypique.brunotarhan.fr\/index.php\/produit\/le-roi-arthur-pochemichael-morpurgo-michael-foreman-noel-chasseriaugallimard-jeunesse\/#primaryimage\"},\"datePublished\":\"2022-04-25T22:47:54+00:00\",\"dateModified\":\"2022-04-25T22:47:54+00:00\",\"breadcrumb\":{\"@id\":\"https:\/\/atypique.brunotarhan.fr\/index.php\/produit\/le-roi-arthur-pochemichael-morpurgo-michael-foreman-noel-chasseriaugallimard-jeunesse\/#breadcrumb\"},\"inLanguage\":\"fr-FR\",\"potentialAction\":[{\"@type\":\"ReadAction\",\"target\":[\"https:\/\/atypique.brunotarhan.fr\/index.php\/produit\/le-roi-arthur-pochemichael-morpurgo-michael-foreman-noel-chasseriaugallimard-jeunesse\/\"]}]},{\"@type\":\"BreadcrumbList\",\"@id\":\"https:\/\/atypique.brunotarhan.fr\/index.php\/produit\/le-roi-arthur-pochemichael-morpurgo-michael-foreman-noel-chasseriaugallimard-jeunesse\/#breadcrumb\",\"itemListElement\":[{\"@type\":\"ListItem\",\"position\":1,\"name\":\"Accueil\",\"item\":\"https:\/\/atypique.brunotarhan.fr\/\"},{\"@type\":\"ListItem\",\"position\":2,\"name\":\"\"},{\"@type\":\"ListItem\",\"position\":3,\"name\":\"Le roi Arthur &#8211; Poche Michael Morpurgo, Michael Foreman, No\u00ebl Chass\u00e9riau Gallimard jeunesse\"}]}]}<\/script>\n<!-- \/ Yoast SEO plugin. -->","yoast_head_json":{"title":"Le roi Arthur - Poche Michael Morpurgo, Michael Foreman, No\u00ebl Chass\u00e9riau Gallimard jeunesse - Atypique Concept Store","robots":{"index":"index","follow":"follow","max-snippet":"max-snippet:-1","max-image-preview":"max-image-preview:large","max-video-preview":"max-video-preview:-1"},"canonical":"https:\/\/atypique.brunotarhan.fr\/index.php\/produit\/le-roi-arthur-pochemichael-morpurgo-michael-foreman-noel-chasseriaugallimard-jeunesse\/","og_locale":"fr_FR","og_type":"article","og_title":"Le roi Arthur - Poche Michael Morpurgo, Michael Foreman, No\u00ebl Chass\u00e9riau Gallimard jeunesse - Atypique Concept Store","og_description":"Un texte l\u00e9gendaire \u00e0 travers le regard du roi Arthur, qui raconte son histoire captivante \u00e0 un jeune gar\u00e7on d'aujourd'hui.","og_url":"https:\/\/atypique.brunotarhan.fr\/index.php\/produit\/le-roi-arthur-pochemichael-morpurgo-michael-foreman-noel-chasseriaugallimard-jeunesse\/","og_site_name":"Atypique Concept Store","twitter_card":"summary_large_image","schema":{"@context":"https:\/\/schema.org","@graph":[{"@type":"WebSite","@id":"https:\/\/atypique.brunotarhan.fr\/#website","url":"https:\/\/atypique.brunotarhan.fr\/","name":"Atypique Concept Store","description":"Just another WordPress site","potentialAction":[{"@type":"SearchAction","target":{"@type":"EntryPoint","urlTemplate":"https:\/\/atypique.brunotarhan.fr\/?s={search_term_string}"},"query-input":"required name=search_term_string"}],"inLanguage":"fr-FR"},{"@type":"ImageObject","@id":"https:\/\/atypique.brunotarhan.fr\/index.php\/produit\/le-roi-arthur-pochemichael-morpurgo-michael-foreman-noel-chasseriaugallimard-jeunesse\/#primaryimage","inLanguage":"fr-FR","url":"https:\/\/atypique.brunotarhan.fr\/wp-content\/uploads\/2022\/04\/le-roi-arthur.webp","contentUrl":"https:\/\/atypique.brunotarhan.fr\/wp-content\/uploads\/2022\/04\/le-roi-arthur.webp","width":348,"height":500},{"@type":"WebPage","@id":"https:\/\/atypique.brunotarhan.fr\/index.php\/produit\/le-roi-arthur-pochemichael-morpurgo-michael-foreman-noel-chasseriaugallimard-jeunesse\/#webpage","url":"https:\/\/atypique.brunotarhan.fr\/index.php\/produit\/le-roi-arthur-pochemichael-morpurgo-michael-foreman-noel-chasseriaugallimard-jeunesse\/","name":"Le roi Arthur - Poche Michael Morpurgo, Michael Foreman, No\u00ebl Chass\u00e9riau Gallimard jeunesse - Atypique Concept Store","isPartOf":{"@id":"https:\/\/atypique.brunotarhan.fr\/#website"},"primaryImageOfPage":{"@id":"https:\/\/atypique.brunotarhan.fr\/index.php\/produit\/le-roi-arthur-pochemichael-morpurgo-michael-foreman-noel-chasseriaugallimard-jeunesse\/#primaryimage"},"datePublished":"2022-04-25T22:47:54+00:00","dateModified":"2022-04-25T22:47:54+00:00","breadcrumb":{"@id":"https:\/\/atypique.brunotarhan.fr\/index.php\/produit\/le-roi-arthur-pochemichael-morpurgo-michael-foreman-noel-chasseriaugallimard-jeunesse\/#breadcrumb"},"inLanguage":"fr-FR","potentialAction":[{"@type":"ReadAction","target":["https:\/\/atypique.brunotarhan.fr\/index.php\/produit\/le-roi-arthur-pochemichael-morpurgo-michael-foreman-noel-chasseriaugallimard-jeunesse\/"]}]},{"@type":"BreadcrumbList","@id":"https:\/\/atypique.brunotarhan.fr\/index.php\/produit\/le-roi-arthur-pochemichael-morpurgo-michael-foreman-noel-chasseriaugallimard-jeunesse\/#breadcrumb","itemListElement":[{"@type":"ListItem","position":1,"name":"Accueil","item":"https:\/\/atypique.brunotarhan.fr\/"},{"@type":"ListItem","position":2,"name":""},{"@type":"ListItem","position":3,"name":"Le roi Arthur &#8211; Poche Michael Morpurgo, Michael Foreman, No\u00ebl Chass\u00e9riau Gallimard jeunesse"}]}]}},"_links":{"self":[{"href":"https:\/\/atypique.brunotarhan.fr\/index.php\/wp-json\/wp\/v2\/product\/16102","targetHints":{"allow":["GET"]}}],"collection":[{"href":"https:\/\/atypique.brunotarhan.fr\/index.php\/wp-json\/wp\/v2\/product"}],"about":[{"href":"https:\/\/atypique.brunotarhan.fr\/index.php\/wp-json\/wp\/v2\/types\/product"}],"replies":[{"embeddable":true,"href":"https:\/\/atypique.brunotarhan.fr\/index.php\/wp-json\/wp\/v2\/comments?post=16102"}],"wp:featuredmedia":[{"embeddable":true,"href":"https:\/\/atypique.brunotarhan.fr\/index.php\/wp-json\/wp\/v2\/media\/15856"}],"wp:attachment":[{"href":"https:\/\/atypique.brunotarhan.fr\/index.php\/wp-json\/wp\/v2\/media?parent=16102"}],"wp:term":[{"taxonomy":"product_cat","embeddable":true,"href":"https:\/\/atypique.brunotarhan.fr\/index.php\/wp-json\/wp\/v2\/product_cat?post=16102"},{"taxonomy":"product_tag","embeddable":true,"href":"https:\/\/atypique.brunotarhan.fr\/index.php\/wp-json\/wp\/v2\/product_tag?post=16102"}],"curies":[{"name":"wp","href":"https:\/\/api.w.org\/{rel}","templated":true}]}}