{"id":16101,"date":"2022-04-25T22:47:54","date_gmt":"2022-04-25T22:47:54","guid":{"rendered":"https:\/\/atypique.brunotarhan.fr\/index.php\/produit\/le-rire-des-deesses-grand-formatananda-devigrasset\/"},"modified":"2022-04-25T22:47:54","modified_gmt":"2022-04-25T22:47:54","slug":"le-rire-des-deesses-grand-formatananda-devigrasset","status":"publish","type":"product","link":"https:\/\/atypique.brunotarhan.fr\/index.php\/produit\/le-rire-des-deesses-grand-formatananda-devigrasset\/","title":{"rendered":"Le rire des d\u00e9esses &#8211; Grand Format\nAnanda Devi\nGrasset"},"content":{"rendered":"<p>La Ruelle est le quartier d&#8217;une ville pauvre de l&#8217;Inde o\u00f9 travaillent les prostitu\u00e9es. Parmi elles, Veena et sa fille de dix ans, Chinti, enfant solaire d\u00e9laiss\u00e9e par sa m\u00e8re. Les autres femmes prot\u00e8gent la fillette, surtout Sadhana, une hijra, femme rejet\u00e9e par la soci\u00e9t\u00e9 pour \u00eatre n\u00e9e dans un corps d&#8217;homme. Leurs destins basculent le jour o\u00f9 Shivnath, un homme de Dieu corrompu, tombe amoureux de Chinti, la kidnappe et l&#8217;emm\u00e8ne \u00e0 B\u00e9nar\u00e8s pour en faire sa d\u00e9esse.<br \/>\nIl ne se doute pas que les femmes de la Ruelle sont sur ses traces. Et que derri\u00e8re leurs saris scintillants se cachent des guerri\u00e8res. Des bas-fonds de l&#8217;Inde \u00e0 sa capitale spirituelle, Ananda Devi nous entra\u00eene dans un roman haletant et fouille les questions de notre temps : la place des femmes et des transsexuels ; le r\u00e8gne des hommes et la sororit\u00e9 ; les folies de la foi ; la p\u00e9dophilie ; la religion, la col\u00e8re et l&#8217;amour.<br \/>\nAvec son style tranchant et po\u00e9tique, elle brise le silence des dieux pour faire entendre et r\u00e9sonner le cri de r\u00e9volte des femmes &#8211; le rire des d\u00e9esses.<\/p>\n","protected":false},"excerpt":{"rendered":"<p>La Ruelle est le quartier d&#8217;une ville pauvre de l&#8217;Inde o\u00f9 travaillent les prostitu\u00e9es. Parmi elles, Veena et sa fille de dix ans, Chinti, enfant solaire\u2026<\/p>\n","protected":false},"featured_media":15855,"comment_status":"open","ping_status":"closed","template":"","meta":[],"product_cat":[93,186],"product_tag":[547,412,494,546,548,189],"class_list":["post-16101","product","type-product","status-publish","has-post-thumbnail","hentry","product_cat-librairie","product_cat-romans","product_tag-ananda-devi","product_tag-grand-format","product_tag-grasset","product_tag-le-rire-des-deesses","product_tag-prix-femina-des-lyceens","product_tag-roman"],"yoast_head":"<!-- This site is optimized with the Yoast SEO plugin v18.0 - https:\/\/yoast.com\/wordpress\/plugins\/seo\/ -->\n<title>Le rire des d\u00e9esses - Grand Format Ananda Devi Grasset - Atypique Concept Store<\/title>\n<meta name=\"robots\" content=\"index, follow, max-snippet:-1, max-image-preview:large, max-video-preview:-1\" \/>\n<link rel=\"canonical\" href=\"https:\/\/atypique.brunotarhan.fr\/index.php\/produit\/le-rire-des-deesses-grand-formatananda-devigrasset\/\" \/>\n<meta property=\"og:locale\" content=\"fr_FR\" \/>\n<meta property=\"og:type\" content=\"article\" \/>\n<meta property=\"og:title\" content=\"Le rire des d\u00e9esses - Grand Format Ananda Devi Grasset - Atypique Concept Store\" \/>\n<meta property=\"og:description\" content=\"La Ruelle est le quartier d&#039;une ville pauvre de l&#039;Inde o\u00f9 travaillent les prostitu\u00e9es. Parmi elles, Veena et sa fille de dix ans, Chinti, enfant solaire\u2026\" \/>\n<meta property=\"og:url\" content=\"https:\/\/atypique.brunotarhan.fr\/index.php\/produit\/le-rire-des-deesses-grand-formatananda-devigrasset\/\" \/>\n<meta property=\"og:site_name\" content=\"Atypique Concept Store\" \/>\n<meta name=\"twitter:card\" content=\"summary_large_image\" \/>\n<meta name=\"twitter:label1\" content=\"Dur\u00e9e de lecture estim\u00e9e\" \/>\n\t<meta name=\"twitter:data1\" content=\"1 minute\" \/>\n<script type=\"application\/ld+json\" class=\"yoast-schema-graph\">{\"@context\":\"https:\/\/schema.org\",\"@graph\":[{\"@type\":\"WebSite\",\"@id\":\"https:\/\/atypique.brunotarhan.fr\/#website\",\"url\":\"https:\/\/atypique.brunotarhan.fr\/\",\"name\":\"Atypique Concept Store\",\"description\":\"Just another WordPress site\",\"potentialAction\":[{\"@type\":\"SearchAction\",\"target\":{\"@type\":\"EntryPoint\",\"urlTemplate\":\"https:\/\/atypique.brunotarhan.fr\/?s={search_term_string}\"},\"query-input\":\"required name=search_term_string\"}],\"inLanguage\":\"fr-FR\"},{\"@type\":\"ImageObject\",\"@id\":\"https:\/\/atypique.brunotarhan.fr\/index.php\/produit\/le-rire-des-deesses-grand-formatananda-devigrasset\/#primaryimage\",\"inLanguage\":\"fr-FR\",\"url\":\"https:\/\/atypique.brunotarhan.fr\/wp-content\/uploads\/2022\/04\/le-rire-des-deesses.webp\",\"contentUrl\":\"https:\/\/atypique.brunotarhan.fr\/wp-content\/uploads\/2022\/04\/le-rire-des-deesses.webp\",\"width\":336,\"height\":500},{\"@type\":\"WebPage\",\"@id\":\"https:\/\/atypique.brunotarhan.fr\/index.php\/produit\/le-rire-des-deesses-grand-formatananda-devigrasset\/#webpage\",\"url\":\"https:\/\/atypique.brunotarhan.fr\/index.php\/produit\/le-rire-des-deesses-grand-formatananda-devigrasset\/\",\"name\":\"Le rire des d\u00e9esses - Grand Format Ananda Devi Grasset - Atypique Concept Store\",\"isPartOf\":{\"@id\":\"https:\/\/atypique.brunotarhan.fr\/#website\"},\"primaryImageOfPage\":{\"@id\":\"https:\/\/atypique.brunotarhan.fr\/index.php\/produit\/le-rire-des-deesses-grand-formatananda-devigrasset\/#primaryimage\"},\"datePublished\":\"2022-04-25T22:47:54+00:00\",\"dateModified\":\"2022-04-25T22:47:54+00:00\",\"breadcrumb\":{\"@id\":\"https:\/\/atypique.brunotarhan.fr\/index.php\/produit\/le-rire-des-deesses-grand-formatananda-devigrasset\/#breadcrumb\"},\"inLanguage\":\"fr-FR\",\"potentialAction\":[{\"@type\":\"ReadAction\",\"target\":[\"https:\/\/atypique.brunotarhan.fr\/index.php\/produit\/le-rire-des-deesses-grand-formatananda-devigrasset\/\"]}]},{\"@type\":\"BreadcrumbList\",\"@id\":\"https:\/\/atypique.brunotarhan.fr\/index.php\/produit\/le-rire-des-deesses-grand-formatananda-devigrasset\/#breadcrumb\",\"itemListElement\":[{\"@type\":\"ListItem\",\"position\":1,\"name\":\"Accueil\",\"item\":\"https:\/\/atypique.brunotarhan.fr\/\"},{\"@type\":\"ListItem\",\"position\":2,\"name\":\"\"},{\"@type\":\"ListItem\",\"position\":3,\"name\":\"Le rire des d\u00e9esses &#8211; Grand Format Ananda Devi Grasset\"}]}]}<\/script>\n<!-- \/ Yoast SEO plugin. -->","yoast_head_json":{"title":"Le rire des d\u00e9esses - Grand Format Ananda Devi Grasset - Atypique Concept Store","robots":{"index":"index","follow":"follow","max-snippet":"max-snippet:-1","max-image-preview":"max-image-preview:large","max-video-preview":"max-video-preview:-1"},"canonical":"https:\/\/atypique.brunotarhan.fr\/index.php\/produit\/le-rire-des-deesses-grand-formatananda-devigrasset\/","og_locale":"fr_FR","og_type":"article","og_title":"Le rire des d\u00e9esses - Grand Format Ananda Devi Grasset - Atypique Concept Store","og_description":"La Ruelle est le quartier d'une ville pauvre de l'Inde o\u00f9 travaillent les prostitu\u00e9es. Parmi elles, Veena et sa fille de dix ans, Chinti, enfant solaire\u2026","og_url":"https:\/\/atypique.brunotarhan.fr\/index.php\/produit\/le-rire-des-deesses-grand-formatananda-devigrasset\/","og_site_name":"Atypique Concept Store","twitter_card":"summary_large_image","twitter_misc":{"Dur\u00e9e de lecture estim\u00e9e":"1 minute"},"schema":{"@context":"https:\/\/schema.org","@graph":[{"@type":"WebSite","@id":"https:\/\/atypique.brunotarhan.fr\/#website","url":"https:\/\/atypique.brunotarhan.fr\/","name":"Atypique Concept Store","description":"Just another WordPress site","potentialAction":[{"@type":"SearchAction","target":{"@type":"EntryPoint","urlTemplate":"https:\/\/atypique.brunotarhan.fr\/?s={search_term_string}"},"query-input":"required name=search_term_string"}],"inLanguage":"fr-FR"},{"@type":"ImageObject","@id":"https:\/\/atypique.brunotarhan.fr\/index.php\/produit\/le-rire-des-deesses-grand-formatananda-devigrasset\/#primaryimage","inLanguage":"fr-FR","url":"https:\/\/atypique.brunotarhan.fr\/wp-content\/uploads\/2022\/04\/le-rire-des-deesses.webp","contentUrl":"https:\/\/atypique.brunotarhan.fr\/wp-content\/uploads\/2022\/04\/le-rire-des-deesses.webp","width":336,"height":500},{"@type":"WebPage","@id":"https:\/\/atypique.brunotarhan.fr\/index.php\/produit\/le-rire-des-deesses-grand-formatananda-devigrasset\/#webpage","url":"https:\/\/atypique.brunotarhan.fr\/index.php\/produit\/le-rire-des-deesses-grand-formatananda-devigrasset\/","name":"Le rire des d\u00e9esses - Grand Format Ananda Devi Grasset - Atypique Concept Store","isPartOf":{"@id":"https:\/\/atypique.brunotarhan.fr\/#website"},"primaryImageOfPage":{"@id":"https:\/\/atypique.brunotarhan.fr\/index.php\/produit\/le-rire-des-deesses-grand-formatananda-devigrasset\/#primaryimage"},"datePublished":"2022-04-25T22:47:54+00:00","dateModified":"2022-04-25T22:47:54+00:00","breadcrumb":{"@id":"https:\/\/atypique.brunotarhan.fr\/index.php\/produit\/le-rire-des-deesses-grand-formatananda-devigrasset\/#breadcrumb"},"inLanguage":"fr-FR","potentialAction":[{"@type":"ReadAction","target":["https:\/\/atypique.brunotarhan.fr\/index.php\/produit\/le-rire-des-deesses-grand-formatananda-devigrasset\/"]}]},{"@type":"BreadcrumbList","@id":"https:\/\/atypique.brunotarhan.fr\/index.php\/produit\/le-rire-des-deesses-grand-formatananda-devigrasset\/#breadcrumb","itemListElement":[{"@type":"ListItem","position":1,"name":"Accueil","item":"https:\/\/atypique.brunotarhan.fr\/"},{"@type":"ListItem","position":2,"name":""},{"@type":"ListItem","position":3,"name":"Le rire des d\u00e9esses &#8211; Grand Format Ananda Devi Grasset"}]}]}},"_links":{"self":[{"href":"https:\/\/atypique.brunotarhan.fr\/index.php\/wp-json\/wp\/v2\/product\/16101","targetHints":{"allow":["GET"]}}],"collection":[{"href":"https:\/\/atypique.brunotarhan.fr\/index.php\/wp-json\/wp\/v2\/product"}],"about":[{"href":"https:\/\/atypique.brunotarhan.fr\/index.php\/wp-json\/wp\/v2\/types\/product"}],"replies":[{"embeddable":true,"href":"https:\/\/atypique.brunotarhan.fr\/index.php\/wp-json\/wp\/v2\/comments?post=16101"}],"wp:featuredmedia":[{"embeddable":true,"href":"https:\/\/atypique.brunotarhan.fr\/index.php\/wp-json\/wp\/v2\/media\/15855"}],"wp:attachment":[{"href":"https:\/\/atypique.brunotarhan.fr\/index.php\/wp-json\/wp\/v2\/media?parent=16101"}],"wp:term":[{"taxonomy":"product_cat","embeddable":true,"href":"https:\/\/atypique.brunotarhan.fr\/index.php\/wp-json\/wp\/v2\/product_cat?post=16101"},{"taxonomy":"product_tag","embeddable":true,"href":"https:\/\/atypique.brunotarhan.fr\/index.php\/wp-json\/wp\/v2\/product_tag?post=16101"}],"curies":[{"name":"wp","href":"https:\/\/api.w.org\/{rel}","templated":true}]}}