{"id":16100,"date":"2022-04-25T22:47:54","date_gmt":"2022-04-25T22:47:54","guid":{"rendered":"https:\/\/atypique.brunotarhan.fr\/index.php\/produit\/le-reveil-grand-formatlaurent-gounellecalmann-levy\/"},"modified":"2022-04-25T22:47:54","modified_gmt":"2022-04-25T22:47:54","slug":"le-reveil-grand-formatlaurent-gounellecalmann-levy","status":"publish","type":"product","link":"https:\/\/atypique.brunotarhan.fr\/index.php\/produit\/le-reveil-grand-formatlaurent-gounellecalmann-levy\/","title":{"rendered":"Le r\u00e9veil &#8211; Grand Format\nLaurent Gounelle\nCalmann L\u00e9vy"},"content":{"rendered":"<p>Tom, un jeune ing\u00e9nieur, se retrouve confront\u00e9 dans son pays \u00e0 une situation inqui\u00e9tante qui s\u00e8me la peur dans la population. Dans ce contexte in\u00e9dit, des mesures sont adopt\u00e9es par le pouvoir, contraignantes et liberticides. Tom se retrouve pris dans la tourmente des \u00e9v\u00e9nements, mais il a un ami grec qui l&#8217;alerte alors : les peurs des gens sont tr\u00e8s utiles \u00e0 certains. C&#8217;est en d\u00e9couvrant des v\u00e9rit\u00e9s parfois dissimul\u00e9es au grand jour, que l&#8217;on peut se r\u00e9approprier sa libert\u00e9&#8230;<\/p>\n","protected":false},"excerpt":{"rendered":"<p>Tom, un jeune ing\u00e9nieur, se retrouve confront\u00e9 dans son pays \u00e0 une situation inqui\u00e9tante qui s\u00e8me la peur dans la population. Dans ce contexte in\u00e9dit,\u2026<\/p>\n","protected":false},"featured_media":15854,"comment_status":"open","ping_status":"closed","template":"","meta":[],"product_cat":[93,186],"product_tag":[545,412,544,543,189],"class_list":["post-16100","product","type-product","status-publish","has-post-thumbnail","hentry","product_cat-librairie","product_cat-romans","product_tag-calmann-levy-2","product_tag-grand-format","product_tag-laurent-gounelle","product_tag-le-reveil","product_tag-roman"],"yoast_head":"<!-- This site is optimized with the Yoast SEO plugin v18.0 - https:\/\/yoast.com\/wordpress\/plugins\/seo\/ -->\n<title>Le r\u00e9veil - Grand Format Laurent Gounelle Calmann L\u00e9vy - Atypique Concept Store<\/title>\n<meta name=\"robots\" content=\"index, follow, max-snippet:-1, max-image-preview:large, max-video-preview:-1\" \/>\n<link rel=\"canonical\" href=\"https:\/\/atypique.brunotarhan.fr\/index.php\/produit\/le-reveil-grand-formatlaurent-gounellecalmann-levy\/\" \/>\n<meta property=\"og:locale\" content=\"fr_FR\" \/>\n<meta property=\"og:type\" content=\"article\" \/>\n<meta property=\"og:title\" content=\"Le r\u00e9veil - Grand Format Laurent Gounelle Calmann L\u00e9vy - Atypique Concept Store\" \/>\n<meta property=\"og:description\" content=\"Tom, un jeune ing\u00e9nieur, se retrouve confront\u00e9 dans son pays \u00e0 une situation inqui\u00e9tante qui s\u00e8me la peur dans la population. Dans ce contexte in\u00e9dit,\u2026\" \/>\n<meta property=\"og:url\" content=\"https:\/\/atypique.brunotarhan.fr\/index.php\/produit\/le-reveil-grand-formatlaurent-gounellecalmann-levy\/\" \/>\n<meta property=\"og:site_name\" content=\"Atypique Concept Store\" \/>\n<meta name=\"twitter:card\" content=\"summary_large_image\" \/>\n<script type=\"application\/ld+json\" class=\"yoast-schema-graph\">{\"@context\":\"https:\/\/schema.org\",\"@graph\":[{\"@type\":\"WebSite\",\"@id\":\"https:\/\/atypique.brunotarhan.fr\/#website\",\"url\":\"https:\/\/atypique.brunotarhan.fr\/\",\"name\":\"Atypique Concept Store\",\"description\":\"Just another WordPress site\",\"potentialAction\":[{\"@type\":\"SearchAction\",\"target\":{\"@type\":\"EntryPoint\",\"urlTemplate\":\"https:\/\/atypique.brunotarhan.fr\/?s={search_term_string}\"},\"query-input\":\"required name=search_term_string\"}],\"inLanguage\":\"fr-FR\"},{\"@type\":\"ImageObject\",\"@id\":\"https:\/\/atypique.brunotarhan.fr\/index.php\/produit\/le-reveil-grand-formatlaurent-gounellecalmann-levy\/#primaryimage\",\"inLanguage\":\"fr-FR\",\"url\":\"https:\/\/atypique.brunotarhan.fr\/wp-content\/uploads\/2022\/04\/le-reveil.webp\",\"contentUrl\":\"https:\/\/atypique.brunotarhan.fr\/wp-content\/uploads\/2022\/04\/le-reveil.webp\",\"width\":314,\"height\":500},{\"@type\":\"WebPage\",\"@id\":\"https:\/\/atypique.brunotarhan.fr\/index.php\/produit\/le-reveil-grand-formatlaurent-gounellecalmann-levy\/#webpage\",\"url\":\"https:\/\/atypique.brunotarhan.fr\/index.php\/produit\/le-reveil-grand-formatlaurent-gounellecalmann-levy\/\",\"name\":\"Le r\u00e9veil - Grand Format Laurent Gounelle Calmann L\u00e9vy - Atypique Concept Store\",\"isPartOf\":{\"@id\":\"https:\/\/atypique.brunotarhan.fr\/#website\"},\"primaryImageOfPage\":{\"@id\":\"https:\/\/atypique.brunotarhan.fr\/index.php\/produit\/le-reveil-grand-formatlaurent-gounellecalmann-levy\/#primaryimage\"},\"datePublished\":\"2022-04-25T22:47:54+00:00\",\"dateModified\":\"2022-04-25T22:47:54+00:00\",\"breadcrumb\":{\"@id\":\"https:\/\/atypique.brunotarhan.fr\/index.php\/produit\/le-reveil-grand-formatlaurent-gounellecalmann-levy\/#breadcrumb\"},\"inLanguage\":\"fr-FR\",\"potentialAction\":[{\"@type\":\"ReadAction\",\"target\":[\"https:\/\/atypique.brunotarhan.fr\/index.php\/produit\/le-reveil-grand-formatlaurent-gounellecalmann-levy\/\"]}]},{\"@type\":\"BreadcrumbList\",\"@id\":\"https:\/\/atypique.brunotarhan.fr\/index.php\/produit\/le-reveil-grand-formatlaurent-gounellecalmann-levy\/#breadcrumb\",\"itemListElement\":[{\"@type\":\"ListItem\",\"position\":1,\"name\":\"Accueil\",\"item\":\"https:\/\/atypique.brunotarhan.fr\/\"},{\"@type\":\"ListItem\",\"position\":2,\"name\":\"\"},{\"@type\":\"ListItem\",\"position\":3,\"name\":\"Le r\u00e9veil &#8211; Grand Format Laurent Gounelle Calmann L\u00e9vy\"}]}]}<\/script>\n<!-- \/ Yoast SEO plugin. -->","yoast_head_json":{"title":"Le r\u00e9veil - Grand Format Laurent Gounelle Calmann L\u00e9vy - Atypique Concept Store","robots":{"index":"index","follow":"follow","max-snippet":"max-snippet:-1","max-image-preview":"max-image-preview:large","max-video-preview":"max-video-preview:-1"},"canonical":"https:\/\/atypique.brunotarhan.fr\/index.php\/produit\/le-reveil-grand-formatlaurent-gounellecalmann-levy\/","og_locale":"fr_FR","og_type":"article","og_title":"Le r\u00e9veil - Grand Format Laurent Gounelle Calmann L\u00e9vy - Atypique Concept Store","og_description":"Tom, un jeune ing\u00e9nieur, se retrouve confront\u00e9 dans son pays \u00e0 une situation inqui\u00e9tante qui s\u00e8me la peur dans la population. Dans ce contexte in\u00e9dit,\u2026","og_url":"https:\/\/atypique.brunotarhan.fr\/index.php\/produit\/le-reveil-grand-formatlaurent-gounellecalmann-levy\/","og_site_name":"Atypique Concept Store","twitter_card":"summary_large_image","schema":{"@context":"https:\/\/schema.org","@graph":[{"@type":"WebSite","@id":"https:\/\/atypique.brunotarhan.fr\/#website","url":"https:\/\/atypique.brunotarhan.fr\/","name":"Atypique Concept Store","description":"Just another WordPress site","potentialAction":[{"@type":"SearchAction","target":{"@type":"EntryPoint","urlTemplate":"https:\/\/atypique.brunotarhan.fr\/?s={search_term_string}"},"query-input":"required name=search_term_string"}],"inLanguage":"fr-FR"},{"@type":"ImageObject","@id":"https:\/\/atypique.brunotarhan.fr\/index.php\/produit\/le-reveil-grand-formatlaurent-gounellecalmann-levy\/#primaryimage","inLanguage":"fr-FR","url":"https:\/\/atypique.brunotarhan.fr\/wp-content\/uploads\/2022\/04\/le-reveil.webp","contentUrl":"https:\/\/atypique.brunotarhan.fr\/wp-content\/uploads\/2022\/04\/le-reveil.webp","width":314,"height":500},{"@type":"WebPage","@id":"https:\/\/atypique.brunotarhan.fr\/index.php\/produit\/le-reveil-grand-formatlaurent-gounellecalmann-levy\/#webpage","url":"https:\/\/atypique.brunotarhan.fr\/index.php\/produit\/le-reveil-grand-formatlaurent-gounellecalmann-levy\/","name":"Le r\u00e9veil - Grand Format Laurent Gounelle Calmann L\u00e9vy - Atypique Concept Store","isPartOf":{"@id":"https:\/\/atypique.brunotarhan.fr\/#website"},"primaryImageOfPage":{"@id":"https:\/\/atypique.brunotarhan.fr\/index.php\/produit\/le-reveil-grand-formatlaurent-gounellecalmann-levy\/#primaryimage"},"datePublished":"2022-04-25T22:47:54+00:00","dateModified":"2022-04-25T22:47:54+00:00","breadcrumb":{"@id":"https:\/\/atypique.brunotarhan.fr\/index.php\/produit\/le-reveil-grand-formatlaurent-gounellecalmann-levy\/#breadcrumb"},"inLanguage":"fr-FR","potentialAction":[{"@type":"ReadAction","target":["https:\/\/atypique.brunotarhan.fr\/index.php\/produit\/le-reveil-grand-formatlaurent-gounellecalmann-levy\/"]}]},{"@type":"BreadcrumbList","@id":"https:\/\/atypique.brunotarhan.fr\/index.php\/produit\/le-reveil-grand-formatlaurent-gounellecalmann-levy\/#breadcrumb","itemListElement":[{"@type":"ListItem","position":1,"name":"Accueil","item":"https:\/\/atypique.brunotarhan.fr\/"},{"@type":"ListItem","position":2,"name":""},{"@type":"ListItem","position":3,"name":"Le r\u00e9veil &#8211; Grand Format Laurent Gounelle Calmann L\u00e9vy"}]}]}},"_links":{"self":[{"href":"https:\/\/atypique.brunotarhan.fr\/index.php\/wp-json\/wp\/v2\/product\/16100","targetHints":{"allow":["GET"]}}],"collection":[{"href":"https:\/\/atypique.brunotarhan.fr\/index.php\/wp-json\/wp\/v2\/product"}],"about":[{"href":"https:\/\/atypique.brunotarhan.fr\/index.php\/wp-json\/wp\/v2\/types\/product"}],"replies":[{"embeddable":true,"href":"https:\/\/atypique.brunotarhan.fr\/index.php\/wp-json\/wp\/v2\/comments?post=16100"}],"wp:featuredmedia":[{"embeddable":true,"href":"https:\/\/atypique.brunotarhan.fr\/index.php\/wp-json\/wp\/v2\/media\/15854"}],"wp:attachment":[{"href":"https:\/\/atypique.brunotarhan.fr\/index.php\/wp-json\/wp\/v2\/media?parent=16100"}],"wp:term":[{"taxonomy":"product_cat","embeddable":true,"href":"https:\/\/atypique.brunotarhan.fr\/index.php\/wp-json\/wp\/v2\/product_cat?post=16100"},{"taxonomy":"product_tag","embeddable":true,"href":"https:\/\/atypique.brunotarhan.fr\/index.php\/wp-json\/wp\/v2\/product_tag?post=16100"}],"curies":[{"name":"wp","href":"https:\/\/api.w.org\/{rel}","templated":true}]}}