{"id":16099,"date":"2022-04-25T22:47:54","date_gmt":"2022-04-25T22:47:54","guid":{"rendered":"https:\/\/atypique.brunotarhan.fr\/index.php\/produit\/le-ranch-tome-1-pocheletalon-sauvagechristelle-chatelaudrey-thierry-illustrateurhachette-jeunesse\/"},"modified":"2022-04-25T22:47:54","modified_gmt":"2022-04-25T22:47:54","slug":"le-ranch-tome-1-pocheletalon-sauvagechristelle-chatelaudrey-thierry-illustrateurhachette-jeunesse","status":"publish","type":"product","link":"https:\/\/atypique.brunotarhan.fr\/index.php\/produit\/le-ranch-tome-1-pocheletalon-sauvagechristelle-chatelaudrey-thierry-illustrateurhachette-jeunesse\/","title":{"rendered":"Le ranch Tome 1 &#8211; Poche\nL&#8217;\u00e9talon sauvage\nChristelle Chatel\nAudrey Thierry (Illustrateur)\nHachette jeunesse"},"content":{"rendered":"<p>L\u00e9na a 14 ans et elle poss\u00e8de un don tr\u00e8s particulier. Elle sait communiquer avec les chevaux mieux que personne. Partir au galop, sentir le vent de Camargue balayer son visage, c&#8217;est son quotidien ! Mais lorsqu&#8217;elle perd Zabou, sa jument et complice de toujours, tout s&#8217;effondre. L\u00e9na se promet de ne plus jamais remonter \u00e0 cheval. Jusqu&#8217;\u00e0 cette nuit d&#8217;orage o\u00f9 elle entend un hennissement qui se m\u00eale \u00e0 la pluie, comme un appel.<\/p>\n","protected":false},"excerpt":{"rendered":"<p>L\u00e9na a 14 ans et elle poss\u00e8de un don tr\u00e8s particulier. Elle sait communiquer avec les chevaux mieux que personne. Partir au galop, sentir le vent de\u2026<\/p>\n","protected":false},"featured_media":15853,"comment_status":"open","ping_status":"closed","template":"","meta":[],"product_cat":[93,220],"product_tag":[542,282,541,479,540,539,353],"class_list":["post-16099","product","type-product","status-publish","has-post-thumbnail","hentry","product_cat-librairie","product_cat-livres-enfants","product_tag-audrey-thierry-illustrateur","product_tag-bibliotheque-rose","product_tag-christelle-chatel","product_tag-hachette-jeunesse","product_tag-letalon-sauvage","product_tag-le-ranch-tome-1","product_tag-livre-enfant"],"yoast_head":"<!-- This site is optimized with the Yoast SEO plugin v18.0 - https:\/\/yoast.com\/wordpress\/plugins\/seo\/ -->\n<title>Le ranch Tome 1 - Poche L&#039;\u00e9talon sauvage Christelle Chatel Audrey Thierry (Illustrateur) Hachette jeunesse - Atypique Concept Store<\/title>\n<meta name=\"robots\" content=\"index, follow, max-snippet:-1, max-image-preview:large, max-video-preview:-1\" \/>\n<link rel=\"canonical\" href=\"https:\/\/atypique.brunotarhan.fr\/index.php\/produit\/le-ranch-tome-1-pocheletalon-sauvagechristelle-chatelaudrey-thierry-illustrateurhachette-jeunesse\/\" \/>\n<meta property=\"og:locale\" content=\"fr_FR\" \/>\n<meta property=\"og:type\" content=\"article\" \/>\n<meta property=\"og:title\" content=\"Le ranch Tome 1 - Poche L&#039;\u00e9talon sauvage Christelle Chatel Audrey Thierry (Illustrateur) Hachette jeunesse - Atypique Concept Store\" \/>\n<meta property=\"og:description\" content=\"L\u00e9na a 14 ans et elle poss\u00e8de un don tr\u00e8s particulier. Elle sait communiquer avec les chevaux mieux que personne. Partir au galop, sentir le vent de\u2026\" \/>\n<meta property=\"og:url\" content=\"https:\/\/atypique.brunotarhan.fr\/index.php\/produit\/le-ranch-tome-1-pocheletalon-sauvagechristelle-chatelaudrey-thierry-illustrateurhachette-jeunesse\/\" \/>\n<meta property=\"og:site_name\" content=\"Atypique Concept Store\" \/>\n<meta name=\"twitter:card\" content=\"summary_large_image\" \/>\n<script type=\"application\/ld+json\" class=\"yoast-schema-graph\">{\"@context\":\"https:\/\/schema.org\",\"@graph\":[{\"@type\":\"WebSite\",\"@id\":\"https:\/\/atypique.brunotarhan.fr\/#website\",\"url\":\"https:\/\/atypique.brunotarhan.fr\/\",\"name\":\"Atypique Concept Store\",\"description\":\"Just another WordPress site\",\"potentialAction\":[{\"@type\":\"SearchAction\",\"target\":{\"@type\":\"EntryPoint\",\"urlTemplate\":\"https:\/\/atypique.brunotarhan.fr\/?s={search_term_string}\"},\"query-input\":\"required name=search_term_string\"}],\"inLanguage\":\"fr-FR\"},{\"@type\":\"ImageObject\",\"@id\":\"https:\/\/atypique.brunotarhan.fr\/index.php\/produit\/le-ranch-tome-1-pocheletalon-sauvagechristelle-chatelaudrey-thierry-illustrateurhachette-jeunesse\/#primaryimage\",\"inLanguage\":\"fr-FR\",\"url\":\"https:\/\/atypique.brunotarhan.fr\/wp-content\/uploads\/2022\/04\/le-ranch-t1.webp\",\"contentUrl\":\"https:\/\/atypique.brunotarhan.fr\/wp-content\/uploads\/2022\/04\/le-ranch-t1.webp\",\"width\":351,\"height\":500},{\"@type\":\"WebPage\",\"@id\":\"https:\/\/atypique.brunotarhan.fr\/index.php\/produit\/le-ranch-tome-1-pocheletalon-sauvagechristelle-chatelaudrey-thierry-illustrateurhachette-jeunesse\/#webpage\",\"url\":\"https:\/\/atypique.brunotarhan.fr\/index.php\/produit\/le-ranch-tome-1-pocheletalon-sauvagechristelle-chatelaudrey-thierry-illustrateurhachette-jeunesse\/\",\"name\":\"Le ranch Tome 1 - Poche L'\u00e9talon sauvage Christelle Chatel Audrey Thierry (Illustrateur) Hachette jeunesse - Atypique Concept Store\",\"isPartOf\":{\"@id\":\"https:\/\/atypique.brunotarhan.fr\/#website\"},\"primaryImageOfPage\":{\"@id\":\"https:\/\/atypique.brunotarhan.fr\/index.php\/produit\/le-ranch-tome-1-pocheletalon-sauvagechristelle-chatelaudrey-thierry-illustrateurhachette-jeunesse\/#primaryimage\"},\"datePublished\":\"2022-04-25T22:47:54+00:00\",\"dateModified\":\"2022-04-25T22:47:54+00:00\",\"breadcrumb\":{\"@id\":\"https:\/\/atypique.brunotarhan.fr\/index.php\/produit\/le-ranch-tome-1-pocheletalon-sauvagechristelle-chatelaudrey-thierry-illustrateurhachette-jeunesse\/#breadcrumb\"},\"inLanguage\":\"fr-FR\",\"potentialAction\":[{\"@type\":\"ReadAction\",\"target\":[\"https:\/\/atypique.brunotarhan.fr\/index.php\/produit\/le-ranch-tome-1-pocheletalon-sauvagechristelle-chatelaudrey-thierry-illustrateurhachette-jeunesse\/\"]}]},{\"@type\":\"BreadcrumbList\",\"@id\":\"https:\/\/atypique.brunotarhan.fr\/index.php\/produit\/le-ranch-tome-1-pocheletalon-sauvagechristelle-chatelaudrey-thierry-illustrateurhachette-jeunesse\/#breadcrumb\",\"itemListElement\":[{\"@type\":\"ListItem\",\"position\":1,\"name\":\"Accueil\",\"item\":\"https:\/\/atypique.brunotarhan.fr\/\"},{\"@type\":\"ListItem\",\"position\":2,\"name\":\"\"},{\"@type\":\"ListItem\",\"position\":3,\"name\":\"Le ranch Tome 1 &#8211; Poche L&#8217;\u00e9talon sauvage Christelle Chatel Audrey Thierry (Illustrateur) Hachette jeunesse\"}]}]}<\/script>\n<!-- \/ Yoast SEO plugin. -->","yoast_head_json":{"title":"Le ranch Tome 1 - Poche L'\u00e9talon sauvage Christelle Chatel Audrey Thierry (Illustrateur) Hachette jeunesse - Atypique Concept Store","robots":{"index":"index","follow":"follow","max-snippet":"max-snippet:-1","max-image-preview":"max-image-preview:large","max-video-preview":"max-video-preview:-1"},"canonical":"https:\/\/atypique.brunotarhan.fr\/index.php\/produit\/le-ranch-tome-1-pocheletalon-sauvagechristelle-chatelaudrey-thierry-illustrateurhachette-jeunesse\/","og_locale":"fr_FR","og_type":"article","og_title":"Le ranch Tome 1 - Poche L'\u00e9talon sauvage Christelle Chatel Audrey Thierry (Illustrateur) Hachette jeunesse - Atypique Concept Store","og_description":"L\u00e9na a 14 ans et elle poss\u00e8de un don tr\u00e8s particulier. Elle sait communiquer avec les chevaux mieux que personne. Partir au galop, sentir le vent de\u2026","og_url":"https:\/\/atypique.brunotarhan.fr\/index.php\/produit\/le-ranch-tome-1-pocheletalon-sauvagechristelle-chatelaudrey-thierry-illustrateurhachette-jeunesse\/","og_site_name":"Atypique Concept Store","twitter_card":"summary_large_image","schema":{"@context":"https:\/\/schema.org","@graph":[{"@type":"WebSite","@id":"https:\/\/atypique.brunotarhan.fr\/#website","url":"https:\/\/atypique.brunotarhan.fr\/","name":"Atypique Concept Store","description":"Just another WordPress site","potentialAction":[{"@type":"SearchAction","target":{"@type":"EntryPoint","urlTemplate":"https:\/\/atypique.brunotarhan.fr\/?s={search_term_string}"},"query-input":"required name=search_term_string"}],"inLanguage":"fr-FR"},{"@type":"ImageObject","@id":"https:\/\/atypique.brunotarhan.fr\/index.php\/produit\/le-ranch-tome-1-pocheletalon-sauvagechristelle-chatelaudrey-thierry-illustrateurhachette-jeunesse\/#primaryimage","inLanguage":"fr-FR","url":"https:\/\/atypique.brunotarhan.fr\/wp-content\/uploads\/2022\/04\/le-ranch-t1.webp","contentUrl":"https:\/\/atypique.brunotarhan.fr\/wp-content\/uploads\/2022\/04\/le-ranch-t1.webp","width":351,"height":500},{"@type":"WebPage","@id":"https:\/\/atypique.brunotarhan.fr\/index.php\/produit\/le-ranch-tome-1-pocheletalon-sauvagechristelle-chatelaudrey-thierry-illustrateurhachette-jeunesse\/#webpage","url":"https:\/\/atypique.brunotarhan.fr\/index.php\/produit\/le-ranch-tome-1-pocheletalon-sauvagechristelle-chatelaudrey-thierry-illustrateurhachette-jeunesse\/","name":"Le ranch Tome 1 - Poche L'\u00e9talon sauvage Christelle Chatel Audrey Thierry (Illustrateur) Hachette jeunesse - Atypique Concept Store","isPartOf":{"@id":"https:\/\/atypique.brunotarhan.fr\/#website"},"primaryImageOfPage":{"@id":"https:\/\/atypique.brunotarhan.fr\/index.php\/produit\/le-ranch-tome-1-pocheletalon-sauvagechristelle-chatelaudrey-thierry-illustrateurhachette-jeunesse\/#primaryimage"},"datePublished":"2022-04-25T22:47:54+00:00","dateModified":"2022-04-25T22:47:54+00:00","breadcrumb":{"@id":"https:\/\/atypique.brunotarhan.fr\/index.php\/produit\/le-ranch-tome-1-pocheletalon-sauvagechristelle-chatelaudrey-thierry-illustrateurhachette-jeunesse\/#breadcrumb"},"inLanguage":"fr-FR","potentialAction":[{"@type":"ReadAction","target":["https:\/\/atypique.brunotarhan.fr\/index.php\/produit\/le-ranch-tome-1-pocheletalon-sauvagechristelle-chatelaudrey-thierry-illustrateurhachette-jeunesse\/"]}]},{"@type":"BreadcrumbList","@id":"https:\/\/atypique.brunotarhan.fr\/index.php\/produit\/le-ranch-tome-1-pocheletalon-sauvagechristelle-chatelaudrey-thierry-illustrateurhachette-jeunesse\/#breadcrumb","itemListElement":[{"@type":"ListItem","position":1,"name":"Accueil","item":"https:\/\/atypique.brunotarhan.fr\/"},{"@type":"ListItem","position":2,"name":""},{"@type":"ListItem","position":3,"name":"Le ranch Tome 1 &#8211; Poche L&#8217;\u00e9talon sauvage Christelle Chatel Audrey Thierry (Illustrateur) Hachette jeunesse"}]}]}},"_links":{"self":[{"href":"https:\/\/atypique.brunotarhan.fr\/index.php\/wp-json\/wp\/v2\/product\/16099","targetHints":{"allow":["GET"]}}],"collection":[{"href":"https:\/\/atypique.brunotarhan.fr\/index.php\/wp-json\/wp\/v2\/product"}],"about":[{"href":"https:\/\/atypique.brunotarhan.fr\/index.php\/wp-json\/wp\/v2\/types\/product"}],"replies":[{"embeddable":true,"href":"https:\/\/atypique.brunotarhan.fr\/index.php\/wp-json\/wp\/v2\/comments?post=16099"}],"wp:featuredmedia":[{"embeddable":true,"href":"https:\/\/atypique.brunotarhan.fr\/index.php\/wp-json\/wp\/v2\/media\/15853"}],"wp:attachment":[{"href":"https:\/\/atypique.brunotarhan.fr\/index.php\/wp-json\/wp\/v2\/media?parent=16099"}],"wp:term":[{"taxonomy":"product_cat","embeddable":true,"href":"https:\/\/atypique.brunotarhan.fr\/index.php\/wp-json\/wp\/v2\/product_cat?post=16099"},{"taxonomy":"product_tag","embeddable":true,"href":"https:\/\/atypique.brunotarhan.fr\/index.php\/wp-json\/wp\/v2\/product_tag?post=16099"}],"curies":[{"name":"wp","href":"https:\/\/api.w.org\/{rel}","templated":true}]}}