{"id":16097,"date":"2022-04-25T22:47:53","date_gmt":"2022-04-25T22:47:53","guid":{"rendered":"https:\/\/atypique.brunotarhan.fr\/index.php\/produit\/le-pouvoir-du-moment-present-guide-deveil-spiritueleckhart-tollejai-lu\/"},"modified":"2022-04-25T22:47:53","modified_gmt":"2022-04-25T22:47:53","slug":"le-pouvoir-du-moment-present-guide-deveil-spiritueleckhart-tollejai-lu","status":"publish","type":"product","link":"https:\/\/atypique.brunotarhan.fr\/index.php\/produit\/le-pouvoir-du-moment-present-guide-deveil-spiritueleckhart-tollejai-lu\/","title":{"rendered":"Le pouvoir du moment pr\u00e9sent. Guide d&#8217;\u00e9veil spirituel\nEckhart Tolle\nJ&#8217;ai lu"},"content":{"rendered":"<p>Le pouvoir du moment pr\u00e9sent est probablement l&#8217;un des livres les plus importants de notre \u00e9poque. Son enseignement simple et n\u00e9anmoins profond a aid\u00e9 des millions de gens \u00e0 travers le monde \u00e0 trouver la paix int\u00e9rieure et \u00e0 se sentir plus \u00e9panouis dans leur vie. Au coeur de cet enseignement se trouve la transformation de la conscience : en vivant dans l&#8217;instant pr\u00e9sent, nous transcendons notre ego et acc\u00e9dons \u00e0 &#8221; un \u00e9tat de gr\u00e2ce, de l\u00e9g\u00e8ret\u00e9 et de bien-\u00eatre &#8220;. Ce livre a le pouvoir de m\u00e9tamorphoser votre vie par une exp\u00e9rience unique.<\/p>\n","protected":false},"excerpt":{"rendered":"<p>Le pouvoir du moment pr\u00e9sent est probablement l&#8217;un des livres les plus importants de notre \u00e9poque. Son enseignement simple et n\u00e9anmoins profond a aid\u00e9\u2026<\/p>\n","protected":false},"featured_media":15851,"comment_status":"open","ping_status":"closed","template":"","meta":[],"product_cat":[93,294],"product_tag":[536,535,249,534],"class_list":["post-16097","product","type-product","status-publish","has-post-thumbnail","hentry","product_cat-librairie","product_cat-vie-pratique","product_tag-bien-etre","product_tag-eckhart-tolle","product_tag-jai-lu","product_tag-le-pouvoir-du-moment-present-guide-deveil-spirituel"],"yoast_head":"<!-- This site is optimized with the Yoast SEO plugin v18.0 - https:\/\/yoast.com\/wordpress\/plugins\/seo\/ -->\n<title>Le pouvoir du moment pr\u00e9sent. Guide d&#039;\u00e9veil spirituel Eckhart Tolle J&#039;ai lu - Atypique Concept Store<\/title>\n<meta name=\"robots\" content=\"index, follow, max-snippet:-1, max-image-preview:large, max-video-preview:-1\" \/>\n<link rel=\"canonical\" href=\"https:\/\/atypique.brunotarhan.fr\/index.php\/produit\/le-pouvoir-du-moment-present-guide-deveil-spiritueleckhart-tollejai-lu\/\" \/>\n<meta property=\"og:locale\" content=\"fr_FR\" \/>\n<meta property=\"og:type\" content=\"article\" \/>\n<meta property=\"og:title\" content=\"Le pouvoir du moment pr\u00e9sent. Guide d&#039;\u00e9veil spirituel Eckhart Tolle J&#039;ai lu - Atypique Concept Store\" \/>\n<meta property=\"og:description\" content=\"Le pouvoir du moment pr\u00e9sent est probablement l&#039;un des livres les plus importants de notre \u00e9poque. Son enseignement simple et n\u00e9anmoins profond a aid\u00e9\u2026\" \/>\n<meta property=\"og:url\" content=\"https:\/\/atypique.brunotarhan.fr\/index.php\/produit\/le-pouvoir-du-moment-present-guide-deveil-spiritueleckhart-tollejai-lu\/\" \/>\n<meta property=\"og:site_name\" content=\"Atypique Concept Store\" \/>\n<meta name=\"twitter:card\" content=\"summary_large_image\" \/>\n<script type=\"application\/ld+json\" class=\"yoast-schema-graph\">{\"@context\":\"https:\/\/schema.org\",\"@graph\":[{\"@type\":\"WebSite\",\"@id\":\"https:\/\/atypique.brunotarhan.fr\/#website\",\"url\":\"https:\/\/atypique.brunotarhan.fr\/\",\"name\":\"Atypique Concept Store\",\"description\":\"Just another WordPress site\",\"potentialAction\":[{\"@type\":\"SearchAction\",\"target\":{\"@type\":\"EntryPoint\",\"urlTemplate\":\"https:\/\/atypique.brunotarhan.fr\/?s={search_term_string}\"},\"query-input\":\"required name=search_term_string\"}],\"inLanguage\":\"fr-FR\"},{\"@type\":\"ImageObject\",\"@id\":\"https:\/\/atypique.brunotarhan.fr\/index.php\/produit\/le-pouvoir-du-moment-present-guide-deveil-spiritueleckhart-tollejai-lu\/#primaryimage\",\"inLanguage\":\"fr-FR\",\"url\":\"https:\/\/atypique.brunotarhan.fr\/wp-content\/uploads\/2022\/04\/le-pouvoir-du-moment-present.webp\",\"contentUrl\":\"https:\/\/atypique.brunotarhan.fr\/wp-content\/uploads\/2022\/04\/le-pouvoir-du-moment-present.webp\",\"width\":309,\"height\":500},{\"@type\":\"WebPage\",\"@id\":\"https:\/\/atypique.brunotarhan.fr\/index.php\/produit\/le-pouvoir-du-moment-present-guide-deveil-spiritueleckhart-tollejai-lu\/#webpage\",\"url\":\"https:\/\/atypique.brunotarhan.fr\/index.php\/produit\/le-pouvoir-du-moment-present-guide-deveil-spiritueleckhart-tollejai-lu\/\",\"name\":\"Le pouvoir du moment pr\u00e9sent. Guide d'\u00e9veil spirituel Eckhart Tolle J'ai lu - Atypique Concept Store\",\"isPartOf\":{\"@id\":\"https:\/\/atypique.brunotarhan.fr\/#website\"},\"primaryImageOfPage\":{\"@id\":\"https:\/\/atypique.brunotarhan.fr\/index.php\/produit\/le-pouvoir-du-moment-present-guide-deveil-spiritueleckhart-tollejai-lu\/#primaryimage\"},\"datePublished\":\"2022-04-25T22:47:53+00:00\",\"dateModified\":\"2022-04-25T22:47:53+00:00\",\"breadcrumb\":{\"@id\":\"https:\/\/atypique.brunotarhan.fr\/index.php\/produit\/le-pouvoir-du-moment-present-guide-deveil-spiritueleckhart-tollejai-lu\/#breadcrumb\"},\"inLanguage\":\"fr-FR\",\"potentialAction\":[{\"@type\":\"ReadAction\",\"target\":[\"https:\/\/atypique.brunotarhan.fr\/index.php\/produit\/le-pouvoir-du-moment-present-guide-deveil-spiritueleckhart-tollejai-lu\/\"]}]},{\"@type\":\"BreadcrumbList\",\"@id\":\"https:\/\/atypique.brunotarhan.fr\/index.php\/produit\/le-pouvoir-du-moment-present-guide-deveil-spiritueleckhart-tollejai-lu\/#breadcrumb\",\"itemListElement\":[{\"@type\":\"ListItem\",\"position\":1,\"name\":\"Accueil\",\"item\":\"https:\/\/atypique.brunotarhan.fr\/\"},{\"@type\":\"ListItem\",\"position\":2,\"name\":\"\"},{\"@type\":\"ListItem\",\"position\":3,\"name\":\"Le pouvoir du moment pr\u00e9sent. Guide d&#8217;\u00e9veil spirituel Eckhart Tolle J&#8217;ai lu\"}]}]}<\/script>\n<!-- \/ Yoast SEO plugin. -->","yoast_head_json":{"title":"Le pouvoir du moment pr\u00e9sent. Guide d'\u00e9veil spirituel Eckhart Tolle J'ai lu - Atypique Concept Store","robots":{"index":"index","follow":"follow","max-snippet":"max-snippet:-1","max-image-preview":"max-image-preview:large","max-video-preview":"max-video-preview:-1"},"canonical":"https:\/\/atypique.brunotarhan.fr\/index.php\/produit\/le-pouvoir-du-moment-present-guide-deveil-spiritueleckhart-tollejai-lu\/","og_locale":"fr_FR","og_type":"article","og_title":"Le pouvoir du moment pr\u00e9sent. Guide d'\u00e9veil spirituel Eckhart Tolle J'ai lu - Atypique Concept Store","og_description":"Le pouvoir du moment pr\u00e9sent est probablement l'un des livres les plus importants de notre \u00e9poque. Son enseignement simple et n\u00e9anmoins profond a aid\u00e9\u2026","og_url":"https:\/\/atypique.brunotarhan.fr\/index.php\/produit\/le-pouvoir-du-moment-present-guide-deveil-spiritueleckhart-tollejai-lu\/","og_site_name":"Atypique Concept Store","twitter_card":"summary_large_image","schema":{"@context":"https:\/\/schema.org","@graph":[{"@type":"WebSite","@id":"https:\/\/atypique.brunotarhan.fr\/#website","url":"https:\/\/atypique.brunotarhan.fr\/","name":"Atypique Concept Store","description":"Just another WordPress site","potentialAction":[{"@type":"SearchAction","target":{"@type":"EntryPoint","urlTemplate":"https:\/\/atypique.brunotarhan.fr\/?s={search_term_string}"},"query-input":"required name=search_term_string"}],"inLanguage":"fr-FR"},{"@type":"ImageObject","@id":"https:\/\/atypique.brunotarhan.fr\/index.php\/produit\/le-pouvoir-du-moment-present-guide-deveil-spiritueleckhart-tollejai-lu\/#primaryimage","inLanguage":"fr-FR","url":"https:\/\/atypique.brunotarhan.fr\/wp-content\/uploads\/2022\/04\/le-pouvoir-du-moment-present.webp","contentUrl":"https:\/\/atypique.brunotarhan.fr\/wp-content\/uploads\/2022\/04\/le-pouvoir-du-moment-present.webp","width":309,"height":500},{"@type":"WebPage","@id":"https:\/\/atypique.brunotarhan.fr\/index.php\/produit\/le-pouvoir-du-moment-present-guide-deveil-spiritueleckhart-tollejai-lu\/#webpage","url":"https:\/\/atypique.brunotarhan.fr\/index.php\/produit\/le-pouvoir-du-moment-present-guide-deveil-spiritueleckhart-tollejai-lu\/","name":"Le pouvoir du moment pr\u00e9sent. Guide d'\u00e9veil spirituel Eckhart Tolle J'ai lu - Atypique Concept Store","isPartOf":{"@id":"https:\/\/atypique.brunotarhan.fr\/#website"},"primaryImageOfPage":{"@id":"https:\/\/atypique.brunotarhan.fr\/index.php\/produit\/le-pouvoir-du-moment-present-guide-deveil-spiritueleckhart-tollejai-lu\/#primaryimage"},"datePublished":"2022-04-25T22:47:53+00:00","dateModified":"2022-04-25T22:47:53+00:00","breadcrumb":{"@id":"https:\/\/atypique.brunotarhan.fr\/index.php\/produit\/le-pouvoir-du-moment-present-guide-deveil-spiritueleckhart-tollejai-lu\/#breadcrumb"},"inLanguage":"fr-FR","potentialAction":[{"@type":"ReadAction","target":["https:\/\/atypique.brunotarhan.fr\/index.php\/produit\/le-pouvoir-du-moment-present-guide-deveil-spiritueleckhart-tollejai-lu\/"]}]},{"@type":"BreadcrumbList","@id":"https:\/\/atypique.brunotarhan.fr\/index.php\/produit\/le-pouvoir-du-moment-present-guide-deveil-spiritueleckhart-tollejai-lu\/#breadcrumb","itemListElement":[{"@type":"ListItem","position":1,"name":"Accueil","item":"https:\/\/atypique.brunotarhan.fr\/"},{"@type":"ListItem","position":2,"name":""},{"@type":"ListItem","position":3,"name":"Le pouvoir du moment pr\u00e9sent. Guide d&#8217;\u00e9veil spirituel Eckhart Tolle J&#8217;ai lu"}]}]}},"_links":{"self":[{"href":"https:\/\/atypique.brunotarhan.fr\/index.php\/wp-json\/wp\/v2\/product\/16097","targetHints":{"allow":["GET"]}}],"collection":[{"href":"https:\/\/atypique.brunotarhan.fr\/index.php\/wp-json\/wp\/v2\/product"}],"about":[{"href":"https:\/\/atypique.brunotarhan.fr\/index.php\/wp-json\/wp\/v2\/types\/product"}],"replies":[{"embeddable":true,"href":"https:\/\/atypique.brunotarhan.fr\/index.php\/wp-json\/wp\/v2\/comments?post=16097"}],"wp:featuredmedia":[{"embeddable":true,"href":"https:\/\/atypique.brunotarhan.fr\/index.php\/wp-json\/wp\/v2\/media\/15851"}],"wp:attachment":[{"href":"https:\/\/atypique.brunotarhan.fr\/index.php\/wp-json\/wp\/v2\/media?parent=16097"}],"wp:term":[{"taxonomy":"product_cat","embeddable":true,"href":"https:\/\/atypique.brunotarhan.fr\/index.php\/wp-json\/wp\/v2\/product_cat?post=16097"},{"taxonomy":"product_tag","embeddable":true,"href":"https:\/\/atypique.brunotarhan.fr\/index.php\/wp-json\/wp\/v2\/product_tag?post=16097"}],"curies":[{"name":"wp","href":"https:\/\/api.w.org\/{rel}","templated":true}]}}