{"id":16096,"date":"2022-04-25T22:47:50","date_gmt":"2022-04-25T22:47:50","guid":{"rendered":"https:\/\/atypique.brunotarhan.fr\/index.php\/produit\/le-petit-garcon-qui-avait-envie-despace-pochejean-gionofrancois-place-illustrateurgallimard-jeunesse\/"},"modified":"2022-04-25T22:47:50","modified_gmt":"2022-04-25T22:47:50","slug":"le-petit-garcon-qui-avait-envie-despace-pochejean-gionofrancois-place-illustrateurgallimard-jeunesse","status":"publish","type":"product","link":"https:\/\/atypique.brunotarhan.fr\/index.php\/produit\/le-petit-garcon-qui-avait-envie-despace-pochejean-gionofrancois-place-illustrateurgallimard-jeunesse\/","title":{"rendered":"Le petit gar\u00e7on qui avait envie d&#8217;espace &#8211; Poche\nJean Giono\nFran\u00e7ois Place (Illustrateur)\nGallimard jeunesse"},"content":{"rendered":"<p>Un petit gar\u00e7on se prom\u00e8ne avec son p\u00e8re, mais les haies qui bordent le chemin l&#8217;emp\u00eachent de voir le paysage. Bien s\u00fbr, il peut atteindre les plus hautes branches des arbres, mais cela ne suffit pas. Le soir venu, ses r\u00eaves le conduisent au pied d&#8217;un arbre. Il grimpe tout en haut puis s&#8217;envole, libre comme un oiseau.<\/p>\n","protected":false},"excerpt":{"rendered":"<p>Un petit gar\u00e7on se prom\u00e8ne avec son p\u00e8re, mais les haies qui bordent le chemin l&#8217;emp\u00eachent de voir le paysage. Bien s\u00fbr, il peut atteindre les plus\u2026<\/p>\n","protected":false},"featured_media":15850,"comment_status":"open","ping_status":"closed","template":"","meta":[],"product_cat":[93,220],"product_tag":[303,302,533,532,353],"class_list":["post-16096","product","type-product","status-publish","has-post-thumbnail","hentry","product_cat-librairie","product_cat-livres-enfants","product_tag-folio-cadet","product_tag-gallimard-jeunesse","product_tag-jean-giono","product_tag-le-petit-garcon-qui-avait-envie-despace","product_tag-livre-enfant"],"yoast_head":"<!-- This site is optimized with the Yoast SEO plugin v18.0 - https:\/\/yoast.com\/wordpress\/plugins\/seo\/ -->\n<title>Le petit gar\u00e7on qui avait envie d&#039;espace - Poche Jean Giono Fran\u00e7ois Place (Illustrateur) Gallimard jeunesse - Atypique Concept Store<\/title>\n<meta name=\"robots\" content=\"index, follow, max-snippet:-1, max-image-preview:large, max-video-preview:-1\" \/>\n<link rel=\"canonical\" href=\"https:\/\/atypique.brunotarhan.fr\/index.php\/produit\/le-petit-garcon-qui-avait-envie-despace-pochejean-gionofrancois-place-illustrateurgallimard-jeunesse\/\" \/>\n<meta property=\"og:locale\" content=\"fr_FR\" \/>\n<meta property=\"og:type\" content=\"article\" \/>\n<meta property=\"og:title\" content=\"Le petit gar\u00e7on qui avait envie d&#039;espace - Poche Jean Giono Fran\u00e7ois Place (Illustrateur) Gallimard jeunesse - Atypique Concept Store\" \/>\n<meta property=\"og:description\" content=\"Un petit gar\u00e7on se prom\u00e8ne avec son p\u00e8re, mais les haies qui bordent le chemin l&#039;emp\u00eachent de voir le paysage. Bien s\u00fbr, il peut atteindre les plus\u2026\" \/>\n<meta property=\"og:url\" content=\"https:\/\/atypique.brunotarhan.fr\/index.php\/produit\/le-petit-garcon-qui-avait-envie-despace-pochejean-gionofrancois-place-illustrateurgallimard-jeunesse\/\" \/>\n<meta property=\"og:site_name\" content=\"Atypique Concept Store\" \/>\n<meta name=\"twitter:card\" content=\"summary_large_image\" \/>\n<script type=\"application\/ld+json\" class=\"yoast-schema-graph\">{\"@context\":\"https:\/\/schema.org\",\"@graph\":[{\"@type\":\"WebSite\",\"@id\":\"https:\/\/atypique.brunotarhan.fr\/#website\",\"url\":\"https:\/\/atypique.brunotarhan.fr\/\",\"name\":\"Atypique Concept Store\",\"description\":\"Just another WordPress site\",\"potentialAction\":[{\"@type\":\"SearchAction\",\"target\":{\"@type\":\"EntryPoint\",\"urlTemplate\":\"https:\/\/atypique.brunotarhan.fr\/?s={search_term_string}\"},\"query-input\":\"required name=search_term_string\"}],\"inLanguage\":\"fr-FR\"},{\"@type\":\"ImageObject\",\"@id\":\"https:\/\/atypique.brunotarhan.fr\/index.php\/produit\/le-petit-garcon-qui-avait-envie-despace-pochejean-gionofrancois-place-illustrateurgallimard-jeunesse\/#primaryimage\",\"inLanguage\":\"fr-FR\",\"url\":\"https:\/\/atypique.brunotarhan.fr\/wp-content\/uploads\/2022\/04\/le-petit-garcon-qui-avait-envie-d-espace.webp\",\"contentUrl\":\"https:\/\/atypique.brunotarhan.fr\/wp-content\/uploads\/2022\/04\/le-petit-garcon-qui-avait-envie-d-espace.webp\",\"width\":335,\"height\":500},{\"@type\":\"WebPage\",\"@id\":\"https:\/\/atypique.brunotarhan.fr\/index.php\/produit\/le-petit-garcon-qui-avait-envie-despace-pochejean-gionofrancois-place-illustrateurgallimard-jeunesse\/#webpage\",\"url\":\"https:\/\/atypique.brunotarhan.fr\/index.php\/produit\/le-petit-garcon-qui-avait-envie-despace-pochejean-gionofrancois-place-illustrateurgallimard-jeunesse\/\",\"name\":\"Le petit gar\u00e7on qui avait envie d'espace - Poche Jean Giono Fran\u00e7ois Place (Illustrateur) Gallimard jeunesse - Atypique Concept Store\",\"isPartOf\":{\"@id\":\"https:\/\/atypique.brunotarhan.fr\/#website\"},\"primaryImageOfPage\":{\"@id\":\"https:\/\/atypique.brunotarhan.fr\/index.php\/produit\/le-petit-garcon-qui-avait-envie-despace-pochejean-gionofrancois-place-illustrateurgallimard-jeunesse\/#primaryimage\"},\"datePublished\":\"2022-04-25T22:47:50+00:00\",\"dateModified\":\"2022-04-25T22:47:50+00:00\",\"breadcrumb\":{\"@id\":\"https:\/\/atypique.brunotarhan.fr\/index.php\/produit\/le-petit-garcon-qui-avait-envie-despace-pochejean-gionofrancois-place-illustrateurgallimard-jeunesse\/#breadcrumb\"},\"inLanguage\":\"fr-FR\",\"potentialAction\":[{\"@type\":\"ReadAction\",\"target\":[\"https:\/\/atypique.brunotarhan.fr\/index.php\/produit\/le-petit-garcon-qui-avait-envie-despace-pochejean-gionofrancois-place-illustrateurgallimard-jeunesse\/\"]}]},{\"@type\":\"BreadcrumbList\",\"@id\":\"https:\/\/atypique.brunotarhan.fr\/index.php\/produit\/le-petit-garcon-qui-avait-envie-despace-pochejean-gionofrancois-place-illustrateurgallimard-jeunesse\/#breadcrumb\",\"itemListElement\":[{\"@type\":\"ListItem\",\"position\":1,\"name\":\"Accueil\",\"item\":\"https:\/\/atypique.brunotarhan.fr\/\"},{\"@type\":\"ListItem\",\"position\":2,\"name\":\"\"},{\"@type\":\"ListItem\",\"position\":3,\"name\":\"Le petit gar\u00e7on qui avait envie d&#8217;espace &#8211; Poche Jean Giono Fran\u00e7ois Place (Illustrateur) Gallimard jeunesse\"}]}]}<\/script>\n<!-- \/ Yoast SEO plugin. -->","yoast_head_json":{"title":"Le petit gar\u00e7on qui avait envie d'espace - Poche Jean Giono Fran\u00e7ois Place (Illustrateur) Gallimard jeunesse - Atypique Concept Store","robots":{"index":"index","follow":"follow","max-snippet":"max-snippet:-1","max-image-preview":"max-image-preview:large","max-video-preview":"max-video-preview:-1"},"canonical":"https:\/\/atypique.brunotarhan.fr\/index.php\/produit\/le-petit-garcon-qui-avait-envie-despace-pochejean-gionofrancois-place-illustrateurgallimard-jeunesse\/","og_locale":"fr_FR","og_type":"article","og_title":"Le petit gar\u00e7on qui avait envie d'espace - Poche Jean Giono Fran\u00e7ois Place (Illustrateur) Gallimard jeunesse - Atypique Concept Store","og_description":"Un petit gar\u00e7on se prom\u00e8ne avec son p\u00e8re, mais les haies qui bordent le chemin l'emp\u00eachent de voir le paysage. Bien s\u00fbr, il peut atteindre les plus\u2026","og_url":"https:\/\/atypique.brunotarhan.fr\/index.php\/produit\/le-petit-garcon-qui-avait-envie-despace-pochejean-gionofrancois-place-illustrateurgallimard-jeunesse\/","og_site_name":"Atypique Concept Store","twitter_card":"summary_large_image","schema":{"@context":"https:\/\/schema.org","@graph":[{"@type":"WebSite","@id":"https:\/\/atypique.brunotarhan.fr\/#website","url":"https:\/\/atypique.brunotarhan.fr\/","name":"Atypique Concept Store","description":"Just another WordPress site","potentialAction":[{"@type":"SearchAction","target":{"@type":"EntryPoint","urlTemplate":"https:\/\/atypique.brunotarhan.fr\/?s={search_term_string}"},"query-input":"required name=search_term_string"}],"inLanguage":"fr-FR"},{"@type":"ImageObject","@id":"https:\/\/atypique.brunotarhan.fr\/index.php\/produit\/le-petit-garcon-qui-avait-envie-despace-pochejean-gionofrancois-place-illustrateurgallimard-jeunesse\/#primaryimage","inLanguage":"fr-FR","url":"https:\/\/atypique.brunotarhan.fr\/wp-content\/uploads\/2022\/04\/le-petit-garcon-qui-avait-envie-d-espace.webp","contentUrl":"https:\/\/atypique.brunotarhan.fr\/wp-content\/uploads\/2022\/04\/le-petit-garcon-qui-avait-envie-d-espace.webp","width":335,"height":500},{"@type":"WebPage","@id":"https:\/\/atypique.brunotarhan.fr\/index.php\/produit\/le-petit-garcon-qui-avait-envie-despace-pochejean-gionofrancois-place-illustrateurgallimard-jeunesse\/#webpage","url":"https:\/\/atypique.brunotarhan.fr\/index.php\/produit\/le-petit-garcon-qui-avait-envie-despace-pochejean-gionofrancois-place-illustrateurgallimard-jeunesse\/","name":"Le petit gar\u00e7on qui avait envie d'espace - Poche Jean Giono Fran\u00e7ois Place (Illustrateur) Gallimard jeunesse - Atypique Concept Store","isPartOf":{"@id":"https:\/\/atypique.brunotarhan.fr\/#website"},"primaryImageOfPage":{"@id":"https:\/\/atypique.brunotarhan.fr\/index.php\/produit\/le-petit-garcon-qui-avait-envie-despace-pochejean-gionofrancois-place-illustrateurgallimard-jeunesse\/#primaryimage"},"datePublished":"2022-04-25T22:47:50+00:00","dateModified":"2022-04-25T22:47:50+00:00","breadcrumb":{"@id":"https:\/\/atypique.brunotarhan.fr\/index.php\/produit\/le-petit-garcon-qui-avait-envie-despace-pochejean-gionofrancois-place-illustrateurgallimard-jeunesse\/#breadcrumb"},"inLanguage":"fr-FR","potentialAction":[{"@type":"ReadAction","target":["https:\/\/atypique.brunotarhan.fr\/index.php\/produit\/le-petit-garcon-qui-avait-envie-despace-pochejean-gionofrancois-place-illustrateurgallimard-jeunesse\/"]}]},{"@type":"BreadcrumbList","@id":"https:\/\/atypique.brunotarhan.fr\/index.php\/produit\/le-petit-garcon-qui-avait-envie-despace-pochejean-gionofrancois-place-illustrateurgallimard-jeunesse\/#breadcrumb","itemListElement":[{"@type":"ListItem","position":1,"name":"Accueil","item":"https:\/\/atypique.brunotarhan.fr\/"},{"@type":"ListItem","position":2,"name":""},{"@type":"ListItem","position":3,"name":"Le petit gar\u00e7on qui avait envie d&#8217;espace &#8211; Poche Jean Giono Fran\u00e7ois Place (Illustrateur) Gallimard jeunesse"}]}]}},"_links":{"self":[{"href":"https:\/\/atypique.brunotarhan.fr\/index.php\/wp-json\/wp\/v2\/product\/16096","targetHints":{"allow":["GET"]}}],"collection":[{"href":"https:\/\/atypique.brunotarhan.fr\/index.php\/wp-json\/wp\/v2\/product"}],"about":[{"href":"https:\/\/atypique.brunotarhan.fr\/index.php\/wp-json\/wp\/v2\/types\/product"}],"replies":[{"embeddable":true,"href":"https:\/\/atypique.brunotarhan.fr\/index.php\/wp-json\/wp\/v2\/comments?post=16096"}],"wp:featuredmedia":[{"embeddable":true,"href":"https:\/\/atypique.brunotarhan.fr\/index.php\/wp-json\/wp\/v2\/media\/15850"}],"wp:attachment":[{"href":"https:\/\/atypique.brunotarhan.fr\/index.php\/wp-json\/wp\/v2\/media?parent=16096"}],"wp:term":[{"taxonomy":"product_cat","embeddable":true,"href":"https:\/\/atypique.brunotarhan.fr\/index.php\/wp-json\/wp\/v2\/product_cat?post=16096"},{"taxonomy":"product_tag","embeddable":true,"href":"https:\/\/atypique.brunotarhan.fr\/index.php\/wp-json\/wp\/v2\/product_tag?post=16096"}],"curies":[{"name":"wp","href":"https:\/\/api.w.org\/{rel}","templated":true}]}}