{"id":16095,"date":"2022-04-25T22:47:49","date_gmt":"2022-04-25T22:47:49","guid":{"rendered":"https:\/\/atypique.brunotarhan.fr\/index.php\/produit\/le-parapluie-de-la-discorde-pochesylvie-baronjai-lu\/"},"modified":"2022-04-25T22:47:49","modified_gmt":"2022-04-25T22:47:49","slug":"le-parapluie-de-la-discorde-pochesylvie-baronjai-lu","status":"publish","type":"product","link":"https:\/\/atypique.brunotarhan.fr\/index.php\/produit\/le-parapluie-de-la-discorde-pochesylvie-baronjai-lu\/","title":{"rendered":"Le parapluie de la discorde &#8211; Poche\nSylvie Baron\nJ&#8217;ai lu"},"content":{"rendered":"<p>A Vic-sur-C\u00e8re, dans le Cantal, la villa M\u00e9dard en impose par son \u00e9l\u00e9gance, ses secrets bien gard\u00e9s, ses vies forg\u00e9es autour de l&#8217;industrie du parapluie et&#8230; d&#8217;une femme d&#8217;affaires exceptionnelle au temp\u00e9rament violent, H\u00e9l\u00e8ne Vitarelle. Son assassinat est un coup de tonnerre. Tout accuse son gendre, Jacques Naucelle, mais la seule \u00e0 \u00eatre persuad\u00e9e de son innocence est sa ma\u00eetresse, Nina. La jeune femme ne voit qu&#8217;une personne capable de faire \u00e9clater la v\u00e9rit\u00e9 : sa tante Jos\u00e9fa, qui se laisse convaincre d&#8217;entrer au service de la famille Vitarelle pour mener sa propre enqu\u00eate.<br \/>\nFine mouche sous ses rondeurs avenantes, Jos\u00e9fa va mettre \u00e0 nu les rouages d&#8217;une diabolique machination !<\/p>\n","protected":false},"excerpt":{"rendered":"<p>A Vic-sur-C\u00e8re, dans le Cantal, la villa M\u00e9dard en impose par son \u00e9l\u00e9gance, ses secrets bien gard\u00e9s, ses vies forg\u00e9es autour de l&#8217;industrie du parapluie\u2026<\/p>\n","protected":false},"featured_media":15849,"comment_status":"open","ping_status":"closed","template":"","meta":[],"product_cat":[93,204],"product_tag":[249,530,183,263,264,531],"class_list":["post-16095","product","type-product","status-publish","has-post-thumbnail","hentry","product_cat-librairie","product_cat-polars-thrillers","product_tag-jai-lu","product_tag-le-parapluie-de-la-discorde","product_tag-poche","product_tag-polar","product_tag-policier","product_tag-sylvie-baron"],"yoast_head":"<!-- This site is optimized with the Yoast SEO plugin v18.0 - https:\/\/yoast.com\/wordpress\/plugins\/seo\/ -->\n<title>Le parapluie de la discorde - Poche Sylvie Baron J&#039;ai lu - Atypique Concept Store<\/title>\n<meta name=\"robots\" content=\"index, follow, max-snippet:-1, max-image-preview:large, max-video-preview:-1\" \/>\n<link rel=\"canonical\" href=\"https:\/\/atypique.brunotarhan.fr\/index.php\/produit\/le-parapluie-de-la-discorde-pochesylvie-baronjai-lu\/\" \/>\n<meta property=\"og:locale\" content=\"fr_FR\" \/>\n<meta property=\"og:type\" content=\"article\" \/>\n<meta property=\"og:title\" content=\"Le parapluie de la discorde - Poche Sylvie Baron J&#039;ai lu - Atypique Concept Store\" \/>\n<meta property=\"og:description\" content=\"A Vic-sur-C\u00e8re, dans le Cantal, la villa M\u00e9dard en impose par son \u00e9l\u00e9gance, ses secrets bien gard\u00e9s, ses vies forg\u00e9es autour de l&#039;industrie du parapluie\u2026\" \/>\n<meta property=\"og:url\" content=\"https:\/\/atypique.brunotarhan.fr\/index.php\/produit\/le-parapluie-de-la-discorde-pochesylvie-baronjai-lu\/\" \/>\n<meta property=\"og:site_name\" content=\"Atypique Concept Store\" \/>\n<meta name=\"twitter:card\" content=\"summary_large_image\" \/>\n<meta name=\"twitter:label1\" content=\"Dur\u00e9e de lecture estim\u00e9e\" \/>\n\t<meta name=\"twitter:data1\" content=\"1 minute\" \/>\n<script type=\"application\/ld+json\" class=\"yoast-schema-graph\">{\"@context\":\"https:\/\/schema.org\",\"@graph\":[{\"@type\":\"WebSite\",\"@id\":\"https:\/\/atypique.brunotarhan.fr\/#website\",\"url\":\"https:\/\/atypique.brunotarhan.fr\/\",\"name\":\"Atypique Concept Store\",\"description\":\"Just another WordPress site\",\"potentialAction\":[{\"@type\":\"SearchAction\",\"target\":{\"@type\":\"EntryPoint\",\"urlTemplate\":\"https:\/\/atypique.brunotarhan.fr\/?s={search_term_string}\"},\"query-input\":\"required name=search_term_string\"}],\"inLanguage\":\"fr-FR\"},{\"@type\":\"ImageObject\",\"@id\":\"https:\/\/atypique.brunotarhan.fr\/index.php\/produit\/le-parapluie-de-la-discorde-pochesylvie-baronjai-lu\/#primaryimage\",\"inLanguage\":\"fr-FR\",\"url\":\"https:\/\/atypique.brunotarhan.fr\/wp-content\/uploads\/2022\/04\/le-parapluie-de-la-discorde.webp\",\"contentUrl\":\"https:\/\/atypique.brunotarhan.fr\/wp-content\/uploads\/2022\/04\/le-parapluie-de-la-discorde.webp\",\"width\":309,\"height\":500},{\"@type\":\"WebPage\",\"@id\":\"https:\/\/atypique.brunotarhan.fr\/index.php\/produit\/le-parapluie-de-la-discorde-pochesylvie-baronjai-lu\/#webpage\",\"url\":\"https:\/\/atypique.brunotarhan.fr\/index.php\/produit\/le-parapluie-de-la-discorde-pochesylvie-baronjai-lu\/\",\"name\":\"Le parapluie de la discorde - Poche Sylvie Baron J'ai lu - Atypique Concept Store\",\"isPartOf\":{\"@id\":\"https:\/\/atypique.brunotarhan.fr\/#website\"},\"primaryImageOfPage\":{\"@id\":\"https:\/\/atypique.brunotarhan.fr\/index.php\/produit\/le-parapluie-de-la-discorde-pochesylvie-baronjai-lu\/#primaryimage\"},\"datePublished\":\"2022-04-25T22:47:49+00:00\",\"dateModified\":\"2022-04-25T22:47:49+00:00\",\"breadcrumb\":{\"@id\":\"https:\/\/atypique.brunotarhan.fr\/index.php\/produit\/le-parapluie-de-la-discorde-pochesylvie-baronjai-lu\/#breadcrumb\"},\"inLanguage\":\"fr-FR\",\"potentialAction\":[{\"@type\":\"ReadAction\",\"target\":[\"https:\/\/atypique.brunotarhan.fr\/index.php\/produit\/le-parapluie-de-la-discorde-pochesylvie-baronjai-lu\/\"]}]},{\"@type\":\"BreadcrumbList\",\"@id\":\"https:\/\/atypique.brunotarhan.fr\/index.php\/produit\/le-parapluie-de-la-discorde-pochesylvie-baronjai-lu\/#breadcrumb\",\"itemListElement\":[{\"@type\":\"ListItem\",\"position\":1,\"name\":\"Accueil\",\"item\":\"https:\/\/atypique.brunotarhan.fr\/\"},{\"@type\":\"ListItem\",\"position\":2,\"name\":\"\"},{\"@type\":\"ListItem\",\"position\":3,\"name\":\"Le parapluie de la discorde &#8211; Poche Sylvie Baron J&#8217;ai lu\"}]}]}<\/script>\n<!-- \/ Yoast SEO plugin. -->","yoast_head_json":{"title":"Le parapluie de la discorde - Poche Sylvie Baron J'ai lu - Atypique Concept Store","robots":{"index":"index","follow":"follow","max-snippet":"max-snippet:-1","max-image-preview":"max-image-preview:large","max-video-preview":"max-video-preview:-1"},"canonical":"https:\/\/atypique.brunotarhan.fr\/index.php\/produit\/le-parapluie-de-la-discorde-pochesylvie-baronjai-lu\/","og_locale":"fr_FR","og_type":"article","og_title":"Le parapluie de la discorde - Poche Sylvie Baron J'ai lu - Atypique Concept Store","og_description":"A Vic-sur-C\u00e8re, dans le Cantal, la villa M\u00e9dard en impose par son \u00e9l\u00e9gance, ses secrets bien gard\u00e9s, ses vies forg\u00e9es autour de l'industrie du parapluie\u2026","og_url":"https:\/\/atypique.brunotarhan.fr\/index.php\/produit\/le-parapluie-de-la-discorde-pochesylvie-baronjai-lu\/","og_site_name":"Atypique Concept Store","twitter_card":"summary_large_image","twitter_misc":{"Dur\u00e9e de lecture estim\u00e9e":"1 minute"},"schema":{"@context":"https:\/\/schema.org","@graph":[{"@type":"WebSite","@id":"https:\/\/atypique.brunotarhan.fr\/#website","url":"https:\/\/atypique.brunotarhan.fr\/","name":"Atypique Concept Store","description":"Just another WordPress site","potentialAction":[{"@type":"SearchAction","target":{"@type":"EntryPoint","urlTemplate":"https:\/\/atypique.brunotarhan.fr\/?s={search_term_string}"},"query-input":"required name=search_term_string"}],"inLanguage":"fr-FR"},{"@type":"ImageObject","@id":"https:\/\/atypique.brunotarhan.fr\/index.php\/produit\/le-parapluie-de-la-discorde-pochesylvie-baronjai-lu\/#primaryimage","inLanguage":"fr-FR","url":"https:\/\/atypique.brunotarhan.fr\/wp-content\/uploads\/2022\/04\/le-parapluie-de-la-discorde.webp","contentUrl":"https:\/\/atypique.brunotarhan.fr\/wp-content\/uploads\/2022\/04\/le-parapluie-de-la-discorde.webp","width":309,"height":500},{"@type":"WebPage","@id":"https:\/\/atypique.brunotarhan.fr\/index.php\/produit\/le-parapluie-de-la-discorde-pochesylvie-baronjai-lu\/#webpage","url":"https:\/\/atypique.brunotarhan.fr\/index.php\/produit\/le-parapluie-de-la-discorde-pochesylvie-baronjai-lu\/","name":"Le parapluie de la discorde - Poche Sylvie Baron J'ai lu - Atypique Concept Store","isPartOf":{"@id":"https:\/\/atypique.brunotarhan.fr\/#website"},"primaryImageOfPage":{"@id":"https:\/\/atypique.brunotarhan.fr\/index.php\/produit\/le-parapluie-de-la-discorde-pochesylvie-baronjai-lu\/#primaryimage"},"datePublished":"2022-04-25T22:47:49+00:00","dateModified":"2022-04-25T22:47:49+00:00","breadcrumb":{"@id":"https:\/\/atypique.brunotarhan.fr\/index.php\/produit\/le-parapluie-de-la-discorde-pochesylvie-baronjai-lu\/#breadcrumb"},"inLanguage":"fr-FR","potentialAction":[{"@type":"ReadAction","target":["https:\/\/atypique.brunotarhan.fr\/index.php\/produit\/le-parapluie-de-la-discorde-pochesylvie-baronjai-lu\/"]}]},{"@type":"BreadcrumbList","@id":"https:\/\/atypique.brunotarhan.fr\/index.php\/produit\/le-parapluie-de-la-discorde-pochesylvie-baronjai-lu\/#breadcrumb","itemListElement":[{"@type":"ListItem","position":1,"name":"Accueil","item":"https:\/\/atypique.brunotarhan.fr\/"},{"@type":"ListItem","position":2,"name":""},{"@type":"ListItem","position":3,"name":"Le parapluie de la discorde &#8211; Poche Sylvie Baron J&#8217;ai lu"}]}]}},"_links":{"self":[{"href":"https:\/\/atypique.brunotarhan.fr\/index.php\/wp-json\/wp\/v2\/product\/16095","targetHints":{"allow":["GET"]}}],"collection":[{"href":"https:\/\/atypique.brunotarhan.fr\/index.php\/wp-json\/wp\/v2\/product"}],"about":[{"href":"https:\/\/atypique.brunotarhan.fr\/index.php\/wp-json\/wp\/v2\/types\/product"}],"replies":[{"embeddable":true,"href":"https:\/\/atypique.brunotarhan.fr\/index.php\/wp-json\/wp\/v2\/comments?post=16095"}],"wp:featuredmedia":[{"embeddable":true,"href":"https:\/\/atypique.brunotarhan.fr\/index.php\/wp-json\/wp\/v2\/media\/15849"}],"wp:attachment":[{"href":"https:\/\/atypique.brunotarhan.fr\/index.php\/wp-json\/wp\/v2\/media?parent=16095"}],"wp:term":[{"taxonomy":"product_cat","embeddable":true,"href":"https:\/\/atypique.brunotarhan.fr\/index.php\/wp-json\/wp\/v2\/product_cat?post=16095"},{"taxonomy":"product_tag","embeddable":true,"href":"https:\/\/atypique.brunotarhan.fr\/index.php\/wp-json\/wp\/v2\/product_tag?post=16095"}],"curies":[{"name":"wp","href":"https:\/\/api.w.org\/{rel}","templated":true}]}}