{"id":16094,"date":"2022-04-25T22:47:49","date_gmt":"2022-04-25T22:47:49","guid":{"rendered":"https:\/\/atypique.brunotarhan.fr\/index.php\/produit\/lenigme-de-la-chambre-622-pochejoel-dickerrosie-wolfe\/"},"modified":"2022-04-25T22:47:49","modified_gmt":"2022-04-25T22:47:49","slug":"lenigme-de-la-chambre-622-pochejoel-dickerrosie-wolfe","status":"publish","type":"product","link":"https:\/\/atypique.brunotarhan.fr\/index.php\/produit\/lenigme-de-la-chambre-622-pochejoel-dickerrosie-wolfe\/","title":{"rendered":"L&#8217;\u00e9nigme de la chambre 622 &#8211; Poche\nJo\u00ebl Dicker\nRosie &#038; Wolfe"},"content":{"rendered":"<p>Une Suisse pas si tranquille que \u00e7a. Une nuit de d\u00e9cembre, un meurtre a lieu au Palace de Verbier, dans les Alpes suisses. L&#8217;enqu\u00eate de police n&#8217;aboutira jamais. Des ann\u00e9es plus tard, au d\u00e9but de l&#8217;\u00e9t\u00e9 2018, un \u00e9crivain se rend dans ce m\u00eame h\u00f4tel pour y passer des vacances. Il est loin d&#8217;imaginer qu&#8217;il va se retrouver plong\u00e9 dans cette affaire. Que s&#8217;est-il pass\u00e9 dans la chambre 622 du Palace de Verbier ? Avec la pr\u00e9cision d&#8217;un ma\u00eetre horloger suisse, Jo\u00ebl Dicker nous emm\u00e8ne enfin au coeur de sa ville natale au fil de ce roman diabolique et \u00e9poustouflant, sur fond de triangle amoureux, jeux de pouvoir, coups bas, trahisons et jalousies, dans une Suisse pas si tranquille que \u00e7a.<\/p>\n","protected":false},"excerpt":{"rendered":"<p>Une Suisse pas si tranquille que \u00e7a. Une nuit de d\u00e9cembre, un meurtre a lieu au Palace de Verbier, dans les Alpes suisses. L&#8217;enqu\u00eate de police n&#8217;aboutira\u2026<\/p>\n","protected":false},"featured_media":15847,"comment_status":"open","ping_status":"closed","template":"","meta":[],"product_cat":[93,204],"product_tag":[379,524,183,263,264,380],"class_list":["post-16094","product","type-product","status-publish","has-post-thumbnail","hentry","product_cat-librairie","product_cat-polars-thrillers","product_tag-joel-dicker","product_tag-lenigme-de-la-chambre-622","product_tag-poche","product_tag-polar","product_tag-policier","product_tag-rosie-wolfe"],"yoast_head":"<!-- This site is optimized with the Yoast SEO plugin v18.0 - https:\/\/yoast.com\/wordpress\/plugins\/seo\/ -->\n<title>L&#039;\u00e9nigme de la chambre 622 - Poche Jo\u00ebl Dicker Rosie &amp; Wolfe - Atypique Concept Store<\/title>\n<meta name=\"robots\" content=\"index, follow, max-snippet:-1, max-image-preview:large, max-video-preview:-1\" \/>\n<link rel=\"canonical\" href=\"https:\/\/atypique.brunotarhan.fr\/index.php\/produit\/lenigme-de-la-chambre-622-pochejoel-dickerrosie-wolfe\/\" \/>\n<meta property=\"og:locale\" content=\"fr_FR\" \/>\n<meta property=\"og:type\" content=\"article\" \/>\n<meta property=\"og:title\" content=\"L&#039;\u00e9nigme de la chambre 622 - Poche Jo\u00ebl Dicker Rosie &amp; Wolfe - Atypique Concept Store\" \/>\n<meta property=\"og:description\" content=\"Une Suisse pas si tranquille que \u00e7a. Une nuit de d\u00e9cembre, un meurtre a lieu au Palace de Verbier, dans les Alpes suisses. L&#039;enqu\u00eate de police n&#039;aboutira\u2026\" \/>\n<meta property=\"og:url\" content=\"https:\/\/atypique.brunotarhan.fr\/index.php\/produit\/lenigme-de-la-chambre-622-pochejoel-dickerrosie-wolfe\/\" \/>\n<meta property=\"og:site_name\" content=\"Atypique Concept Store\" \/>\n<meta name=\"twitter:card\" content=\"summary_large_image\" \/>\n<meta name=\"twitter:label1\" content=\"Dur\u00e9e de lecture estim\u00e9e\" \/>\n\t<meta name=\"twitter:data1\" content=\"1 minute\" \/>\n<script type=\"application\/ld+json\" class=\"yoast-schema-graph\">{\"@context\":\"https:\/\/schema.org\",\"@graph\":[{\"@type\":\"WebSite\",\"@id\":\"https:\/\/atypique.brunotarhan.fr\/#website\",\"url\":\"https:\/\/atypique.brunotarhan.fr\/\",\"name\":\"Atypique Concept Store\",\"description\":\"Just another WordPress site\",\"potentialAction\":[{\"@type\":\"SearchAction\",\"target\":{\"@type\":\"EntryPoint\",\"urlTemplate\":\"https:\/\/atypique.brunotarhan.fr\/?s={search_term_string}\"},\"query-input\":\"required name=search_term_string\"}],\"inLanguage\":\"fr-FR\"},{\"@type\":\"ImageObject\",\"@id\":\"https:\/\/atypique.brunotarhan.fr\/index.php\/produit\/lenigme-de-la-chambre-622-pochejoel-dickerrosie-wolfe\/#primaryimage\",\"inLanguage\":\"fr-FR\",\"url\":\"https:\/\/atypique.brunotarhan.fr\/wp-content\/uploads\/2022\/04\/l-enigme-de-la-chambre-622.webp\",\"contentUrl\":\"https:\/\/atypique.brunotarhan.fr\/wp-content\/uploads\/2022\/04\/l-enigme-de-la-chambre-622.webp\",\"width\":305,\"height\":500},{\"@type\":\"WebPage\",\"@id\":\"https:\/\/atypique.brunotarhan.fr\/index.php\/produit\/lenigme-de-la-chambre-622-pochejoel-dickerrosie-wolfe\/#webpage\",\"url\":\"https:\/\/atypique.brunotarhan.fr\/index.php\/produit\/lenigme-de-la-chambre-622-pochejoel-dickerrosie-wolfe\/\",\"name\":\"L'\u00e9nigme de la chambre 622 - Poche Jo\u00ebl Dicker Rosie & Wolfe - Atypique Concept Store\",\"isPartOf\":{\"@id\":\"https:\/\/atypique.brunotarhan.fr\/#website\"},\"primaryImageOfPage\":{\"@id\":\"https:\/\/atypique.brunotarhan.fr\/index.php\/produit\/lenigme-de-la-chambre-622-pochejoel-dickerrosie-wolfe\/#primaryimage\"},\"datePublished\":\"2022-04-25T22:47:49+00:00\",\"dateModified\":\"2022-04-25T22:47:49+00:00\",\"breadcrumb\":{\"@id\":\"https:\/\/atypique.brunotarhan.fr\/index.php\/produit\/lenigme-de-la-chambre-622-pochejoel-dickerrosie-wolfe\/#breadcrumb\"},\"inLanguage\":\"fr-FR\",\"potentialAction\":[{\"@type\":\"ReadAction\",\"target\":[\"https:\/\/atypique.brunotarhan.fr\/index.php\/produit\/lenigme-de-la-chambre-622-pochejoel-dickerrosie-wolfe\/\"]}]},{\"@type\":\"BreadcrumbList\",\"@id\":\"https:\/\/atypique.brunotarhan.fr\/index.php\/produit\/lenigme-de-la-chambre-622-pochejoel-dickerrosie-wolfe\/#breadcrumb\",\"itemListElement\":[{\"@type\":\"ListItem\",\"position\":1,\"name\":\"Accueil\",\"item\":\"https:\/\/atypique.brunotarhan.fr\/\"},{\"@type\":\"ListItem\",\"position\":2,\"name\":\"\"},{\"@type\":\"ListItem\",\"position\":3,\"name\":\"L&#8217;\u00e9nigme de la chambre 622 &#8211; Poche Jo\u00ebl Dicker Rosie &#038; Wolfe\"}]}]}<\/script>\n<!-- \/ Yoast SEO plugin. -->","yoast_head_json":{"title":"L'\u00e9nigme de la chambre 622 - Poche Jo\u00ebl Dicker Rosie & Wolfe - Atypique Concept Store","robots":{"index":"index","follow":"follow","max-snippet":"max-snippet:-1","max-image-preview":"max-image-preview:large","max-video-preview":"max-video-preview:-1"},"canonical":"https:\/\/atypique.brunotarhan.fr\/index.php\/produit\/lenigme-de-la-chambre-622-pochejoel-dickerrosie-wolfe\/","og_locale":"fr_FR","og_type":"article","og_title":"L'\u00e9nigme de la chambre 622 - Poche Jo\u00ebl Dicker Rosie & Wolfe - Atypique Concept Store","og_description":"Une Suisse pas si tranquille que \u00e7a. Une nuit de d\u00e9cembre, un meurtre a lieu au Palace de Verbier, dans les Alpes suisses. L'enqu\u00eate de police n'aboutira\u2026","og_url":"https:\/\/atypique.brunotarhan.fr\/index.php\/produit\/lenigme-de-la-chambre-622-pochejoel-dickerrosie-wolfe\/","og_site_name":"Atypique Concept Store","twitter_card":"summary_large_image","twitter_misc":{"Dur\u00e9e de lecture estim\u00e9e":"1 minute"},"schema":{"@context":"https:\/\/schema.org","@graph":[{"@type":"WebSite","@id":"https:\/\/atypique.brunotarhan.fr\/#website","url":"https:\/\/atypique.brunotarhan.fr\/","name":"Atypique Concept Store","description":"Just another WordPress site","potentialAction":[{"@type":"SearchAction","target":{"@type":"EntryPoint","urlTemplate":"https:\/\/atypique.brunotarhan.fr\/?s={search_term_string}"},"query-input":"required name=search_term_string"}],"inLanguage":"fr-FR"},{"@type":"ImageObject","@id":"https:\/\/atypique.brunotarhan.fr\/index.php\/produit\/lenigme-de-la-chambre-622-pochejoel-dickerrosie-wolfe\/#primaryimage","inLanguage":"fr-FR","url":"https:\/\/atypique.brunotarhan.fr\/wp-content\/uploads\/2022\/04\/l-enigme-de-la-chambre-622.webp","contentUrl":"https:\/\/atypique.brunotarhan.fr\/wp-content\/uploads\/2022\/04\/l-enigme-de-la-chambre-622.webp","width":305,"height":500},{"@type":"WebPage","@id":"https:\/\/atypique.brunotarhan.fr\/index.php\/produit\/lenigme-de-la-chambre-622-pochejoel-dickerrosie-wolfe\/#webpage","url":"https:\/\/atypique.brunotarhan.fr\/index.php\/produit\/lenigme-de-la-chambre-622-pochejoel-dickerrosie-wolfe\/","name":"L'\u00e9nigme de la chambre 622 - Poche Jo\u00ebl Dicker Rosie & Wolfe - Atypique Concept Store","isPartOf":{"@id":"https:\/\/atypique.brunotarhan.fr\/#website"},"primaryImageOfPage":{"@id":"https:\/\/atypique.brunotarhan.fr\/index.php\/produit\/lenigme-de-la-chambre-622-pochejoel-dickerrosie-wolfe\/#primaryimage"},"datePublished":"2022-04-25T22:47:49+00:00","dateModified":"2022-04-25T22:47:49+00:00","breadcrumb":{"@id":"https:\/\/atypique.brunotarhan.fr\/index.php\/produit\/lenigme-de-la-chambre-622-pochejoel-dickerrosie-wolfe\/#breadcrumb"},"inLanguage":"fr-FR","potentialAction":[{"@type":"ReadAction","target":["https:\/\/atypique.brunotarhan.fr\/index.php\/produit\/lenigme-de-la-chambre-622-pochejoel-dickerrosie-wolfe\/"]}]},{"@type":"BreadcrumbList","@id":"https:\/\/atypique.brunotarhan.fr\/index.php\/produit\/lenigme-de-la-chambre-622-pochejoel-dickerrosie-wolfe\/#breadcrumb","itemListElement":[{"@type":"ListItem","position":1,"name":"Accueil","item":"https:\/\/atypique.brunotarhan.fr\/"},{"@type":"ListItem","position":2,"name":""},{"@type":"ListItem","position":3,"name":"L&#8217;\u00e9nigme de la chambre 622 &#8211; Poche Jo\u00ebl Dicker Rosie &#038; Wolfe"}]}]}},"_links":{"self":[{"href":"https:\/\/atypique.brunotarhan.fr\/index.php\/wp-json\/wp\/v2\/product\/16094","targetHints":{"allow":["GET"]}}],"collection":[{"href":"https:\/\/atypique.brunotarhan.fr\/index.php\/wp-json\/wp\/v2\/product"}],"about":[{"href":"https:\/\/atypique.brunotarhan.fr\/index.php\/wp-json\/wp\/v2\/types\/product"}],"replies":[{"embeddable":true,"href":"https:\/\/atypique.brunotarhan.fr\/index.php\/wp-json\/wp\/v2\/comments?post=16094"}],"wp:featuredmedia":[{"embeddable":true,"href":"https:\/\/atypique.brunotarhan.fr\/index.php\/wp-json\/wp\/v2\/media\/15847"}],"wp:attachment":[{"href":"https:\/\/atypique.brunotarhan.fr\/index.php\/wp-json\/wp\/v2\/media?parent=16094"}],"wp:term":[{"taxonomy":"product_cat","embeddable":true,"href":"https:\/\/atypique.brunotarhan.fr\/index.php\/wp-json\/wp\/v2\/product_cat?post=16094"},{"taxonomy":"product_tag","embeddable":true,"href":"https:\/\/atypique.brunotarhan.fr\/index.php\/wp-json\/wp\/v2\/product_tag?post=16094"}],"curies":[{"name":"wp","href":"https:\/\/api.w.org\/{rel}","templated":true}]}}