{"id":16093,"date":"2022-04-25T22:47:49","date_gmt":"2022-04-25T22:47:49","guid":{"rendered":"https:\/\/atypique.brunotarhan.fr\/index.php\/produit\/lenclave-pochenicolas-druartharper-collins-poche\/"},"modified":"2022-04-25T22:47:49","modified_gmt":"2022-04-25T22:47:49","slug":"lenclave-pochenicolas-druartharper-collins-poche","status":"publish","type":"product","link":"https:\/\/atypique.brunotarhan.fr\/index.php\/produit\/lenclave-pochenicolas-druartharper-collins-poche\/","title":{"rendered":"L&#8217;enclave &#8211; Poche\nNicolas Druart\nHarper collins poche"},"content":{"rendered":"<p>Terreur en zone blanche Sur l&#8217;Enclave, tout a \u00e9t\u00e9 dit : qu&#8217;elle serait une zone blanche perdue dans la vall\u00e9e du Lot, qu&#8217;on y vivrait en parfaite autonomie, qu&#8217;une cr\u00e9ature y r\u00e9gnerait sans partage&#8230; Tout a \u00e9t\u00e9 dit, mais on pr\u00e9f\u00e8re se taire. Quand le jeune adjudant-chef Stanislas Sullivan est confront\u00e9, au coeur de l&#8217;\u00e9t\u00e9, \u00e0 une affaire de p\u00e8lerins disparus li\u00e9e \u00e0 l&#8217;Enclave, il va devoir ignorer les mises en garde et faire quelques entorses \u00e0 la proc\u00e9dure.<br \/>\nIgnorer les mises en garde, c&#8217;est aussi l&#8217;option choisie par Vanessa et Simon, qui accompagnent quatre adolescents aux pathologies vari\u00e9es lors d&#8217;un week-end en Aveyron. Naviguant sur le Lot, ils oublient pour un temps, et \u00e0 tort, les chim\u00e8res mena\u00e7antes des locaux&#8230; Que cache l&#8217;Enclave ? Un monstre digne de l\u00e9gendes ancestrales ou une v\u00e9rit\u00e9 macabre ? A propos de l&#8217;auteur L&#8217;Enclave est le troisi\u00e8me roman de NICOLAS DRUART apr\u00e8s Nuit blanche (Grand Prix du Suspense psycho-logique) et Jeu de dames.<br \/>\nInfirmier \u00e9tabli \u00e0 Toulouse, il excelle \u00e0 d\u00e9crire au scalpel les f\u00ealures du corps et de l&#8217;esprit : \u00e2mes sensibles, s&#8217;abstenir ! &#8221; Une bulle angoissante comme les stand alone de Thilliez, malsaine comme les histoires de Jean-Christophe Grang\u00e9 \u00e0 ses premi\u00e8res heures ; une sorte de pi\u00e8ge \u00e0 ciel ouvert. &#8221; Le Point<\/p>\n","protected":false},"excerpt":{"rendered":"<p>Terreur en zone blanche Sur l&#8217;Enclave, tout a \u00e9t\u00e9 dit : qu&#8217;elle serait une zone blanche perdue dans la vall\u00e9e du Lot, qu&#8217;on y vivrait en parfaite autonomie,\u2026<\/p>\n","protected":false},"featured_media":15846,"comment_status":"open","ping_status":"closed","template":"","meta":[],"product_cat":[93,204],"product_tag":[406,522,523,183,263,264,208],"class_list":["post-16093","product","type-product","status-publish","has-post-thumbnail","hentry","product_cat-librairie","product_cat-polars-thrillers","product_tag-harper-collins","product_tag-lenclave","product_tag-nicolas-druart","product_tag-poche","product_tag-polar","product_tag-policier","product_tag-thriller"],"yoast_head":"<!-- This site is optimized with the Yoast SEO plugin v18.0 - https:\/\/yoast.com\/wordpress\/plugins\/seo\/ -->\n<title>L&#039;enclave - Poche Nicolas Druart Harper collins poche - Atypique Concept Store<\/title>\n<meta name=\"robots\" content=\"index, follow, max-snippet:-1, max-image-preview:large, max-video-preview:-1\" \/>\n<link rel=\"canonical\" href=\"https:\/\/atypique.brunotarhan.fr\/index.php\/produit\/lenclave-pochenicolas-druartharper-collins-poche\/\" \/>\n<meta property=\"og:locale\" content=\"fr_FR\" \/>\n<meta property=\"og:type\" content=\"article\" \/>\n<meta property=\"og:title\" content=\"L&#039;enclave - Poche Nicolas Druart Harper collins poche - Atypique Concept Store\" \/>\n<meta property=\"og:description\" content=\"Terreur en zone blanche Sur l&#039;Enclave, tout a \u00e9t\u00e9 dit : qu&#039;elle serait une zone blanche perdue dans la vall\u00e9e du Lot, qu&#039;on y vivrait en parfaite autonomie,\u2026\" \/>\n<meta property=\"og:url\" content=\"https:\/\/atypique.brunotarhan.fr\/index.php\/produit\/lenclave-pochenicolas-druartharper-collins-poche\/\" \/>\n<meta property=\"og:site_name\" content=\"Atypique Concept Store\" \/>\n<meta name=\"twitter:card\" content=\"summary_large_image\" \/>\n<meta name=\"twitter:label1\" content=\"Dur\u00e9e de lecture estim\u00e9e\" \/>\n\t<meta name=\"twitter:data1\" content=\"1 minute\" \/>\n<script type=\"application\/ld+json\" class=\"yoast-schema-graph\">{\"@context\":\"https:\/\/schema.org\",\"@graph\":[{\"@type\":\"WebSite\",\"@id\":\"https:\/\/atypique.brunotarhan.fr\/#website\",\"url\":\"https:\/\/atypique.brunotarhan.fr\/\",\"name\":\"Atypique Concept Store\",\"description\":\"Just another WordPress site\",\"potentialAction\":[{\"@type\":\"SearchAction\",\"target\":{\"@type\":\"EntryPoint\",\"urlTemplate\":\"https:\/\/atypique.brunotarhan.fr\/?s={search_term_string}\"},\"query-input\":\"required name=search_term_string\"}],\"inLanguage\":\"fr-FR\"},{\"@type\":\"ImageObject\",\"@id\":\"https:\/\/atypique.brunotarhan.fr\/index.php\/produit\/lenclave-pochenicolas-druartharper-collins-poche\/#primaryimage\",\"inLanguage\":\"fr-FR\",\"url\":\"https:\/\/atypique.brunotarhan.fr\/wp-content\/uploads\/2022\/04\/l-enclave.webp\",\"contentUrl\":\"https:\/\/atypique.brunotarhan.fr\/wp-content\/uploads\/2022\/04\/l-enclave.webp\",\"width\":294,\"height\":500},{\"@type\":\"WebPage\",\"@id\":\"https:\/\/atypique.brunotarhan.fr\/index.php\/produit\/lenclave-pochenicolas-druartharper-collins-poche\/#webpage\",\"url\":\"https:\/\/atypique.brunotarhan.fr\/index.php\/produit\/lenclave-pochenicolas-druartharper-collins-poche\/\",\"name\":\"L'enclave - Poche Nicolas Druart Harper collins poche - Atypique Concept Store\",\"isPartOf\":{\"@id\":\"https:\/\/atypique.brunotarhan.fr\/#website\"},\"primaryImageOfPage\":{\"@id\":\"https:\/\/atypique.brunotarhan.fr\/index.php\/produit\/lenclave-pochenicolas-druartharper-collins-poche\/#primaryimage\"},\"datePublished\":\"2022-04-25T22:47:49+00:00\",\"dateModified\":\"2022-04-25T22:47:49+00:00\",\"breadcrumb\":{\"@id\":\"https:\/\/atypique.brunotarhan.fr\/index.php\/produit\/lenclave-pochenicolas-druartharper-collins-poche\/#breadcrumb\"},\"inLanguage\":\"fr-FR\",\"potentialAction\":[{\"@type\":\"ReadAction\",\"target\":[\"https:\/\/atypique.brunotarhan.fr\/index.php\/produit\/lenclave-pochenicolas-druartharper-collins-poche\/\"]}]},{\"@type\":\"BreadcrumbList\",\"@id\":\"https:\/\/atypique.brunotarhan.fr\/index.php\/produit\/lenclave-pochenicolas-druartharper-collins-poche\/#breadcrumb\",\"itemListElement\":[{\"@type\":\"ListItem\",\"position\":1,\"name\":\"Accueil\",\"item\":\"https:\/\/atypique.brunotarhan.fr\/\"},{\"@type\":\"ListItem\",\"position\":2,\"name\":\"\"},{\"@type\":\"ListItem\",\"position\":3,\"name\":\"L&#8217;enclave &#8211; Poche Nicolas Druart Harper collins poche\"}]}]}<\/script>\n<!-- \/ Yoast SEO plugin. -->","yoast_head_json":{"title":"L'enclave - Poche Nicolas Druart Harper collins poche - Atypique Concept Store","robots":{"index":"index","follow":"follow","max-snippet":"max-snippet:-1","max-image-preview":"max-image-preview:large","max-video-preview":"max-video-preview:-1"},"canonical":"https:\/\/atypique.brunotarhan.fr\/index.php\/produit\/lenclave-pochenicolas-druartharper-collins-poche\/","og_locale":"fr_FR","og_type":"article","og_title":"L'enclave - Poche Nicolas Druart Harper collins poche - Atypique Concept Store","og_description":"Terreur en zone blanche Sur l'Enclave, tout a \u00e9t\u00e9 dit : qu'elle serait une zone blanche perdue dans la vall\u00e9e du Lot, qu'on y vivrait en parfaite autonomie,\u2026","og_url":"https:\/\/atypique.brunotarhan.fr\/index.php\/produit\/lenclave-pochenicolas-druartharper-collins-poche\/","og_site_name":"Atypique Concept Store","twitter_card":"summary_large_image","twitter_misc":{"Dur\u00e9e de lecture estim\u00e9e":"1 minute"},"schema":{"@context":"https:\/\/schema.org","@graph":[{"@type":"WebSite","@id":"https:\/\/atypique.brunotarhan.fr\/#website","url":"https:\/\/atypique.brunotarhan.fr\/","name":"Atypique Concept Store","description":"Just another WordPress site","potentialAction":[{"@type":"SearchAction","target":{"@type":"EntryPoint","urlTemplate":"https:\/\/atypique.brunotarhan.fr\/?s={search_term_string}"},"query-input":"required name=search_term_string"}],"inLanguage":"fr-FR"},{"@type":"ImageObject","@id":"https:\/\/atypique.brunotarhan.fr\/index.php\/produit\/lenclave-pochenicolas-druartharper-collins-poche\/#primaryimage","inLanguage":"fr-FR","url":"https:\/\/atypique.brunotarhan.fr\/wp-content\/uploads\/2022\/04\/l-enclave.webp","contentUrl":"https:\/\/atypique.brunotarhan.fr\/wp-content\/uploads\/2022\/04\/l-enclave.webp","width":294,"height":500},{"@type":"WebPage","@id":"https:\/\/atypique.brunotarhan.fr\/index.php\/produit\/lenclave-pochenicolas-druartharper-collins-poche\/#webpage","url":"https:\/\/atypique.brunotarhan.fr\/index.php\/produit\/lenclave-pochenicolas-druartharper-collins-poche\/","name":"L'enclave - Poche Nicolas Druart Harper collins poche - Atypique Concept Store","isPartOf":{"@id":"https:\/\/atypique.brunotarhan.fr\/#website"},"primaryImageOfPage":{"@id":"https:\/\/atypique.brunotarhan.fr\/index.php\/produit\/lenclave-pochenicolas-druartharper-collins-poche\/#primaryimage"},"datePublished":"2022-04-25T22:47:49+00:00","dateModified":"2022-04-25T22:47:49+00:00","breadcrumb":{"@id":"https:\/\/atypique.brunotarhan.fr\/index.php\/produit\/lenclave-pochenicolas-druartharper-collins-poche\/#breadcrumb"},"inLanguage":"fr-FR","potentialAction":[{"@type":"ReadAction","target":["https:\/\/atypique.brunotarhan.fr\/index.php\/produit\/lenclave-pochenicolas-druartharper-collins-poche\/"]}]},{"@type":"BreadcrumbList","@id":"https:\/\/atypique.brunotarhan.fr\/index.php\/produit\/lenclave-pochenicolas-druartharper-collins-poche\/#breadcrumb","itemListElement":[{"@type":"ListItem","position":1,"name":"Accueil","item":"https:\/\/atypique.brunotarhan.fr\/"},{"@type":"ListItem","position":2,"name":""},{"@type":"ListItem","position":3,"name":"L&#8217;enclave &#8211; Poche Nicolas Druart Harper collins poche"}]}]}},"_links":{"self":[{"href":"https:\/\/atypique.brunotarhan.fr\/index.php\/wp-json\/wp\/v2\/product\/16093","targetHints":{"allow":["GET"]}}],"collection":[{"href":"https:\/\/atypique.brunotarhan.fr\/index.php\/wp-json\/wp\/v2\/product"}],"about":[{"href":"https:\/\/atypique.brunotarhan.fr\/index.php\/wp-json\/wp\/v2\/types\/product"}],"replies":[{"embeddable":true,"href":"https:\/\/atypique.brunotarhan.fr\/index.php\/wp-json\/wp\/v2\/comments?post=16093"}],"wp:featuredmedia":[{"embeddable":true,"href":"https:\/\/atypique.brunotarhan.fr\/index.php\/wp-json\/wp\/v2\/media\/15846"}],"wp:attachment":[{"href":"https:\/\/atypique.brunotarhan.fr\/index.php\/wp-json\/wp\/v2\/media?parent=16093"}],"wp:term":[{"taxonomy":"product_cat","embeddable":true,"href":"https:\/\/atypique.brunotarhan.fr\/index.php\/wp-json\/wp\/v2\/product_cat?post=16093"},{"taxonomy":"product_tag","embeddable":true,"href":"https:\/\/atypique.brunotarhan.fr\/index.php\/wp-json\/wp\/v2\/product_tag?post=16093"}],"curies":[{"name":"wp","href":"https:\/\/api.w.org\/{rel}","templated":true}]}}