{"id":16092,"date":"2022-04-25T22:47:48","date_gmt":"2022-04-25T22:47:48","guid":{"rendered":"https:\/\/atypique.brunotarhan.fr\/index.php\/produit\/le-mur-des-silences-grand-formatarnaldur-indridasonmetailie-noir\/"},"modified":"2022-04-25T22:47:48","modified_gmt":"2022-04-25T22:47:48","slug":"le-mur-des-silences-grand-formatarnaldur-indridasonmetailie-noir","status":"publish","type":"product","link":"https:\/\/atypique.brunotarhan.fr\/index.php\/produit\/le-mur-des-silences-grand-formatarnaldur-indridasonmetailie-noir\/","title":{"rendered":"Le mur des silences &#8211; Grand Format\nArnaldur Indridason\nMetaili\u00e9 noir"},"content":{"rendered":"<p>Dans une vieille maison, dans laquelle toutes les femmes qui y ont v\u00e9cu se sont senties oppress\u00e9es sans raison, un mur de la cave s&#8217;effondre et on trouve un corps. Konrad, tr\u00e8s intrigu\u00e9 par ce cadavre inconnu, enqu\u00eate et fait resurgir des affaires trait\u00e9es dans ses trois romans pr\u00e9c\u00e9dents. Par ailleurs, il presse la police d&#8217;\u00e9lucider le meurtre de son p\u00e8re mais il a oubli\u00e9 qu&#8217;\u00e0 l&#8217;\u00e9poque il avait menti et se retrouve inculp\u00e9.<br \/>\nToujours dans une ambiance \u00e0 la Simenon et avec un Konrad tr\u00e8s ambigu, moyennement sympathique et noy\u00e9 dans l&#8217;alcool. Le Mur des silences est un beau roman noir sur la violence familiale, la vuln\u00e9rabilit\u00e9, les sacrifices et l&#8217;impunit\u00e9, dans lequel les cold cases ressurgissent toujours.<\/p>\n","protected":false},"excerpt":{"rendered":"<p>Dans une vieille maison, dans laquelle toutes les femmes qui y ont v\u00e9cu se sont senties oppress\u00e9es sans raison, un mur de la cave s&#8217;effondre et on trouve\u2026<\/p>\n","protected":false},"featured_media":15845,"comment_status":"open","ping_status":"closed","template":"","meta":[],"product_cat":[93,204],"product_tag":[416,412,520,521,263,264],"class_list":["post-16092","product","type-product","status-publish","has-post-thumbnail","hentry","product_cat-librairie","product_cat-polars-thrillers","product_tag-arnaldur-indridason","product_tag-grand-format","product_tag-le-mur-des-silences","product_tag-metailie-noir","product_tag-polar","product_tag-policier"],"yoast_head":"<!-- This site is optimized with the Yoast SEO plugin v18.0 - https:\/\/yoast.com\/wordpress\/plugins\/seo\/ -->\n<title>Le mur des silences - Grand Format Arnaldur Indridason Metaili\u00e9 noir - Atypique Concept Store<\/title>\n<meta name=\"robots\" content=\"index, follow, max-snippet:-1, max-image-preview:large, max-video-preview:-1\" \/>\n<link rel=\"canonical\" href=\"https:\/\/atypique.brunotarhan.fr\/index.php\/produit\/le-mur-des-silences-grand-formatarnaldur-indridasonmetailie-noir\/\" \/>\n<meta property=\"og:locale\" content=\"fr_FR\" \/>\n<meta property=\"og:type\" content=\"article\" \/>\n<meta property=\"og:title\" content=\"Le mur des silences - Grand Format Arnaldur Indridason Metaili\u00e9 noir - Atypique Concept Store\" \/>\n<meta property=\"og:description\" content=\"Dans une vieille maison, dans laquelle toutes les femmes qui y ont v\u00e9cu se sont senties oppress\u00e9es sans raison, un mur de la cave s&#039;effondre et on trouve\u2026\" \/>\n<meta property=\"og:url\" content=\"https:\/\/atypique.brunotarhan.fr\/index.php\/produit\/le-mur-des-silences-grand-formatarnaldur-indridasonmetailie-noir\/\" \/>\n<meta property=\"og:site_name\" content=\"Atypique Concept Store\" \/>\n<meta name=\"twitter:card\" content=\"summary_large_image\" \/>\n<meta name=\"twitter:label1\" content=\"Dur\u00e9e de lecture estim\u00e9e\" \/>\n\t<meta name=\"twitter:data1\" content=\"1 minute\" \/>\n<script type=\"application\/ld+json\" class=\"yoast-schema-graph\">{\"@context\":\"https:\/\/schema.org\",\"@graph\":[{\"@type\":\"WebSite\",\"@id\":\"https:\/\/atypique.brunotarhan.fr\/#website\",\"url\":\"https:\/\/atypique.brunotarhan.fr\/\",\"name\":\"Atypique Concept Store\",\"description\":\"Just another WordPress site\",\"potentialAction\":[{\"@type\":\"SearchAction\",\"target\":{\"@type\":\"EntryPoint\",\"urlTemplate\":\"https:\/\/atypique.brunotarhan.fr\/?s={search_term_string}\"},\"query-input\":\"required name=search_term_string\"}],\"inLanguage\":\"fr-FR\"},{\"@type\":\"ImageObject\",\"@id\":\"https:\/\/atypique.brunotarhan.fr\/index.php\/produit\/le-mur-des-silences-grand-formatarnaldur-indridasonmetailie-noir\/#primaryimage\",\"inLanguage\":\"fr-FR\",\"url\":\"https:\/\/atypique.brunotarhan.fr\/wp-content\/uploads\/2022\/04\/le-mur-des-silences.webp\",\"contentUrl\":\"https:\/\/atypique.brunotarhan.fr\/wp-content\/uploads\/2022\/04\/le-mur-des-silences.webp\",\"width\":326,\"height\":500},{\"@type\":\"WebPage\",\"@id\":\"https:\/\/atypique.brunotarhan.fr\/index.php\/produit\/le-mur-des-silences-grand-formatarnaldur-indridasonmetailie-noir\/#webpage\",\"url\":\"https:\/\/atypique.brunotarhan.fr\/index.php\/produit\/le-mur-des-silences-grand-formatarnaldur-indridasonmetailie-noir\/\",\"name\":\"Le mur des silences - Grand Format Arnaldur Indridason Metaili\u00e9 noir - Atypique Concept Store\",\"isPartOf\":{\"@id\":\"https:\/\/atypique.brunotarhan.fr\/#website\"},\"primaryImageOfPage\":{\"@id\":\"https:\/\/atypique.brunotarhan.fr\/index.php\/produit\/le-mur-des-silences-grand-formatarnaldur-indridasonmetailie-noir\/#primaryimage\"},\"datePublished\":\"2022-04-25T22:47:48+00:00\",\"dateModified\":\"2022-04-25T22:47:48+00:00\",\"breadcrumb\":{\"@id\":\"https:\/\/atypique.brunotarhan.fr\/index.php\/produit\/le-mur-des-silences-grand-formatarnaldur-indridasonmetailie-noir\/#breadcrumb\"},\"inLanguage\":\"fr-FR\",\"potentialAction\":[{\"@type\":\"ReadAction\",\"target\":[\"https:\/\/atypique.brunotarhan.fr\/index.php\/produit\/le-mur-des-silences-grand-formatarnaldur-indridasonmetailie-noir\/\"]}]},{\"@type\":\"BreadcrumbList\",\"@id\":\"https:\/\/atypique.brunotarhan.fr\/index.php\/produit\/le-mur-des-silences-grand-formatarnaldur-indridasonmetailie-noir\/#breadcrumb\",\"itemListElement\":[{\"@type\":\"ListItem\",\"position\":1,\"name\":\"Accueil\",\"item\":\"https:\/\/atypique.brunotarhan.fr\/\"},{\"@type\":\"ListItem\",\"position\":2,\"name\":\"\"},{\"@type\":\"ListItem\",\"position\":3,\"name\":\"Le mur des silences &#8211; Grand Format Arnaldur Indridason Metaili\u00e9 noir\"}]}]}<\/script>\n<!-- \/ Yoast SEO plugin. -->","yoast_head_json":{"title":"Le mur des silences - Grand Format Arnaldur Indridason Metaili\u00e9 noir - Atypique Concept Store","robots":{"index":"index","follow":"follow","max-snippet":"max-snippet:-1","max-image-preview":"max-image-preview:large","max-video-preview":"max-video-preview:-1"},"canonical":"https:\/\/atypique.brunotarhan.fr\/index.php\/produit\/le-mur-des-silences-grand-formatarnaldur-indridasonmetailie-noir\/","og_locale":"fr_FR","og_type":"article","og_title":"Le mur des silences - Grand Format Arnaldur Indridason Metaili\u00e9 noir - Atypique Concept Store","og_description":"Dans une vieille maison, dans laquelle toutes les femmes qui y ont v\u00e9cu se sont senties oppress\u00e9es sans raison, un mur de la cave s'effondre et on trouve\u2026","og_url":"https:\/\/atypique.brunotarhan.fr\/index.php\/produit\/le-mur-des-silences-grand-formatarnaldur-indridasonmetailie-noir\/","og_site_name":"Atypique Concept Store","twitter_card":"summary_large_image","twitter_misc":{"Dur\u00e9e de lecture estim\u00e9e":"1 minute"},"schema":{"@context":"https:\/\/schema.org","@graph":[{"@type":"WebSite","@id":"https:\/\/atypique.brunotarhan.fr\/#website","url":"https:\/\/atypique.brunotarhan.fr\/","name":"Atypique Concept Store","description":"Just another WordPress site","potentialAction":[{"@type":"SearchAction","target":{"@type":"EntryPoint","urlTemplate":"https:\/\/atypique.brunotarhan.fr\/?s={search_term_string}"},"query-input":"required name=search_term_string"}],"inLanguage":"fr-FR"},{"@type":"ImageObject","@id":"https:\/\/atypique.brunotarhan.fr\/index.php\/produit\/le-mur-des-silences-grand-formatarnaldur-indridasonmetailie-noir\/#primaryimage","inLanguage":"fr-FR","url":"https:\/\/atypique.brunotarhan.fr\/wp-content\/uploads\/2022\/04\/le-mur-des-silences.webp","contentUrl":"https:\/\/atypique.brunotarhan.fr\/wp-content\/uploads\/2022\/04\/le-mur-des-silences.webp","width":326,"height":500},{"@type":"WebPage","@id":"https:\/\/atypique.brunotarhan.fr\/index.php\/produit\/le-mur-des-silences-grand-formatarnaldur-indridasonmetailie-noir\/#webpage","url":"https:\/\/atypique.brunotarhan.fr\/index.php\/produit\/le-mur-des-silences-grand-formatarnaldur-indridasonmetailie-noir\/","name":"Le mur des silences - Grand Format Arnaldur Indridason Metaili\u00e9 noir - Atypique Concept Store","isPartOf":{"@id":"https:\/\/atypique.brunotarhan.fr\/#website"},"primaryImageOfPage":{"@id":"https:\/\/atypique.brunotarhan.fr\/index.php\/produit\/le-mur-des-silences-grand-formatarnaldur-indridasonmetailie-noir\/#primaryimage"},"datePublished":"2022-04-25T22:47:48+00:00","dateModified":"2022-04-25T22:47:48+00:00","breadcrumb":{"@id":"https:\/\/atypique.brunotarhan.fr\/index.php\/produit\/le-mur-des-silences-grand-formatarnaldur-indridasonmetailie-noir\/#breadcrumb"},"inLanguage":"fr-FR","potentialAction":[{"@type":"ReadAction","target":["https:\/\/atypique.brunotarhan.fr\/index.php\/produit\/le-mur-des-silences-grand-formatarnaldur-indridasonmetailie-noir\/"]}]},{"@type":"BreadcrumbList","@id":"https:\/\/atypique.brunotarhan.fr\/index.php\/produit\/le-mur-des-silences-grand-formatarnaldur-indridasonmetailie-noir\/#breadcrumb","itemListElement":[{"@type":"ListItem","position":1,"name":"Accueil","item":"https:\/\/atypique.brunotarhan.fr\/"},{"@type":"ListItem","position":2,"name":""},{"@type":"ListItem","position":3,"name":"Le mur des silences &#8211; Grand Format Arnaldur Indridason Metaili\u00e9 noir"}]}]}},"_links":{"self":[{"href":"https:\/\/atypique.brunotarhan.fr\/index.php\/wp-json\/wp\/v2\/product\/16092","targetHints":{"allow":["GET"]}}],"collection":[{"href":"https:\/\/atypique.brunotarhan.fr\/index.php\/wp-json\/wp\/v2\/product"}],"about":[{"href":"https:\/\/atypique.brunotarhan.fr\/index.php\/wp-json\/wp\/v2\/types\/product"}],"replies":[{"embeddable":true,"href":"https:\/\/atypique.brunotarhan.fr\/index.php\/wp-json\/wp\/v2\/comments?post=16092"}],"wp:featuredmedia":[{"embeddable":true,"href":"https:\/\/atypique.brunotarhan.fr\/index.php\/wp-json\/wp\/v2\/media\/15845"}],"wp:attachment":[{"href":"https:\/\/atypique.brunotarhan.fr\/index.php\/wp-json\/wp\/v2\/media?parent=16092"}],"wp:term":[{"taxonomy":"product_cat","embeddable":true,"href":"https:\/\/atypique.brunotarhan.fr\/index.php\/wp-json\/wp\/v2\/product_cat?post=16092"},{"taxonomy":"product_tag","embeddable":true,"href":"https:\/\/atypique.brunotarhan.fr\/index.php\/wp-json\/wp\/v2\/product_tag?post=16092"}],"curies":[{"name":"wp","href":"https:\/\/api.w.org\/{rel}","templated":true}]}}