{"id":16091,"date":"2022-04-25T22:47:48","date_gmt":"2022-04-25T22:47:48","guid":{"rendered":"https:\/\/atypique.brunotarhan.fr\/index.php\/produit\/le-manuscrit-inacheve-pochefranck-thilliezpocket\/"},"modified":"2022-04-25T22:47:48","modified_gmt":"2022-04-25T22:47:48","slug":"le-manuscrit-inacheve-pochefranck-thilliezpocket","status":"publish","type":"product","link":"https:\/\/atypique.brunotarhan.fr\/index.php\/produit\/le-manuscrit-inacheve-pochefranck-thilliezpocket\/","title":{"rendered":"Le manuscrit inachev\u00e9 &#8211; Poche\nFranck Thilliez\nPocket"},"content":{"rendered":"<p>Une enqu\u00eate sans corps. Une d\u00e9funte sans visage. Un thriller sans fin. Aux alentours de Grenoble, une voiture finit sa trajectoire dans un ravin. Dans le coffre, le corps d&#8217;une femme. A la station-service o\u00f9 a \u00e9t\u00e9 vu le conducteur pour la derni\u00e8re fois, la vid\u00e9osurveillance est claire : l&#8217;homme n&#8217;est pas le propri\u00e9taire du v\u00e9hicule. L\u00e9ane Morgan et Ena\u00ebl Miraure sont une seule et m\u00eame personne. L&#8217;institutrice reconvertie en reine du thriller a toujours tenu sa vie priv\u00e9e secr\u00e8te : un mariage dont il ne reste rien sauf un lieu, &#8221; L&#8217;Inspirante &#8220;, villa pos\u00e9e au bord des dunes de la C\u00f4te d&#8217;Opale, et le traumatisme de l&#8217;enl\u00e8vement de sa fille Sarah.<br \/>\nL&#8217;agression soudaine de son mari va faire resurgir le pire&#8230; Dans le vent, le sable et le brouillard, une question parmi d&#8217;autres se pose : vers qui et vers quoi se tourner quand l&#8217;unique v\u00e9rit\u00e9 est que tout vous devient \u00e9tranger ?<\/p>\n","protected":false},"excerpt":{"rendered":"<p>Une enqu\u00eate sans corps. Une d\u00e9funte sans visage. Un thriller sans fin. Aux alentours de Grenoble, une voiture finit sa trajectoire dans un ravin. Dans\u2026<\/p>\n","protected":false},"featured_media":15844,"comment_status":"open","ping_status":"closed","template":"","meta":[],"product_cat":[93,204],"product_tag":[333,519,183,239,263,264,208],"class_list":["post-16091","product","type-product","status-publish","has-post-thumbnail","hentry","product_cat-librairie","product_cat-polars-thrillers","product_tag-franck-thilliez","product_tag-le-manuscrit-inacheve","product_tag-poche","product_tag-pocket","product_tag-polar","product_tag-policier","product_tag-thriller"],"yoast_head":"<!-- This site is optimized with the Yoast SEO plugin v18.0 - https:\/\/yoast.com\/wordpress\/plugins\/seo\/ -->\n<title>Le manuscrit inachev\u00e9 - Poche Franck Thilliez Pocket - Atypique Concept Store<\/title>\n<meta name=\"robots\" content=\"index, follow, max-snippet:-1, max-image-preview:large, max-video-preview:-1\" \/>\n<link rel=\"canonical\" href=\"https:\/\/atypique.brunotarhan.fr\/index.php\/produit\/le-manuscrit-inacheve-pochefranck-thilliezpocket\/\" \/>\n<meta property=\"og:locale\" content=\"fr_FR\" \/>\n<meta property=\"og:type\" content=\"article\" \/>\n<meta property=\"og:title\" content=\"Le manuscrit inachev\u00e9 - Poche Franck Thilliez Pocket - Atypique Concept Store\" \/>\n<meta property=\"og:description\" content=\"Une enqu\u00eate sans corps. Une d\u00e9funte sans visage. Un thriller sans fin. Aux alentours de Grenoble, une voiture finit sa trajectoire dans un ravin. Dans\u2026\" \/>\n<meta property=\"og:url\" content=\"https:\/\/atypique.brunotarhan.fr\/index.php\/produit\/le-manuscrit-inacheve-pochefranck-thilliezpocket\/\" \/>\n<meta property=\"og:site_name\" content=\"Atypique Concept Store\" \/>\n<meta name=\"twitter:card\" content=\"summary_large_image\" \/>\n<meta name=\"twitter:label1\" content=\"Dur\u00e9e de lecture estim\u00e9e\" \/>\n\t<meta name=\"twitter:data1\" content=\"1 minute\" \/>\n<script type=\"application\/ld+json\" class=\"yoast-schema-graph\">{\"@context\":\"https:\/\/schema.org\",\"@graph\":[{\"@type\":\"WebSite\",\"@id\":\"https:\/\/atypique.brunotarhan.fr\/#website\",\"url\":\"https:\/\/atypique.brunotarhan.fr\/\",\"name\":\"Atypique Concept Store\",\"description\":\"Just another WordPress site\",\"potentialAction\":[{\"@type\":\"SearchAction\",\"target\":{\"@type\":\"EntryPoint\",\"urlTemplate\":\"https:\/\/atypique.brunotarhan.fr\/?s={search_term_string}\"},\"query-input\":\"required name=search_term_string\"}],\"inLanguage\":\"fr-FR\"},{\"@type\":\"ImageObject\",\"@id\":\"https:\/\/atypique.brunotarhan.fr\/index.php\/produit\/le-manuscrit-inacheve-pochefranck-thilliezpocket\/#primaryimage\",\"inLanguage\":\"fr-FR\",\"url\":\"https:\/\/atypique.brunotarhan.fr\/wp-content\/uploads\/2022\/04\/le-manuscrit-inacheve.webp\",\"contentUrl\":\"https:\/\/atypique.brunotarhan.fr\/wp-content\/uploads\/2022\/04\/le-manuscrit-inacheve.webp\",\"width\":305,\"height\":500},{\"@type\":\"WebPage\",\"@id\":\"https:\/\/atypique.brunotarhan.fr\/index.php\/produit\/le-manuscrit-inacheve-pochefranck-thilliezpocket\/#webpage\",\"url\":\"https:\/\/atypique.brunotarhan.fr\/index.php\/produit\/le-manuscrit-inacheve-pochefranck-thilliezpocket\/\",\"name\":\"Le manuscrit inachev\u00e9 - Poche Franck Thilliez Pocket - Atypique Concept Store\",\"isPartOf\":{\"@id\":\"https:\/\/atypique.brunotarhan.fr\/#website\"},\"primaryImageOfPage\":{\"@id\":\"https:\/\/atypique.brunotarhan.fr\/index.php\/produit\/le-manuscrit-inacheve-pochefranck-thilliezpocket\/#primaryimage\"},\"datePublished\":\"2022-04-25T22:47:48+00:00\",\"dateModified\":\"2022-04-25T22:47:48+00:00\",\"breadcrumb\":{\"@id\":\"https:\/\/atypique.brunotarhan.fr\/index.php\/produit\/le-manuscrit-inacheve-pochefranck-thilliezpocket\/#breadcrumb\"},\"inLanguage\":\"fr-FR\",\"potentialAction\":[{\"@type\":\"ReadAction\",\"target\":[\"https:\/\/atypique.brunotarhan.fr\/index.php\/produit\/le-manuscrit-inacheve-pochefranck-thilliezpocket\/\"]}]},{\"@type\":\"BreadcrumbList\",\"@id\":\"https:\/\/atypique.brunotarhan.fr\/index.php\/produit\/le-manuscrit-inacheve-pochefranck-thilliezpocket\/#breadcrumb\",\"itemListElement\":[{\"@type\":\"ListItem\",\"position\":1,\"name\":\"Accueil\",\"item\":\"https:\/\/atypique.brunotarhan.fr\/\"},{\"@type\":\"ListItem\",\"position\":2,\"name\":\"\"},{\"@type\":\"ListItem\",\"position\":3,\"name\":\"Le manuscrit inachev\u00e9 &#8211; Poche Franck Thilliez Pocket\"}]}]}<\/script>\n<!-- \/ Yoast SEO plugin. -->","yoast_head_json":{"title":"Le manuscrit inachev\u00e9 - Poche Franck Thilliez Pocket - Atypique Concept Store","robots":{"index":"index","follow":"follow","max-snippet":"max-snippet:-1","max-image-preview":"max-image-preview:large","max-video-preview":"max-video-preview:-1"},"canonical":"https:\/\/atypique.brunotarhan.fr\/index.php\/produit\/le-manuscrit-inacheve-pochefranck-thilliezpocket\/","og_locale":"fr_FR","og_type":"article","og_title":"Le manuscrit inachev\u00e9 - Poche Franck Thilliez Pocket - Atypique Concept Store","og_description":"Une enqu\u00eate sans corps. Une d\u00e9funte sans visage. Un thriller sans fin. Aux alentours de Grenoble, une voiture finit sa trajectoire dans un ravin. Dans\u2026","og_url":"https:\/\/atypique.brunotarhan.fr\/index.php\/produit\/le-manuscrit-inacheve-pochefranck-thilliezpocket\/","og_site_name":"Atypique Concept Store","twitter_card":"summary_large_image","twitter_misc":{"Dur\u00e9e de lecture estim\u00e9e":"1 minute"},"schema":{"@context":"https:\/\/schema.org","@graph":[{"@type":"WebSite","@id":"https:\/\/atypique.brunotarhan.fr\/#website","url":"https:\/\/atypique.brunotarhan.fr\/","name":"Atypique Concept Store","description":"Just another WordPress site","potentialAction":[{"@type":"SearchAction","target":{"@type":"EntryPoint","urlTemplate":"https:\/\/atypique.brunotarhan.fr\/?s={search_term_string}"},"query-input":"required name=search_term_string"}],"inLanguage":"fr-FR"},{"@type":"ImageObject","@id":"https:\/\/atypique.brunotarhan.fr\/index.php\/produit\/le-manuscrit-inacheve-pochefranck-thilliezpocket\/#primaryimage","inLanguage":"fr-FR","url":"https:\/\/atypique.brunotarhan.fr\/wp-content\/uploads\/2022\/04\/le-manuscrit-inacheve.webp","contentUrl":"https:\/\/atypique.brunotarhan.fr\/wp-content\/uploads\/2022\/04\/le-manuscrit-inacheve.webp","width":305,"height":500},{"@type":"WebPage","@id":"https:\/\/atypique.brunotarhan.fr\/index.php\/produit\/le-manuscrit-inacheve-pochefranck-thilliezpocket\/#webpage","url":"https:\/\/atypique.brunotarhan.fr\/index.php\/produit\/le-manuscrit-inacheve-pochefranck-thilliezpocket\/","name":"Le manuscrit inachev\u00e9 - Poche Franck Thilliez Pocket - Atypique Concept Store","isPartOf":{"@id":"https:\/\/atypique.brunotarhan.fr\/#website"},"primaryImageOfPage":{"@id":"https:\/\/atypique.brunotarhan.fr\/index.php\/produit\/le-manuscrit-inacheve-pochefranck-thilliezpocket\/#primaryimage"},"datePublished":"2022-04-25T22:47:48+00:00","dateModified":"2022-04-25T22:47:48+00:00","breadcrumb":{"@id":"https:\/\/atypique.brunotarhan.fr\/index.php\/produit\/le-manuscrit-inacheve-pochefranck-thilliezpocket\/#breadcrumb"},"inLanguage":"fr-FR","potentialAction":[{"@type":"ReadAction","target":["https:\/\/atypique.brunotarhan.fr\/index.php\/produit\/le-manuscrit-inacheve-pochefranck-thilliezpocket\/"]}]},{"@type":"BreadcrumbList","@id":"https:\/\/atypique.brunotarhan.fr\/index.php\/produit\/le-manuscrit-inacheve-pochefranck-thilliezpocket\/#breadcrumb","itemListElement":[{"@type":"ListItem","position":1,"name":"Accueil","item":"https:\/\/atypique.brunotarhan.fr\/"},{"@type":"ListItem","position":2,"name":""},{"@type":"ListItem","position":3,"name":"Le manuscrit inachev\u00e9 &#8211; Poche Franck Thilliez Pocket"}]}]}},"_links":{"self":[{"href":"https:\/\/atypique.brunotarhan.fr\/index.php\/wp-json\/wp\/v2\/product\/16091","targetHints":{"allow":["GET"]}}],"collection":[{"href":"https:\/\/atypique.brunotarhan.fr\/index.php\/wp-json\/wp\/v2\/product"}],"about":[{"href":"https:\/\/atypique.brunotarhan.fr\/index.php\/wp-json\/wp\/v2\/types\/product"}],"replies":[{"embeddable":true,"href":"https:\/\/atypique.brunotarhan.fr\/index.php\/wp-json\/wp\/v2\/comments?post=16091"}],"wp:featuredmedia":[{"embeddable":true,"href":"https:\/\/atypique.brunotarhan.fr\/index.php\/wp-json\/wp\/v2\/media\/15844"}],"wp:attachment":[{"href":"https:\/\/atypique.brunotarhan.fr\/index.php\/wp-json\/wp\/v2\/media?parent=16091"}],"wp:term":[{"taxonomy":"product_cat","embeddable":true,"href":"https:\/\/atypique.brunotarhan.fr\/index.php\/wp-json\/wp\/v2\/product_cat?post=16091"},{"taxonomy":"product_tag","embeddable":true,"href":"https:\/\/atypique.brunotarhan.fr\/index.php\/wp-json\/wp\/v2\/product_tag?post=16091"}],"curies":[{"name":"wp","href":"https:\/\/api.w.org\/{rel}","templated":true}]}}