{"id":16090,"date":"2022-04-25T22:47:48","date_gmt":"2022-04-25T22:47:48","guid":{"rendered":"https:\/\/atypique.brunotarhan.fr\/index.php\/produit\/le-loup-qui-devenait-chef-de-la-foret-albumorianne-lallemand-eleonore-thuillierauzou\/"},"modified":"2022-04-25T22:47:48","modified_gmt":"2022-04-25T22:47:48","slug":"le-loup-qui-devenait-chef-de-la-foret-albumorianne-lallemand-eleonore-thuillierauzou","status":"publish","type":"product","link":"https:\/\/atypique.brunotarhan.fr\/index.php\/produit\/le-loup-qui-devenait-chef-de-la-foret-albumorianne-lallemand-eleonore-thuillierauzou\/","title":{"rendered":"Le loup qui devenait chef de la for\u00eat &#8211; Album\nOrianne Lallemand, El\u00e9onore Thuillier\nAuzou"},"content":{"rendered":"<p>Organiser une \u00e9lection pour choisir qui sera le prochain chef de la for\u00eat, ce n&#8217;est pas si facile ! Affiches \u00e9lectorales, d\u00e9bat chahut\u00e9, vote&#8230; Suivez Loup et ses amis dans cette aventure qui explique la d\u00e9mocratie aux enfants de mani\u00e8re simple et avec beaucoup d&#8217;humour.<\/p>\n","protected":false},"excerpt":{"rendered":"<p>Organiser une \u00e9lection pour choisir qui sera le prochain chef de la for\u00eat, ce n&#8217;est pas si facile ! Affiches \u00e9lectorales, d\u00e9bat chahut\u00e9, vote\u2026<\/p>\n","protected":false},"featured_media":15842,"comment_status":"open","ping_status":"closed","template":"","meta":[],"product_cat":[93,220],"product_tag":[223,517,518,353,516],"class_list":["post-16090","product","type-product","status-publish","has-post-thumbnail","hentry","product_cat-librairie","product_cat-livres-enfants","product_tag-auzou","product_tag-eleonore-thuillier","product_tag-le-loup-qui-devenait-chef-de-la-foret","product_tag-livre-enfant","product_tag-orianne-lallemand"],"yoast_head":"<!-- This site is optimized with the Yoast SEO plugin v18.0 - https:\/\/yoast.com\/wordpress\/plugins\/seo\/ -->\n<title>Le loup qui devenait chef de la for\u00eat - Album Orianne Lallemand, El\u00e9onore Thuillier Auzou - Atypique Concept Store<\/title>\n<meta name=\"robots\" content=\"index, follow, max-snippet:-1, max-image-preview:large, max-video-preview:-1\" \/>\n<link rel=\"canonical\" href=\"https:\/\/atypique.brunotarhan.fr\/index.php\/produit\/le-loup-qui-devenait-chef-de-la-foret-albumorianne-lallemand-eleonore-thuillierauzou\/\" \/>\n<meta property=\"og:locale\" content=\"fr_FR\" \/>\n<meta property=\"og:type\" content=\"article\" \/>\n<meta property=\"og:title\" content=\"Le loup qui devenait chef de la for\u00eat - Album Orianne Lallemand, El\u00e9onore Thuillier Auzou - Atypique Concept Store\" \/>\n<meta property=\"og:description\" content=\"Organiser une \u00e9lection pour choisir qui sera le prochain chef de la for\u00eat, ce n&#039;est pas si facile ! Affiches \u00e9lectorales, d\u00e9bat chahut\u00e9, vote\u2026\" \/>\n<meta property=\"og:url\" content=\"https:\/\/atypique.brunotarhan.fr\/index.php\/produit\/le-loup-qui-devenait-chef-de-la-foret-albumorianne-lallemand-eleonore-thuillierauzou\/\" \/>\n<meta property=\"og:site_name\" content=\"Atypique Concept Store\" \/>\n<meta name=\"twitter:card\" content=\"summary_large_image\" \/>\n<script type=\"application\/ld+json\" class=\"yoast-schema-graph\">{\"@context\":\"https:\/\/schema.org\",\"@graph\":[{\"@type\":\"WebSite\",\"@id\":\"https:\/\/atypique.brunotarhan.fr\/#website\",\"url\":\"https:\/\/atypique.brunotarhan.fr\/\",\"name\":\"Atypique Concept Store\",\"description\":\"Just another WordPress site\",\"potentialAction\":[{\"@type\":\"SearchAction\",\"target\":{\"@type\":\"EntryPoint\",\"urlTemplate\":\"https:\/\/atypique.brunotarhan.fr\/?s={search_term_string}\"},\"query-input\":\"required name=search_term_string\"}],\"inLanguage\":\"fr-FR\"},{\"@type\":\"ImageObject\",\"@id\":\"https:\/\/atypique.brunotarhan.fr\/index.php\/produit\/le-loup-qui-devenait-chef-de-la-foret-albumorianne-lallemand-eleonore-thuillierauzou\/#primaryimage\",\"inLanguage\":\"fr-FR\",\"url\":\"https:\/\/atypique.brunotarhan.fr\/wp-content\/uploads\/2022\/04\/le-loup-qui-devenait-chef-de-la-foret.webp\",\"contentUrl\":\"https:\/\/atypique.brunotarhan.fr\/wp-content\/uploads\/2022\/04\/le-loup-qui-devenait-chef-de-la-foret.webp\",\"width\":475,\"height\":475},{\"@type\":\"WebPage\",\"@id\":\"https:\/\/atypique.brunotarhan.fr\/index.php\/produit\/le-loup-qui-devenait-chef-de-la-foret-albumorianne-lallemand-eleonore-thuillierauzou\/#webpage\",\"url\":\"https:\/\/atypique.brunotarhan.fr\/index.php\/produit\/le-loup-qui-devenait-chef-de-la-foret-albumorianne-lallemand-eleonore-thuillierauzou\/\",\"name\":\"Le loup qui devenait chef de la for\u00eat - Album Orianne Lallemand, El\u00e9onore Thuillier Auzou - Atypique Concept Store\",\"isPartOf\":{\"@id\":\"https:\/\/atypique.brunotarhan.fr\/#website\"},\"primaryImageOfPage\":{\"@id\":\"https:\/\/atypique.brunotarhan.fr\/index.php\/produit\/le-loup-qui-devenait-chef-de-la-foret-albumorianne-lallemand-eleonore-thuillierauzou\/#primaryimage\"},\"datePublished\":\"2022-04-25T22:47:48+00:00\",\"dateModified\":\"2022-04-25T22:47:48+00:00\",\"breadcrumb\":{\"@id\":\"https:\/\/atypique.brunotarhan.fr\/index.php\/produit\/le-loup-qui-devenait-chef-de-la-foret-albumorianne-lallemand-eleonore-thuillierauzou\/#breadcrumb\"},\"inLanguage\":\"fr-FR\",\"potentialAction\":[{\"@type\":\"ReadAction\",\"target\":[\"https:\/\/atypique.brunotarhan.fr\/index.php\/produit\/le-loup-qui-devenait-chef-de-la-foret-albumorianne-lallemand-eleonore-thuillierauzou\/\"]}]},{\"@type\":\"BreadcrumbList\",\"@id\":\"https:\/\/atypique.brunotarhan.fr\/index.php\/produit\/le-loup-qui-devenait-chef-de-la-foret-albumorianne-lallemand-eleonore-thuillierauzou\/#breadcrumb\",\"itemListElement\":[{\"@type\":\"ListItem\",\"position\":1,\"name\":\"Accueil\",\"item\":\"https:\/\/atypique.brunotarhan.fr\/\"},{\"@type\":\"ListItem\",\"position\":2,\"name\":\"\"},{\"@type\":\"ListItem\",\"position\":3,\"name\":\"Le loup qui devenait chef de la for\u00eat &#8211; Album Orianne Lallemand, El\u00e9onore Thuillier Auzou\"}]}]}<\/script>\n<!-- \/ Yoast SEO plugin. -->","yoast_head_json":{"title":"Le loup qui devenait chef de la for\u00eat - Album Orianne Lallemand, El\u00e9onore Thuillier Auzou - Atypique Concept Store","robots":{"index":"index","follow":"follow","max-snippet":"max-snippet:-1","max-image-preview":"max-image-preview:large","max-video-preview":"max-video-preview:-1"},"canonical":"https:\/\/atypique.brunotarhan.fr\/index.php\/produit\/le-loup-qui-devenait-chef-de-la-foret-albumorianne-lallemand-eleonore-thuillierauzou\/","og_locale":"fr_FR","og_type":"article","og_title":"Le loup qui devenait chef de la for\u00eat - Album Orianne Lallemand, El\u00e9onore Thuillier Auzou - Atypique Concept Store","og_description":"Organiser une \u00e9lection pour choisir qui sera le prochain chef de la for\u00eat, ce n'est pas si facile ! Affiches \u00e9lectorales, d\u00e9bat chahut\u00e9, vote\u2026","og_url":"https:\/\/atypique.brunotarhan.fr\/index.php\/produit\/le-loup-qui-devenait-chef-de-la-foret-albumorianne-lallemand-eleonore-thuillierauzou\/","og_site_name":"Atypique Concept Store","twitter_card":"summary_large_image","schema":{"@context":"https:\/\/schema.org","@graph":[{"@type":"WebSite","@id":"https:\/\/atypique.brunotarhan.fr\/#website","url":"https:\/\/atypique.brunotarhan.fr\/","name":"Atypique Concept Store","description":"Just another WordPress site","potentialAction":[{"@type":"SearchAction","target":{"@type":"EntryPoint","urlTemplate":"https:\/\/atypique.brunotarhan.fr\/?s={search_term_string}"},"query-input":"required name=search_term_string"}],"inLanguage":"fr-FR"},{"@type":"ImageObject","@id":"https:\/\/atypique.brunotarhan.fr\/index.php\/produit\/le-loup-qui-devenait-chef-de-la-foret-albumorianne-lallemand-eleonore-thuillierauzou\/#primaryimage","inLanguage":"fr-FR","url":"https:\/\/atypique.brunotarhan.fr\/wp-content\/uploads\/2022\/04\/le-loup-qui-devenait-chef-de-la-foret.webp","contentUrl":"https:\/\/atypique.brunotarhan.fr\/wp-content\/uploads\/2022\/04\/le-loup-qui-devenait-chef-de-la-foret.webp","width":475,"height":475},{"@type":"WebPage","@id":"https:\/\/atypique.brunotarhan.fr\/index.php\/produit\/le-loup-qui-devenait-chef-de-la-foret-albumorianne-lallemand-eleonore-thuillierauzou\/#webpage","url":"https:\/\/atypique.brunotarhan.fr\/index.php\/produit\/le-loup-qui-devenait-chef-de-la-foret-albumorianne-lallemand-eleonore-thuillierauzou\/","name":"Le loup qui devenait chef de la for\u00eat - Album Orianne Lallemand, El\u00e9onore Thuillier Auzou - Atypique Concept Store","isPartOf":{"@id":"https:\/\/atypique.brunotarhan.fr\/#website"},"primaryImageOfPage":{"@id":"https:\/\/atypique.brunotarhan.fr\/index.php\/produit\/le-loup-qui-devenait-chef-de-la-foret-albumorianne-lallemand-eleonore-thuillierauzou\/#primaryimage"},"datePublished":"2022-04-25T22:47:48+00:00","dateModified":"2022-04-25T22:47:48+00:00","breadcrumb":{"@id":"https:\/\/atypique.brunotarhan.fr\/index.php\/produit\/le-loup-qui-devenait-chef-de-la-foret-albumorianne-lallemand-eleonore-thuillierauzou\/#breadcrumb"},"inLanguage":"fr-FR","potentialAction":[{"@type":"ReadAction","target":["https:\/\/atypique.brunotarhan.fr\/index.php\/produit\/le-loup-qui-devenait-chef-de-la-foret-albumorianne-lallemand-eleonore-thuillierauzou\/"]}]},{"@type":"BreadcrumbList","@id":"https:\/\/atypique.brunotarhan.fr\/index.php\/produit\/le-loup-qui-devenait-chef-de-la-foret-albumorianne-lallemand-eleonore-thuillierauzou\/#breadcrumb","itemListElement":[{"@type":"ListItem","position":1,"name":"Accueil","item":"https:\/\/atypique.brunotarhan.fr\/"},{"@type":"ListItem","position":2,"name":""},{"@type":"ListItem","position":3,"name":"Le loup qui devenait chef de la for\u00eat &#8211; Album Orianne Lallemand, El\u00e9onore Thuillier Auzou"}]}]}},"_links":{"self":[{"href":"https:\/\/atypique.brunotarhan.fr\/index.php\/wp-json\/wp\/v2\/product\/16090","targetHints":{"allow":["GET"]}}],"collection":[{"href":"https:\/\/atypique.brunotarhan.fr\/index.php\/wp-json\/wp\/v2\/product"}],"about":[{"href":"https:\/\/atypique.brunotarhan.fr\/index.php\/wp-json\/wp\/v2\/types\/product"}],"replies":[{"embeddable":true,"href":"https:\/\/atypique.brunotarhan.fr\/index.php\/wp-json\/wp\/v2\/comments?post=16090"}],"wp:featuredmedia":[{"embeddable":true,"href":"https:\/\/atypique.brunotarhan.fr\/index.php\/wp-json\/wp\/v2\/media\/15842"}],"wp:attachment":[{"href":"https:\/\/atypique.brunotarhan.fr\/index.php\/wp-json\/wp\/v2\/media?parent=16090"}],"wp:term":[{"taxonomy":"product_cat","embeddable":true,"href":"https:\/\/atypique.brunotarhan.fr\/index.php\/wp-json\/wp\/v2\/product_cat?post=16090"},{"taxonomy":"product_tag","embeddable":true,"href":"https:\/\/atypique.brunotarhan.fr\/index.php\/wp-json\/wp\/v2\/product_tag?post=16090"}],"curies":[{"name":"wp","href":"https:\/\/api.w.org\/{rel}","templated":true}]}}